{"id":12318,"date":"2020-06-22T12:17:56","date_gmt":"2020-06-22T09:17:56","guid":{"rendered":"https:\/\/icdp.ro\/?page_id=12318"},"modified":"2023-09-25T23:46:39","modified_gmt":"2023-09-25T20:46:39","slug":"rezultate","status":"publish","type":"page","link":"https:\/\/icdp.ro\/ro\/cercetare\/proiecte-nationale\/plan-sectorial-madr\/ader-7-5-4\/rezultate\/","title":{"rendered":"Rezultate"},"content":{"rendered":"<h5>Rezultate<\/h5>\n<p>&#8211; Ob\u021binerea stocului de plante mam\u0103 pomicole &#8211; plante PB &#8211; Candidat la minim 5 specii;<br \/>\n&#8211; Ob\u021binerea unor tehnici\/secven\u021be tehnologice \u00eembun\u0103t\u0103\u021bite de \u00eenmul\u021bire a plantelor mam\u0103 la minim 5 specii;<br \/>\n&#8211; Constituirea de planta\u021bii mam\u0103 cu plante Prebaz\u0103\/Baz\u0103\/Certificat la minim 5 specii, material de \u00eenmul\u021bire;<br \/>\n&#8211; Consolidarea verific\u0103rii autenticit\u0103\u0163ii materialului ob\u0163inut, c\u00e2t \u015fi a stabilit\u0103\u0163ii genetice a plantelor regenerate prin metode biotehnologice;<br \/>\n&#8211; Ghid de bune practici privind producerea plantelor mam\u0103 conform schemelor de certificare.<\/p>\n<p><strong>Modul de aplicare al rezultatelor:<\/strong><\/p>\n<p>&#8211; Diseminarea informa\u021biilor cuprinse \u00een ghidului de bune practici privind producerea plantelor mam\u0103 conform schemelor de certificare;<br \/>\n&#8211; Organizarea de workshop-uri la care vor fi invita\u021bi pepinieri\u015fti, fermieri, reprezentan\u0163i ai autorit\u0103\u021bilor implicate in domeniu, al\u0163i poten\u0163iali beneficiari ai rezultatelor;<br \/>\n&#8211; Prezentarea de lucr\u0103ri de specialitate, \u015ftiin\u0163ifice, de popularizare \u015fi publicarea acestora \u00een reviste de specialitate &#8211;&nbsp; minim 3 lucr\u0103ri indexate BDI, Baza de Date Interna\u021bional\u0103 \/cotate ISI, Institutul pentru \u0218tiin\u021ba Inform\u0103rii;<br \/>\n&#8211; Pagin\u0103 web cu informa\u021bii privind rezultatele proiectului.<\/p>\n<div class=\"fusion-button-wrapper\"><a class=\"fusion-button button-flat fusion-button-default-size button-default fusion-button-default button-1 fusion-button-default-span fusion-button-default-type\" style=\"--button-border-radius-top-left:0;--button-border-radius-top-right:0;--button-border-radius-bottom-right:0;--button-border-radius-bottom-left:0;\" target=\"_self\" href=\"https:\/\/icdp.ro\/wp-content\/uploads\/2021\/08\/ADER-7.5.4-faza-1.pdf\"><span class=\"fusion-button-text awb-button__text awb-button__text--default\">Rezultate faza I<\/span><\/a><\/div>\n<div class=\"fusion-button-wrapper\"><a class=\"fusion-button button-flat fusion-button-default-size button-default fusion-button-default button-2 fusion-button-default-span fusion-button-default-type\" style=\"--button-border-radius-top-left:0;--button-border-radius-top-right:0;--button-border-radius-bottom-right:0;--button-border-radius-bottom-left:0;\" target=\"_self\" href=\"https:\/\/icdp.ro\/wp-content\/uploads\/2021\/08\/ADER-7.5.4-faza-2.pdf\"><span class=\"fusion-button-text awb-button__text awb-button__text--default\">Rezultate faza II<\/span><\/a><\/div>\n<p>&nbsp;<\/p>\n<p>&nbsp;<\/p>\n","protected":false},"excerpt":{"rendered":"<p>Rezultate &#8211; Ob\u021binerea stocului de plante mam\u0103 pomicole &#8211; plante PB &#8211; Candidat la minim 5 specii; &#8211; Ob\u021binerea unor tehnici\/secven\u021be tehnologice \u00eembun\u0103t\u0103\u021bite de \u00eenmul\u021bire a plantelor mam\u0103 la minim 5 specii; &#8211; Constituirea de planta\u021bii mam\u0103 cu plante Prebaz\u0103\/Baz\u0103\/Certificat la minim 5 specii, material de \u00eenmul\u021bire; &#8211; Consolidarea verific\u0103rii autenticit\u0103\u0163ii materialului ob\u0163inut, c\u00e2t \u015fi  [&#8230;]<\/p>\n","protected":false},"author":1,"featured_media":0,"parent":12307,"menu_order":3,"comment_status":"closed","ping_status":"closed","template":"","meta":{"ngg_post_thumbnail":0,"footnotes":""},"categories":[],"tags":[],"class_list":["post-12318","page","type-page","status-publish","hentry"],"_links":{"self":[{"href":"https:\/\/icdp.ro\/ro\/wp-json\/wp\/v2\/pages\/12318","targetHints":{"allow":["GET"]}}],"collection":[{"href":"https:\/\/icdp.ro\/ro\/wp-json\/wp\/v2\/pages"}],"about":[{"href":"https:\/\/icdp.ro\/ro\/wp-json\/wp\/v2\/types\/page"}],"author":[{"embeddable":true,"href":"https:\/\/icdp.ro\/ro\/wp-json\/wp\/v2\/users\/1"}],"replies":[{"embeddable":true,"href":"https:\/\/icdp.ro\/ro\/wp-json\/wp\/v2\/comments?post=12318"}],"version-history":[{"count":3,"href":"https:\/\/icdp.ro\/ro\/wp-json\/wp\/v2\/pages\/12318\/revisions"}],"predecessor-version":[{"id":12808,"href":"https:\/\/icdp.ro\/ro\/wp-json\/wp\/v2\/pages\/12318\/revisions\/12808"}],"up":[{"embeddable":true,"href":"https:\/\/icdp.ro\/ro\/wp-json\/wp\/v2\/pages\/12307"}],"wp:attachment":[{"href":"https:\/\/icdp.ro\/ro\/wp-json\/wp\/v2\/media?parent=12318"}],"wp:term":[{"taxonomy":"category","embeddable":true,"href":"https:\/\/icdp.ro\/ro\/wp-json\/wp\/v2\/categories?post=12318"},{"taxonomy":"post_tag","embeddable":true,"href":"https:\/\/icdp.ro\/ro\/wp-json\/wp\/v2\/tags?post=12318"}],"curies":[{"name":"wp","href":"https:\/\/api.w.org\/{rel}","templated":true}]}}