{"id":12315,"date":"2020-06-22T12:16:42","date_gmt":"2020-06-22T09:16:42","guid":{"rendered":"https:\/\/icdp.ro\/?page_id=12315"},"modified":"2023-09-25T23:46:32","modified_gmt":"2023-09-25T20:46:32","slug":"obiective","status":"publish","type":"page","link":"https:\/\/icdp.ro\/ro\/cercetare\/proiecte-nationale\/plan-sectorial-madr\/ader-7-5-4\/obiective\/","title":{"rendered":"Obiective"},"content":{"rendered":"<h5>Obiective<\/h5>\n<p><strong>Obiectiv general<\/strong>: Dezvoltarea de noi produse, practici, procese \u015fi tehnologii integrate produc\u021biei horticole<\/p>\n<p>Asigurarea unor baze materiale complexe (sere, izolatoare, c\u00e2mpuri) care s\u0103 permit\u0103 men\u021binerea \u00een condi\u021bii controlate a unui num\u0103r de plante mam\u0103 suficient de mare din cele peste 20 specii pomicole \u0219i peste 50 de soiuri \u0219i portaltoi, ca surs\u0103 de material biologic pentru pepinierele care produc \u0219i comercializeaz\u0103 material de plantare fructifer \u00een Rom\u00e2nia.<\/p>\n<p>&nbsp;<\/p>\n<p><strong>Obiective specifice:<\/strong> Inovarea \u0219i transferul de cuno\u0219tin\u021be \u00een horticultur\u0103<\/p>\n<p>&#8211; Stabilirea sortimentului de specii, soiuri \u0219i portaltoi pomicoli care vor constitui nucleul de plante mam\u0103 str\u00e2ns corelat\u0103 cu implementarea subm\u0103surii PNDR 4.1. \u0219i a Planului de Dezvoltare Agricol\u0103 2020 \u2013 2027;<\/p>\n<p>&#8211; Stabilirea metodelor de testare fitosanitar\u0103 \u00een vederea men\u021binerii stocului de plante mam\u0103 \u00een condi\u021bii sanitare specifice; Constituirea unei colec\u021bii de indicatori pentru analiza bolilor virale prin metode biologice;<\/p>\n<p>&#8211; &nbsp;Garantarea autenticit\u0103\u021bii fiec\u0103rui soi \u0219i portaltoi pomicol parte a nucleului stoc;<\/p>\n<p>&#8211; Diseminarea rezultatelor ob\u021binute prin \u00eent\u00e2lniri repetate la to\u021bi partenerii din proiect cu fermierii pepinieri\u0219ti \u0219i pomicultori.<\/p>\n","protected":false},"excerpt":{"rendered":"<p>Obiective Obiectiv general: Dezvoltarea de noi produse, practici, procese \u015fi tehnologii integrate produc\u021biei horticole Asigurarea unor baze materiale complexe (sere, izolatoare, c\u00e2mpuri) care s\u0103 permit\u0103 men\u021binerea \u00een condi\u021bii controlate a unui num\u0103r de plante mam\u0103 suficient de mare din cele peste 20 specii pomicole \u0219i peste 50 de soiuri \u0219i portaltoi, ca surs\u0103 de material  [&#8230;]<\/p>\n","protected":false},"author":1,"featured_media":0,"parent":12307,"menu_order":2,"comment_status":"closed","ping_status":"closed","template":"","meta":{"ngg_post_thumbnail":0,"footnotes":""},"categories":[],"tags":[],"class_list":["post-12315","page","type-page","status-publish","hentry"],"_links":{"self":[{"href":"https:\/\/icdp.ro\/ro\/wp-json\/wp\/v2\/pages\/12315","targetHints":{"allow":["GET"]}}],"collection":[{"href":"https:\/\/icdp.ro\/ro\/wp-json\/wp\/v2\/pages"}],"about":[{"href":"https:\/\/icdp.ro\/ro\/wp-json\/wp\/v2\/types\/page"}],"author":[{"embeddable":true,"href":"https:\/\/icdp.ro\/ro\/wp-json\/wp\/v2\/users\/1"}],"replies":[{"embeddable":true,"href":"https:\/\/icdp.ro\/ro\/wp-json\/wp\/v2\/comments?post=12315"}],"version-history":[{"count":2,"href":"https:\/\/icdp.ro\/ro\/wp-json\/wp\/v2\/pages\/12315\/revisions"}],"predecessor-version":[{"id":12317,"href":"https:\/\/icdp.ro\/ro\/wp-json\/wp\/v2\/pages\/12315\/revisions\/12317"}],"up":[{"embeddable":true,"href":"https:\/\/icdp.ro\/ro\/wp-json\/wp\/v2\/pages\/12307"}],"wp:attachment":[{"href":"https:\/\/icdp.ro\/ro\/wp-json\/wp\/v2\/media?parent=12315"}],"wp:term":[{"taxonomy":"category","embeddable":true,"href":"https:\/\/icdp.ro\/ro\/wp-json\/wp\/v2\/categories?post=12315"},{"taxonomy":"post_tag","embeddable":true,"href":"https:\/\/icdp.ro\/ro\/wp-json\/wp\/v2\/tags?post=12315"}],"curies":[{"name":"wp","href":"https:\/\/api.w.org\/{rel}","templated":true}]}}