{"id":12291,"date":"2020-06-22T12:01:52","date_gmt":"2020-06-22T09:01:52","guid":{"rendered":"https:\/\/icdp.ro\/?page_id=12291"},"modified":"2023-09-25T23:45:00","modified_gmt":"2023-09-25T20:45:00","slug":"rezumat","status":"publish","type":"page","link":"https:\/\/icdp.ro\/ro\/cercetare\/proiecte-nationale\/plan-sectorial-madr\/ader-7-3-10\/rezumat\/","title":{"rendered":"Rezumat"},"content":{"rendered":"<h5>Rezumat<\/h5>\n<p>Scopul proiectului este elaborarea unor tehnologii de utilizare a compostului ob\u0163inut din n\u0103molurile de epurare a apelor menajere, ca fertilizant \u00een pomicultur\u0103 pe soluri grele cu poten\u0163ial agroproductiv sc\u0103zut sau suspuse aridiz\u0103rii, soluri nisipoase. Elaborarea unor tehnologii eficiente de utilizare a acestuia \u00een pomicultur\u0103 ar putea contribui la solu\u0163ionarea simultan\u0103 a dou\u0103 probleme: cre\u015fterea fertilit\u0103\u0163ii solului \u015fi protec\u0163ia mediului. N\u0103molul de epurare a apei menajere este pu\u0163in folosit \u00een agricultur\u0103 din motive psihologice, economice, juridice \u015fi tehnologice. Fiind stocat an de an, ocup\u0103 suprafe\u0163e extinse afect\u00e2nd mediul \u00eenconjur\u0103tor. Compostul provenit din n\u0103molul de epurare are o valoare de fertilizare similar\u0103 cu cea a gunoiului de grajd, con\u0163ine o materie organic\u0103 humificat\u0103, cu un raport optim carbon\/azot \u015fi nu con\u0163ine agen\u0163i patogeni.<\/p>\n<p>\u00cen cadrul cercet\u0103rilor se vor realiza experiment\u0103ri \u00een vase de vegeta\u0163ie, plantate cu specii pomicole, care simuleaz\u0103 condi\u021biile naturale, \u00een condi\u0163ii controlate privind poluarea mediului. Vor fi administrate doze diferite de compost, astfel \u00eenc\u00e2t con\u0163inutul de metale grele din sol s\u0103 nu dep\u0103\u0219easc\u0103 limitele normale admise conform reglement\u0103rilor \u00een vigoare. Compostul poate fi utilizat cu condi\u0163ia respect\u0103rii legisla\u021biei \u00een vigoare.<\/p>\n<p>Analizele chimice, de determinare a con\u0163inutului total de elemente nutritive \u015fi metale grele vor fi efectuate la sol, plant\u0103 \u015fi apa percolat\u0103 prin stratul de sol. Pentru plante se vor analiza organele verzi \u2013 l\u0103stari, frunze, precum \u015fi fructele ob\u0163inute. Prin indicatorii analiza\u0163i se poate caracteriza nivelul de nutri\u0163ie, dar \u015fi gradul de poluare a plantei. Datele ob\u0163inute vor contribui la elaborarea unei tehnologii de fertilizare, utiliz\u00e2nd compostul provenit din n\u0103molul de epurare al apelor uzate menajere. Se va avea \u00een vedere extinderea aplic\u0103rii sistemului de fertilizare \u00een pomicultur\u0103, \u00een special \u00een producerea materialului s\u0103ditor pomicol.<\/p>\n<p>Beneficiarii direc\u0163i ai rezultatelor vor fi unit\u0103\u0163i de cercetare-dezvoltare, alte institu\u0163ii interesate, produc\u0103tori particulari, fermieri care vor beneficia de Ghidul de bune practici \u0219i tehnologia privind utilizarea compostului ca fertilizant \u00een pomicultur\u0103. Rezultatele vor avea aplicabilitate at\u00e2t \u00een mediul \u0219tiin\u021bific, c\u00e2t \u0219i \u00een practica pomicol\u0103 \u015fi vin \u00een sprijinul solu\u0163ion\u0103rii obliga\u0163iilor asumate de c\u0103tre Rom\u00e2nia privind protec\u021bia mediului.<\/p>\n<p>&nbsp;<\/p>\n","protected":false},"excerpt":{"rendered":"<p>Rezumat Scopul proiectului este elaborarea unor tehnologii de utilizare a compostului ob\u0163inut din n\u0103molurile de epurare a apelor menajere, ca fertilizant \u00een pomicultur\u0103 pe soluri grele cu poten\u0163ial agroproductiv sc\u0103zut sau suspuse aridiz\u0103rii, soluri nisipoase. Elaborarea unor tehnologii eficiente de utilizare a acestuia \u00een pomicultur\u0103 ar putea contribui la solu\u0163ionarea simultan\u0103 a dou\u0103 probleme: cre\u015fterea  [&#8230;]<\/p>\n","protected":false},"author":1,"featured_media":0,"parent":12287,"menu_order":1,"comment_status":"closed","ping_status":"closed","template":"","meta":{"ngg_post_thumbnail":0,"footnotes":""},"categories":[],"tags":[],"class_list":["post-12291","page","type-page","status-publish","hentry"],"_links":{"self":[{"href":"https:\/\/icdp.ro\/ro\/wp-json\/wp\/v2\/pages\/12291","targetHints":{"allow":["GET"]}}],"collection":[{"href":"https:\/\/icdp.ro\/ro\/wp-json\/wp\/v2\/pages"}],"about":[{"href":"https:\/\/icdp.ro\/ro\/wp-json\/wp\/v2\/types\/page"}],"author":[{"embeddable":true,"href":"https:\/\/icdp.ro\/ro\/wp-json\/wp\/v2\/users\/1"}],"replies":[{"embeddable":true,"href":"https:\/\/icdp.ro\/ro\/wp-json\/wp\/v2\/comments?post=12291"}],"version-history":[{"count":1,"href":"https:\/\/icdp.ro\/ro\/wp-json\/wp\/v2\/pages\/12291\/revisions"}],"predecessor-version":[{"id":12292,"href":"https:\/\/icdp.ro\/ro\/wp-json\/wp\/v2\/pages\/12291\/revisions\/12292"}],"up":[{"embeddable":true,"href":"https:\/\/icdp.ro\/ro\/wp-json\/wp\/v2\/pages\/12287"}],"wp:attachment":[{"href":"https:\/\/icdp.ro\/ro\/wp-json\/wp\/v2\/media?parent=12291"}],"wp:term":[{"taxonomy":"category","embeddable":true,"href":"https:\/\/icdp.ro\/ro\/wp-json\/wp\/v2\/categories?post=12291"},{"taxonomy":"post_tag","embeddable":true,"href":"https:\/\/icdp.ro\/ro\/wp-json\/wp\/v2\/tags?post=12291"}],"curies":[{"name":"wp","href":"https:\/\/api.w.org\/{rel}","templated":true}]}}