{"id":12270,"date":"2020-06-22T11:45:27","date_gmt":"2020-06-22T08:45:27","guid":{"rendered":"https:\/\/icdp.ro\/?page_id=12270"},"modified":"2020-06-22T11:48:16","modified_gmt":"2020-06-22T08:48:16","slug":"plan-sectorial-madr","status":"publish","type":"page","link":"https:\/\/icdp.ro\/ro\/cercetare\/proiecte-nationale\/plan-sectorial-madr\/","title":{"rendered":"Plan sectorial MADR"},"content":{"rendered":"<div class=\"fusion-fullwidth fullwidth-box fusion-builder-row-1 nonhundred-percent-fullwidth non-hundred-percent-height-scrolling\" style=\"--awb-border-radius-top-left:0px;--awb-border-radius-top-right:0px;--awb-border-radius-bottom-right:0px;--awb-border-radius-bottom-left:0px;--awb-flex-wrap:wrap;\" ><div class=\"fusion-builder-row fusion-row\"><div class=\"fusion-layout-column fusion_builder_column fusion-builder-column-0 fusion_builder_column_1_1 1_1 fusion-one-full fusion-column-first fusion-column-last\" style=\"--awb-bg-size:cover;\"><div class=\"fusion-column-wrapper fusion-flex-column-wrapper-legacy\"><div class=\"fusion-sep-clear\"><\/div><div class=\"fusion-separator fusion-full-width-sep\" style=\"margin-left: auto;margin-right: auto;margin-bottom:25px;width:100%;\"><\/div><div class=\"fusion-sep-clear\"><\/div><div class=\"fusion-text fusion-text-1\"><div class=\"pt-cv-wrapper\"><div class=\"pt-cv-view pt-cv-grid pt-cv-colsys\" id=\"pt-cv-view-d95c4d3djh\"><div data-id=\"pt-cv-page-1\" class=\"pt-cv-page\" data-cvc=\"3\"><div class=\"col-md-4 col-sm-6 col-xs-12 pt-cv-content-item pt-cv-1-col\" ><div class='pt-cv-ifield'><a href=\"https:\/\/icdp.ro\/ro\/cercetare\/proiecte-nationale\/plan-sectorial-madr\/ader-6-3-23\/\" class=\"_self pt-cv-href-thumbnail pt-cv-thumb-default\" target=\"_self\" ><\/a>\n<h4 class=\"pt-cv-title\"><a href=\"https:\/\/icdp.ro\/ro\/cercetare\/proiecte-nationale\/plan-sectorial-madr\/ader-6-3-23\/\" class=\"_self\" target=\"_self\" >ADER 6.3.23<\/a><\/h4>\n<div class=\"pt-cv-content\">Spre deosebire de metodele clasice, tehnologiile noi, precum sistemele de m\u0103surare (detec\u021bia multispectral\u0103) \u0219i controlul cu sisteme inteligente de producere a energiei regenerabile (sisteme fotovoltaice), vor aduce beneficii suplimentare legate de acurate\u021bea determin\u0103rilor \u0219i reducerea st\u0103rii de stress abiotic a culturilor. Protec\u021bia asigurat\u0103 de panourile fotovoltaice semitransparente, creeaz\u0103 un microclimat ...<br \/><div class=\"pt-cv-rmwrap\"><a href=\"https:\/\/icdp.ro\/ro\/cercetare\/proiecte-nationale\/plan-sectorial-madr\/ader-6-3-23\/\" class=\"_self pt-cv-readmore btn btn-success\" target=\"_self\">Cite\u0219te Mai Mult<\/a><\/div><\/div><\/div><\/div>\n<div class=\"col-md-4 col-sm-6 col-xs-12 pt-cv-content-item pt-cv-1-col\" ><div class='pt-cv-ifield'><a href=\"https:\/\/icdp.ro\/ro\/cercetare\/proiecte-nationale\/plan-sectorial-madr\/ader-6-3-3\/\" class=\"_self pt-cv-href-thumbnail pt-cv-thumb-default\" target=\"_self\" ><\/a>\n<h4 class=\"pt-cv-title\"><a href=\"https:\/\/icdp.ro\/ro\/cercetare\/proiecte-nationale\/plan-sectorial-madr\/ader-6-3-3\/\" class=\"_self\" target=\"_self\" >ADER 6.3.3<\/a><\/h4>\n<div class=\"pt-cv-content\">Propunerea de proiect reprezint\u0103 o abordare complex\u0103, adaptat\u0103 impactului real al factorilor climatici \u00een pomicultur\u0103 folosind teoria probabilit\u0103\u021bilor pentru cuantificarea factorilor de risc, precum \u0219i modele regresionale bazate pe datele fenologice, climatice \u0219i de sol livrate de institu\u021biile de cercetare din domeniu. Proiectul stabile\u0219te 12 indicatori de favorabilitate pedoclimatic\u0103 \u00een ...<br \/><div class=\"pt-cv-rmwrap\"><a href=\"https:\/\/icdp.ro\/ro\/cercetare\/proiecte-nationale\/plan-sectorial-madr\/ader-6-3-3\/\" class=\"_self pt-cv-readmore btn btn-success\" target=\"_self\">Cite\u0219te Mai Mult<\/a><\/div><\/div><\/div><\/div>\n<div class=\"col-md-4 col-sm-6 col-xs-12 pt-cv-content-item pt-cv-1-col\" ><div class='pt-cv-ifield'><a href=\"https:\/\/icdp.ro\/ro\/cercetare\/proiecte-nationale\/plan-sectorial-madr\/ader-6-3-22\/\" class=\"_self pt-cv-href-thumbnail pt-cv-thumb-default\" target=\"_self\" ><\/a>\n<h4 class=\"pt-cv-title\"><a href=\"https:\/\/icdp.ro\/ro\/cercetare\/proiecte-nationale\/plan-sectorial-madr\/ader-6-3-22\/\" class=\"_self\" target=\"_self\" >ADER 6.3.22<\/a><\/h4>\n<div class=\"pt-cv-content\">\u00cen ultimul deceniu exist\u0103 un interes ridicat al consumatorilor pentru fructele \u015fi derivatele lor, ob\u021binute \u00een sistem de produc\u021bie ecologic. Drept urmare, \u00een ultimii ani, au ap\u0103rut \u015fi au fost testate diverse sisteme \u015fi mijloace de combatere biologic\u0103, destinate ob\u021binerii de fructe cu valoare nutritiv\u0103 deosebit\u0103. Proiectul urm\u0103re\u0219te elaborarea \u015fi ...<br \/><div class=\"pt-cv-rmwrap\"><a href=\"https:\/\/icdp.ro\/ro\/cercetare\/proiecte-nationale\/plan-sectorial-madr\/ader-6-3-22\/\" class=\"_self pt-cv-readmore btn btn-success\" target=\"_self\">Cite\u0219te Mai Mult<\/a><\/div><\/div><\/div><\/div>\n<div class=\"col-md-4 col-sm-6 col-xs-12 pt-cv-content-item pt-cv-1-col\" ><div class='pt-cv-ifield'><a href=\"https:\/\/icdp.ro\/ro\/cercetare\/proiecte-nationale\/plan-sectorial-madr\/ader-6-1-9\/\" class=\"_self pt-cv-href-thumbnail pt-cv-thumb-default\" target=\"_self\" ><\/a>\n<h4 class=\"pt-cv-title\"><a href=\"https:\/\/icdp.ro\/ro\/cercetare\/proiecte-nationale\/plan-sectorial-madr\/ader-6-1-9\/\" class=\"_self\" target=\"_self\" >ADER 6.1.9<\/a><\/h4>\n<div class=\"pt-cv-content\">Proiectul vine \u00een sprijinul ecoschemelor privind \u00eenierbarea \u00eentre r\u00e2ndurile din planta\u021biile pomicole, inclusiv din sectorul pepinieristic, oferind solu\u021bii viabile fermierilor activi, care practic\u0103 o pomicultur\u0103 modern\u0103, dar \u00een acela\u0219i timp, prietenoas\u0103 cu mediul. Obiectivul general al proiectului vizeaz\u0103 realizarea unui ecosistem pomicol sustenabil, prin identificarea \u0219i introducerea \u00een planta\u021biile pomicole ...<br \/><div class=\"pt-cv-rmwrap\"><a href=\"https:\/\/icdp.ro\/ro\/cercetare\/proiecte-nationale\/plan-sectorial-madr\/ader-6-1-9\/\" class=\"_self pt-cv-readmore btn btn-success\" target=\"_self\">Cite\u0219te Mai Mult<\/a><\/div><\/div><\/div><\/div>\n<div class=\"col-md-4 col-sm-6 col-xs-12 pt-cv-content-item pt-cv-1-col\" ><div class='pt-cv-ifield'><a href=\"https:\/\/icdp.ro\/ro\/cercetare\/proiecte-nationale\/plan-sectorial-madr\/ader-6-1-4\/\" class=\"_self pt-cv-href-thumbnail pt-cv-thumb-default\" target=\"_self\" ><\/a>\n<h4 class=\"pt-cv-title\"><a href=\"https:\/\/icdp.ro\/ro\/cercetare\/proiecte-nationale\/plan-sectorial-madr\/ader-6-1-4\/\" class=\"_self\" target=\"_self\" >ADER 6.1.4<\/a><\/h4>\n<div class=\"pt-cv-content\">Programul European de Resurse Genetice Vegetale, la care Rom\u00e2nia este membr\u0103 \u00eenc\u0103 din 1994, sprijin\u0103 programele na\u021bionale de conservare a resurselor genetice pomicole, iar Catalogul European de Resurse Genetice Vegetale (EURISCO) ofer\u0103 informa\u021bii despre germoplasma pomicol\u0103 conservat\u0103. De asemenea, conservarea \u0219i utilizarea resurselor genetice pomicole sunt o precondi\u021bie pentru securitatea ...<br \/><div class=\"pt-cv-rmwrap\"><a href=\"https:\/\/icdp.ro\/ro\/cercetare\/proiecte-nationale\/plan-sectorial-madr\/ader-6-1-4\/\" class=\"_self pt-cv-readmore btn btn-success\" target=\"_self\">Cite\u0219te Mai Mult<\/a><\/div><\/div><\/div><\/div>\n<div class=\"col-md-4 col-sm-6 col-xs-12 pt-cv-content-item pt-cv-1-col\" ><div class='pt-cv-ifield'><a href=\"https:\/\/icdp.ro\/ro\/cercetare\/proiecte-nationale\/plan-sectorial-madr\/ader-7-5-4\/\" class=\"_self pt-cv-href-thumbnail pt-cv-thumb-default\" target=\"_self\" ><\/a>\n<h4 class=\"pt-cv-title\"><a href=\"https:\/\/icdp.ro\/ro\/cercetare\/proiecte-nationale\/plan-sectorial-madr\/ader-7-5-4\/\" class=\"_self\" target=\"_self\" >ADER 7.5.4<\/a><\/h4>\n<div class=\"pt-cv-content\">Plantele mam\u0103 pomicole reprezint\u0103 baza sistemului de producere a materialului s\u0103ditor \u0219i de aceea este necesar\u0103 activitatea de cercetare \u00een direc\u0163ia \u00eembun\u0103t\u0103\u021birii calit\u0103\u021bii materialului de \u00eenmul\u021bire \u0219i plantare pomicol care s\u0103 corespund\u0103 cu noua legisla\u021bie na\u021bional\u0103 \u00een domeniu, Ordinul 784\/2016. Conservarea \u015fi utilizarea materialului de \u00eenmul\u0163ire pomicol \u00een procesul de ...<br \/><div class=\"pt-cv-rmwrap\"><a href=\"https:\/\/icdp.ro\/ro\/cercetare\/proiecte-nationale\/plan-sectorial-madr\/ader-7-5-4\/\" class=\"_self pt-cv-readmore btn btn-success\" target=\"_self\">Cite\u0219te Mai Mult<\/a><\/div><\/div><\/div><\/div>\n<div class=\"col-md-4 col-sm-6 col-xs-12 pt-cv-content-item pt-cv-1-col\" ><div class='pt-cv-ifield'><a href=\"https:\/\/icdp.ro\/ro\/cercetare\/proiecte-nationale\/plan-sectorial-madr\/ader-7-3-12\/\" class=\"_self pt-cv-href-thumbnail pt-cv-thumb-default\" target=\"_self\" ><\/a>\n<h4 class=\"pt-cv-title\"><a href=\"https:\/\/icdp.ro\/ro\/cercetare\/proiecte-nationale\/plan-sectorial-madr\/ader-7-3-12\/\" class=\"_self\" target=\"_self\" >ADER 7.3.12<\/a><\/h4>\n<div class=\"pt-cv-content\">Tehnologiile pomicole intensive, asigur\u0103 controlul riguros al factorilor \u0219i condi\u021biilor de vegeta\u021bie, reduc la minim poluarea mediului \u0219i a fructelor, prin administrarea localizat\u0103 a \u00eengr\u0103\u0219\u0103mintelor \u00een func\u021bie de consumul plantelor, \u00een doze reduse, aplicate frecvent, at\u00e2t foliar c\u00e2t \u0219i prin apa de irigare, fertirigare, asigur\u00e2nd astfel coeficien\u021bi mari de utilizare ...<br \/><div class=\"pt-cv-rmwrap\"><a href=\"https:\/\/icdp.ro\/ro\/cercetare\/proiecte-nationale\/plan-sectorial-madr\/ader-7-3-12\/\" class=\"_self pt-cv-readmore btn btn-success\" target=\"_self\">Cite\u0219te Mai Mult<\/a><\/div><\/div><\/div><\/div>\n<div class=\"col-md-4 col-sm-6 col-xs-12 pt-cv-content-item pt-cv-1-col\" ><div class='pt-cv-ifield'><a href=\"https:\/\/icdp.ro\/ro\/cercetare\/proiecte-nationale\/plan-sectorial-madr\/ader-7-3-10\/\" class=\"_self pt-cv-href-thumbnail pt-cv-thumb-default\" target=\"_self\" ><\/a>\n<h4 class=\"pt-cv-title\"><a href=\"https:\/\/icdp.ro\/ro\/cercetare\/proiecte-nationale\/plan-sectorial-madr\/ader-7-3-10\/\" class=\"_self\" target=\"_self\" >ADER 7.3.10<\/a><\/h4>\n<div class=\"pt-cv-content\">Scopul proiectului este elaborarea unor tehnologii de utilizare a compostului ob\u0163inut din n\u0103molurile de epurare a apelor menajere, ca fertilizant \u00een pomicultur\u0103 pe soluri grele cu poten\u0163ial agroproductiv sc\u0103zut sau suspuse aridiz\u0103rii, soluri nisipoase. Elaborarea unor tehnologii eficiente de utilizare a acestuia \u00een pomicultur\u0103 ar putea contribui la solu\u0163ionarea simultan\u0103 ...<br \/><div class=\"pt-cv-rmwrap\"><a href=\"https:\/\/icdp.ro\/ro\/cercetare\/proiecte-nationale\/plan-sectorial-madr\/ader-7-3-10\/\" class=\"_self pt-cv-readmore btn btn-success\" target=\"_self\">Cite\u0219te Mai Mult<\/a><\/div><\/div><\/div><\/div>\n<div class=\"col-md-4 col-sm-6 col-xs-12 pt-cv-content-item pt-cv-1-col\" ><div class='pt-cv-ifield'><a href=\"https:\/\/icdp.ro\/ro\/cercetare\/proiecte-nationale\/plan-sectorial-madr\/proiect-ader-7-2-2\/\" class=\"_self pt-cv-href-thumbnail pt-cv-thumb-default\" target=\"_self\" ><\/a>\n<h4 class=\"pt-cv-title\"><a href=\"https:\/\/icdp.ro\/ro\/cercetare\/proiecte-nationale\/plan-sectorial-madr\/proiect-ader-7-2-2\/\" class=\"_self\" target=\"_self\" >ADER 7.2.2.<\/a><\/h4>\n<div class=\"pt-cv-content\">Prin procesul de ameliorare a soiurile noi de pomi, arbu\u0219ti fructiferi \u0219i c\u0103p\u0219un este necesar s\u0103 se introduc\u0103 \u00eentr-un genotip un complex de gene de provenien\u021b\u0103 diferit\u0103 pentru a produce modific\u0103rile fenotipice, conform rela\u021biei: genotip nou + mediul de cultur\u0103 + tehnologia \u00bb\u00bb\u00bb expresia comercial\u0103 a produsului (soi, clon\u0103, hibrid ...<br \/><div class=\"pt-cv-rmwrap\"><a href=\"https:\/\/icdp.ro\/ro\/cercetare\/proiecte-nationale\/plan-sectorial-madr\/proiect-ader-7-2-2\/\" class=\"_self pt-cv-readmore btn btn-success\" target=\"_self\">Cite\u0219te Mai Mult<\/a><\/div><\/div><\/div><\/div><\/div><\/div><\/div>\n<\/div><div class=\"fusion-clearfix\"><\/div><\/div><\/div><\/div><\/div>\n","protected":false},"excerpt":{"rendered":"","protected":false},"author":1,"featured_media":0,"parent":10916,"menu_order":33,"comment_status":"closed","ping_status":"closed","template":"","meta":{"ngg_post_thumbnail":0,"footnotes":""},"categories":[],"tags":[],"class_list":["post-12270","page","type-page","status-publish","hentry"],"_links":{"self":[{"href":"https:\/\/icdp.ro\/ro\/wp-json\/wp\/v2\/pages\/12270","targetHints":{"allow":["GET"]}}],"collection":[{"href":"https:\/\/icdp.ro\/ro\/wp-json\/wp\/v2\/pages"}],"about":[{"href":"https:\/\/icdp.ro\/ro\/wp-json\/wp\/v2\/types\/page"}],"author":[{"embeddable":true,"href":"https:\/\/icdp.ro\/ro\/wp-json\/wp\/v2\/users\/1"}],"replies":[{"embeddable":true,"href":"https:\/\/icdp.ro\/ro\/wp-json\/wp\/v2\/comments?post=12270"}],"version-history":[{"count":3,"href":"https:\/\/icdp.ro\/ro\/wp-json\/wp\/v2\/pages\/12270\/revisions"}],"predecessor-version":[{"id":14316,"href":"https:\/\/icdp.ro\/ro\/wp-json\/wp\/v2\/pages\/12270\/revisions\/14316"}],"up":[{"embeddable":true,"href":"https:\/\/icdp.ro\/ro\/wp-json\/wp\/v2\/pages\/10916"}],"wp:attachment":[{"href":"https:\/\/icdp.ro\/ro\/wp-json\/wp\/v2\/media?parent=12270"}],"wp:term":[{"taxonomy":"category","embeddable":true,"href":"https:\/\/icdp.ro\/ro\/wp-json\/wp\/v2\/categories?post=12270"},{"taxonomy":"post_tag","embeddable":true,"href":"https:\/\/icdp.ro\/ro\/wp-json\/wp\/v2\/tags?post=12270"}],"curies":[{"name":"wp","href":"https:\/\/api.w.org\/{rel}","templated":true}]}}