{"id":12265,"date":"2020-06-22T11:42:30","date_gmt":"2020-06-22T08:42:30","guid":{"rendered":"https:\/\/icdp.ro\/?page_id=12265"},"modified":"2023-09-25T23:43:31","modified_gmt":"2023-09-25T20:43:31","slug":"schema-realizare","status":"publish","type":"page","link":"https:\/\/icdp.ro\/ro\/cercetare\/proiecte-nationale\/plan-tematic-asas\/asas-6\/schema-realizare\/","title":{"rendered":"Schem\u0103 realizare"},"content":{"rendered":"<h5>Schem\u0103 realizare<\/h5>\n<div class=\"table-1\">\n<table>\n<tbody>\n<tr>\n<td><strong>Anul<\/strong><\/td>\n<td><strong>Cod<\/strong><\/p>\n<p><strong>faza<\/strong><\/td>\n<td><strong>Denumire faz\u0103<\/strong><\/td>\n<\/tr>\n<tr>\n<td>2018<\/td>\n<td><strong>I<\/strong><\/td>\n<td><strong>Documentare, analiz\u0103, elaborare model experimental<\/strong><\/p>\n<p>1.1. Documentare \u00een vederea stabilirii speciilor \u0219i parametrilor tehnologici \u00een sistem ecologic aborda\u021bi \u00een cadrul proiectului<\/p>\n<p>1.2. Stabilirea condi\u021biilor pedoclimatice ini\u021biale<\/p>\n<p>1.3. Elaborare model experimental: alegerea speciilor care se vor studia \u00een condi\u021bii de plantare pe terenuri degradate, \u00een sistem ecologic<\/p>\n<p>Raport de activitate faza I<\/td>\n<\/tr>\n<tr>\n<td>2019<\/td>\n<td><strong>II<\/strong><\/td>\n<td><strong>Realizare model experimental <\/strong><\/p>\n<p>2.1. Experimentarea modelelor propuse<\/p>\n<p>2.2. Evaluarea impactului variantelor experimentale aplicate<\/p>\n<p>Raport de activitate faza II<\/td>\n<\/tr>\n<tr>\n<td>2020<\/td>\n<td><strong>III<\/strong><\/td>\n<td><strong>Experimentarea modelelor propuse&nbsp; \u00een anul al 2-lea de studiu<\/strong><\/p>\n<p>3.1.Experimentarea \u0219i evaluarea aplic\u0103rii variantelor experimentale \u00een anul al 2-lea de studiu<\/p>\n<p>3.2. Elaborarea de tehnologii ecologice pe terenurile agricole degradate<\/p>\n<p>Raport de activitate faza III<\/td>\n<\/tr>\n<tr>\n<td>2021<\/td>\n<td><strong>IV<\/strong><\/td>\n<td><strong>Experimentarea modelelor propuse \u00een anul al 3-lea de studiu<\/strong><\/p>\n<p>4.1.Experimentarea \u0219i evaluarea aplic\u0103rii variantelor experimentale \u00een anul al 3-lea de studiu<\/p>\n<p>4.2. Aplicarea tehnologiilor ecologice pe terenurile agricole degradate \u00een anul al 2-lea<\/p>\n<p>Raport de activitate faza IV<\/td>\n<\/tr>\n<tr>\n<td>2022<\/td>\n<td><strong>V<\/strong><\/td>\n<td><strong>Verificarea reproductibilit\u0103\u021bii indicatorilor biometrici<\/strong><\/p>\n<p>5.1.Experimentarea \u0219i evaluarea aplic\u0103rii variantelor experimentale \u00een anul al 3-lea de studiu<\/p>\n<p>5.2. Aplicarea tehnologiilor ecologice pe terenurile agricole degradate \u00een anul al 3-lea<\/p>\n<p>5.3. Diseminarea rezultatelor \u0219tiin\u021bifice<\/p>\n<p>Raport de activitate faza V<\/td>\n<\/tr>\n<\/tbody>\n<\/table>\n<p>&nbsp;<\/p>\n<\/div>\n","protected":false},"excerpt":{"rendered":"<p>Schem\u0103 realizare Anul Cod faza Denumire faz\u0103 2018 I Documentare, analiz\u0103, elaborare model experimental 1.1. Documentare \u00een vederea stabilirii speciilor \u0219i parametrilor tehnologici \u00een sistem ecologic aborda\u021bi \u00een cadrul proiectului 1.2. Stabilirea condi\u021biilor pedoclimatice ini\u021biale 1.3. Elaborare model experimental: alegerea speciilor care se vor studia \u00een condi\u021bii de plantare pe terenuri degradate, \u00een sistem ecologic  [&#8230;]<\/p>\n","protected":false},"author":1,"featured_media":0,"parent":12257,"menu_order":4,"comment_status":"closed","ping_status":"closed","template":"","meta":{"ngg_post_thumbnail":0,"footnotes":""},"categories":[],"tags":[],"class_list":["post-12265","page","type-page","status-publish","hentry"],"_links":{"self":[{"href":"https:\/\/icdp.ro\/ro\/wp-json\/wp\/v2\/pages\/12265","targetHints":{"allow":["GET"]}}],"collection":[{"href":"https:\/\/icdp.ro\/ro\/wp-json\/wp\/v2\/pages"}],"about":[{"href":"https:\/\/icdp.ro\/ro\/wp-json\/wp\/v2\/types\/page"}],"author":[{"embeddable":true,"href":"https:\/\/icdp.ro\/ro\/wp-json\/wp\/v2\/users\/1"}],"replies":[{"embeddable":true,"href":"https:\/\/icdp.ro\/ro\/wp-json\/wp\/v2\/comments?post=12265"}],"version-history":[{"count":2,"href":"https:\/\/icdp.ro\/ro\/wp-json\/wp\/v2\/pages\/12265\/revisions"}],"predecessor-version":[{"id":12267,"href":"https:\/\/icdp.ro\/ro\/wp-json\/wp\/v2\/pages\/12265\/revisions\/12267"}],"up":[{"embeddable":true,"href":"https:\/\/icdp.ro\/ro\/wp-json\/wp\/v2\/pages\/12257"}],"wp:attachment":[{"href":"https:\/\/icdp.ro\/ro\/wp-json\/wp\/v2\/media?parent=12265"}],"wp:term":[{"taxonomy":"category","embeddable":true,"href":"https:\/\/icdp.ro\/ro\/wp-json\/wp\/v2\/categories?post=12265"},{"taxonomy":"post_tag","embeddable":true,"href":"https:\/\/icdp.ro\/ro\/wp-json\/wp\/v2\/tags?post=12265"}],"curies":[{"name":"wp","href":"https:\/\/api.w.org\/{rel}","templated":true}]}}