{"id":12259,"date":"2020-06-22T11:39:16","date_gmt":"2020-06-22T08:39:16","guid":{"rendered":"https:\/\/icdp.ro\/?page_id=12259"},"modified":"2023-09-25T23:43:14","modified_gmt":"2023-09-25T20:43:14","slug":"informatii-generale","status":"publish","type":"page","link":"https:\/\/icdp.ro\/ro\/cercetare\/proiecte-nationale\/plan-tematic-asas\/asas-6\/informatii-generale\/","title":{"rendered":"Informa\u021bii generale"},"content":{"rendered":"<h5>Informa\u021bii generale<\/h5>\n<p><strong>OBIECTIVUL GENERAL (cf. strategiei MADR) 3.1. <em>DEZVOLTAREA DE NOI PRODUSE, PRACTICI, PROCESE \u0218I TEHNOLOGII INTEGRATE PRODUC\u021aIEI HORTICOLE.<\/em><\/strong><\/p>\n<p><strong>Obiectivul specific (cf. strategiei MADR) <\/strong><strong><em>3.1.3 <\/em><\/strong><strong><em>Modernizarea tehnologiilor de \u00eenmul\u021bire \u0219i de cultur\u0103 a plantelor horticole pentru utilizarea cu maxim\u0103 eficien\u021b\u0103 a resurselor naturale \u0219i antropice,&nbsp; diminuarea impactului negativ al schimb\u0103rilor climatice \u0219i \u00eembun\u0103t\u0103\u021birea protec\u021biei mediului \u00eenconjur\u0103tor: 3.1.3.6 Tehnologii ecologice de reechilibrare a biocenozelor din ecosistemele pomicole.<\/em><\/strong><\/p>\n<p>Titlul proiectului: <strong>Eficien\u021ba culturii arbu\u0219tilor fructiferi de pe terenurile agricole degradate cultivate \u00een sistem ecologic<\/strong><\/p>\n<p>&nbsp;Nr. proiect:<strong> Nr. 3197\/24.09.2018 (HG 792\/2017)<\/strong><\/p>\n<p>Autoritatea contractant\u0103:<strong>&nbsp;Academia de \u0218tiin\u021be Agricole ,,Gheorghe Ionescu-\u0218i\u0219e\u0219ti\u201d<\/strong><\/p>\n<p>UCDI Executant\u0103:<strong>&nbsp;Institutul de Cercetare Dezvoltare pentru Pomicultur\u0103 Pite\u015fti-M\u0103r\u0103cineni <\/strong><\/p>\n<p>Durata proiectului:&nbsp;<strong>59<\/strong> luni \u2013 02.2018 \u201312.2022<\/p>\n<p>Bugetul proiectului:<strong>&nbsp;5.181.000 lei<\/strong><\/p>\n<p>Date de contact director de proiect:<br \/>\n<strong>Ing. Liviu <\/strong><strong>B\u0102L\u0102U\u021a\u0102<\/strong><\/p>\n<p><strong>e-mail:&nbsp;lbalauta@icdp.ro<\/strong><\/p>\n<p><strong>Tel: +40-248-278066<\/strong><br \/>\n<strong>Fax: +40-248-278477<\/strong><\/p>\n<p>&nbsp;<\/p>\n","protected":false},"excerpt":{"rendered":"<p>Informa\u021bii generale OBIECTIVUL GENERAL (cf. strategiei MADR) 3.1. DEZVOLTAREA DE NOI PRODUSE, PRACTICI, PROCESE \u0218I TEHNOLOGII INTEGRATE PRODUC\u021aIEI HORTICOLE. Obiectivul specific (cf. strategiei MADR) 3.1.3 Modernizarea tehnologiilor de \u00eenmul\u021bire \u0219i de cultur\u0103 a plantelor horticole pentru utilizarea cu maxim\u0103 eficien\u021b\u0103 a resurselor naturale \u0219i antropice,&nbsp; diminuarea impactului negativ al schimb\u0103rilor climatice \u0219i \u00eembun\u0103t\u0103\u021birea protec\u021biei mediului  [&#8230;]<\/p>\n","protected":false},"author":1,"featured_media":0,"parent":12257,"menu_order":1,"comment_status":"closed","ping_status":"closed","template":"","meta":{"ngg_post_thumbnail":0,"footnotes":""},"categories":[],"tags":[],"class_list":["post-12259","page","type-page","status-publish","hentry"],"_links":{"self":[{"href":"https:\/\/icdp.ro\/ro\/wp-json\/wp\/v2\/pages\/12259","targetHints":{"allow":["GET"]}}],"collection":[{"href":"https:\/\/icdp.ro\/ro\/wp-json\/wp\/v2\/pages"}],"about":[{"href":"https:\/\/icdp.ro\/ro\/wp-json\/wp\/v2\/types\/page"}],"author":[{"embeddable":true,"href":"https:\/\/icdp.ro\/ro\/wp-json\/wp\/v2\/users\/1"}],"replies":[{"embeddable":true,"href":"https:\/\/icdp.ro\/ro\/wp-json\/wp\/v2\/comments?post=12259"}],"version-history":[{"count":2,"href":"https:\/\/icdp.ro\/ro\/wp-json\/wp\/v2\/pages\/12259\/revisions"}],"predecessor-version":[{"id":13476,"href":"https:\/\/icdp.ro\/ro\/wp-json\/wp\/v2\/pages\/12259\/revisions\/13476"}],"up":[{"embeddable":true,"href":"https:\/\/icdp.ro\/ro\/wp-json\/wp\/v2\/pages\/12257"}],"wp:attachment":[{"href":"https:\/\/icdp.ro\/ro\/wp-json\/wp\/v2\/media?parent=12259"}],"wp:term":[{"taxonomy":"category","embeddable":true,"href":"https:\/\/icdp.ro\/ro\/wp-json\/wp\/v2\/categories?post=12259"},{"taxonomy":"post_tag","embeddable":true,"href":"https:\/\/icdp.ro\/ro\/wp-json\/wp\/v2\/tags?post=12259"}],"curies":[{"name":"wp","href":"https:\/\/api.w.org\/{rel}","templated":true}]}}