{"id":12172,"date":"2020-06-21T11:03:58","date_gmt":"2020-06-21T08:03:58","guid":{"rendered":"https:\/\/icdp.ro\/?page_id=12172"},"modified":"2021-12-29T13:07:01","modified_gmt":"2021-12-29T11:07:01","slug":"plan-tematic-asas","status":"publish","type":"page","link":"https:\/\/icdp.ro\/ro\/cercetare\/proiecte-nationale\/plan-tematic-asas\/","title":{"rendered":"Plan tematic ASAS"},"content":{"rendered":"<div class=\"fusion-fullwidth fullwidth-box fusion-builder-row-1 nonhundred-percent-fullwidth non-hundred-percent-height-scrolling\" style=\"--awb-border-radius-top-left:0px;--awb-border-radius-top-right:0px;--awb-border-radius-bottom-right:0px;--awb-border-radius-bottom-left:0px;--awb-flex-wrap:wrap;\" ><div class=\"fusion-builder-row fusion-row\"><div class=\"fusion-layout-column fusion_builder_column fusion-builder-column-0 fusion_builder_column_1_1 1_1 fusion-one-full fusion-column-first fusion-column-last\" style=\"--awb-bg-size:cover;\"><div class=\"fusion-column-wrapper fusion-flex-column-wrapper-legacy\"><div class=\"fusion-sep-clear\"><\/div><div class=\"fusion-separator fusion-full-width-sep\" style=\"margin-left: auto;margin-right: auto;margin-bottom:25px;width:100%;\"><\/div><div class=\"fusion-sep-clear\"><\/div><div class=\"fusion-button-wrapper fusion-aligncenter\"><a class=\"fusion-button button-flat button-xlarge button-default fusion-button-default button-1 fusion-button-default-span fusion-button-default-type\" style=\"--button-border-radius-top-left:0;--button-border-radius-top-right:0;--button-border-radius-bottom-right:0;--button-border-radius-bottom-left:0;\" target=\"_self\" href=\"https:\/\/icdp.ro\/wp-content\/uploads\/2021\/12\/Plan-tematic-2021-2027.pdf\"><span class=\"fusion-button-text awb-button__text awb-button__text--default\">Descarcati planul tematic<\/span><\/a><\/div><div class=\"fusion-sep-clear\"><\/div><div class=\"fusion-separator fusion-full-width-sep\" style=\"margin-left: auto;margin-right: auto;margin-bottom:25px;width:100%;\"><\/div><div class=\"fusion-sep-clear\"><\/div><div class=\"fusion-text fusion-text-1\"><div class=\"pt-cv-wrapper\"><div class=\"pt-cv-view pt-cv-grid pt-cv-colsys\" id=\"pt-cv-view-2e9171ezfg\"><div data-id=\"pt-cv-page-1\" class=\"pt-cv-page\" data-cvc=\"3\"><div class=\"col-md-4 col-sm-6 col-xs-12 pt-cv-content-item pt-cv-1-col\" ><div class='pt-cv-ifield'><a href=\"https:\/\/icdp.ro\/ro\/cercetare\/proiecte-nationale\/plan-tematic-asas\/asas-5-2023-2027\/\" class=\"_self pt-cv-href-thumbnail pt-cv-thumb-default\" target=\"_self\" ><\/a>\n<h4 class=\"pt-cv-title\"><a href=\"https:\/\/icdp.ro\/ro\/cercetare\/proiecte-nationale\/plan-tematic-asas\/asas-5-2023-2027\/\" class=\"_self\" target=\"_self\" >ASAS 5 (2023-2027)<\/a><\/h4>\n<div class=\"pt-cv-content\">Proiectul va analiza comportarea unor specii nou introduse \u00een cultur\u0103: dudul fructifer (Morus nigra - L), goji (Lycium barbarum L.), curmalul chinezesc (Zyzyphus jujuba), mo\u0219monul (Mespilus germanica), kaki (Diospyros kaki L.) \u0219i kiwi (Actinidia arguta) \u00een zonele de maxim\u0103 favorabilitate climatic\u0103, pentru a eviden\u021bia speciile\/soiurile care dau cele mai bune ...<br \/><div class=\"pt-cv-rmwrap\"><a href=\"https:\/\/icdp.ro\/ro\/cercetare\/proiecte-nationale\/plan-tematic-asas\/asas-5-2023-2027\/\" class=\"_self pt-cv-readmore btn btn-success\" target=\"_self\">Cite\u0219te Mai Mult<\/a><\/div><\/div><\/div><\/div>\n<div class=\"col-md-4 col-sm-6 col-xs-12 pt-cv-content-item pt-cv-1-col\" ><div class='pt-cv-ifield'><a href=\"https:\/\/icdp.ro\/ro\/cercetare\/proiecte-nationale\/plan-tematic-asas\/asas-4-2023-2027\/\" class=\"_self pt-cv-href-thumbnail pt-cv-thumb-default\" target=\"_self\" ><\/a>\n<h4 class=\"pt-cv-title\"><a href=\"https:\/\/icdp.ro\/ro\/cercetare\/proiecte-nationale\/plan-tematic-asas\/asas-4-2023-2027\/\" class=\"_self\" target=\"_self\" >ASAS 4 (2023-2027)<\/a><\/h4>\n<div class=\"pt-cv-content\">Proiectul va aborda o problematic\u0103 complex\u0103: identificarea unor solu\u0163ii eficiente de combatere a organismelor d\u0103un\u0103toare din planta\u021biile pomicole, bazate pe mijloace biotehnice - produse feromonale, produse pe baz\u0103 de microorganisme (bacterii, virusuri \u0219i ciuperci entomopatogeme), produse fortifiante de origine natural\u0103, cu efect stimulent al mecanismelor de inducere a rezisten\u021bei plantelor ...<br \/><div class=\"pt-cv-rmwrap\"><a href=\"https:\/\/icdp.ro\/ro\/cercetare\/proiecte-nationale\/plan-tematic-asas\/asas-4-2023-2027\/\" class=\"_self pt-cv-readmore btn btn-success\" target=\"_self\">Cite\u0219te Mai Mult<\/a><\/div><\/div><\/div><\/div>\n<div class=\"col-md-4 col-sm-6 col-xs-12 pt-cv-content-item pt-cv-1-col\" ><div class='pt-cv-ifield'><a href=\"https:\/\/icdp.ro\/ro\/cercetare\/proiecte-nationale\/plan-tematic-asas\/asas-3-2023-2027\/\" class=\"_self pt-cv-href-thumbnail pt-cv-thumb-default\" target=\"_self\" ><\/a>\n<h4 class=\"pt-cv-title\"><a href=\"https:\/\/icdp.ro\/ro\/cercetare\/proiecte-nationale\/plan-tematic-asas\/asas-3-2023-2027\/\" class=\"_self\" target=\"_self\" >ASAS 3 (2023-2027)<\/a><\/h4>\n<div class=\"pt-cv-content\">\u00cen conformitate cu legisla\u021bia \u00een vigoare la momentul actual O.M. 784\/2016 privind cerin\u0163ele specifice pentru genurile \u015fi speciile de plante fructifere men\u0163ionate \u00een anexa I la Directiva 2008\/90\/CE a Consiliului din 29 septembrie 2008 privind comercializarea materialului de \u00eenmul\u0163ire \u015fi plantare fructifer destinat produc\u0163iei de fructe, cerin\u0163ele specifice pe care ...<br \/><div class=\"pt-cv-rmwrap\"><a href=\"https:\/\/icdp.ro\/ro\/cercetare\/proiecte-nationale\/plan-tematic-asas\/asas-3-2023-2027\/\" class=\"_self pt-cv-readmore btn btn-success\" target=\"_self\">Cite\u0219te Mai Mult<\/a><\/div><\/div><\/div><\/div>\n<div class=\"col-md-4 col-sm-6 col-xs-12 pt-cv-content-item pt-cv-1-col\" ><div class='pt-cv-ifield'><a href=\"https:\/\/icdp.ro\/ro\/cercetare\/proiecte-nationale\/plan-tematic-asas\/asas-2-2023-2027\/\" class=\"_self pt-cv-href-thumbnail pt-cv-thumb-default\" target=\"_self\" ><\/a>\n<h4 class=\"pt-cv-title\"><a href=\"https:\/\/icdp.ro\/ro\/cercetare\/proiecte-nationale\/plan-tematic-asas\/asas-2-2023-2027\/\" class=\"_self\" target=\"_self\" >ASAS 2 (2023-2027)<\/a><\/h4>\n<div class=\"pt-cv-content\">Proiectul va investiga \u00eentregul sistem sol-plant\u0103-atmosfer\u0103 (SPAC) prin \u00eenregistrarea continu\u0103 cu data-loggere sau alte dispozitive, a unor variabile SPAC, cum ar fi: poten\u021bialul de ap\u0103 al solului \u0219i con\u021binutul de ap\u0103, micro-oscila\u021biile orare ale diametrului trunchiului pomilor \u0219i fructelor, temperatura de la nivelul frunzei, presiunea de turgescen\u021b\u0103 foliar\u0103, fluxul de ...<br \/><div class=\"pt-cv-rmwrap\"><a href=\"https:\/\/icdp.ro\/ro\/cercetare\/proiecte-nationale\/plan-tematic-asas\/asas-2-2023-2027\/\" class=\"_self pt-cv-readmore btn btn-success\" target=\"_self\">Cite\u0219te Mai Mult<\/a><\/div><\/div><\/div><\/div>\n<div class=\"col-md-4 col-sm-6 col-xs-12 pt-cv-content-item pt-cv-1-col\" ><div class='pt-cv-ifield'><a href=\"https:\/\/icdp.ro\/ro\/cercetare\/proiecte-nationale\/plan-tematic-asas\/asas-1-2023-2027\/\" class=\"_self pt-cv-href-thumbnail pt-cv-thumb-default\" target=\"_self\" ><\/a>\n<h4 class=\"pt-cv-title\"><a href=\"https:\/\/icdp.ro\/ro\/cercetare\/proiecte-nationale\/plan-tematic-asas\/asas-1-2023-2027\/\" class=\"_self\" target=\"_self\" >ASAS 1 (2023-2027)<\/a><\/h4>\n<div class=\"pt-cv-content\">\u00cen pomicultur\u0103, conservarea genetic\u0103 presupune p\u0103strarea \u00eentregului fond de plante, pomi \u015fi arbu\u015fti fructiferi, de la formele s\u0103lbatice p\u00e2n\u0103 la cele ameliorate, at\u00e2t sub aspectul viabilit\u0103\u0163ii, c\u00e2t \u015fi al integrit\u0103\u0163ii lor genetice. Fondul de germoplasm\u0103 pomicol\u0103 este parte integrant\u0103 a biodiversit\u0103\u021bii vegetale, care s-a dezvoltat de-a lungul timpului, at\u00e2t pe ...<br \/><div class=\"pt-cv-rmwrap\"><a href=\"https:\/\/icdp.ro\/ro\/cercetare\/proiecte-nationale\/plan-tematic-asas\/asas-1-2023-2027\/\" class=\"_self pt-cv-readmore btn btn-success\" target=\"_self\">Cite\u0219te Mai Mult<\/a><\/div><\/div><\/div><\/div>\n<div class=\"col-md-4 col-sm-6 col-xs-12 pt-cv-content-item pt-cv-1-col\" ><div class='pt-cv-ifield'><a href=\"https:\/\/icdp.ro\/ro\/cercetare\/proiecte-nationale\/plan-tematic-asas\/asas-6\/\" class=\"_self pt-cv-href-thumbnail pt-cv-thumb-default\" target=\"_self\" ><\/a>\n<h4 class=\"pt-cv-title\"><a href=\"https:\/\/icdp.ro\/ro\/cercetare\/proiecte-nationale\/plan-tematic-asas\/asas-6\/\" class=\"_self\" target=\"_self\" >ASAS 6 (2018-2022)<\/a><\/h4>\n<div class=\"pt-cv-content\">Degradarea terenurilor reprezint\u0103 un efect cumulat al ac\u021biunii factorilor naturali \u0219i antropici asupra p\u0103m\u00e2ntului \u0219i implic\u0103 o varietate de procese, care includ: eroziunea solului, ravena\u021bia, alunec\u0103rile de teren, compactizarea, salinizarea, lateritizarea, distrugerea materiei organice din substrat \u0219i a rezervelor de nutrien\u021bi din plante, acidificarea, incendierea \u0219i carbonizarea faunei din sol ...<br \/><div class=\"pt-cv-rmwrap\"><a href=\"https:\/\/icdp.ro\/ro\/cercetare\/proiecte-nationale\/plan-tematic-asas\/asas-6\/\" class=\"_self pt-cv-readmore btn btn-success\" target=\"_self\">Cite\u0219te Mai Mult<\/a><\/div><\/div><\/div><\/div><\/div><\/div>\n<div class=\" pt-cv-pagination-wrapper\"><ul class=\"pt-cv-pagination pt-cv-normal pagination\" data-totalpages=\"2\" data-currentpage=\"1\" data-sid=\"2e9171ezfg\" data-unid=\"\" data-isblock=\"\" data-postid=\"\"><li class=\"active\"><a href=\"#\">1<\/a><\/li>\n\t<li ><a class=\"\" href=\"https:\/\/icdp.ro\/ro\/wp-json\/wp\/v2\/pages\/12172\/?_page=2\">2<\/a><\/li>\n\t<li ><a class=\" \" href=\"https:\/\/icdp.ro\/ro\/wp-json\/wp\/v2\/pages\/12172\/?_page=2\">&rsaquo;<\/a><\/li>\n\t<\/ul><img decoding=\"async\" width=\"15\" height=\"15\" class=\"pt-cv-spinner\" alt=\"\u00cencarc...\" src=\"data:image\/gif;base64,R0lGODlhDwAPALMPAMrKygwMDJOTkz09PZWVla+vr3p6euTk5M7OzuXl5TMzMwAAAJmZmWZmZszMzP\/\/\/yH\/C05FVFNDQVBFMi4wAwEAAAAh+QQFCgAPACwAAAAADwAPAAAEQvDJaZaZOIcV8iQK8VRX4iTYoAwZ4iCYoAjZ4RxejhVNoT+mRGP4cyF4Pp0N98sBGIBMEMOotl6YZ3S61Bmbkm4mAgAh+QQFCgAPACwAAAAADQANAAAENPDJSRSZeA418itN8QiK8BiLITVsFiyBBIoYqnoewAD4xPw9iY4XLGYSjkQR4UAUD45DLwIAIfkEBQoADwAsAAAAAA8ACQAABC\/wyVlamTi3nSdgwFNdhEJgTJoNyoB9ISYoQmdjiZPcj7EYCAeCF1gEDo4Dz2eIAAAh+QQFCgAPACwCAAAADQANAAAEM\/DJBxiYeLKdX3IJZT1FU0iIg2RNKx3OkZVnZ98ToRD4MyiDnkAh6BkNC0MvsAj0kMpHBAAh+QQFCgAPACwGAAAACQAPAAAEMDC59KpFDll73HkAA2wVY5KgiK5b0RRoI6MuzG6EQqCDMlSGheEhUAgqgUUAFRySIgAh+QQFCgAPACwCAAIADQANAAAEM\/DJKZNLND\/kkKaHc3xk+QAMYDKsiaqmZCxGVjSFFCxB1vwy2oOgIDxuucxAMTAJFAJNBAAh+QQFCgAPACwAAAYADwAJAAAEMNAs86q1yaWwwv2Ig0jUZx3OYa4XoRAfwADXoAwfo1+CIjyFRuEho60aSNYlOPxEAAAh+QQFCgAPACwAAAIADQANAAAENPA9s4y8+IUVcqaWJ4qEQozSoAzoIyhCK2NFU2SJk0hNnyEOhKR2AzAAj4Pj4GE4W0bkJQIAOw==\" \/><div class=\"clear pt-cv-clear-pagination\"><\/div><\/div><\/div>\n<\/div><div class=\"fusion-clearfix\"><\/div><\/div><\/div><\/div><\/div>\n","protected":false},"excerpt":{"rendered":"","protected":false},"author":1,"featured_media":0,"parent":10916,"menu_order":32,"comment_status":"closed","ping_status":"closed","template":"","meta":{"ngg_post_thumbnail":0,"footnotes":""},"categories":[],"tags":[],"class_list":["post-12172","page","type-page","status-publish","hentry"],"_links":{"self":[{"href":"https:\/\/icdp.ro\/ro\/wp-json\/wp\/v2\/pages\/12172","targetHints":{"allow":["GET"]}}],"collection":[{"href":"https:\/\/icdp.ro\/ro\/wp-json\/wp\/v2\/pages"}],"about":[{"href":"https:\/\/icdp.ro\/ro\/wp-json\/wp\/v2\/types\/page"}],"author":[{"embeddable":true,"href":"https:\/\/icdp.ro\/ro\/wp-json\/wp\/v2\/users\/1"}],"replies":[{"embeddable":true,"href":"https:\/\/icdp.ro\/ro\/wp-json\/wp\/v2\/comments?post=12172"}],"version-history":[{"count":6,"href":"https:\/\/icdp.ro\/ro\/wp-json\/wp\/v2\/pages\/12172\/revisions"}],"predecessor-version":[{"id":12880,"href":"https:\/\/icdp.ro\/ro\/wp-json\/wp\/v2\/pages\/12172\/revisions\/12880"}],"up":[{"embeddable":true,"href":"https:\/\/icdp.ro\/ro\/wp-json\/wp\/v2\/pages\/10916"}],"wp:attachment":[{"href":"https:\/\/icdp.ro\/ro\/wp-json\/wp\/v2\/media?parent=12172"}],"wp:term":[{"taxonomy":"category","embeddable":true,"href":"https:\/\/icdp.ro\/ro\/wp-json\/wp\/v2\/categories?post=12172"},{"taxonomy":"post_tag","embeddable":true,"href":"https:\/\/icdp.ro\/ro\/wp-json\/wp\/v2\/tags?post=12172"}],"curies":[{"name":"wp","href":"https:\/\/api.w.org\/{rel}","templated":true}]}}