{"id":12020,"date":"2019-02-26T17:01:15","date_gmt":"2019-02-26T15:01:15","guid":{"rendered":"http:\/\/icdp.ro\/?page_id=12020"},"modified":"2019-02-26T17:01:15","modified_gmt":"2019-02-26T15:01:15","slug":"special","status":"publish","type":"page","link":"https:\/\/icdp.ro\/ro\/cercetare\/genetica-si-ameliorare\/genetica\/special\/","title":{"rendered":"Special"},"content":{"rendered":"<p><strong><a href=\"http:\/\/icdp.ro\/wp-content\/uploads\/2019\/02\/Special-cires.jpg\"><img decoding=\"async\" class=\"alignright size-400 wp-image-11854\" src=\"http:\/\/icdp.ro\/wp-content\/uploads\/2019\/02\/Special-cires-400x400.jpg\" alt=\"\" width=\"400\" height=\"400\" srcset=\"https:\/\/icdp.ro\/wp-content\/uploads\/2019\/02\/Special-cires-66x66.jpg 66w, https:\/\/icdp.ro\/wp-content\/uploads\/2019\/02\/Special-cires-150x150.jpg 150w, https:\/\/icdp.ro\/wp-content\/uploads\/2019\/02\/Special-cires-200x200.jpg 200w, https:\/\/icdp.ro\/wp-content\/uploads\/2019\/02\/Special-cires-300x300.jpg 300w, https:\/\/icdp.ro\/wp-content\/uploads\/2019\/02\/Special-cires-400x400.jpg 400w, https:\/\/icdp.ro\/wp-content\/uploads\/2019\/02\/Special-cires.jpg 591w\" sizes=\"(max-width: 400px) 100vw, 400px\" \/><\/a>Anul omolog\u0103rii: <\/strong>2012.<br \/>\n<strong>Autori<\/strong>: S. Budan, R. Popescu, M. Butac, M. Militaru, E. Chi\u021bu.<br \/>\n<strong>Origine<\/strong>: selec\u021bie din flora spontana.<br \/>\n\u25cf Pomul este de vigoare mijlocie, coroana deschisa, productiv, tolerant la <em>Monilia<\/em> sp. \u015fi <em>Blumeriella jaapii<\/em> (Rehm) Arx.)<br \/>\n\u25cf Epoca de \u00eenflorire este mijlocie; soiul este autosteril.<br \/>\n\u25cf Fructul este m\u0103rime medie(6 g), cu punct stilar ad\u00e2ncit, cu pieli\u0163a de culoare ro\u015fu \u00eenchis spre negru, pulp\u0103 ferm\u0103, pulp\u0103 \u015fi suc de culoare ro\u015fie, s\u00e2mbure de m\u0103rime medie, gust dulce-amar, \u00a0destinat pentru procesare ca dulcea\u0163\u0103 \u015fi colorant pentru b\u0103uturi alcoolice.<br \/>\n\u25cf Epoca de maturare: a doua decad\u0103 a lunii iunie.<\/p>\n","protected":false},"excerpt":{"rendered":"<p>Anul omolog\u0103rii: 2012. Autori: S. Budan, R. Popescu, M. Butac, M. Militaru, E. Chi\u021bu. Origine: selec\u021bie din flora spontana. \u25cf Pomul este de vigoare mijlocie, coroana deschisa, productiv, tolerant la Monilia sp. \u015fi Blumeriella jaapii (Rehm) Arx.) \u25cf Epoca de \u00eenflorire este mijlocie; soiul este autosteril. \u25cf Fructul este m\u0103rime medie(6 g), cu punct stilar  [&#8230;]<\/p>\n","protected":false},"author":1,"featured_media":11854,"parent":11780,"menu_order":61,"comment_status":"closed","ping_status":"closed","template":"","meta":{"ngg_post_thumbnail":0,"footnotes":""},"categories":[36],"tags":[],"class_list":["post-12020","page","type-page","status-publish","has-post-thumbnail","hentry","category-cirese"],"_links":{"self":[{"href":"https:\/\/icdp.ro\/ro\/wp-json\/wp\/v2\/pages\/12020","targetHints":{"allow":["GET"]}}],"collection":[{"href":"https:\/\/icdp.ro\/ro\/wp-json\/wp\/v2\/pages"}],"about":[{"href":"https:\/\/icdp.ro\/ro\/wp-json\/wp\/v2\/types\/page"}],"author":[{"embeddable":true,"href":"https:\/\/icdp.ro\/ro\/wp-json\/wp\/v2\/users\/1"}],"replies":[{"embeddable":true,"href":"https:\/\/icdp.ro\/ro\/wp-json\/wp\/v2\/comments?post=12020"}],"version-history":[{"count":1,"href":"https:\/\/icdp.ro\/ro\/wp-json\/wp\/v2\/pages\/12020\/revisions"}],"predecessor-version":[{"id":12021,"href":"https:\/\/icdp.ro\/ro\/wp-json\/wp\/v2\/pages\/12020\/revisions\/12021"}],"up":[{"embeddable":true,"href":"https:\/\/icdp.ro\/ro\/wp-json\/wp\/v2\/pages\/11780"}],"wp:featuredmedia":[{"embeddable":true,"href":"https:\/\/icdp.ro\/ro\/wp-json\/wp\/v2\/media\/11854"}],"wp:attachment":[{"href":"https:\/\/icdp.ro\/ro\/wp-json\/wp\/v2\/media?parent=12020"}],"wp:term":[{"taxonomy":"category","embeddable":true,"href":"https:\/\/icdp.ro\/ro\/wp-json\/wp\/v2\/categories?post=12020"},{"taxonomy":"post_tag","embeddable":true,"href":"https:\/\/icdp.ro\/ro\/wp-json\/wp\/v2\/tags?post=12020"}],"curies":[{"name":"wp","href":"https:\/\/api.w.org\/{rel}","templated":true}]}}