{"id":12018,"date":"2019-02-26T17:00:37","date_gmt":"2019-02-26T15:00:37","guid":{"rendered":"http:\/\/icdp.ro\/?page_id=12018"},"modified":"2019-02-26T17:00:37","modified_gmt":"2019-02-26T15:00:37","slug":"spectral","status":"publish","type":"page","link":"https:\/\/icdp.ro\/ro\/cercetare\/genetica-si-ameliorare\/genetica\/spectral\/","title":{"rendered":"SPECTRAL"},"content":{"rendered":"<p><a href=\"http:\/\/icdp.ro\/wp-content\/uploads\/2019\/02\/Spectral.jpg\"><img decoding=\"async\" class=\"alignright size-400 wp-image-11855\" src=\"http:\/\/icdp.ro\/wp-content\/uploads\/2019\/02\/Spectral-400x378.jpg\" alt=\"\" width=\"400\" height=\"378\" srcset=\"https:\/\/icdp.ro\/wp-content\/uploads\/2019\/02\/Spectral-200x189.jpg 200w, https:\/\/icdp.ro\/wp-content\/uploads\/2019\/02\/Spectral-300x283.jpg 300w, https:\/\/icdp.ro\/wp-content\/uploads\/2019\/02\/Spectral-400x378.jpg 400w, https:\/\/icdp.ro\/wp-content\/uploads\/2019\/02\/Spectral-600x566.jpg 600w, https:\/\/icdp.ro\/wp-content\/uploads\/2019\/02\/Spectral.jpg 626w\" sizes=\"(max-width: 400px) 100vw, 400px\" \/><\/a>Anul omolog\u0103rii: 2008.<br \/>\nAutori: S. Budan.<br \/>\nGenitori: Muncheberger fruhe x Bigarreau Burlat.<br \/>\n\u25cf Pom de vigoare medie, coroan\u0103 globuloas\u0103, rodire pe buchete de mai \u015fi ramuri mijlocii, cu \u00eenflorire timpurie, productivitate medie, sensibil la cr\u0103parea fructelor, tolerant la Monilia sp. \u015fi Blumeriella jaapii (Rehm) Arx.).<br \/>\n\u25cf Fructul de m\u0103rime mare (pentru un soi extratimpuriu) (4,8g), sferic, peduncul scurt, epiderma ro\u015fu aprins, pulpa pietroas\u0103, roz, s\u00e2mbure mijlociu, gust dulce-acidulat, destina\u0163ia de valorificare este pentru consum \u00een stare proasp\u0103t\u0103.<br \/>\n\u25cf Epoca de coacere: ultima decad\u0103 a lunii mai.<\/p>\n","protected":false},"excerpt":{"rendered":"<p>Anul omolog\u0103rii: 2008. Autori: S. Budan. Genitori: Muncheberger fruhe x Bigarreau Burlat. \u25cf Pom de vigoare medie, coroan\u0103 globuloas\u0103, rodire pe buchete de mai \u015fi ramuri mijlocii, cu \u00eenflorire timpurie, productivitate medie, sensibil la cr\u0103parea fructelor, tolerant la Monilia sp. \u015fi Blumeriella jaapii (Rehm) Arx.). \u25cf Fructul de m\u0103rime mare (pentru un soi extratimpuriu) (4,8g),  [&#8230;]<\/p>\n","protected":false},"author":1,"featured_media":11855,"parent":11780,"menu_order":60,"comment_status":"closed","ping_status":"closed","template":"","meta":{"ngg_post_thumbnail":0,"footnotes":""},"categories":[36],"tags":[],"class_list":["post-12018","page","type-page","status-publish","has-post-thumbnail","hentry","category-cirese"],"_links":{"self":[{"href":"https:\/\/icdp.ro\/ro\/wp-json\/wp\/v2\/pages\/12018","targetHints":{"allow":["GET"]}}],"collection":[{"href":"https:\/\/icdp.ro\/ro\/wp-json\/wp\/v2\/pages"}],"about":[{"href":"https:\/\/icdp.ro\/ro\/wp-json\/wp\/v2\/types\/page"}],"author":[{"embeddable":true,"href":"https:\/\/icdp.ro\/ro\/wp-json\/wp\/v2\/users\/1"}],"replies":[{"embeddable":true,"href":"https:\/\/icdp.ro\/ro\/wp-json\/wp\/v2\/comments?post=12018"}],"version-history":[{"count":1,"href":"https:\/\/icdp.ro\/ro\/wp-json\/wp\/v2\/pages\/12018\/revisions"}],"predecessor-version":[{"id":12019,"href":"https:\/\/icdp.ro\/ro\/wp-json\/wp\/v2\/pages\/12018\/revisions\/12019"}],"up":[{"embeddable":true,"href":"https:\/\/icdp.ro\/ro\/wp-json\/wp\/v2\/pages\/11780"}],"wp:featuredmedia":[{"embeddable":true,"href":"https:\/\/icdp.ro\/ro\/wp-json\/wp\/v2\/media\/11855"}],"wp:attachment":[{"href":"https:\/\/icdp.ro\/ro\/wp-json\/wp\/v2\/media?parent=12018"}],"wp:term":[{"taxonomy":"category","embeddable":true,"href":"https:\/\/icdp.ro\/ro\/wp-json\/wp\/v2\/categories?post=12018"},{"taxonomy":"post_tag","embeddable":true,"href":"https:\/\/icdp.ro\/ro\/wp-json\/wp\/v2\/tags?post=12018"}],"curies":[{"name":"wp","href":"https:\/\/api.w.org\/{rel}","templated":true}]}}