{"id":12007,"date":"2019-02-26T16:56:12","date_gmt":"2019-02-26T14:56:12","guid":{"rendered":"http:\/\/icdp.ro\/?page_id=12007"},"modified":"2019-02-26T16:56:12","modified_gmt":"2019-02-26T14:56:12","slug":"tentant","status":"publish","type":"page","link":"https:\/\/icdp.ro\/ro\/cercetare\/genetica-si-ameliorare\/genetica\/tentant\/","title":{"rendered":"TENTANT"},"content":{"rendered":"<p><a href=\"http:\/\/icdp.ro\/wp-content\/uploads\/2019\/02\/Tentant.jpg\"><img decoding=\"async\" class=\"alignright size-400 wp-image-11860\" src=\"http:\/\/icdp.ro\/wp-content\/uploads\/2019\/02\/Tentant-400x378.jpg\" alt=\"\" width=\"400\" height=\"378\" srcset=\"https:\/\/icdp.ro\/wp-content\/uploads\/2019\/02\/Tentant-200x189.jpg 200w, https:\/\/icdp.ro\/wp-content\/uploads\/2019\/02\/Tentant-300x283.jpg 300w, https:\/\/icdp.ro\/wp-content\/uploads\/2019\/02\/Tentant-400x378.jpg 400w, https:\/\/icdp.ro\/wp-content\/uploads\/2019\/02\/Tentant-600x566.jpg 600w, https:\/\/icdp.ro\/wp-content\/uploads\/2019\/02\/Tentant.jpg 626w\" sizes=\"(max-width: 400px) 100vw, 400px\" \/><\/a>Anul omolog\u0103rii: 1996.<br \/>\nAutori: T. Gozob, S. Budan.<br \/>\nGenitori: Germersdorf x Schneiders Spate.<br \/>\n\u25cf Pom de vigoare medie, coroan\u0103 globuloas\u0103, rodire pe buchete de mai \u015fi ramuri mijlocii, productivitate mare, tolerant la Monilia sp. \u015fi Blumeriella jaapii (Rehm) Arx.).<br \/>\n\u25cf Fructul de m\u0103rime medie (6,5g), cordiform cu mucron \u00een punctul stilar, epiderma ro\u015fu purpurie, pulpa pietroas\u0103, s\u00e2mbure mijlociu, gust dulce, destina\u0163ia de valorificare este pentru consum \u00een stare proasp\u0103t\u0103.<br \/>\n\u25cf Epoca de coacere: a doua decad\u0103 a lunii iunie.<\/p>\n","protected":false},"excerpt":{"rendered":"<p>Anul omolog\u0103rii: 1996. Autori: T. Gozob, S. Budan. Genitori: Germersdorf x Schneiders Spate. \u25cf Pom de vigoare medie, coroan\u0103 globuloas\u0103, rodire pe buchete de mai \u015fi ramuri mijlocii, productivitate mare, tolerant la Monilia sp. \u015fi Blumeriella jaapii (Rehm) Arx.). \u25cf Fructul de m\u0103rime medie (6,5g), cordiform cu mucron \u00een punctul stilar, epiderma ro\u015fu purpurie, pulpa  [&#8230;]<\/p>\n","protected":false},"author":1,"featured_media":11860,"parent":11780,"menu_order":54,"comment_status":"closed","ping_status":"closed","template":"","meta":{"ngg_post_thumbnail":0,"footnotes":""},"categories":[36],"tags":[],"class_list":["post-12007","page","type-page","status-publish","has-post-thumbnail","hentry","category-cirese"],"_links":{"self":[{"href":"https:\/\/icdp.ro\/ro\/wp-json\/wp\/v2\/pages\/12007","targetHints":{"allow":["GET"]}}],"collection":[{"href":"https:\/\/icdp.ro\/ro\/wp-json\/wp\/v2\/pages"}],"about":[{"href":"https:\/\/icdp.ro\/ro\/wp-json\/wp\/v2\/types\/page"}],"author":[{"embeddable":true,"href":"https:\/\/icdp.ro\/ro\/wp-json\/wp\/v2\/users\/1"}],"replies":[{"embeddable":true,"href":"https:\/\/icdp.ro\/ro\/wp-json\/wp\/v2\/comments?post=12007"}],"version-history":[{"count":1,"href":"https:\/\/icdp.ro\/ro\/wp-json\/wp\/v2\/pages\/12007\/revisions"}],"predecessor-version":[{"id":12008,"href":"https:\/\/icdp.ro\/ro\/wp-json\/wp\/v2\/pages\/12007\/revisions\/12008"}],"up":[{"embeddable":true,"href":"https:\/\/icdp.ro\/ro\/wp-json\/wp\/v2\/pages\/11780"}],"wp:featuredmedia":[{"embeddable":true,"href":"https:\/\/icdp.ro\/ro\/wp-json\/wp\/v2\/media\/11860"}],"wp:attachment":[{"href":"https:\/\/icdp.ro\/ro\/wp-json\/wp\/v2\/media?parent=12007"}],"wp:term":[{"taxonomy":"category","embeddable":true,"href":"https:\/\/icdp.ro\/ro\/wp-json\/wp\/v2\/categories?post=12007"},{"taxonomy":"post_tag","embeddable":true,"href":"https:\/\/icdp.ro\/ro\/wp-json\/wp\/v2\/tags?post=12007"}],"curies":[{"name":"wp","href":"https:\/\/api.w.org\/{rel}","templated":true}]}}