{"id":11999,"date":"2019-02-26T16:52:49","date_gmt":"2019-02-26T14:52:49","guid":{"rendered":"http:\/\/icdp.ro\/?page_id=11999"},"modified":"2019-02-26T16:52:49","modified_gmt":"2019-02-26T14:52:49","slug":"izverna","status":"publish","type":"page","link":"https:\/\/icdp.ro\/ro\/cercetare\/genetica-si-ameliorare\/genetica\/izverna\/","title":{"rendered":"IZVERNA"},"content":{"rendered":"<p><a href=\"http:\/\/icdp.ro\/wp-content\/uploads\/2019\/02\/Izverna.jpg\"><img decoding=\"async\" class=\"alignright size-400 wp-image-11817\" src=\"http:\/\/icdp.ro\/wp-content\/uploads\/2019\/02\/Izverna-400x378.jpg\" alt=\"\" width=\"400\" height=\"378\" srcset=\"https:\/\/icdp.ro\/wp-content\/uploads\/2019\/02\/Izverna-200x189.jpg 200w, https:\/\/icdp.ro\/wp-content\/uploads\/2019\/02\/Izverna-300x283.jpg 300w, https:\/\/icdp.ro\/wp-content\/uploads\/2019\/02\/Izverna-400x378.jpg 400w, https:\/\/icdp.ro\/wp-content\/uploads\/2019\/02\/Izverna-600x566.jpg 600w, https:\/\/icdp.ro\/wp-content\/uploads\/2019\/02\/Izverna.jpg 626w\" sizes=\"(max-width: 400px) 100vw, 400px\" \/><\/a>Anul omolog\u0103rii: 1989.<br \/>\nAutori: T. Gozob, Ch. Micu, Ev. Rudi, V. Amz\u0103r, M. Isac, E. Stoiculescu, St. Chiriac.<br \/>\nGenitori: Ramon Oliva x Germersdorf.<br \/>\n\u25cf Pom de vigoare medie, coroan\u0103 piramidal\u0103, rodire pe buchete de mai \u015fi ramuri mijlocii, productivitate mare, tolerant la Monilia sp. \u015fi Blumeriella jaapii (Rehm) Arx.).<br \/>\n\u25cf Fructul de m\u0103rime medie (7g), sferic alungit\u0103, epiderma ro\u015fu \u00eenchis, pulpa pietroas\u0103,\u00a0 s\u00e2mbure mijlociu, gust dulce, destina\u0163ia de valorificare este pentru consum \u00een stare proasp\u0103t\u0103.<br \/>\n\u25cf Epoca de coacere: a doua decad\u0103 a lunii iunie.<\/p>\n","protected":false},"excerpt":{"rendered":"<p>Anul omolog\u0103rii: 1989. Autori: T. Gozob, Ch. Micu, Ev. Rudi, V. Amz\u0103r, M. Isac, E. Stoiculescu, St. Chiriac. Genitori: Ramon Oliva x Germersdorf. \u25cf Pom de vigoare medie, coroan\u0103 piramidal\u0103, rodire pe buchete de mai \u015fi ramuri mijlocii, productivitate mare, tolerant la Monilia sp. \u015fi Blumeriella jaapii (Rehm) Arx.). \u25cf Fructul de m\u0103rime medie (7g),  [&#8230;]<\/p>\n","protected":false},"author":1,"featured_media":11817,"parent":11780,"menu_order":50,"comment_status":"closed","ping_status":"closed","template":"","meta":{"ngg_post_thumbnail":0,"footnotes":""},"categories":[36],"tags":[],"class_list":["post-11999","page","type-page","status-publish","has-post-thumbnail","hentry","category-cirese"],"_links":{"self":[{"href":"https:\/\/icdp.ro\/ro\/wp-json\/wp\/v2\/pages\/11999","targetHints":{"allow":["GET"]}}],"collection":[{"href":"https:\/\/icdp.ro\/ro\/wp-json\/wp\/v2\/pages"}],"about":[{"href":"https:\/\/icdp.ro\/ro\/wp-json\/wp\/v2\/types\/page"}],"author":[{"embeddable":true,"href":"https:\/\/icdp.ro\/ro\/wp-json\/wp\/v2\/users\/1"}],"replies":[{"embeddable":true,"href":"https:\/\/icdp.ro\/ro\/wp-json\/wp\/v2\/comments?post=11999"}],"version-history":[{"count":1,"href":"https:\/\/icdp.ro\/ro\/wp-json\/wp\/v2\/pages\/11999\/revisions"}],"predecessor-version":[{"id":12000,"href":"https:\/\/icdp.ro\/ro\/wp-json\/wp\/v2\/pages\/11999\/revisions\/12000"}],"up":[{"embeddable":true,"href":"https:\/\/icdp.ro\/ro\/wp-json\/wp\/v2\/pages\/11780"}],"wp:featuredmedia":[{"embeddable":true,"href":"https:\/\/icdp.ro\/ro\/wp-json\/wp\/v2\/media\/11817"}],"wp:attachment":[{"href":"https:\/\/icdp.ro\/ro\/wp-json\/wp\/v2\/media?parent=11999"}],"wp:term":[{"taxonomy":"category","embeddable":true,"href":"https:\/\/icdp.ro\/ro\/wp-json\/wp\/v2\/categories?post=11999"},{"taxonomy":"post_tag","embeddable":true,"href":"https:\/\/icdp.ro\/ro\/wp-json\/wp\/v2\/tags?post=11999"}],"curies":[{"name":"wp","href":"https:\/\/api.w.org\/{rel}","templated":true}]}}