{"id":11987,"date":"2019-02-26T16:47:15","date_gmt":"2019-02-26T14:47:15","guid":{"rendered":"http:\/\/icdp.ro\/?page_id=11987"},"modified":"2019-02-26T16:47:15","modified_gmt":"2019-02-26T14:47:15","slug":"roman","status":"publish","type":"page","link":"https:\/\/icdp.ro\/ro\/cercetare\/genetica-si-ameliorare\/genetica\/roman\/","title":{"rendered":"ROMAN"},"content":{"rendered":"<p><a href=\"http:\/\/icdp.ro\/wp-content\/uploads\/2019\/02\/Roman.jpg\"><img decoding=\"async\" class=\"alignright size-400 wp-image-11837\" src=\"http:\/\/icdp.ro\/wp-content\/uploads\/2019\/02\/Roman-400x378.jpg\" alt=\"\" width=\"400\" height=\"378\" srcset=\"https:\/\/icdp.ro\/wp-content\/uploads\/2019\/02\/Roman-200x189.jpg 200w, https:\/\/icdp.ro\/wp-content\/uploads\/2019\/02\/Roman-300x283.jpg 300w, https:\/\/icdp.ro\/wp-content\/uploads\/2019\/02\/Roman-400x378.jpg 400w, https:\/\/icdp.ro\/wp-content\/uploads\/2019\/02\/Roman-600x566.jpg 600w, https:\/\/icdp.ro\/wp-content\/uploads\/2019\/02\/Roman.jpg 626w\" sizes=\"(max-width: 400px) 100vw, 400px\" \/><\/a>Anul omolog\u0103rii: 2004.<br \/>\nAutori: R. Roman, M. Butac, M. Isac, S. Ancu, L. Bulgaru.<br \/>\nOrigine: Tuleu gras x Early Rivers.<br \/>\n\u25cf Pomul este de vigoare mijlocie, cu ramuri de schelet groase, garnisite cu ramuri fructifere mijlocii \u015fi lungi; tolerant\u00a0 la PPV, rezistent la monilioz\u0103, u\u015for sensibil la Polystigma rubrum.<br \/>\n\u25cf Epoca de \u00eenflorire este mijlocie; soiul este androsteril, prezint\u0103 flori de tip Tuleu, cu antere atrofiate, de culoare limonie, lipsite de polen. Polenizatori: Stanley, Anna Spath, Early Rivers, Agen.<br \/>\n\u25cf Fructul este mare (60 g), de form\u0103 ovoid\u0103, cu pieli\u0163a albastr\u0103 ro\u015fietic\u0103, acoperit\u0103 cu pruin\u0103 cenu\u015fiu, cu pulpa galben orange, crocant\u0103 \u015fi suculent\u0103, cu gust foarte pl\u0103cut, de calitate superioar\u0103, destinat pentru consum \u00een stare proasp\u0103t\u0103, s\u00e2mbure mic \u015fi neaderent.<br \/>\n\u25cf Epoca de maturare: sf\u00e2r\u015fitul lunii iulie.<\/p>\n","protected":false},"excerpt":{"rendered":"<p>Anul omolog\u0103rii: 2004. Autori: R. Roman, M. Butac, M. Isac, S. Ancu, L. Bulgaru. Origine: Tuleu gras x Early Rivers. \u25cf Pomul este de vigoare mijlocie, cu ramuri de schelet groase, garnisite cu ramuri fructifere mijlocii \u015fi lungi; tolerant\u00a0 la PPV, rezistent la monilioz\u0103, u\u015for sensibil la Polystigma rubrum. \u25cf Epoca de \u00eenflorire este mijlocie;  [&#8230;]<\/p>\n","protected":false},"author":1,"featured_media":11837,"parent":11780,"menu_order":44,"comment_status":"closed","ping_status":"closed","template":"","meta":{"ngg_post_thumbnail":0,"footnotes":""},"categories":[34],"tags":[],"class_list":["post-11987","page","type-page","status-publish","has-post-thumbnail","hentry","category-prune"],"_links":{"self":[{"href":"https:\/\/icdp.ro\/ro\/wp-json\/wp\/v2\/pages\/11987","targetHints":{"allow":["GET"]}}],"collection":[{"href":"https:\/\/icdp.ro\/ro\/wp-json\/wp\/v2\/pages"}],"about":[{"href":"https:\/\/icdp.ro\/ro\/wp-json\/wp\/v2\/types\/page"}],"author":[{"embeddable":true,"href":"https:\/\/icdp.ro\/ro\/wp-json\/wp\/v2\/users\/1"}],"replies":[{"embeddable":true,"href":"https:\/\/icdp.ro\/ro\/wp-json\/wp\/v2\/comments?post=11987"}],"version-history":[{"count":1,"href":"https:\/\/icdp.ro\/ro\/wp-json\/wp\/v2\/pages\/11987\/revisions"}],"predecessor-version":[{"id":11988,"href":"https:\/\/icdp.ro\/ro\/wp-json\/wp\/v2\/pages\/11987\/revisions\/11988"}],"up":[{"embeddable":true,"href":"https:\/\/icdp.ro\/ro\/wp-json\/wp\/v2\/pages\/11780"}],"wp:featuredmedia":[{"embeddable":true,"href":"https:\/\/icdp.ro\/ro\/wp-json\/wp\/v2\/media\/11837"}],"wp:attachment":[{"href":"https:\/\/icdp.ro\/ro\/wp-json\/wp\/v2\/media?parent=11987"}],"wp:term":[{"taxonomy":"category","embeddable":true,"href":"https:\/\/icdp.ro\/ro\/wp-json\/wp\/v2\/categories?post=11987"},{"taxonomy":"post_tag","embeddable":true,"href":"https:\/\/icdp.ro\/ro\/wp-json\/wp\/v2\/tags?post=11987"}],"curies":[{"name":"wp","href":"https:\/\/api.w.org\/{rel}","templated":true}]}}