{"id":11975,"date":"2019-02-26T16:40:57","date_gmt":"2019-02-26T14:40:57","guid":{"rendered":"http:\/\/icdp.ro\/?page_id=11975"},"modified":"2019-02-26T16:40:57","modified_gmt":"2019-02-26T14:40:57","slug":"sarmatic","status":"publish","type":"page","link":"https:\/\/icdp.ro\/ro\/cercetare\/genetica-si-ameliorare\/genetica\/sarmatic\/","title":{"rendered":"SARMATIC"},"content":{"rendered":"<p><a href=\"http:\/\/icdp.ro\/wp-content\/uploads\/2019\/02\/Sarmatic.jpg\"><img decoding=\"async\" class=\"alignright size-400 wp-image-11847\" src=\"http:\/\/icdp.ro\/wp-content\/uploads\/2019\/02\/Sarmatic-400x378.jpg\" alt=\"\" width=\"400\" height=\"378\" srcset=\"https:\/\/icdp.ro\/wp-content\/uploads\/2019\/02\/Sarmatic-200x189.jpg 200w, https:\/\/icdp.ro\/wp-content\/uploads\/2019\/02\/Sarmatic-300x283.jpg 300w, https:\/\/icdp.ro\/wp-content\/uploads\/2019\/02\/Sarmatic-400x378.jpg 400w, https:\/\/icdp.ro\/wp-content\/uploads\/2019\/02\/Sarmatic-600x566.jpg 600w, https:\/\/icdp.ro\/wp-content\/uploads\/2019\/02\/Sarmatic.jpg 626w\" sizes=\"(max-width: 400px) 100vw, 400px\" \/><\/a>Anul omolog\u0103rii: 1989.<br \/>\nAutori: V. Cociu, E. Bumbac, M. B\u0103ncil\u0103, N. Muta\u015fcu.<br \/>\nOrigine: Tuleu timpuriu x Early Rivers.<br \/>\n\u25cf Pomul este de vigoare mijlocie spre mare, cu ramuri de schelet drepte, garnisite cu ramuri fructifere mijlocii; u\u015for sensibil\u00a0 la PPV, rezistent la ger, secet\u0103 \u015fi boli.<br \/>\n\u25cf Epoca de \u00eenflorire relativ timpurie, androsteril, prezint\u0103 flori de tip Tuleu, cu antere atrofiate, de culoare limonie, lipsite de polen. Polenizatori: Peche, Early Rivers, Renclod Althan.<br \/>\n\u25cf Fructul este de m\u0103rime mijlocie (40 g), de form\u0103 ovoid\u0103, cu pieli\u0163a albastr\u0103, acoperit\u0103 cu pruin\u0103 alb\u0103struie, cu pulpa galben-verzuie, crocant\u0103, suculent\u0103, cu gust dulce-acidulat, destinat pentru consum \u00een stare proasp\u0103t\u0103, s\u00e2mbure mic \u015fi neaderent.<br \/>\n\u25cf Epoca de maturare: \u00eenceputul lunii august.<\/p>\n","protected":false},"excerpt":{"rendered":"<p>Anul omolog\u0103rii: 1989. Autori: V. Cociu, E. Bumbac, M. B\u0103ncil\u0103, N. Muta\u015fcu. Origine: Tuleu timpuriu x Early Rivers. \u25cf Pomul este de vigoare mijlocie spre mare, cu ramuri de schelet drepte, garnisite cu ramuri fructifere mijlocii; u\u015for sensibil\u00a0 la PPV, rezistent la ger, secet\u0103 \u015fi boli. \u25cf Epoca de \u00eenflorire relativ timpurie, androsteril, prezint\u0103 flori  [&#8230;]<\/p>\n","protected":false},"author":1,"featured_media":11847,"parent":11780,"menu_order":38,"comment_status":"closed","ping_status":"closed","template":"","meta":{"ngg_post_thumbnail":0,"footnotes":""},"categories":[34],"tags":[],"class_list":["post-11975","page","type-page","status-publish","has-post-thumbnail","hentry","category-prune"],"_links":{"self":[{"href":"https:\/\/icdp.ro\/ro\/wp-json\/wp\/v2\/pages\/11975","targetHints":{"allow":["GET"]}}],"collection":[{"href":"https:\/\/icdp.ro\/ro\/wp-json\/wp\/v2\/pages"}],"about":[{"href":"https:\/\/icdp.ro\/ro\/wp-json\/wp\/v2\/types\/page"}],"author":[{"embeddable":true,"href":"https:\/\/icdp.ro\/ro\/wp-json\/wp\/v2\/users\/1"}],"replies":[{"embeddable":true,"href":"https:\/\/icdp.ro\/ro\/wp-json\/wp\/v2\/comments?post=11975"}],"version-history":[{"count":1,"href":"https:\/\/icdp.ro\/ro\/wp-json\/wp\/v2\/pages\/11975\/revisions"}],"predecessor-version":[{"id":11976,"href":"https:\/\/icdp.ro\/ro\/wp-json\/wp\/v2\/pages\/11975\/revisions\/11976"}],"up":[{"embeddable":true,"href":"https:\/\/icdp.ro\/ro\/wp-json\/wp\/v2\/pages\/11780"}],"wp:featuredmedia":[{"embeddable":true,"href":"https:\/\/icdp.ro\/ro\/wp-json\/wp\/v2\/media\/11847"}],"wp:attachment":[{"href":"https:\/\/icdp.ro\/ro\/wp-json\/wp\/v2\/media?parent=11975"}],"wp:term":[{"taxonomy":"category","embeddable":true,"href":"https:\/\/icdp.ro\/ro\/wp-json\/wp\/v2\/categories?post=11975"},{"taxonomy":"post_tag","embeddable":true,"href":"https:\/\/icdp.ro\/ro\/wp-json\/wp\/v2\/tags?post=11975"}],"curies":[{"name":"wp","href":"https:\/\/api.w.org\/{rel}","templated":true}]}}