{"id":11949,"date":"2019-02-26T16:32:00","date_gmt":"2019-02-26T14:32:00","guid":{"rendered":"http:\/\/icdp.ro\/?page_id=11949"},"modified":"2019-02-26T16:32:00","modified_gmt":"2019-02-26T14:32:00","slug":"gras-ameliorat","status":"publish","type":"page","link":"https:\/\/icdp.ro\/ro\/cercetare\/genetica-si-ameliorare\/genetica\/gras-ameliorat\/","title":{"rendered":"GRAS AMELIORAT"},"content":{"rendered":"<p><a href=\"http:\/\/icdp.ro\/wp-content\/uploads\/2019\/02\/Gras-ameliorat.jpg\"><img decoding=\"async\" class=\"alignright size-400 wp-image-11814\" src=\"http:\/\/icdp.ro\/wp-content\/uploads\/2019\/02\/Gras-ameliorat-400x378.jpg\" alt=\"\" width=\"400\" height=\"378\" srcset=\"https:\/\/icdp.ro\/wp-content\/uploads\/2019\/02\/Gras-ameliorat-200x189.jpg 200w, https:\/\/icdp.ro\/wp-content\/uploads\/2019\/02\/Gras-ameliorat-300x283.jpg 300w, https:\/\/icdp.ro\/wp-content\/uploads\/2019\/02\/Gras-ameliorat-400x378.jpg 400w, https:\/\/icdp.ro\/wp-content\/uploads\/2019\/02\/Gras-ameliorat-600x566.jpg 600w, https:\/\/icdp.ro\/wp-content\/uploads\/2019\/02\/Gras-ameliorat.jpg 626w\" sizes=\"(max-width: 400px) 100vw, 400px\" \/><\/a>Anul omolog\u0103rii: 1968.<br \/>\nAutori: V. Cociu.<br \/>\nOrigine: autopolenizarea soiului Grase rom\u00e2ne\u015fti.<br \/>\n\u25cf Pomul este viguros, cu ramuri de schelet solide, garnisite cu forma\u0163iuni fructifere mijlocii \u015fi lungi; u\u015for sensibil\u00a0 la PPV.<br \/>\n\u25cf Epoca de \u00eenflorire\u00a0 este timpurie, autofertil, prezint\u0103 flori de tip Grase rom\u00e2ne\u015fti, mari, cu petale albe, antere bogate \u00een polen.<br \/>\n\u25cf Fructul este de m\u0103rime mijlocie (45 g), de form\u0103 sferic\u0103, cu pieli\u0163a v\u00e2n\u0103t-ro\u015fcat\u0103, acoperit\u0103 cu pruin\u0103 violacee, cu pulpa galben-verzuie, crocant\u0103, suculent\u0103, cu gust dulce, cu destina\u0163ie mixt\u0103, s\u00e2mbure mic \u015fi neaderent.<br \/>\n\u25cf Epoca de maturare: a doua decad\u0103 a lunii septembrie.<\/p>\n","protected":false},"excerpt":{"rendered":"<p>Anul omolog\u0103rii: 1968. Autori: V. Cociu. Origine: autopolenizarea soiului Grase rom\u00e2ne\u015fti. \u25cf Pomul este viguros, cu ramuri de schelet solide, garnisite cu forma\u0163iuni fructifere mijlocii \u015fi lungi; u\u015for sensibil\u00a0 la PPV. \u25cf Epoca de \u00eenflorire\u00a0 este timpurie, autofertil, prezint\u0103 flori de tip Grase rom\u00e2ne\u015fti, mari, cu petale albe, antere bogate \u00een polen. \u25cf Fructul este  [&#8230;]<\/p>\n","protected":false},"author":1,"featured_media":11814,"parent":11780,"menu_order":25,"comment_status":"closed","ping_status":"closed","template":"","meta":{"ngg_post_thumbnail":0,"footnotes":""},"categories":[34],"tags":[],"class_list":["post-11949","page","type-page","status-publish","has-post-thumbnail","hentry","category-prune"],"_links":{"self":[{"href":"https:\/\/icdp.ro\/ro\/wp-json\/wp\/v2\/pages\/11949","targetHints":{"allow":["GET"]}}],"collection":[{"href":"https:\/\/icdp.ro\/ro\/wp-json\/wp\/v2\/pages"}],"about":[{"href":"https:\/\/icdp.ro\/ro\/wp-json\/wp\/v2\/types\/page"}],"author":[{"embeddable":true,"href":"https:\/\/icdp.ro\/ro\/wp-json\/wp\/v2\/users\/1"}],"replies":[{"embeddable":true,"href":"https:\/\/icdp.ro\/ro\/wp-json\/wp\/v2\/comments?post=11949"}],"version-history":[{"count":1,"href":"https:\/\/icdp.ro\/ro\/wp-json\/wp\/v2\/pages\/11949\/revisions"}],"predecessor-version":[{"id":11950,"href":"https:\/\/icdp.ro\/ro\/wp-json\/wp\/v2\/pages\/11949\/revisions\/11950"}],"up":[{"embeddable":true,"href":"https:\/\/icdp.ro\/ro\/wp-json\/wp\/v2\/pages\/11780"}],"wp:featuredmedia":[{"embeddable":true,"href":"https:\/\/icdp.ro\/ro\/wp-json\/wp\/v2\/media\/11814"}],"wp:attachment":[{"href":"https:\/\/icdp.ro\/ro\/wp-json\/wp\/v2\/media?parent=11949"}],"wp:term":[{"taxonomy":"category","embeddable":true,"href":"https:\/\/icdp.ro\/ro\/wp-json\/wp\/v2\/categories?post=11949"},{"taxonomy":"post_tag","embeddable":true,"href":"https:\/\/icdp.ro\/ro\/wp-json\/wp\/v2\/tags?post=11949"}],"curies":[{"name":"wp","href":"https:\/\/api.w.org\/{rel}","templated":true}]}}