{"id":11928,"date":"2019-02-26T16:15:08","date_gmt":"2019-02-26T14:15:08","guid":{"rendered":"http:\/\/icdp.ro\/?page_id=11928"},"modified":"2019-02-26T16:15:08","modified_gmt":"2019-02-26T14:15:08","slug":"monica","status":"publish","type":"page","link":"https:\/\/icdp.ro\/ro\/cercetare\/genetica-si-ameliorare\/genetica\/monica\/","title":{"rendered":"MONICA"},"content":{"rendered":"<p><a href=\"http:\/\/icdp.ro\/wp-content\/uploads\/2019\/02\/Monica.jpg\"><img decoding=\"async\" class=\"alignright size-400 wp-image-11822\" src=\"http:\/\/icdp.ro\/wp-content\/uploads\/2019\/02\/Monica-400x378.jpg\" alt=\"\" width=\"400\" height=\"378\" srcset=\"https:\/\/icdp.ro\/wp-content\/uploads\/2019\/02\/Monica-200x189.jpg 200w, https:\/\/icdp.ro\/wp-content\/uploads\/2019\/02\/Monica-300x283.jpg 300w, https:\/\/icdp.ro\/wp-content\/uploads\/2019\/02\/Monica-400x378.jpg 400w, https:\/\/icdp.ro\/wp-content\/uploads\/2019\/02\/Monica-600x566.jpg 600w, https:\/\/icdp.ro\/wp-content\/uploads\/2019\/02\/Monica.jpg 626w\" sizes=\"(max-width: 400px) 100vw, 400px\" \/><\/a>Anul omolog\u0103rii: 1994.<br \/>\nAutori: N. Brani\u015fte, Valentina Amz\u0103r, Elena\u00a0 Stoiculescu.<br \/>\nOrigine: Santa Maria x Principe di Gonzaga<br \/>\n\u25cf Pomul are vigoare mijlocie, rode\u015fte pe \u0163epu\u015fe \u015fi burse; rezisten\u0163\u0103 bun\u0103 la rap\u0103n \u015fi toleran\u0163\u0103 la arsura bacterian\u0103 \u015fi Psylla; \u00eenflore\u015fte simultan cu soiurile Williams, Napoca \u015fi Argessis; este autosteril \u015fi necesit\u0103 polenizatori; intr\u0103 pe rod \u00een anul 4 de la plantare; are afinitate bun\u0103 cu gutuiul, tendin\u0163\u0103 de degarnisire a ramurilor multianuale<br \/>\n\u25cf Fruct piriform alungit, de m\u0103rime medie (160 -180 g), cu epiderma verde g\u0103lbui acoperit\u0103 cu ro\u015fu aprins la coacere pe 10-30% din suprafa\u0163a fructului, pulp\u0103 alb\u0103, consistent\u0103, de tip crocant, suculent\u0103<br \/>\n\u25cf Epoca de coacere: decada III a lunii septembrie \u2013 decada I a lunii octombrie, cu p\u0103strare \u00een depozit timp de 90 zile.<\/p>\n","protected":false},"excerpt":{"rendered":"<p>Anul omolog\u0103rii: 1994. Autori: N. Brani\u015fte, Valentina Amz\u0103r, Elena\u00a0 Stoiculescu. Origine: Santa Maria x Principe di Gonzaga \u25cf Pomul are vigoare mijlocie, rode\u015fte pe \u0163epu\u015fe \u015fi burse; rezisten\u0163\u0103 bun\u0103 la rap\u0103n \u015fi toleran\u0163\u0103 la arsura bacterian\u0103 \u015fi Psylla; \u00eenflore\u015fte simultan cu soiurile Williams, Napoca \u015fi Argessis; este autosteril \u015fi necesit\u0103 polenizatori; intr\u0103 pe rod \u00een  [&#8230;]<\/p>\n","protected":false},"author":1,"featured_media":11822,"parent":11780,"menu_order":20,"comment_status":"closed","ping_status":"closed","template":"","meta":{"ngg_post_thumbnail":0,"footnotes":""},"categories":[32],"tags":[],"class_list":["post-11928","page","type-page","status-publish","has-post-thumbnail","hentry","category-pere"],"_links":{"self":[{"href":"https:\/\/icdp.ro\/ro\/wp-json\/wp\/v2\/pages\/11928","targetHints":{"allow":["GET"]}}],"collection":[{"href":"https:\/\/icdp.ro\/ro\/wp-json\/wp\/v2\/pages"}],"about":[{"href":"https:\/\/icdp.ro\/ro\/wp-json\/wp\/v2\/types\/page"}],"author":[{"embeddable":true,"href":"https:\/\/icdp.ro\/ro\/wp-json\/wp\/v2\/users\/1"}],"replies":[{"embeddable":true,"href":"https:\/\/icdp.ro\/ro\/wp-json\/wp\/v2\/comments?post=11928"}],"version-history":[{"count":1,"href":"https:\/\/icdp.ro\/ro\/wp-json\/wp\/v2\/pages\/11928\/revisions"}],"predecessor-version":[{"id":11929,"href":"https:\/\/icdp.ro\/ro\/wp-json\/wp\/v2\/pages\/11928\/revisions\/11929"}],"up":[{"embeddable":true,"href":"https:\/\/icdp.ro\/ro\/wp-json\/wp\/v2\/pages\/11780"}],"wp:featuredmedia":[{"embeddable":true,"href":"https:\/\/icdp.ro\/ro\/wp-json\/wp\/v2\/media\/11822"}],"wp:attachment":[{"href":"https:\/\/icdp.ro\/ro\/wp-json\/wp\/v2\/media?parent=11928"}],"wp:term":[{"taxonomy":"category","embeddable":true,"href":"https:\/\/icdp.ro\/ro\/wp-json\/wp\/v2\/categories?post=11928"},{"taxonomy":"post_tag","embeddable":true,"href":"https:\/\/icdp.ro\/ro\/wp-json\/wp\/v2\/tags?post=11928"}],"curies":[{"name":"wp","href":"https:\/\/api.w.org\/{rel}","templated":true}]}}