{"id":11908,"date":"2019-02-26T16:06:51","date_gmt":"2019-02-26T14:06:51","guid":{"rendered":"http:\/\/icdp.ro\/?page_id=11908"},"modified":"2019-02-26T16:06:51","modified_gmt":"2019-02-26T14:06:51","slug":"nicol","status":"publish","type":"page","link":"https:\/\/icdp.ro\/ro\/cercetare\/genetica-si-ameliorare\/genetica\/nicol\/","title":{"rendered":"NICOL"},"content":{"rendered":"<p><a href=\"http:\/\/icdp.ro\/wp-content\/uploads\/2019\/02\/Nicol.jpg\"><img decoding=\"async\" class=\"alignright size-400 wp-image-11823\" src=\"http:\/\/icdp.ro\/wp-content\/uploads\/2019\/02\/Nicol-400x378.jpg\" alt=\"\" width=\"400\" height=\"378\" srcset=\"https:\/\/icdp.ro\/wp-content\/uploads\/2019\/02\/Nicol-200x189.jpg 200w, https:\/\/icdp.ro\/wp-content\/uploads\/2019\/02\/Nicol-300x283.jpg 300w, https:\/\/icdp.ro\/wp-content\/uploads\/2019\/02\/Nicol-400x378.jpg 400w, https:\/\/icdp.ro\/wp-content\/uploads\/2019\/02\/Nicol-600x566.jpg 600w, https:\/\/icdp.ro\/wp-content\/uploads\/2019\/02\/Nicol.jpg 626w\" sizes=\"(max-width: 400px) 100vw, 400px\" \/><\/a>Anul omolog\u0103rii: 2004.<br \/>\nAutori: N. Brani\u015fte, M. Militaru.<br \/>\nOrigine: Mc Intosh Wijcik x Pionier; soi brevetat.<br \/>\n\u25cf Pomul este de tip columnar, de vigoare mic\u0103 spre mijlocie, rode\u015fte din anul 2 dup\u0103 plantare c\u00e2nd este altoit pe M9; rezistent la atacul de Venturia inaequalis \u015fi de Podosphaera leucotricha.<br \/>\n\u25cf Fruct de m\u0103rime mijlocie (125 &#8211; 150 g), sferic aplatizat, cu epiderma de culoare ro\u015fu \u00eenchis, pe fond galben-verzui, cu pruin\u0103 dens\u0103; pulpa de culoare alb-roz, cu fermitate mijlocie, cu gust bun, suculent\u0103, dulce acri\u015foar\u0103.<br \/>\n\u25cf Epoca de coacere: \u00eenceput de septembrie, cu p\u0103strare \u00een depozit p\u00e2n\u0103 \u00een ianuarie.<\/p>\n","protected":false},"excerpt":{"rendered":"<p>Anul omolog\u0103rii: 2004. Autori: N. Brani\u015fte, M. Militaru. Origine: Mc Intosh Wijcik x Pionier; soi brevetat. \u25cf Pomul este de tip columnar, de vigoare mic\u0103 spre mijlocie, rode\u015fte din anul 2 dup\u0103 plantare c\u00e2nd este altoit pe M9; rezistent la atacul de Venturia inaequalis \u015fi de Podosphaera leucotricha. \u25cf Fruct de m\u0103rime mijlocie (125 &#8211;  [&#8230;]<\/p>\n","protected":false},"author":1,"featured_media":11823,"parent":11780,"menu_order":11,"comment_status":"closed","ping_status":"closed","template":"","meta":{"ngg_post_thumbnail":0,"footnotes":""},"categories":[30],"tags":[],"class_list":["post-11908","page","type-page","status-publish","has-post-thumbnail","hentry","category-mere"],"_links":{"self":[{"href":"https:\/\/icdp.ro\/ro\/wp-json\/wp\/v2\/pages\/11908","targetHints":{"allow":["GET"]}}],"collection":[{"href":"https:\/\/icdp.ro\/ro\/wp-json\/wp\/v2\/pages"}],"about":[{"href":"https:\/\/icdp.ro\/ro\/wp-json\/wp\/v2\/types\/page"}],"author":[{"embeddable":true,"href":"https:\/\/icdp.ro\/ro\/wp-json\/wp\/v2\/users\/1"}],"replies":[{"embeddable":true,"href":"https:\/\/icdp.ro\/ro\/wp-json\/wp\/v2\/comments?post=11908"}],"version-history":[{"count":1,"href":"https:\/\/icdp.ro\/ro\/wp-json\/wp\/v2\/pages\/11908\/revisions"}],"predecessor-version":[{"id":11909,"href":"https:\/\/icdp.ro\/ro\/wp-json\/wp\/v2\/pages\/11908\/revisions\/11909"}],"up":[{"embeddable":true,"href":"https:\/\/icdp.ro\/ro\/wp-json\/wp\/v2\/pages\/11780"}],"wp:featuredmedia":[{"embeddable":true,"href":"https:\/\/icdp.ro\/ro\/wp-json\/wp\/v2\/media\/11823"}],"wp:attachment":[{"href":"https:\/\/icdp.ro\/ro\/wp-json\/wp\/v2\/media?parent=11908"}],"wp:term":[{"taxonomy":"category","embeddable":true,"href":"https:\/\/icdp.ro\/ro\/wp-json\/wp\/v2\/categories?post=11908"},{"taxonomy":"post_tag","embeddable":true,"href":"https:\/\/icdp.ro\/ro\/wp-json\/wp\/v2\/tags?post=11908"}],"curies":[{"name":"wp","href":"https:\/\/api.w.org\/{rel}","templated":true}]}}