{"id":11772,"date":"2019-02-26T13:28:03","date_gmt":"2019-02-26T11:28:03","guid":{"rendered":"http:\/\/icdp.ro\/?page_id=11772"},"modified":"2024-05-03T13:08:37","modified_gmt":"2024-05-03T10:08:37","slug":"mentinerea-si-exploatarea-biodiversitatii-pomicole","status":"publish","type":"page","link":"https:\/\/icdp.ro\/ro\/cercetare\/genetica-si-ameliorare\/mentinerea-si-exploatarea-biodiversitatii-pomicole\/","title":{"rendered":"Men\u021binerea \u0219i exploatarea biodiversit\u0103\u021bii pomicole"},"content":{"rendered":"<p><strong>IDENTIFICAREA, COLECTAREA, CONSERVAREA, STUDIUL \u015eI UTILIZAREA GERMOPLASMEI DE M\u0102R, P\u0102R, PRUN, CIRE\u015e \u015eI VI\u015eIN<\/strong><\/p>\n<p><u>Obiective <\/u><\/p>\n<ol>\n<li>organizarea \u0219i reorganizarea colec\u0163iilor \u201e<em>ex situ<\/em>\u201d;<\/li>\n<li>p\u0103strarea materialului biologic la poten\u0163ialul biologic al genotipurilor \u015fi conservarea biodiversit\u0103\u0163ii;<\/li>\n<li>completarea permanent\u0103 cu specii \u0219i soiuri din \u021bar\u0103 \u0219i str\u0103in\u0103tate;<\/li>\n<li>evaluarea \u00eensu\u015firilor agronomice;<\/li>\n<li>identificarea de genitori pentru programele de ameliorare \u00een func\u021bie de obiectivele generale \u0219i specifice;<\/li>\n<li>crearea \u0219i actualizarea bazei de date.<\/li>\n<\/ol>\n<p><u>Realiz\u0103ri \u00een domeniu<\/u><\/p>\n<p><strong>a) Inventarierea accesiunilor din colec\u0163ii.<\/strong> Banca de gene din cadrul acestui laborator cuprinde: 594 soiuri de m\u0103r, 196 soiuri de p\u0103r, 11 de gutui, 440 de prun, 176 de cire\u015f \u015fi 144 de vi\u015fin (Tabel 1). Aceast\u0103 bog\u0103\u0163ie genetic\u0103, adev\u0103rat tezaur na\u0163ional, este recunoscut \u015fi apreciat la nivel interna\u0163ional, cele mai multe genotipuri fiind \u00eenregistrate \u00een cataloagele europene (Catalog EURISCO), iar speciali\u0219tii rom\u00e2ni sunt coopta\u0163i \u00een grupurile de lucru IPGRI <em>Malus<\/em>\/<em>Pyrus<\/em> \u0219i <em>Prunus<\/em>.<\/p>\n<p><strong>Situa\u0163ia fodului de germoplasm\u0103 din cadrul Laboratorului de Genetic\u0103 \u015fi Ameliorare<\/strong><\/p>\n<div class=\"table-1\">\n<table style=\"width: 690.76px;\" border=\"1\" cellspacing=\"0\" cellpadding=\"0\">\n<tbody>\n<tr>\n<td width=\"5%\"><strong>Nr. crt.<\/strong><\/td>\n<td width=\"10%\"><strong>Specia<\/strong><\/td>\n<td width=\"12%\"><strong>Nr. total de accesii <\/strong><\/td>\n<td width=\"9%\"><strong>Nr. specii<\/strong><\/td>\n<td width=\"13%\"><strong>Nr. soiuri autohtone<\/strong><\/td>\n<td width=\"12%\"><strong>Nr. soiuri str\u0103ine<\/strong><\/td>\n<td width=\"11%\"><strong>Nr. soiuri evaluate<\/strong><\/td>\n<td width=\"13%\"><strong>Anul \u00eenfiin\u0163\u0103rii<\/strong><\/td>\n<td width=\"11%\"><strong>Suprafa\u0163a (ha)<\/strong><\/td>\n<\/tr>\n<tr>\n<td width=\"5%\"><strong>1<\/strong><\/td>\n<td width=\"10%\">M\u0103r<\/td>\n<td width=\"12%\">594<\/td>\n<td width=\"9%\">5<\/td>\n<td width=\"13%\">73<\/td>\n<td width=\"12%\">521<\/td>\n<td width=\"11%\">200<\/td>\n<td width=\"13%\">2010<\/td>\n<td width=\"11%\">1,30<\/td>\n<\/tr>\n<tr>\n<td width=\"5%\"><strong>2<\/strong><\/td>\n<td width=\"10%\">P\u0103r<\/td>\n<td width=\"12%\">196<\/td>\n<td width=\"9%\">13<\/td>\n<td width=\"13%\">67<\/td>\n<td width=\"12%\">129<\/td>\n<td width=\"11%\">80<\/td>\n<td width=\"13%\">2009<\/td>\n<td width=\"11%\">0,38<\/td>\n<\/tr>\n<tr>\n<td width=\"5%\"><strong>3<\/strong><\/td>\n<td width=\"10%\">Gutui<\/td>\n<td width=\"12%\">11<\/td>\n<td width=\"9%\">0<\/td>\n<td width=\"13%\">7<\/td>\n<td width=\"12%\">4<\/td>\n<td width=\"11%\">4<\/td>\n<td width=\"13%\">2022<\/td>\n<td width=\"11%\">0,05<\/td>\n<\/tr>\n<tr>\n<td width=\"5%\"><strong>4<\/strong><\/td>\n<td width=\"10%\">Prun<\/td>\n<td width=\"12%\">440<\/td>\n<td width=\"9%\">9<\/td>\n<td width=\"13%\">172<\/td>\n<td width=\"12%\">268<\/td>\n<td width=\"11%\">200<\/td>\n<td width=\"13%\">2019<br \/>\n2020<br \/>\n2021<\/td>\n<td width=\"11%\">1,60<\/td>\n<\/tr>\n<tr>\n<td width=\"5%\"><strong>5<\/strong><\/td>\n<td width=\"10%\">Cire\u015f<\/td>\n<td width=\"12%\">176<\/td>\n<td width=\"9%\">0<\/td>\n<td width=\"13%\">43<\/td>\n<td width=\"12%\">133<\/td>\n<td width=\"11%\">117<\/td>\n<td width=\"13%\">2013<\/td>\n<td width=\"11%\">1,54<\/td>\n<\/tr>\n<tr>\n<td width=\"5%\"><strong>6<\/strong><\/td>\n<td width=\"10%\">Vi\u015fin<\/td>\n<td width=\"12%\">144<\/td>\n<td width=\"9%\">0<\/td>\n<td width=\"13%\">54<\/td>\n<td width=\"12%\">90<\/td>\n<td width=\"11%\">54<\/td>\n<td width=\"13%\">2010<\/td>\n<td width=\"11%\">0,65<\/td>\n<\/tr>\n<tr>\n<td width=\"5%\"><strong>&nbsp;<\/strong><\/td>\n<td width=\"10%\"><strong>Total<\/strong><\/td>\n<td width=\"12%\"><strong>1.561<\/strong><\/td>\n<td width=\"9%\"><strong>27<\/strong><\/td>\n<td width=\"13%\"><strong>416<\/strong><\/td>\n<td width=\"12%\"><strong>1.145<\/strong><\/td>\n<td width=\"11%\"><strong>655<\/strong><\/td>\n<td width=\"13%\"><strong>&nbsp;<\/strong><\/td>\n<td width=\"11%\"><strong>5,52<\/strong><\/td>\n<\/tr>\n<\/tbody>\n<\/table>\n<\/div>\n<p><strong>b) Crearea, prezervarea \u015fi men\u0163inerea resursei genetice:<\/strong><\/p>\n<p>&nbsp;&nbsp;&nbsp;&nbsp;&nbsp;&nbsp;&nbsp;&nbsp;&nbsp;&nbsp;&nbsp; &#8211; \u00cenfiin\u0163area colec\u0163iilor de pomi fructiferi (m\u0103r &#8211; 594 accesii, p\u0103r &#8211; 196 accesii, gutui &#8211; 11, prun 440, cire\u015f \u2013 176 \u015fi vi\u015fin &#8211; 144);<br \/>\n&nbsp;&nbsp;&nbsp;&nbsp;&nbsp;&nbsp;&nbsp;&nbsp;&nbsp;&nbsp;&nbsp; &#8211; \u00cembog\u0103\u0163irea fondului de germoplasm\u0103 cu noi soiuri str\u0103ine (din Republica Belarus, Bulgaria, Letonia, Serbia, Cehia, Republica Moldova, Germania \u015fi Fran\u0163a);<br \/>\n&nbsp;&nbsp;&nbsp;&nbsp;&nbsp;&nbsp;&nbsp;&nbsp;&nbsp;&nbsp;&nbsp; &#8211; Prezervarea \u015fi men\u0163inerea poten\u0163ialului biologic al speciilor, 1.561 genotipuri, care ocup\u0103 suprafa\u0163a de \u200b\u200b5,52 ha.<\/p>\n<p><strong>c) Evaluarea accesiilor pe baza descriptorilor IPGRI, Roma \u015fi UPOV (pentru armonizarea datelor conform practicilor metodologice U.E):<\/strong><\/p>\n<p>&nbsp;&nbsp;&nbsp;&nbsp;&nbsp;&nbsp;&nbsp;&nbsp;&nbsp;&nbsp;&nbsp; &#8211; Evaluarea unui num\u0103r de 655 genotipuri urm\u0103rind caracterele utile programelor de ameliorare;<br \/>\n&nbsp;&nbsp;&nbsp;&nbsp;&nbsp;&nbsp;&nbsp;&nbsp;&nbsp;&nbsp;&nbsp; &#8211; Alegerea de genitori poten\u0163iali pentru activitatea de ameliorare \u015fi \u00eentocmirea unor liste cu genitori de caracter recomanda\u0163i (rezisten\u0163\u0103 la stress biotic \u015fi abiotic, calitate, productivitate, autofertilitatea, etc.);<\/p>\n<p>&nbsp;&nbsp;&nbsp;&nbsp;&nbsp;&nbsp;&nbsp;&nbsp;&nbsp;&nbsp;&nbsp; &#8211; Organizarea de expozi\u0163ii, degust\u0103ri de fructe \u015fi vizite \u00een colec\u0163iile pomologice;<br \/>\n&nbsp;&nbsp;&nbsp;&nbsp;&nbsp;&nbsp;&nbsp;&nbsp;&nbsp;&nbsp;&nbsp; &#8211; Completarea bazei de date europene \u015fi na\u0163ionale prin introducerea accesiilor evaluate.<\/p>\n<p><u><strong>Cercet\u0103tori<\/strong> <\/u><\/p>\n<p><a class=\"fusion-modal-text-link\" data-toggle=\"modal\" data-target=\".fusion-modal.butac\" href=\"#\">Dr.ing. M\u0103d\u0103lina Butac<\/a> \u2013 prun, cire\u015f \u015fi vi\u015fin (<a href=\"mailto:madalinabutac@yahoo.com\">madalinabutac@yahoo.com<\/a>)<br \/>\n<a class=\"fusion-modal-text-link\" data-toggle=\"modal\" data-target=\".fusion-modal.militaru\" href=\"#\">Dr. biolog M\u0103d\u0103lina Militaru<\/a> \u2013 m\u0103r \u015fi p\u0103r (<a href=\"mailto:madamilitaru77@yahoo.com\">madamilitaru77@yahoo.com<\/a>)<br \/>\n<a class=\"fusion-modal-text-link\" data-toggle=\"modal\" data-target=\".fusion-modal.maresi\" href=\"#\">Drd.ing. Eugenia Mare\u0219i <\/a> \u2013 m\u0103r \u015fi p\u0103r (<a href=\"mailto:genimaresi@gmail.com\">genimaresi@gmail.com<\/a>)<br \/>\n<a class=\"fusion-modal-text-link\" data-toggle=\"modal\" data-target=\".fusion-modal.adelina\" href=\"#\">Drd.biolog Adelina Stan<\/a> \u2013 m\u0103r \u015fi p\u0103r (<a href=\"mailto:adelinastan@yahoo.com\">adelinastan@yahoo.com<\/a>)<\/p>\n<p>&nbsp;<\/p>\n<div class=\"fusion-modal modal fade modal-1 butac\" tabindex=\"-1\" role=\"dialog\" aria-labelledby=\"modal-heading-1\" aria-hidden=\"true\" style=\"--awb-border-color:#ebebeb;--awb-background:#f6f6f6;\"><div class=\"modal-dialog modal-lg\" role=\"document\"><div class=\"modal-content fusion-modal-content\"><div class=\"modal-header\"><button class=\"close\" type=\"button\" data-dismiss=\"modal\" aria-hidden=\"true\" aria-label=\"Close\">&times;<\/button><h3 class=\"modal-title\" id=\"modal-heading-1\" data-dismiss=\"modal\" aria-hidden=\"true\">Dr.ing. M\u0103d\u0103lina Butac<\/h3><\/div><div class=\"modal-body fusion-clearfix\"><\/p>\n<p><div data-post-id=\"11524\" class=\"insert-page insert-page-11524 \"><div class=\"fusion-fullwidth fullwidth-box fusion-builder-row-1 nonhundred-percent-fullwidth non-hundred-percent-height-scrolling\" style=\"--awb-border-radius-top-left:0px;--awb-border-radius-top-right:0px;--awb-border-radius-bottom-right:0px;--awb-border-radius-bottom-left:0px;--awb-flex-wrap:wrap;\" ><div class=\"fusion-builder-row fusion-row\"><div class=\"fusion-layout-column fusion_builder_column fusion-builder-column-0 fusion_builder_column_1_2 1_2 fusion-one-half fusion-column-first\" style=\"--awb-bg-size:cover;width:50%;width:calc(50% - ( ( 4% ) * 0.5 ) );margin-right: 4%;\"><div class=\"fusion-column-wrapper fusion-flex-column-wrapper-legacy\"><div class=\"fusion-text fusion-text-1\"><p><img decoding=\"async\" class=\"size-full wp-image-10832 alignleft\" src=\"http:\/\/icdp.ro\/wp-content\/uploads\/2018\/10\/placeholder-people-pic.png\" alt=\"\" width=\"320\" height=\"200\" srcset=\"https:\/\/icdp.ro\/wp-content\/uploads\/2018\/10\/placeholder-people-pic-200x125.png 200w, https:\/\/icdp.ro\/wp-content\/uploads\/2018\/10\/placeholder-people-pic-300x188.png 300w, https:\/\/icdp.ro\/wp-content\/uploads\/2018\/10\/placeholder-people-pic.png 320w\" sizes=\"(max-width: 320px) 100vw, 320px\" \/><br \/>\nEmail:\u00a0<strong><a href=\"mailto:madalinabutac@yahoo.com\">madalinabutac@yahoo.com<\/a><\/strong><div class=\"fusion-button-wrapper\"><a class=\"fusion-button button-flat fusion-button-default-size button-default fusion-button-default button-1 fusion-button-default-span fusion-button-default-type\" style=\"--button-border-radius-top-left:0;--button-border-radius-top-right:0;--button-border-radius-bottom-right:0;--button-border-radius-bottom-left:0;\" target=\"_self\" href=\"http:\/\/icdp.ro\/wp-content\/uploads\/2019\/01\/CV-Butac-romana-actualizat.pdf\"><span class=\"fusion-button-text awb-button__text awb-button__text--default\">Descarc\u0103 CV<\/span><\/a><\/div><\/p>\n<\/div><div class=\"fusion-clearfix\"><\/div><\/div><\/div><div class=\"fusion-layout-column fusion_builder_column fusion-builder-column-1 fusion_builder_column_1_2 1_2 fusion-one-half fusion-column-last\" style=\"--awb-bg-size:cover;width:50%;width:calc(50% - ( ( 4% ) * 0.5 ) );\"><div class=\"fusion-column-wrapper fusion-flex-column-wrapper-legacy\"><div class=\"fusion-sep-clear\"><\/div><div class=\"fusion-separator fusion-full-width-sep\" style=\"margin-left: auto;margin-right: auto;margin-bottom:20px;width:100%;\"><\/div><div class=\"fusion-sep-clear\"><\/div><div class=\"fusion-text fusion-text-2\"><div style=\"line-height: 130% !important;\"><h5>Institutul de Cercetare Dezvoltare pentru Pomicultur\u0103<\/h5>\n<div>Pite\u015fti, 117450 M\u0103r\u0103cineni, strada M\u0103rului, nr. 402, jude\u0163ul Arge\u015f, codul po\u015ftal 117450<br \/>\n<strong>Telefon:<\/strong> 0248 278066<br \/>\n<strong>Fax:<\/strong> 0248 278477<br \/>\n<strong>E-mail:<\/strong> <a href=\"mailto:office@icdp-pitesti.ro\">office@icdp-pitesti.ro<\/a><br \/>\nWeb: <a href=\"http:\/\/www.icdp.ro\/\">www.icdp.ro<\/a><\/div>\n<\/div>\n<\/div><div class=\"fusion-clearfix\"><\/div><\/div><\/div><\/div><\/div>\n<\/div><\/p>\n<p><\/div><div class=\"modal-footer\"><button class=\"fusion-button button-default button-medium button default medium\" type=\"button\" data-dismiss=\"modal\">Close<\/button><\/div><\/div><\/div><\/div>\n<div class=\"fusion-modal modal fade modal-2 militaru\" tabindex=\"-1\" role=\"dialog\" aria-labelledby=\"modal-heading-2\" aria-hidden=\"true\" style=\"--awb-border-color:#ebebeb;--awb-background:#f6f6f6;\"><div class=\"modal-dialog modal-lg\" role=\"document\"><div class=\"modal-content fusion-modal-content\"><div class=\"modal-header\"><button class=\"close\" type=\"button\" data-dismiss=\"modal\" aria-hidden=\"true\" aria-label=\"Close\">&times;<\/button><h3 class=\"modal-title\" id=\"modal-heading-2\" data-dismiss=\"modal\" aria-hidden=\"true\">Dr. biolog. M\u0103d\u0103lina Militaru<\/h3><\/div><div class=\"modal-body fusion-clearfix\"><\/p>\n<p><div data-post-id=\"11159\" class=\"insert-page insert-page-11159 \"><div class=\"fusion-fullwidth fullwidth-box fusion-builder-row-2 nonhundred-percent-fullwidth non-hundred-percent-height-scrolling\" style=\"--awb-border-radius-top-left:0px;--awb-border-radius-top-right:0px;--awb-border-radius-bottom-right:0px;--awb-border-radius-bottom-left:0px;--awb-flex-wrap:wrap;\" ><div class=\"fusion-builder-row fusion-row\"><div class=\"fusion-layout-column fusion_builder_column fusion-builder-column-2 fusion_builder_column_1_2 1_2 fusion-one-half fusion-column-first\" style=\"--awb-bg-size:cover;width:50%;width:calc(50% - ( ( 4% ) * 0.5 ) );margin-right: 4%;\"><div class=\"fusion-column-wrapper fusion-flex-column-wrapper-legacy\"><div class=\"fusion-text fusion-text-3\" style=\"--awb-text-transform:none;\"><p><img decoding=\"async\" class=\"size-full wp-image-10832 alignleft\" src=\"http:\/\/icdp.ro\/wp-content\/uploads\/2018\/10\/placeholder-people-pic.png\" alt=\"\" width=\"320\" height=\"200\" srcset=\"https:\/\/icdp.ro\/wp-content\/uploads\/2018\/10\/placeholder-people-pic-200x125.png 200w, https:\/\/icdp.ro\/wp-content\/uploads\/2018\/10\/placeholder-people-pic-300x188.png 300w, https:\/\/icdp.ro\/wp-content\/uploads\/2018\/10\/placeholder-people-pic.png 320w\" sizes=\"(max-width: 320px) 100vw, 320px\" \/><br \/>\nEmail:&nbsp;<strong><a href=\"mailto:madamilitaru77@yahoo.com\">madamilitaru77@yahoo.com<\/a><\/strong><div class=\"fusion-button-wrapper\"><a class=\"fusion-button button-flat fusion-button-default-size button-default fusion-button-default button-2 fusion-button-default-span fusion-button-default-type\" style=\"--button-border-radius-top-left:0;--button-border-radius-top-right:0;--button-border-radius-bottom-right:0;--button-border-radius-bottom-left:0;\" target=\"_self\" href=\"https:\/\/icdp.ro\/wp-content\/uploads\/2022\/04\/CV_Militaru-Madalina-1.pdf\"><span class=\"fusion-button-text awb-button__text awb-button__text--default\">Descarc\u0103 CV<\/span><\/a><\/div><\/p>\n<\/div><div class=\"fusion-clearfix\"><\/div><\/div><\/div><div class=\"fusion-layout-column fusion_builder_column fusion-builder-column-3 fusion_builder_column_1_2 1_2 fusion-one-half fusion-column-last\" style=\"--awb-bg-size:cover;width:50%;width:calc(50% - ( ( 4% ) * 0.5 ) );\"><div class=\"fusion-column-wrapper fusion-flex-column-wrapper-legacy\"><div class=\"fusion-sep-clear\"><\/div><div class=\"fusion-separator fusion-full-width-sep\" style=\"margin-left: auto;margin-right: auto;margin-bottom:20px;width:100%;\"><\/div><div class=\"fusion-sep-clear\"><\/div><div class=\"fusion-text fusion-text-4\"><div style=\"line-height: 130% !important;\"><h5>Institutul de Cercetare Dezvoltare pentru Pomicultur\u0103<\/h5>\n<div>Pite\u015fti, 117450 M\u0103r\u0103cineni, strada M\u0103rului, nr. 402, jude\u0163ul Arge\u015f, codul po\u015ftal 117450<br \/>\n<strong>Telefon:<\/strong> 0248 278066<br \/>\n<strong>Fax:<\/strong> 0248 278477<br \/>\n<strong>E-mail:<\/strong> <a href=\"mailto:office@icdp-pitesti.ro\">office@icdp-pitesti.ro<\/a><br \/>\nWeb: <a href=\"http:\/\/www.icdp.ro\/\">www.icdp.ro<\/a><\/div>\n<\/div>\n<\/div><div class=\"fusion-clearfix\"><\/div><\/div><\/div><\/div><\/div>\n<\/div><\/p>\n<p><\/div><div class=\"modal-footer\"><button class=\"fusion-button button-default button-medium button default medium\" type=\"button\" data-dismiss=\"modal\">Close<\/button><\/div><\/div><\/div><\/div>\n<div class=\"fusion-modal modal fade modal-3 maresi\" tabindex=\"-1\" role=\"dialog\" aria-labelledby=\"modal-heading-3\" aria-hidden=\"true\" style=\"--awb-border-color:#ebebeb;--awb-background:#f6f6f6;\"><div class=\"modal-dialog modal-lg\" role=\"document\"><div class=\"modal-content fusion-modal-content\"><div class=\"modal-header\"><button class=\"close\" type=\"button\" data-dismiss=\"modal\" aria-hidden=\"true\" aria-label=\"Close\">&times;<\/button><h3 class=\"modal-title\" id=\"modal-heading-3\" data-dismiss=\"modal\" aria-hidden=\"true\">Drd.ing. Eugenia Mare\u0219i<\/h3><\/div><div class=\"modal-body fusion-clearfix\"><\/p>\n<p><div data-post-id=\"13732\" class=\"insert-page insert-page-13732 \"><div class=\"fusion-fullwidth fullwidth-box fusion-builder-row-3 nonhundred-percent-fullwidth non-hundred-percent-height-scrolling\" style=\"--awb-border-radius-top-left:0px;--awb-border-radius-top-right:0px;--awb-border-radius-bottom-right:0px;--awb-border-radius-bottom-left:0px;--awb-flex-wrap:wrap;\" ><div class=\"fusion-builder-row fusion-row\"><div class=\"fusion-layout-column fusion_builder_column fusion-builder-column-4 fusion_builder_column_1_2 1_2 fusion-one-half fusion-column-first\" style=\"--awb-bg-size:cover;width:50%;width:calc(50% - ( ( 4% ) * 0.5 ) );margin-right: 4%;\"><div class=\"fusion-column-wrapper fusion-flex-column-wrapper-legacy\"><div class=\"fusion-text fusion-text-5\" style=\"--awb-text-transform:none;\"><p><img decoding=\"async\" class=\"size-full wp-image-10832 alignleft\" src=\"http:\/\/icdp.ro\/wp-content\/uploads\/2018\/10\/placeholder-people-pic.png\" alt=\"\" width=\"320\" height=\"200\" srcset=\"https:\/\/icdp.ro\/wp-content\/uploads\/2018\/10\/placeholder-people-pic-200x125.png 200w, https:\/\/icdp.ro\/wp-content\/uploads\/2018\/10\/placeholder-people-pic-300x188.png 300w, https:\/\/icdp.ro\/wp-content\/uploads\/2018\/10\/placeholder-people-pic.png 320w\" sizes=\"(max-width: 320px) 100vw, 320px\" \/><br \/>\nEmail:&nbsp;<strong><a href=\"mailto:genimaresi@gmail.com\">genimaresi@gmail.com<\/a><\/strong><div class=\"fusion-button-wrapper\"><a class=\"fusion-button button-flat fusion-button-default-size button-default fusion-button-default button-3 fusion-button-default-span fusion-button-default-type\" style=\"--button-border-radius-top-left:0;--button-border-radius-top-right:0;--button-border-radius-bottom-right:0;--button-border-radius-bottom-left:0;\" target=\"_self\" href=\"https:\/\/icdp.ro\/wp-content\/uploads\/2024\/05\/CV_Maresi-Eugenia-RO.pdf\"><span class=\"fusion-button-text awb-button__text awb-button__text--default\">Descarc\u0103 CV<\/span><\/a><\/div><\/p>\n<\/div><div class=\"fusion-clearfix\"><\/div><\/div><\/div><div class=\"fusion-layout-column fusion_builder_column fusion-builder-column-5 fusion_builder_column_1_2 1_2 fusion-one-half fusion-column-last\" style=\"--awb-bg-size:cover;width:50%;width:calc(50% - ( ( 4% ) * 0.5 ) );\"><div class=\"fusion-column-wrapper fusion-flex-column-wrapper-legacy\"><div class=\"fusion-sep-clear\"><\/div><div class=\"fusion-separator fusion-full-width-sep\" style=\"margin-left: auto;margin-right: auto;margin-bottom:20px;width:100%;\"><\/div><div class=\"fusion-sep-clear\"><\/div><div class=\"fusion-text fusion-text-6\"><div style=\"line-height: 130% !important;\"><h5>Institutul de Cercetare Dezvoltare pentru Pomicultur\u0103<\/h5>\n<div>Pite\u015fti, 117450 M\u0103r\u0103cineni, strada M\u0103rului, nr. 402, jude\u0163ul Arge\u015f, codul po\u015ftal 117450<br \/>\n<strong>Telefon:<\/strong> 0248 278066<br \/>\n<strong>Fax:<\/strong> 0248 278477<br \/>\n<strong>E-mail:<\/strong> <a href=\"mailto:office@icdp-pitesti.ro\">office@icdp-pitesti.ro<\/a><br \/>\nWeb: <a href=\"http:\/\/www.icdp.ro\/\">www.icdp.ro<\/a><\/div>\n<\/div>\n<\/div><div class=\"fusion-clearfix\"><\/div><\/div><\/div><\/div><\/div>\n<\/div><\/p>\n<p><\/div><div class=\"modal-footer\"><button class=\"fusion-button button-default button-medium button default medium\" type=\"button\" data-dismiss=\"modal\">Close<\/button><\/div><\/div><\/div><\/div>\n<div class=\"fusion-modal modal fade modal-4 adelina\" tabindex=\"-1\" role=\"dialog\" aria-labelledby=\"modal-heading-4\" aria-hidden=\"true\" style=\"--awb-border-color:#ebebeb;--awb-background:#f6f6f6;\"><div class=\"modal-dialog modal-lg\" role=\"document\"><div class=\"modal-content fusion-modal-content\"><div class=\"modal-header\"><button class=\"close\" type=\"button\" data-dismiss=\"modal\" aria-hidden=\"true\" aria-label=\"Close\">&times;<\/button><h3 class=\"modal-title\" id=\"modal-heading-4\" data-dismiss=\"modal\" aria-hidden=\"true\">Drd.biolog Adelina Stan<\/h3><\/div><div class=\"modal-body fusion-clearfix\"><\/p>\n<p><div data-post-id=\"13736\" class=\"insert-page insert-page-13736 \"><div class=\"fusion-fullwidth fullwidth-box fusion-builder-row-4 nonhundred-percent-fullwidth non-hundred-percent-height-scrolling\" style=\"--awb-border-radius-top-left:0px;--awb-border-radius-top-right:0px;--awb-border-radius-bottom-right:0px;--awb-border-radius-bottom-left:0px;--awb-flex-wrap:wrap;\" ><div class=\"fusion-builder-row fusion-row\"><div class=\"fusion-layout-column fusion_builder_column fusion-builder-column-6 fusion_builder_column_1_2 1_2 fusion-one-half fusion-column-first\" style=\"--awb-bg-size:cover;width:50%;width:calc(50% - ( ( 4% ) * 0.5 ) );margin-right: 4%;\"><div class=\"fusion-column-wrapper fusion-flex-column-wrapper-legacy\"><div class=\"fusion-text fusion-text-7\" style=\"--awb-text-transform:none;\"><p><img decoding=\"async\" class=\"size-full wp-image-10832 alignleft\" src=\"http:\/\/icdp.ro\/wp-content\/uploads\/2018\/10\/placeholder-people-pic.png\" alt=\"\" width=\"320\" height=\"200\" srcset=\"https:\/\/icdp.ro\/wp-content\/uploads\/2018\/10\/placeholder-people-pic-200x125.png 200w, https:\/\/icdp.ro\/wp-content\/uploads\/2018\/10\/placeholder-people-pic-300x188.png 300w, https:\/\/icdp.ro\/wp-content\/uploads\/2018\/10\/placeholder-people-pic.png 320w\" sizes=\"(max-width: 320px) 100vw, 320px\" \/><br \/>\nEmail:&nbsp;<strong><a href=\"mailto:adelinastan@yahoo.com\">adelinastan@yahoo.com<\/a><\/strong><div class=\"fusion-button-wrapper\"><a class=\"fusion-button button-flat fusion-button-default-size button-default fusion-button-default button-4 fusion-button-default-span fusion-button-default-type\" style=\"--button-border-radius-top-left:0;--button-border-radius-top-right:0;--button-border-radius-bottom-right:0;--button-border-radius-bottom-left:0;\" target=\"_self\" href=\"https:\/\/icdp.ro\/wp-content\/uploads\/2024\/05\/CV_Stan-Ioana-Adelina-RO.pdf\"><span class=\"fusion-button-text awb-button__text awb-button__text--default\">Descarc\u0103 CV<\/span><\/a><\/div><\/p>\n<\/div><div class=\"fusion-clearfix\"><\/div><\/div><\/div><div class=\"fusion-layout-column fusion_builder_column fusion-builder-column-7 fusion_builder_column_1_2 1_2 fusion-one-half fusion-column-last\" style=\"--awb-bg-size:cover;width:50%;width:calc(50% - ( ( 4% ) * 0.5 ) );\"><div class=\"fusion-column-wrapper fusion-flex-column-wrapper-legacy\"><div class=\"fusion-sep-clear\"><\/div><div class=\"fusion-separator fusion-full-width-sep\" style=\"margin-left: auto;margin-right: auto;margin-bottom:20px;width:100%;\"><\/div><div class=\"fusion-sep-clear\"><\/div><div class=\"fusion-text fusion-text-8\"><div style=\"line-height: 130% !important;\"><h5>Institutul de Cercetare Dezvoltare pentru Pomicultur\u0103<\/h5>\n<div>Pite\u015fti, 117450 M\u0103r\u0103cineni, strada M\u0103rului, nr. 402, jude\u0163ul Arge\u015f, codul po\u015ftal 117450<br \/>\n<strong>Telefon:<\/strong> 0248 278066<br \/>\n<strong>Fax:<\/strong> 0248 278477<br \/>\n<strong>E-mail:<\/strong> <a href=\"mailto:office@icdp-pitesti.ro\">office@icdp-pitesti.ro<\/a><br \/>\nWeb: <a href=\"http:\/\/www.icdp.ro\/\">www.icdp.ro<\/a><\/div>\n<\/div>\n<\/div><div class=\"fusion-clearfix\"><\/div><\/div><\/div><\/div><\/div>\n<\/div><\/p>\n<p><\/div><div class=\"modal-footer\"><button class=\"fusion-button button-default button-medium button default medium\" type=\"button\" data-dismiss=\"modal\">Close<\/button><\/div><\/div><\/div><\/div>\n","protected":false},"excerpt":{"rendered":"<p>IDENTIFICAREA, COLECTAREA, CONSERVAREA, STUDIUL \u015eI UTILIZAREA GERMOPLASMEI DE M\u0102R, P\u0102R, PRUN, CIRE\u015e \u015eI VI\u015eIN Obiective organizarea \u0219i reorganizarea colec\u0163iilor \u201eex situ\u201d; p\u0103strarea materialului biologic la poten\u0163ialul biologic al genotipurilor \u015fi conservarea biodiversit\u0103\u0163ii; completarea permanent\u0103 cu specii \u0219i soiuri din \u021bar\u0103 \u0219i str\u0103in\u0103tate; evaluarea \u00eensu\u015firilor agronomice; identificarea de genitori pentru programele de ameliorare \u00een func\u021bie de  [&#8230;]<\/p>\n","protected":false},"author":1,"featured_media":0,"parent":10961,"menu_order":0,"comment_status":"closed","ping_status":"closed","template":"","meta":{"ngg_post_thumbnail":0,"footnotes":""},"categories":[],"tags":[],"class_list":["post-11772","page","type-page","status-publish","hentry"],"_links":{"self":[{"href":"https:\/\/icdp.ro\/ro\/wp-json\/wp\/v2\/pages\/11772","targetHints":{"allow":["GET"]}}],"collection":[{"href":"https:\/\/icdp.ro\/ro\/wp-json\/wp\/v2\/pages"}],"about":[{"href":"https:\/\/icdp.ro\/ro\/wp-json\/wp\/v2\/types\/page"}],"author":[{"embeddable":true,"href":"https:\/\/icdp.ro\/ro\/wp-json\/wp\/v2\/users\/1"}],"replies":[{"embeddable":true,"href":"https:\/\/icdp.ro\/ro\/wp-json\/wp\/v2\/comments?post=11772"}],"version-history":[{"count":15,"href":"https:\/\/icdp.ro\/ro\/wp-json\/wp\/v2\/pages\/11772\/revisions"}],"predecessor-version":[{"id":13775,"href":"https:\/\/icdp.ro\/ro\/wp-json\/wp\/v2\/pages\/11772\/revisions\/13775"}],"up":[{"embeddable":true,"href":"https:\/\/icdp.ro\/ro\/wp-json\/wp\/v2\/pages\/10961"}],"wp:attachment":[{"href":"https:\/\/icdp.ro\/ro\/wp-json\/wp\/v2\/media?parent=11772"}],"wp:term":[{"taxonomy":"category","embeddable":true,"href":"https:\/\/icdp.ro\/ro\/wp-json\/wp\/v2\/categories?post=11772"},{"taxonomy":"post_tag","embeddable":true,"href":"https:\/\/icdp.ro\/ro\/wp-json\/wp\/v2\/tags?post=11772"}],"curies":[{"name":"wp","href":"https:\/\/api.w.org\/{rel}","templated":true}]}}