{"id":11722,"date":"2019-01-19T10:58:39","date_gmt":"2019-01-19T08:58:39","guid":{"rendered":"http:\/\/icdp.ro\/?page_id=11722"},"modified":"2023-09-25T23:34:03","modified_gmt":"2023-09-25T20:34:03","slug":"rezultate","status":"publish","type":"page","link":"https:\/\/icdp.ro\/ro\/cercetare\/proiecte-nationale\/6-pccdi-2018-biohortinov\/rezultate\/","title":{"rendered":"Rezultate"},"content":{"rendered":"<h5>Rezultate<\/h5>\n<p><strong>Etapa I<\/strong><\/p>\n<p><strong>Obiectiv etapa I: Actualizarea cuno\u015ftin\u0163elor privind stress-ul hidric \u015fi biocenotic din pomicultur\u0103 \u015fi viticultur\u0103 \u00een condi\u0163iile schimb\u0103rilor climatice.<\/strong><\/p>\n<p>\u00cen Rom\u00e2nia, horticultura reprezint\u0103 o activitate important\u0103, generatoare de venituri \u015fi de bun\u0103stare. Datorit\u0103 diversit\u0103\u0163ii pedo-climatice din \u0163ara noastr\u0103, numeroase specii pomicole \u015fi vi\u0163a-de-vie \u00eent\u00e2lnesc condi\u0163ii propice pentru a fi cultivate. Diversitatea solurilor, a condi\u021biilor climatice \u0219i varia\u021biile acestora sunt, de asemenea, foarte favorabile pentru o gam\u0103 larg\u0103 de boli, d\u0103un\u0103tori, \u0219i care pot genera pierderi economice importante. \u00cen contextul schimb\u0103rilor climatice anuale, se resimte pregnant nevoia unor cercet\u0103ri interdisciplinare integrate privind modernizarea tehnologiilor de cultur\u0103, influen\u021ba modific\u0103rilor climatice, diagnoza rapid\u0103 \u015fi avertizarea \u00een timp real a daunelor poten\u0163iale generate de lipsa apei \u015fi agen\u0163ii de d\u0103unare specifici, av\u00e2nd ca scop optimizarea procesului de avertizare a tratamentelor fitosanitare adecvate, precum \u015fi a momentelor \u015fi normelor de udare \u00een planta\u0163iile pomicole \u015fi viticole. R\u0103spunsurile fiziologice ale pomilor \u015fi vi\u0163ei de vie la stress-ul hidric sunt dinamice, deoarece la cre\u0219terea nivelului stresului hidric cre\u0219te \u0219i intensitatea r\u0103spunsului. Principalii factori de care depinde adaptarea plantelor la stress-ul hidric sunt specia, v\u00e2rsta, fenologia, transpira\u0163ia, poten\u0163ialul fotosintetic, etc. Dintre c\u0103ile de poten\u0163are a efectelor a secetei, un rol \u00eensemnat \u00eel au: monitorizarea stress-ului hidric, irigarea culturilor, cultivarea unor soiuri tolerante la secet\u0103, zonarea speciilor \u015fi soiurilor \u00een func\u021bie de condi\u021biile pedoclimatice, sporirea cantit\u0103\u0163ilor de \u00eengr\u0103s\u0103minte cu fosfor \u0219i cu microelemente aplicate culturilor. \u00cen cadrul biocenozelor pomicole \u015fi viticole, principalii factori de stres biocenotic sunt: bolile de natur\u0103 bacterian\u0103 sau fungic\u0103, bolile virale, micoplasmozele, d\u0103un\u0103torii \u015fi buruienile, care afecteaz\u0103 afecteaz\u0103 componentele principale ale biocenozelor performan\u0163ele acestora. Speciile fructifere pot afectate de atacul a peste 144 agen\u0163i patogeni \u015fi peste 121 d\u0103un\u0103tori principali \u015fi \u00eenfrunt\u0103 concuren\u0163a pentru resursele naturale din partea a numeroase specii de buruieni mono- \u015fi dicotile. Biocenozele viticole pot fi atacate de o serie de agen\u0163i patogeni de origine micotic\u0103 \u015fi bacterian\u0103 \u015fi de un num\u0103r de peste 70 de virusuri \u015fi numero\u015fi d\u0103un\u0103tori majori. Cuantificarea c\u00e2t mai precis\u0103 a stress-ului biocenotic, produs de agen\u0163i de d\u0103unare culturilor pomicole, implic\u0103 definirea \u015fi validarea unui set de indicatori pentru diagnoza timpurie \u015fi prognozarea a stresului biocenotic \u00een planta\u0163ii ac\u0163iuni de mare importan\u0163\u0103, pentru p\u0103strarea s\u0103n\u0103t\u0103\u0163ii \u015fi cre\u015fterea performan\u0163elor biocenozelor pomicole \u015fi viticole. \u00cen ultimii ani au ap\u0103rut \u015fi au fost testate dispozitive complexe, independente energetic, care integreaz\u0103 produsele feromonale, dispozitive opto-electronice, TIC, telefonia mobil\u0103 \u015fi transmisia automat\u0103 a datelor, care contribuie la detec\u0163ia d\u0103un\u0103torilor \u015fi a dinamicii popula\u0163iilor acestora \u00een timp real \u015fi la aplicarea unor tehnologii de cultur\u0103 de precizie. O mai bun\u0103 \u00een\u021belegere a efectelor combin\u0103rii stressului abiotic cu stresul biotic are o mare importan\u021b\u0103 \u0219i ar permite orientarea strategiilor de gestionare a agriculturii pentru a asigura dezvoltarea durabil\u0103 a produc\u021biei pomicole \u015fi viticole.<\/p>\n<p>\u00cen aceast\u0103 etap\u0103 de lucru au fost realizate:\u00a0 <strong>1\u00a0 <\/strong>Studiu privind stresul hidric \u015fi\u00a0 biocenotic din pomicultur\u0103;\u00a0\u00a0\u00a0\u00a0\u00a0\u00a0 <strong>1 <\/strong>studiu privind stresul hidric \u015fi biocenotic din viticultur\u0103; <strong>2 <\/strong>modele experimentale \u00een pomicultur\u0103 (<strong>1 <\/strong>la ICDP Pite\u015fti \u015fi <strong>1 <\/strong>la SCDP Constan\u0163a); <strong>2 <\/strong>modele experimentale \u00een viticultur\u0103, la INCDBH \u015etef\u0103ne\u015fti) \u015fi <strong>1 <\/strong>proiect de prototip pentru diagnoza timpurie \u015fi monitorizarea stresului hidric \u015fi biocenotic (schema bloc, par\u0163i componente, descriere) la Univesitatea din Pite\u015fti, <a href=\"https:\/\/www.upit.ro\/ro\/academia-reorganizata\/facultatea-de-electronica-comunicatii-si-calculatoare-2\">Facultatea de Electronic\u0103, Comunica\u0163ii \u015fi Calculatoare<\/a> (CCMSPS). De asemenea, a fost completat\u0103 infrastructura de cercetare existent\u0103 \u015fi au fost organizate concursuri pentru recrutarea de cercet\u0103tori noi.<\/p>\n","protected":false},"excerpt":{"rendered":"<p>Rezultate Etapa I Obiectiv etapa I: Actualizarea cuno\u015ftin\u0163elor privind stress-ul hidric \u015fi biocenotic din pomicultur\u0103 \u015fi viticultur\u0103 \u00een condi\u0163iile schimb\u0103rilor climatice. \u00cen Rom\u00e2nia, horticultura reprezint\u0103 o activitate important\u0103, generatoare de venituri \u015fi de bun\u0103stare. Datorit\u0103 diversit\u0103\u0163ii pedo-climatice din \u0163ara noastr\u0103, numeroase specii pomicole \u015fi vi\u0163a-de-vie \u00eent\u00e2lnesc condi\u0163ii propice pentru a fi cultivate. Diversitatea solurilor, a  [&#8230;]<\/p>\n","protected":false},"author":1,"featured_media":0,"parent":11710,"menu_order":4,"comment_status":"closed","ping_status":"closed","template":"","meta":{"ngg_post_thumbnail":0,"footnotes":""},"categories":[],"tags":[],"class_list":["post-11722","page","type-page","status-publish","hentry"],"_links":{"self":[{"href":"https:\/\/icdp.ro\/ro\/wp-json\/wp\/v2\/pages\/11722","targetHints":{"allow":["GET"]}}],"collection":[{"href":"https:\/\/icdp.ro\/ro\/wp-json\/wp\/v2\/pages"}],"about":[{"href":"https:\/\/icdp.ro\/ro\/wp-json\/wp\/v2\/types\/page"}],"author":[{"embeddable":true,"href":"https:\/\/icdp.ro\/ro\/wp-json\/wp\/v2\/users\/1"}],"replies":[{"embeddable":true,"href":"https:\/\/icdp.ro\/ro\/wp-json\/wp\/v2\/comments?post=11722"}],"version-history":[{"count":3,"href":"https:\/\/icdp.ro\/ro\/wp-json\/wp\/v2\/pages\/11722\/revisions"}],"predecessor-version":[{"id":11725,"href":"https:\/\/icdp.ro\/ro\/wp-json\/wp\/v2\/pages\/11722\/revisions\/11725"}],"up":[{"embeddable":true,"href":"https:\/\/icdp.ro\/ro\/wp-json\/wp\/v2\/pages\/11710"}],"wp:attachment":[{"href":"https:\/\/icdp.ro\/ro\/wp-json\/wp\/v2\/media?parent=11722"}],"wp:term":[{"taxonomy":"category","embeddable":true,"href":"https:\/\/icdp.ro\/ro\/wp-json\/wp\/v2\/categories?post=11722"},{"taxonomy":"post_tag","embeddable":true,"href":"https:\/\/icdp.ro\/ro\/wp-json\/wp\/v2\/tags?post=11722"}],"curies":[{"name":"wp","href":"https:\/\/api.w.org\/{rel}","templated":true}]}}