{"id":11715,"date":"2019-01-19T10:55:02","date_gmt":"2019-01-19T08:55:02","guid":{"rendered":"http:\/\/icdp.ro\/?page_id=11715"},"modified":"2023-09-25T23:33:47","modified_gmt":"2023-09-25T20:33:47","slug":"parteneri","status":"publish","type":"page","link":"https:\/\/icdp.ro\/ro\/cercetare\/proiecte-nationale\/6-pccdi-2018-biohortinov\/parteneri\/","title":{"rendered":"Parteneri"},"content":{"rendered":"<h5><strong>Parteneri<\/strong><\/h5>\n<p><strong>Organiza\u021biile partenere \u00een consor\u021biu:<\/strong><\/p>\n<div class=\"table-1\">\n<table>\n<tbody>\n<tr>\n<td width=\"170\">\n<strong>Denumirea organiza\u021biei partenere<\/strong><\/td>\n<td width=\"94\">\n<p align=\"center\"><strong>Acronim organiza\u021bie<\/strong><\/p>\n<\/td>\n<td width=\"113\">\n<p align=\"center\"><strong>Rolul organiza\u021biei <\/strong><br \/>\n<strong>\u00een consor\u021biu<\/strong><\/p>\n<\/td>\n<td width=\"265\">\n<p align=\"center\"><strong>Date de contact<\/strong><\/p>\n<\/td>\n<\/tr>\n<tr>\n<td width=\"170\">Institutul de Cercetare &#8211; Dezvoltare pentru Pomicultur\u0103 Pite\u0219ti M\u0103r\u0103cineni, Arge\u0219<\/td>\n<td width=\"94\">ICDP<\/td>\n<td width=\"113\">Coordonator<\/td>\n<td width=\"265\">Coordonator de proiect, Florin Cristian MARIN, tel. 0248-278066, Fax: 0248 278477, email: <a href=\"mailto:c_marin69@yahoo.com\">c_marin69@yahoo.com<\/a><\/td>\n<\/tr>\n<tr>\n<td width=\"170\">Universitatea din Pite\u0219ti<\/td>\n<td width=\"94\">UPIT<\/td>\n<td width=\"113\">Partener 1<\/td>\n<td width=\"265\">Responsabil Partener 1, Alin Gheorghi\u0163\u0103 MAZ\u0102RE, tel. <strong>0348-453.200<\/strong><strong>, <\/strong>email: <a href=\"mailto:alinmazare@yahoo.com\">alinmazare@yahoo.com<\/a><\/td>\n<\/tr>\n<tr>\n<td width=\"170\">Institutul Na\u021bional de Cercetare &#8211; Dezvoltare pentru Biotehnologii Horticole \u015etef\u0103ne\u015fti<\/td>\n<td width=\"94\">INCDBH<br \/>\n\u015etef\u0103ne\u015fti<\/td>\n<td width=\"113\">Partener 2<\/td>\n<td width=\"265\">Responsabil Partener 2, Elena BUCIUMEANU, 0742 271086, email: <a href=\"mailto:ebuciumeanu@yahoo.com\">ebuciumeanu@yahoo.com<\/a><\/td>\n<\/tr>\n<tr>\n<td width=\"170\">Sta\u0163iunea de Cercetare-Dezvoltare pentru Pomicultur\u0103 Constan\u021ba<\/td>\n<td width=\"94\">SCDP Constan\u0163a<\/td>\n<td width=\"113\">Partener 3<\/td>\n<td width=\"265\">Responsabil Partener 3, Leinar SEPTAR tel. 0724 250804, email: <a href=\"mailto:s_leinar@yahoo.com\">s_leinar@yahoo.com<\/a><\/td>\n<\/tr>\n<\/tbody>\n<\/table>\n<\/div>\n","protected":false},"excerpt":{"rendered":"<p>Parteneri Organiza\u021biile partenere \u00een consor\u021biu: Denumirea organiza\u021biei partenere Acronim organiza\u021bie Rolul organiza\u021biei \u00een consor\u021biu Date de contact Institutul de Cercetare &#8211; Dezvoltare pentru Pomicultur\u0103 Pite\u0219ti M\u0103r\u0103cineni, Arge\u0219 ICDP Coordonator Coordonator de proiect, Florin Cristian MARIN, tel. 0248-278066, Fax: 0248 278477, email: c_marin69@yahoo.com Universitatea din Pite\u0219ti UPIT Partener 1 Responsabil Partener 1, Alin Gheorghi\u0163\u0103 MAZ\u0102RE, tel.  [&#8230;]<\/p>\n","protected":false},"author":1,"featured_media":0,"parent":11710,"menu_order":1,"comment_status":"closed","ping_status":"closed","template":"","meta":{"ngg_post_thumbnail":0,"footnotes":""},"categories":[],"tags":[],"class_list":["post-11715","page","type-page","status-publish","hentry"],"_links":{"self":[{"href":"https:\/\/icdp.ro\/ro\/wp-json\/wp\/v2\/pages\/11715","targetHints":{"allow":["GET"]}}],"collection":[{"href":"https:\/\/icdp.ro\/ro\/wp-json\/wp\/v2\/pages"}],"about":[{"href":"https:\/\/icdp.ro\/ro\/wp-json\/wp\/v2\/types\/page"}],"author":[{"embeddable":true,"href":"https:\/\/icdp.ro\/ro\/wp-json\/wp\/v2\/users\/1"}],"replies":[{"embeddable":true,"href":"https:\/\/icdp.ro\/ro\/wp-json\/wp\/v2\/comments?post=11715"}],"version-history":[{"count":1,"href":"https:\/\/icdp.ro\/ro\/wp-json\/wp\/v2\/pages\/11715\/revisions"}],"predecessor-version":[{"id":11716,"href":"https:\/\/icdp.ro\/ro\/wp-json\/wp\/v2\/pages\/11715\/revisions\/11716"}],"up":[{"embeddable":true,"href":"https:\/\/icdp.ro\/ro\/wp-json\/wp\/v2\/pages\/11710"}],"wp:attachment":[{"href":"https:\/\/icdp.ro\/ro\/wp-json\/wp\/v2\/media?parent=11715"}],"wp:term":[{"taxonomy":"category","embeddable":true,"href":"https:\/\/icdp.ro\/ro\/wp-json\/wp\/v2\/categories?post=11715"},{"taxonomy":"post_tag","embeddable":true,"href":"https:\/\/icdp.ro\/ro\/wp-json\/wp\/v2\/tags?post=11715"}],"curies":[{"name":"wp","href":"https:\/\/api.w.org\/{rel}","templated":true}]}}