{"id":11713,"date":"2019-01-19T10:54:10","date_gmt":"2019-01-19T08:54:10","guid":{"rendered":"http:\/\/icdp.ro\/?page_id=11713"},"modified":"2023-09-25T23:33:42","modified_gmt":"2023-09-25T20:33:42","slug":"informatii-utile","status":"publish","type":"page","link":"https:\/\/icdp.ro\/ro\/cercetare\/proiecte-nationale\/6-pccdi-2018-biohortinov\/informatii-utile\/","title":{"rendered":"Informa\u0163ii utile"},"content":{"rendered":"<h5>Informa\u0163ii utile<\/h5>\n<p><strong>Planul Na\u0163ional de Cercetare-Dezvoltare \u015fi Inovare pentru perioada 2015 \u2013 2020 (PNCDI III)<\/strong><br \/>\n<strong>PROGRAMUL 1 &#8211; Dezvoltarea sistemului na\u0163ional de cercetare-dezvoltare<\/strong><\/p>\n<p><strong>SUBPROGRAMUL 1.2 Performan\u021b\u0103 institu\u021bional\u0103<\/strong><\/p>\n<p><strong>Proiecte complexe realizate \u00een consor\u0163ii CDI (PCCDI)<\/strong><\/p>\n<p><strong>Titlu proiect compolex: <em>Cre\u0219terea capacit\u0103\u021bii institu\u021bionale de cercetare bioeconomic\u0103 pentru exploatarea inovatoare a resurselor vegetale autohtone, \u00een vederea ob\u021binerii de produse horticole cu valoare ad\u0103ugat\u0103 ridicat\u0103<\/em> (BIOHORTINOV)<\/strong><\/p>\n<p>Titlul proiectului component:\u00a0<strong><em>Pr. 2 Cuantificarea multisenzorial\u0103 a stresului hidric si biocenotic din pomicultur\u0103 \u015fi viticultur\u0103 prin fitomonitorizare \u015fi avertizare timpurie \u00een condi\u0163iile schimb\u0103rilor climatice<\/em><\/strong> Acronim proiect:<strong><em>QM_WABISPOMVIT<\/em><\/strong><\/p>\n<p>Cod proiect:<strong>PN-III-P1-1.2-PCCDI-2017-0332<\/strong><br \/>\nContract:<strong> 6 PCCDI\/2018<\/strong><br \/>\n<strong><br \/>\n<\/strong>Autoritatea contractant\u0103:<strong>\u00a0Unitatea Executiv\u0103 pentru Finan\u021barea \u00cenv\u0103\u021b\u0103m\u00e2ntului Superior, a Cercet\u0103rii, Dezvolt\u0103rii \u0219i Inov\u0103rii (UEFISCDI)<\/strong><\/p>\n<p>Date de contact Responsabil de proiect:<br \/>\nFlorin Cristian MARIN,<br \/>\ntel. 0248-278066,<br \/>\nFax: 0248 278477,<\/p>\n<p>email: <a href=\"mailto:c_marin69@yahoo.com\">c_marin69@yahoo.com<\/a><\/p>\n<p>&nbsp;<\/p>\n","protected":false},"excerpt":{"rendered":"<p>Informa\u0163ii utile Planul Na\u0163ional de Cercetare-Dezvoltare \u015fi Inovare pentru perioada 2015 \u2013 2020 (PNCDI III) PROGRAMUL 1 &#8211; Dezvoltarea sistemului na\u0163ional de cercetare-dezvoltare SUBPROGRAMUL 1.2 Performan\u021b\u0103 institu\u021bional\u0103 Proiecte complexe realizate \u00een consor\u0163ii CDI (PCCDI) Titlu proiect compolex: Cre\u0219terea capacit\u0103\u021bii institu\u021bionale de cercetare bioeconomic\u0103 pentru exploatarea inovatoare a resurselor vegetale autohtone, \u00een vederea ob\u021binerii de produse  [&#8230;]<\/p>\n","protected":false},"author":1,"featured_media":0,"parent":11710,"menu_order":0,"comment_status":"closed","ping_status":"closed","template":"","meta":{"ngg_post_thumbnail":0,"footnotes":""},"categories":[],"tags":[],"class_list":["post-11713","page","type-page","status-publish","hentry"],"_links":{"self":[{"href":"https:\/\/icdp.ro\/ro\/wp-json\/wp\/v2\/pages\/11713","targetHints":{"allow":["GET"]}}],"collection":[{"href":"https:\/\/icdp.ro\/ro\/wp-json\/wp\/v2\/pages"}],"about":[{"href":"https:\/\/icdp.ro\/ro\/wp-json\/wp\/v2\/types\/page"}],"author":[{"embeddable":true,"href":"https:\/\/icdp.ro\/ro\/wp-json\/wp\/v2\/users\/1"}],"replies":[{"embeddable":true,"href":"https:\/\/icdp.ro\/ro\/wp-json\/wp\/v2\/comments?post=11713"}],"version-history":[{"count":2,"href":"https:\/\/icdp.ro\/ro\/wp-json\/wp\/v2\/pages\/11713\/revisions"}],"predecessor-version":[{"id":12168,"href":"https:\/\/icdp.ro\/ro\/wp-json\/wp\/v2\/pages\/11713\/revisions\/12168"}],"up":[{"embeddable":true,"href":"https:\/\/icdp.ro\/ro\/wp-json\/wp\/v2\/pages\/11710"}],"wp:attachment":[{"href":"https:\/\/icdp.ro\/ro\/wp-json\/wp\/v2\/media?parent=11713"}],"wp:term":[{"taxonomy":"category","embeddable":true,"href":"https:\/\/icdp.ro\/ro\/wp-json\/wp\/v2\/categories?post=11713"},{"taxonomy":"post_tag","embeddable":true,"href":"https:\/\/icdp.ro\/ro\/wp-json\/wp\/v2\/tags?post=11713"}],"curies":[{"name":"wp","href":"https:\/\/api.w.org\/{rel}","templated":true}]}}