{"id":11699,"date":"2019-01-19T10:42:45","date_gmt":"2019-01-19T08:42:45","guid":{"rendered":"http:\/\/icdp.ro\/?page_id=11699"},"modified":"2023-09-25T23:33:06","modified_gmt":"2023-09-25T20:33:06","slug":"necesitate","status":"publish","type":"page","link":"https:\/\/icdp.ro\/ro\/cercetare\/proiecte-nationale\/proiect-ci-92\/necesitate\/","title":{"rendered":"Necesitate"},"content":{"rendered":"<h5><strong>Necesitate<\/strong><\/h5>\n<p>\u00cen majoritatea pepinierelor din \u021bar\u0103 pentru soiurile de piersic se folose\u0219te preponderent portaltoiul generativ corcodu\u0219, datorit\u0103 rezisten\u021bei acestuia la factorii de stres din sol (secet\u0103, exces temporar de umiditate, nematozi, boli ale sistemului radicular). Dezavantajele acestui portaltoi constau \u00een lipsa de uniformitate a materialului s\u0103ditor ob\u021binut, vigoare mare \u0219i o intrare mai t\u00e2rzie pe rod. \u00cen acest sens la ICDP\u00a0 Pite\u0219ti M\u0103r\u0103cineni a fost creat portaltoiul vegetativ pentru piersic \u0219i nectarin, Adaptabil, care are sistemul radicular bine dezvoltat put\u00e2ndu-se folosi \u00een toate zonele favorabile culturii piersicului inclusiv \u00een zonele \u00een care factorul limitativ este solul. Are compatibilitate la altoire cu soiurile din sortimentul rom\u00e2nesc, c\u0103rora le imprim\u0103 vigoare mijlocie \u0219i uniformitate pomilor at\u00e2t \u00een pepinier\u0103 c\u00e2t \u0219i \u00een livad\u0103, recomand\u00e2ndu-l la ob\u021binerea de material s\u0103ditor pentru livezile intensive. \u00cen prezent este unul din cei mai buni portaltoi vegetativi pentru piersic cunoscut mai mult pe plan european \u0219i \u00een curs de brevetare de o pepinier\u0103 privat\u0103 din Olanda datorit\u0103 calit\u0103\u021bilor men\u021bionate.<\/p>\n","protected":false},"excerpt":{"rendered":"<p>Necesitate \u00cen majoritatea pepinierelor din \u021bar\u0103 pentru soiurile de piersic se folose\u0219te preponderent portaltoiul generativ corcodu\u0219, datorit\u0103 rezisten\u021bei acestuia la factorii de stres din sol (secet\u0103, exces temporar de umiditate, nematozi, boli ale sistemului radicular). Dezavantajele acestui portaltoi constau \u00een lipsa de uniformitate a materialului s\u0103ditor ob\u021binut, vigoare mare \u0219i o intrare mai t\u00e2rzie pe  [&#8230;]<\/p>\n","protected":false},"author":1,"featured_media":0,"parent":11695,"menu_order":3,"comment_status":"closed","ping_status":"closed","template":"","meta":{"ngg_post_thumbnail":0,"footnotes":""},"categories":[],"tags":[],"class_list":["post-11699","page","type-page","status-publish","hentry"],"_links":{"self":[{"href":"https:\/\/icdp.ro\/ro\/wp-json\/wp\/v2\/pages\/11699","targetHints":{"allow":["GET"]}}],"collection":[{"href":"https:\/\/icdp.ro\/ro\/wp-json\/wp\/v2\/pages"}],"about":[{"href":"https:\/\/icdp.ro\/ro\/wp-json\/wp\/v2\/types\/page"}],"author":[{"embeddable":true,"href":"https:\/\/icdp.ro\/ro\/wp-json\/wp\/v2\/users\/1"}],"replies":[{"embeddable":true,"href":"https:\/\/icdp.ro\/ro\/wp-json\/wp\/v2\/comments?post=11699"}],"version-history":[{"count":1,"href":"https:\/\/icdp.ro\/ro\/wp-json\/wp\/v2\/pages\/11699\/revisions"}],"predecessor-version":[{"id":11700,"href":"https:\/\/icdp.ro\/ro\/wp-json\/wp\/v2\/pages\/11699\/revisions\/11700"}],"up":[{"embeddable":true,"href":"https:\/\/icdp.ro\/ro\/wp-json\/wp\/v2\/pages\/11695"}],"wp:attachment":[{"href":"https:\/\/icdp.ro\/ro\/wp-json\/wp\/v2\/media?parent=11699"}],"wp:term":[{"taxonomy":"category","embeddable":true,"href":"https:\/\/icdp.ro\/ro\/wp-json\/wp\/v2\/categories?post=11699"},{"taxonomy":"post_tag","embeddable":true,"href":"https:\/\/icdp.ro\/ro\/wp-json\/wp\/v2\/tags?post=11699"}],"curies":[{"name":"wp","href":"https:\/\/api.w.org\/{rel}","templated":true}]}}