{"id":11686,"date":"2019-01-19T10:36:44","date_gmt":"2019-01-19T08:36:44","guid":{"rendered":"http:\/\/icdp.ro\/?page_id=11686"},"modified":"2023-09-25T23:31:42","modified_gmt":"2023-09-25T20:31:42","slug":"descrierea-serviciului","status":"publish","type":"page","link":"https:\/\/icdp.ro\/ro\/cercetare\/proiecte-nationale\/proiect-ci-134\/descrierea-serviciului\/","title":{"rendered":"Descrierea serviciului"},"content":{"rendered":"<h5><strong>Descrierea serviciului<\/strong><\/h5>\n<p>Elabolarea unei secven\u021be tehnologice \u00eembun\u0103t\u0103\u021bite de \u00eenmul\u021bire vegetativ\u0103 a portaltoiului Mirodad 1 \u0219i implementarea ei la agentul economic SC Fructex Bac\u0103u SRL.<\/p>\n","protected":false},"excerpt":{"rendered":"<p>Descrierea serviciului Elabolarea unei secven\u021be tehnologice \u00eembun\u0103t\u0103\u021bite de \u00eenmul\u021bire vegetativ\u0103 a portaltoiului Mirodad 1 \u0219i implementarea ei la agentul economic SC Fructex Bac\u0103u SRL.<\/p>\n","protected":false},"author":1,"featured_media":0,"parent":11674,"menu_order":0,"comment_status":"closed","ping_status":"closed","template":"","meta":{"ngg_post_thumbnail":0,"footnotes":""},"categories":[],"tags":[],"class_list":["post-11686","page","type-page","status-publish","hentry"],"_links":{"self":[{"href":"https:\/\/icdp.ro\/ro\/wp-json\/wp\/v2\/pages\/11686","targetHints":{"allow":["GET"]}}],"collection":[{"href":"https:\/\/icdp.ro\/ro\/wp-json\/wp\/v2\/pages"}],"about":[{"href":"https:\/\/icdp.ro\/ro\/wp-json\/wp\/v2\/types\/page"}],"author":[{"embeddable":true,"href":"https:\/\/icdp.ro\/ro\/wp-json\/wp\/v2\/users\/1"}],"replies":[{"embeddable":true,"href":"https:\/\/icdp.ro\/ro\/wp-json\/wp\/v2\/comments?post=11686"}],"version-history":[{"count":1,"href":"https:\/\/icdp.ro\/ro\/wp-json\/wp\/v2\/pages\/11686\/revisions"}],"predecessor-version":[{"id":11687,"href":"https:\/\/icdp.ro\/ro\/wp-json\/wp\/v2\/pages\/11686\/revisions\/11687"}],"up":[{"embeddable":true,"href":"https:\/\/icdp.ro\/ro\/wp-json\/wp\/v2\/pages\/11674"}],"wp:attachment":[{"href":"https:\/\/icdp.ro\/ro\/wp-json\/wp\/v2\/media?parent=11686"}],"wp:term":[{"taxonomy":"category","embeddable":true,"href":"https:\/\/icdp.ro\/ro\/wp-json\/wp\/v2\/categories?post=11686"},{"taxonomy":"post_tag","embeddable":true,"href":"https:\/\/icdp.ro\/ro\/wp-json\/wp\/v2\/tags?post=11686"}],"curies":[{"name":"wp","href":"https:\/\/api.w.org\/{rel}","templated":true}]}}