{"id":11682,"date":"2019-01-19T10:35:54","date_gmt":"2019-01-19T08:35:54","guid":{"rendered":"http:\/\/icdp.ro\/?page_id=11682"},"modified":"2023-09-25T23:31:58","modified_gmt":"2023-09-25T20:31:58","slug":"necesitate","status":"publish","type":"page","link":"https:\/\/icdp.ro\/ro\/cercetare\/proiecte-nationale\/proiect-ci-134\/necesitate\/","title":{"rendered":"Necesitate"},"content":{"rendered":"<h5><strong>Necesitate<\/strong><\/h5>\n<p>Pe plan mondial tendin\u021ba actual\u0103 const\u0103 \u00een folosirea portaltoilor vegetativi pentru \u00eenfiin\u021barea livezilor intensive \u0219i superintensive, cu produc\u021bii eficiente \u00eencep\u00e2nd cu anul 3-5 de la plantare. Portaltoii vegetativi spre deosebire de cei generativi imprim\u0103 o uniformitate \u0219i calitate sporit\u0103 materialului s\u0103ditor pomicol, precocitate de rodire soiurilor altoite \u0219i vigoare mai redus\u0103.\u00a0 \u00cen plus ob\u021binerea portaltoilor vegetativi se realizeaz\u0103 \u00een condi\u021bii care, \u00een mare parte, depind at\u00e2t de factorul uman c\u00e2t \u0219i de baza tehnico-material\u0103 (sere sau solarii dotate cu automatiz\u0103ri pentru crearea condi\u021biilor favorabile de \u00eenr\u0103d\u0103cinare).<br \/>\n\u00cen anul 2016, a fost omologat \u0219i este \u00een curs de brevetare, portaltoiul vegetativ pentru prun Mirodad1, cu toleran\u021b\u0103 la boli \u015fi bine adaptat la solurile pe care se cultiv\u0103 prunul \u00een Rom\u00e2nia. Poate fi folosit pentru livezi de prun de mare densitate, \u00een general cu soiuri destinate consumului \u00een stare proasp\u0103t\u0103.<\/p>\n<p>De\u0219i Institutul de Cercetare Dezvoltare pentru Pomicultur\u0103 Pite\u0219ti M\u0103r\u0103cineni dispune de baza tehnico-material\u0103 necesar\u0103 \u00eenmul\u021birii portaltoiului Mirodad 1, totu\u0219i suprafa\u021ba util\u0103 de \u00eenmul\u021bire (solarii) este insuficient\u0103 pentru a-l produce \u0219i r\u0103sp\u00e2ndi \u00een pepinierele private. De aceea este necesar ca una sau mai multe pepiniere private s\u0103 se specializeze \u00een \u00eenmul\u021birea acestui portaltoi vegetativ pentru a putea fi folosit la scara comercial\u0103.<\/p>\n","protected":false},"excerpt":{"rendered":"<p>Necesitate Pe plan mondial tendin\u021ba actual\u0103 const\u0103 \u00een folosirea portaltoilor vegetativi pentru \u00eenfiin\u021barea livezilor intensive \u0219i superintensive, cu produc\u021bii eficiente \u00eencep\u00e2nd cu anul 3-5 de la plantare. Portaltoii vegetativi spre deosebire de cei generativi imprim\u0103 o uniformitate \u0219i calitate sporit\u0103 materialului s\u0103ditor pomicol, precocitate de rodire soiurilor altoite \u0219i vigoare mai redus\u0103.\u00a0 \u00cen plus ob\u021binerea  [&#8230;]<\/p>\n","protected":false},"author":1,"featured_media":0,"parent":11674,"menu_order":2,"comment_status":"closed","ping_status":"closed","template":"","meta":{"ngg_post_thumbnail":0,"footnotes":""},"categories":[],"tags":[],"class_list":["post-11682","page","type-page","status-publish","hentry"],"_links":{"self":[{"href":"https:\/\/icdp.ro\/ro\/wp-json\/wp\/v2\/pages\/11682","targetHints":{"allow":["GET"]}}],"collection":[{"href":"https:\/\/icdp.ro\/ro\/wp-json\/wp\/v2\/pages"}],"about":[{"href":"https:\/\/icdp.ro\/ro\/wp-json\/wp\/v2\/types\/page"}],"author":[{"embeddable":true,"href":"https:\/\/icdp.ro\/ro\/wp-json\/wp\/v2\/users\/1"}],"replies":[{"embeddable":true,"href":"https:\/\/icdp.ro\/ro\/wp-json\/wp\/v2\/comments?post=11682"}],"version-history":[{"count":1,"href":"https:\/\/icdp.ro\/ro\/wp-json\/wp\/v2\/pages\/11682\/revisions"}],"predecessor-version":[{"id":11683,"href":"https:\/\/icdp.ro\/ro\/wp-json\/wp\/v2\/pages\/11682\/revisions\/11683"}],"up":[{"embeddable":true,"href":"https:\/\/icdp.ro\/ro\/wp-json\/wp\/v2\/pages\/11674"}],"wp:attachment":[{"href":"https:\/\/icdp.ro\/ro\/wp-json\/wp\/v2\/media?parent=11682"}],"wp:term":[{"taxonomy":"category","embeddable":true,"href":"https:\/\/icdp.ro\/ro\/wp-json\/wp\/v2\/categories?post=11682"},{"taxonomy":"post_tag","embeddable":true,"href":"https:\/\/icdp.ro\/ro\/wp-json\/wp\/v2\/tags?post=11682"}],"curies":[{"name":"wp","href":"https:\/\/api.w.org\/{rel}","templated":true}]}}