{"id":11651,"date":"2019-01-19T10:15:10","date_gmt":"2019-01-19T08:15:10","guid":{"rendered":"http:\/\/icdp.ro\/?page_id=11651"},"modified":"2023-09-25T23:27:25","modified_gmt":"2023-09-25T20:27:25","slug":"necesitate","status":"publish","type":"page","link":"https:\/\/icdp.ro\/ro\/cercetare\/proiecte-nationale\/proiect-ci-40\/necesitate\/","title":{"rendered":"Necesitate"},"content":{"rendered":"<h5><strong>Necesitatea proiectului<\/strong><\/h5>\n<p>Pomicultura rom\u00e2neasc\u0103 a \u00eenregistrat \u00een ultimul timp o mic\u0219orare brusc\u0103 a indicilor economici principali. \u00cen aceste condi\u0163ii, s-a impus efectuarea unor studii\/analize cu privire la organizarea \u0219i func\u021bionarea pomiculturii pentru o dezvoltare durabil\u0103 care s\u0103 se concretizeze prin implementarea tehnologiilor moderne cu asisten\u021b\u0103 \u0219tiin\u021bific\u0103 din partea institu\u021biilor de profil. O situa\u021bie dictat\u0103 de pia\u021b\u0103, ce caut\u0103 rezolvare la momentul actual este lipsa materialului s\u0103ditor de nuc. Pomicultura din sectorul privat \u00een \u00eencercarea, de a g\u0103sit c\u0103i pentru rezolvarea problemei a adoptat anumite tehnologii, pe unele chiar \u00eembun\u0103t\u0103\u021bindu-le \u00eens\u0103 care creaz\u0103 limite, \u00een neconcordan\u021b\u0103 cu cerin\u021bele consumatorilor, care au devenit din ce \u00een ce mai interesa\u021bi de produse care s\u0103 ofere anumite performan\u021be.<\/p>\n","protected":false},"excerpt":{"rendered":"<p>Necesitatea proiectului Pomicultura rom\u00e2neasc\u0103 a \u00eenregistrat \u00een ultimul timp o mic\u0219orare brusc\u0103 a indicilor economici principali. \u00cen aceste condi\u0163ii, s-a impus efectuarea unor studii\/analize cu privire la organizarea \u0219i func\u021bionarea pomiculturii pentru o dezvoltare durabil\u0103 care s\u0103 se concretizeze prin implementarea tehnologiilor moderne cu asisten\u021b\u0103 \u0219tiin\u021bific\u0103 din partea institu\u021biilor de profil. O situa\u021bie dictat\u0103 de  [&#8230;]<\/p>\n","protected":false},"author":1,"featured_media":0,"parent":11565,"menu_order":1,"comment_status":"closed","ping_status":"closed","template":"","meta":{"ngg_post_thumbnail":0,"footnotes":""},"categories":[],"tags":[],"class_list":["post-11651","page","type-page","status-publish","hentry"],"_links":{"self":[{"href":"https:\/\/icdp.ro\/ro\/wp-json\/wp\/v2\/pages\/11651","targetHints":{"allow":["GET"]}}],"collection":[{"href":"https:\/\/icdp.ro\/ro\/wp-json\/wp\/v2\/pages"}],"about":[{"href":"https:\/\/icdp.ro\/ro\/wp-json\/wp\/v2\/types\/page"}],"author":[{"embeddable":true,"href":"https:\/\/icdp.ro\/ro\/wp-json\/wp\/v2\/users\/1"}],"replies":[{"embeddable":true,"href":"https:\/\/icdp.ro\/ro\/wp-json\/wp\/v2\/comments?post=11651"}],"version-history":[{"count":1,"href":"https:\/\/icdp.ro\/ro\/wp-json\/wp\/v2\/pages\/11651\/revisions"}],"predecessor-version":[{"id":11652,"href":"https:\/\/icdp.ro\/ro\/wp-json\/wp\/v2\/pages\/11651\/revisions\/11652"}],"up":[{"embeddable":true,"href":"https:\/\/icdp.ro\/ro\/wp-json\/wp\/v2\/pages\/11565"}],"wp:attachment":[{"href":"https:\/\/icdp.ro\/ro\/wp-json\/wp\/v2\/media?parent=11651"}],"wp:term":[{"taxonomy":"category","embeddable":true,"href":"https:\/\/icdp.ro\/ro\/wp-json\/wp\/v2\/categories?post=11651"},{"taxonomy":"post_tag","embeddable":true,"href":"https:\/\/icdp.ro\/ro\/wp-json\/wp\/v2\/tags?post=11651"}],"curies":[{"name":"wp","href":"https:\/\/api.w.org\/{rel}","templated":true}]}}