{"id":11649,"date":"2019-01-19T10:14:23","date_gmt":"2019-01-19T08:14:23","guid":{"rendered":"http:\/\/icdp.ro\/?page_id=11649"},"modified":"2023-09-25T23:27:13","modified_gmt":"2023-09-25T20:27:13","slug":"informatii-utile","status":"publish","type":"page","link":"https:\/\/icdp.ro\/ro\/cercetare\/proiecte-nationale\/proiect-ci-40\/informatii-utile\/","title":{"rendered":"Informa\u0163ii utile"},"content":{"rendered":"<h5>Informa\u0163ii utile<\/h5>\n<p><strong>Titlul proiect: Implementarea unor verigi tehnologice noi pentru limitarea pierderilor \u00een producerea materialului s\u0103ditor de nuc\u00a0 <\/strong><br \/>\n<strong>Contract nr. 40 CI\/2017 <\/strong><br \/>\n<strong>Cod proiect: PN-III-P2-2.1-CI-2017-0149<\/strong><br \/>\n<strong><u>Autoritatea contractant\u0103<\/u>:<\/strong><br \/>\n<em><strong>UNITATEA \u00a0\u00a0EXECUTIV\u0102 \u00a0\u00a0PENTRU \u00a0\u00a0FINAN\u0162AREA \u00a0\u00ceNV\u0102\u0162\u0102M\u00c2NTULUI SUPERIOR, \u00a0A \u00a0CERCET\u0102RII, \u00a0DEZVOLT\u0102RII \u00a0\u015eI \u00a0INOV\u0102RII<\/strong><\/em><br \/>\n<strong>SUBPROGRAMUL 2.1<\/strong> &#8211; <strong><em>Competitivitate prin cercetare, dezvoltare \u015fi inovare<\/em><\/strong><\/p>\n<p><strong>Instrument de finan\u021bare &#8211; &#8222;<em>Cecuri de inovare<\/em>&#8222;<\/strong><\/p>\n<p><strong><u>Beneficiar<\/u>:<\/strong><br \/>\n<strong><em>NUCIFERE REGIA SRL<\/em><\/strong><br \/>\n<strong><u>Furnizor de servicii<\/u>:<\/strong><strong><br \/>\n<em>INSTITUTUL DE\u00a0CERCETARE &#8211; DEZVOLTARE PENTRU POMICULTUR\u0102 PITE\u015eTI-M\u0102R\u0102CINENI<\/em><\/strong><br \/>\n<strong><u>Durata\u00a0proiectului<\/u>: 5 luni &#8211; <\/strong><em><strong>25.07.2017-31.12.2017<\/strong><\/em><\/p>\n<p><strong><u>Bugetul proiectului:<\/u><\/strong><em><strong> 50.000 lei<\/strong><\/em><\/p>\n<p><strong><u>Date de contact ale responsabilului \u00a0de proiect:<\/u><\/strong><br \/>\n<strong><a class=\"fusion-modal-text-link\" data-toggle=\"modal\" data-target=\".fusion-modal.catita\" href=\"#\">Dr. ing. \u00a0Catita Plopa<\/a><\/strong><br \/>\ne-mail:\u00a0<a href=\"mailto:office@icdp-pitesti.ro\"><strong>office@icdp-pitesti.ro<\/strong><\/a><strong> ; catitasarpe@hotmail.com<\/strong><br \/>\nTel: +40-248-278066;<br \/>\nFax: +40-248-278477;<u> <\/u><\/p>\n<p><strong><u>Link-uri de interes<\/u><\/strong><strong>:<\/strong>\u00a0<a href=\"http:\/\/www.icdp.ro\/\">http:\/\/www.icdp.ro<\/a><\/p>\n<div class=\"fusion-modal modal fade modal-1 catita\" tabindex=\"-1\" role=\"dialog\" aria-labelledby=\"modal-heading-1\" aria-hidden=\"true\" style=\"--awb-border-color:#ebebeb;--awb-background:#f6f6f6;\"><div class=\"modal-dialog modal-lg\" role=\"document\"><div class=\"modal-content fusion-modal-content\"><div class=\"modal-header\"><button class=\"close\" type=\"button\" data-dismiss=\"modal\" aria-hidden=\"true\" aria-label=\"Close\">&times;<\/button><h3 class=\"modal-title\" id=\"modal-heading-1\" data-dismiss=\"modal\" aria-hidden=\"true\"> Dr. ing. Catita Plopa<\/h3><\/div><div class=\"modal-body fusion-clearfix\"><\/p>\n<p><div data-post-id=\"11303\" class=\"insert-page insert-page-11303 \"><div class=\"fusion-fullwidth fullwidth-box fusion-builder-row-1 nonhundred-percent-fullwidth non-hundred-percent-height-scrolling\" style=\"--awb-border-radius-top-left:0px;--awb-border-radius-top-right:0px;--awb-border-radius-bottom-right:0px;--awb-border-radius-bottom-left:0px;--awb-flex-wrap:wrap;\" ><div class=\"fusion-builder-row fusion-row\"><div class=\"fusion-layout-column fusion_builder_column fusion-builder-column-0 fusion_builder_column_1_2 1_2 fusion-one-half fusion-column-first\" style=\"--awb-bg-size:cover;width:50%;width:calc(50% - ( ( 4% ) * 0.5 ) );margin-right: 4%;\"><div class=\"fusion-column-wrapper fusion-flex-column-wrapper-legacy\"><div class=\"fusion-text fusion-text-1\"><p><img decoding=\"async\" class=\"size-full wp-image-10832 alignleft\" src=\"http:\/\/icdp.ro\/wp-content\/uploads\/2018\/10\/placeholder-people-pic.png\" alt=\"\" width=\"320\" height=\"200\" srcset=\"https:\/\/icdp.ro\/wp-content\/uploads\/2018\/10\/placeholder-people-pic-200x125.png 200w, https:\/\/icdp.ro\/wp-content\/uploads\/2018\/10\/placeholder-people-pic-300x188.png 300w, https:\/\/icdp.ro\/wp-content\/uploads\/2018\/10\/placeholder-people-pic.png 320w\" sizes=\"(max-width: 320px) 100vw, 320px\" \/><br \/>\nEmail:\u00a0<strong><a href=\"mailto:catitasarpe@hotmail.com\">catitasarpe@hotmail.com<\/a><\/strong><div class=\"fusion-button-wrapper\"><a class=\"fusion-button button-flat fusion-button-default-size button-default fusion-button-default button-1 fusion-button-default-span fusion-button-default-type\" style=\"--button-border-radius-top-left:0;--button-border-radius-top-right:0;--button-border-radius-bottom-right:0;--button-border-radius-bottom-left:0;\" target=\"_self\" href=\"http:\/\/icdp.ro\/wp-content\/uploads\/2019\/01\/CV-PLOPA-CATITA-ro.pdf\"><span class=\"fusion-button-text awb-button__text awb-button__text--default\">Descarc\u0103 CV<\/span><\/a><\/div><\/p>\n<\/div><div class=\"fusion-clearfix\"><\/div><\/div><\/div><div class=\"fusion-layout-column fusion_builder_column fusion-builder-column-1 fusion_builder_column_1_2 1_2 fusion-one-half fusion-column-last\" style=\"--awb-bg-size:cover;width:50%;width:calc(50% - ( ( 4% ) * 0.5 ) );\"><div class=\"fusion-column-wrapper fusion-flex-column-wrapper-legacy\"><div class=\"fusion-sep-clear\"><\/div><div class=\"fusion-separator fusion-full-width-sep\" style=\"margin-left: auto;margin-right: auto;margin-bottom:20px;width:100%;\"><\/div><div class=\"fusion-sep-clear\"><\/div><div class=\"fusion-text fusion-text-2\"><div style=\"line-height: 130% !important;\"><h5>Institutul de Cercetare Dezvoltare pentru Pomicultur\u0103<\/h5>\n<div>Pite\u015fti, 117450 M\u0103r\u0103cineni, strada M\u0103rului, nr. 402, jude\u0163ul Arge\u015f, codul po\u015ftal 117450<br \/>\n<strong>Telefon:<\/strong> 0248 278066<br \/>\n<strong>Fax:<\/strong> 0248 278477<br \/>\n<strong>E-mail:<\/strong> <a href=\"mailto:office@icdp-pitesti.ro\">office@icdp-pitesti.ro<\/a><br \/>\nWeb: <a href=\"http:\/\/www.icdp.ro\/\">www.icdp.ro<\/a><\/div>\n<\/div>\n<\/div><div class=\"fusion-clearfix\"><\/div><\/div><\/div><\/div><\/div>\n<\/div><\/p>\n<p><\/div><div class=\"modal-footer\"><button class=\"fusion-button button-default button-medium button default medium\" type=\"button\" data-dismiss=\"modal\">Close<\/button><\/div><\/div><\/div><\/div>\n<p>&nbsp;<\/p>\n","protected":false},"excerpt":{"rendered":"<p>Informa\u0163ii utile Titlul proiect: Implementarea unor verigi tehnologice noi pentru limitarea pierderilor \u00een producerea materialului s\u0103ditor de nuc\u00a0 Contract nr. 40 CI\/2017 Cod proiect: PN-III-P2-2.1-CI-2017-0149 Autoritatea contractant\u0103: UNITATEA \u00a0\u00a0EXECUTIV\u0102 \u00a0\u00a0PENTRU \u00a0\u00a0FINAN\u0162AREA \u00a0\u00ceNV\u0102\u0162\u0102M\u00c2NTULUI SUPERIOR, \u00a0A \u00a0CERCET\u0102RII, \u00a0DEZVOLT\u0102RII \u00a0\u015eI \u00a0INOV\u0102RII SUBPROGRAMUL 2.1 &#8211; Competitivitate prin cercetare, dezvoltare \u015fi inovare Instrument de finan\u021bare &#8211; &#8222;Cecuri de inovare&#8222; Beneficiar:  [&#8230;]<\/p>\n","protected":false},"author":1,"featured_media":0,"parent":11565,"menu_order":0,"comment_status":"closed","ping_status":"closed","template":"","meta":{"ngg_post_thumbnail":0,"footnotes":""},"categories":[],"tags":[],"class_list":["post-11649","page","type-page","status-publish","hentry"],"_links":{"self":[{"href":"https:\/\/icdp.ro\/ro\/wp-json\/wp\/v2\/pages\/11649","targetHints":{"allow":["GET"]}}],"collection":[{"href":"https:\/\/icdp.ro\/ro\/wp-json\/wp\/v2\/pages"}],"about":[{"href":"https:\/\/icdp.ro\/ro\/wp-json\/wp\/v2\/types\/page"}],"author":[{"embeddable":true,"href":"https:\/\/icdp.ro\/ro\/wp-json\/wp\/v2\/users\/1"}],"replies":[{"embeddable":true,"href":"https:\/\/icdp.ro\/ro\/wp-json\/wp\/v2\/comments?post=11649"}],"version-history":[{"count":2,"href":"https:\/\/icdp.ro\/ro\/wp-json\/wp\/v2\/pages\/11649\/revisions"}],"predecessor-version":[{"id":13467,"href":"https:\/\/icdp.ro\/ro\/wp-json\/wp\/v2\/pages\/11649\/revisions\/13467"}],"up":[{"embeddable":true,"href":"https:\/\/icdp.ro\/ro\/wp-json\/wp\/v2\/pages\/11565"}],"wp:attachment":[{"href":"https:\/\/icdp.ro\/ro\/wp-json\/wp\/v2\/media?parent=11649"}],"wp:term":[{"taxonomy":"category","embeddable":true,"href":"https:\/\/icdp.ro\/ro\/wp-json\/wp\/v2\/categories?post=11649"},{"taxonomy":"post_tag","embeddable":true,"href":"https:\/\/icdp.ro\/ro\/wp-json\/wp\/v2\/tags?post=11649"}],"curies":[{"name":"wp","href":"https:\/\/api.w.org\/{rel}","templated":true}]}}