{"id":11641,"date":"2019-01-16T15:38:03","date_gmt":"2019-01-16T13:38:03","guid":{"rendered":"http:\/\/icdp.ro\/?page_id=11641"},"modified":"2023-09-25T23:30:45","modified_gmt":"2023-09-25T20:30:45","slug":"obiective","status":"publish","type":"page","link":"https:\/\/icdp.ro\/ro\/cercetare\/proiecte-nationale\/proiect-ci-107\/obiective\/","title":{"rendered":"Obiective"},"content":{"rendered":"<h5><strong>Obiective<\/strong><\/h5>\n<p><strong>Proiect <\/strong><strong>Raspberry<\/strong><strong> &#8211; Contract 107CI\/ 25.07.2017<\/strong><br \/>\n<strong>Programul<\/strong> <strong>2.1.- Competitivitate prin cercetare, dezvoltare si inovare, Cecuri de inovare <\/strong><br \/>\n<strong>T<\/strong><strong>itlu proiect: \u201e<\/strong><strong><em> Implementarea tehnologiei de \u00eenmul\u021bire a zmeurului prin buta\u0219i de r\u0103d\u0103cin\u0103, \u00een vederea exploat\u0103rii eficiente a planta\u021biilor mam\u0103<\/em><\/strong><strong><em>\u201d<\/em><\/strong><\/p>\n<p><strong><em><u>Obiectiv principal<\/u><\/em><\/strong><u>:<\/u> Furnizarea de cuno\u015ftin\u0163e privind metodologia de \u00eenmul\u021bire a zmeurului prin buta\u0219i de r\u0103d\u0103cin\u0103, pentru sporirea performan\u0163elor economice in panta\u021biile mama Prebaz\u0103\/Baz\u0103 de zmeur ale beneficiarului, \u015fi totodat\u0103 dezvoltarea colabor\u0103rii \u00eentre cei doi parteneri (beneficiar-furnizor de servicii).<br \/>\n<u>\u00a0<\/u><strong><em><u>Obiective secundare<\/u><\/em><\/strong>:<br \/>\n1. Implementarea tehnologiei de fasonare a butasilor de r\u0103dacina pentru specia zmeur \u0219i sporirea productivit\u0103\u021bii la unitatea de suprafat\u0103 in plantatiile mama Baz\u0103 in vederea ob\u021binerii de \u201e<strong><em>Material de plantare fructifer certificat<\/em><\/strong>\u201d;<br \/>\n2. Model experimental- aplicat la beneficiar \u015fi instruirea personalului pentru respectarea procedurilor stabilite.<br \/>\n<strong>Rezultat:<\/strong> Model experimental.<br \/>\n<strong>Loca\u0163ia proiectului<\/strong>: Strong berry SRL<\/p>\n","protected":false},"excerpt":{"rendered":"<p>Obiective Proiect Raspberry &#8211; Contract 107CI\/ 25.07.2017 Programul 2.1.- Competitivitate prin cercetare, dezvoltare si inovare, Cecuri de inovare Titlu proiect: \u201e Implementarea tehnologiei de \u00eenmul\u021bire a zmeurului prin buta\u0219i de r\u0103d\u0103cin\u0103, \u00een vederea exploat\u0103rii eficiente a planta\u021biilor mam\u0103\u201d Obiectiv principal: Furnizarea de cuno\u015ftin\u0163e privind metodologia de \u00eenmul\u021bire a zmeurului prin buta\u0219i de r\u0103d\u0103cin\u0103, pentru sporirea  [&#8230;]<\/p>\n","protected":false},"author":1,"featured_media":0,"parent":11626,"menu_order":2,"comment_status":"closed","ping_status":"closed","template":"","meta":{"ngg_post_thumbnail":0,"footnotes":""},"categories":[],"tags":[],"class_list":["post-11641","page","type-page","status-publish","hentry"],"_links":{"self":[{"href":"https:\/\/icdp.ro\/ro\/wp-json\/wp\/v2\/pages\/11641","targetHints":{"allow":["GET"]}}],"collection":[{"href":"https:\/\/icdp.ro\/ro\/wp-json\/wp\/v2\/pages"}],"about":[{"href":"https:\/\/icdp.ro\/ro\/wp-json\/wp\/v2\/types\/page"}],"author":[{"embeddable":true,"href":"https:\/\/icdp.ro\/ro\/wp-json\/wp\/v2\/users\/1"}],"replies":[{"embeddable":true,"href":"https:\/\/icdp.ro\/ro\/wp-json\/wp\/v2\/comments?post=11641"}],"version-history":[{"count":1,"href":"https:\/\/icdp.ro\/ro\/wp-json\/wp\/v2\/pages\/11641\/revisions"}],"predecessor-version":[{"id":11642,"href":"https:\/\/icdp.ro\/ro\/wp-json\/wp\/v2\/pages\/11641\/revisions\/11642"}],"up":[{"embeddable":true,"href":"https:\/\/icdp.ro\/ro\/wp-json\/wp\/v2\/pages\/11626"}],"wp:attachment":[{"href":"https:\/\/icdp.ro\/ro\/wp-json\/wp\/v2\/media?parent=11641"}],"wp:term":[{"taxonomy":"category","embeddable":true,"href":"https:\/\/icdp.ro\/ro\/wp-json\/wp\/v2\/categories?post=11641"},{"taxonomy":"post_tag","embeddable":true,"href":"https:\/\/icdp.ro\/ro\/wp-json\/wp\/v2\/tags?post=11641"}],"curies":[{"name":"wp","href":"https:\/\/api.w.org\/{rel}","templated":true}]}}