{"id":11619,"date":"2019-01-16T11:47:19","date_gmt":"2019-01-16T09:47:19","guid":{"rendered":"http:\/\/icdp.ro\/?page_id=11619"},"modified":"2023-09-25T23:29:23","modified_gmt":"2023-09-25T20:29:23","slug":"rezultate","status":"publish","type":"page","link":"https:\/\/icdp.ro\/ro\/cercetare\/proiecte-nationale\/proiect-ci-139\/rezultate\/","title":{"rendered":"Rezultate"},"content":{"rendered":"<p><strong>Rezultate<\/strong><\/p>\n<p><strong>PLAN DE FERTILIZARE RECOMANDAT \u00ceN CULTURA AFINULUI CULTIVAT \u00ceN SISTEM ECOLOGIC<\/strong><\/p>\n<div class=\"table-1\">\n<table border=\"1\" cellspacing=\"0\" cellpadding=\"0\">\n<tbody>\n<tr>\n<td valign=\"top\" width=\"32\">Nr. crt.<\/td>\n<td valign=\"top\" width=\"122\">Momentul aplic\u0103rii (Fenofaz\u0103)<\/td>\n<td valign=\"top\" width=\"129\">Produse recomandate<\/td>\n<td valign=\"top\" width=\"153\">Conc.\u00a0\u00a0\u00a0\u00a0\u00a0\u00a0 (%)\/Doza\u00a0\u00a0\u00a0\u00a0\u00a0\u00a0 (l; kg\/ha)<\/td>\n<td valign=\"top\" width=\"197\">Observa\u021bii<\/td>\n<\/tr>\n<tr>\n<td valign=\"top\" width=\"32\">1.<\/td>\n<td valign=\"top\" width=\"122\">La\u00a0\u00a0\u00a0\u00a0\u00a0 pornirea\u00a0\u00a0\u00a0\u00a0\u00a0\u00a0\u00a0\u00a0\u00a0\u00a0 \u00een vegeta\u021bie<\/td>\n<td valign=\"top\" width=\"129\">ALGIFORTE SCUDO<\/td>\n<td valign=\"top\" width=\"153\">0,1%<\/p>\n<p>200 ml\/100l ap\u0103<\/td>\n<td valign=\"top\" width=\"197\">-Bionutrient din alge cu\u00a0 oxid de magneziu complexat\u0103<br \/>\n&#8211; trateaza carenta de cupru si creste rezistenta plantelor la boli fungice si bacterii.<\/td>\n<\/tr>\n<tr>\n<td valign=\"top\" width=\"32\">2.<\/td>\n<td valign=\"top\" width=\"122\">Buton alb<\/td>\n<td valign=\"top\" width=\"129\">ALGAREN TWIN + BOROGREEN L<\/p>\n<p>ALGIFORTE<\/td>\n<td valign=\"top\" width=\"153\">150 ml\/100l ap\u0103+<br \/>\n150 ml\/100l ap\u01030,1%<\/td>\n<td valign=\"top\" width=\"197\">\n<ol>\n<li>optimizarea cresterea vegetative, echilibrarea ei si orientarea catre productie<\/li>\n<li>capacitatea de sinteza a plantelor si favorizeaza translocarea compusilor (zaharuri, arome, acizi) in fructe.<\/li>\n<\/ol>\n<\/td>\n<\/tr>\n<tr>\n<td valign=\"top\" width=\"32\">3.<\/td>\n<td valign=\"top\" width=\"122\">\u00cenflorit<\/td>\n<td valign=\"top\" width=\"129\">Auxym<\/p>\n<p>ALGIFORTE<br \/>\nKerafol Evo<\/td>\n<td valign=\"top\" width=\"153\">0,5 l\/ha<\/p>\n<p>0,3%<br \/>\n0,3%<\/td>\n<td valign=\"top\" width=\"197\">-Se repeta la interval de 14 zile<\/p>\n<p>-Stimuleaza planta in momentele de crestere si mareste fertilitatea<\/td>\n<\/tr>\n<tr>\n<td valign=\"top\" width=\"32\">4.<\/td>\n<td valign=\"top\" width=\"122\">Fruct \u00een cre\u0219tere<\/td>\n<td valign=\"top\" width=\"129\">NUTRIGREEN AD<br \/>\n+ BOROGREEN LN FIX P SOL<\/td>\n<td valign=\"top\" width=\"153\">300 ml\/100 l apa + 150 ml\/100l apa<\/p>\n<p>1 l\/ha 1l\/ha<\/td>\n<td valign=\"top\" width=\"197\">Aplicarea in amestec a acestor produse mareste capacitatea de sinteza a plantelor, favorizeaza translocarea produselor de sinteza (zaharuri, pectine, acizi) in fructe, care vor fi mai mari si mai ferme<\/td>\n<\/tr>\n<tr>\n<td valign=\"top\" width=\"32\">5.<\/td>\n<td valign=\"top\" width=\"122\">Fruct \u00een p\u00e2rg\u0103 \u0219i coacere<\/td>\n<td valign=\"top\" width=\"129\">VITAVEN\/\u00a0\u00a0\u00a0\u00a0\u00a0\u00a0\u00a0\u00a0 VIT- ORG +<br \/>\nNEWCAL K SOL<\/td>\n<td valign=\"top\" width=\"153\">300 ml\/100 l apa, respectiv 300 ml\/100 l apa + 400 ml\/100l<br \/>\nap\u0103<br \/>\n1 l\/ha<\/td>\n<td valign=\"top\" width=\"197\">Primele 2 produse au rolul de a cre\u0219te m\u0103rimea fructelor, \u00eembunat\u0103\u021besc calitatea, cantitatea precum \u0219i propriet\u0103\u021bile organoleptice ale fructelor.<br \/>\nNewcal asigur\u0103 necesarul de calciu care \u00eembun\u0103t\u0103\u021be\u0219te calitatea fructelor \u0219i m\u0103reste durata de p\u0103strare a lor<\/td>\n<\/tr>\n<tr>\n<td valign=\"top\" width=\"32\"><\/td>\n<td valign=\"top\" width=\"122\"><\/td>\n<td valign=\"top\" width=\"129\"><\/td>\n<td valign=\"top\" width=\"153\"><\/td>\n<td valign=\"top\" width=\"197\"><\/td>\n<\/tr>\n<tr>\n<td valign=\"top\" width=\"32\">7.<\/td>\n<td valign=\"top\" width=\"122\">Pe toata perioada de vegetatie<\/td>\n<td valign=\"top\" width=\"129\">Trainer<\/td>\n<td valign=\"top\" width=\"153\">1\/300 l apa<\/td>\n<td valign=\"top\" width=\"197\">Aplicare din 7 in 7 zile<\/td>\n<\/tr>\n<tr>\n<td valign=\"top\" width=\"32\">8.<\/td>\n<td valign=\"top\" width=\"122\">Pe toata perioada de vegetatie<\/td>\n<td valign=\"top\" width=\"129\">Myr Calcium<\/td>\n<td valign=\"top\" width=\"153\">5 kg\/ha\/14 zile<\/td>\n<td valign=\"top\" width=\"197\">Asigura aportul de calciu necesar plantei<\/td>\n<\/tr>\n<tr>\n<td valign=\"top\" width=\"32\">9.<\/td>\n<td valign=\"top\" width=\"122\">Pe toata perioada de vegetatie<\/td>\n<td valign=\"top\" width=\"129\">Myr Micro<\/td>\n<td valign=\"top\" width=\"153\">1l\/ha\/14 zile<\/td>\n<td valign=\"top\" width=\"197\">Asigura necesarul de microelemente<\/td>\n<\/tr>\n<tr>\n<td valign=\"top\" width=\"32\">10.<\/td>\n<td valign=\"top\" width=\"122\">Inainte de a intra in repaus vegetativ<\/td>\n<td valign=\"top\" width=\"129\">Phosphit One<\/td>\n<td valign=\"top\" width=\"153\">3 l\/ha<\/td>\n<td valign=\"top\" width=\"197\">Ajuta la lemnificarea lastarilor tineri<\/td>\n<\/tr>\n<\/tbody>\n<\/table>\n<\/div>\n<p><strong><em>A.\u00a0\u00a0\u00a0\u00a0\u00a0\u00a0\u00a0 <\/em><\/strong><em>Produse de nutri\u021bie vegetal\u0103 destinate culturilor ecologice<\/em>:<br \/>\n<strong>Algiforte<\/strong>: biostimulator natural care diminueaz\u0103 efectele stresului de origine abiotic\u0103 \u015fi biotic\u0103. Bionutrient cu alge \u0219i solu\u021bie de magneziu complexat\u0103. Con\u021bine fitohormoni naturali din extracte de alge marine (<em>Ascophyllum nodosum<\/em>), care stimuleaz\u0103 producerea de c\u0103tre plante a substan\u021belor care m\u0103resc rezisten\u021ba la infec\u021bii patogene);<br \/>\n<strong>Scudo: <\/strong>\u00eengr\u0103\u0219\u0103m\u00e2nt lichid cu aminoacizi vegetali \u0219i chelat de cupru. Trateaz\u0103 caren\u021ba de cupru \u0219i cre\u0219te rezisten\u021ba plantelor la boli fungice \u0219i bacteriene. Ac\u021bioneaza rapid \u0219i eficient, \u00eentruc\u00e2t cuprul este legat de aminoacizii vegetali \u0219i de acidul gluconic. Ajut\u0103 plantele s\u0103 previn\u0103 rapid stresul indus de dezechilibrul nutritiv \u0219i de condi\u021biile de mediu nefavorabile, datorit\u0103 prezen\u021bei acidului gluconic, a aminoacizilor vegetali \u0219i a altor molecule cu valoare biologic\u0103 ridicat\u0103.<br \/>\n<strong>Algaren Twin: <\/strong>\u00eengr\u0103\u0219\u0103minte organice de natur\u0103 vegetal\u0103, ce con\u021bin extracte de alge brune Ecklonia maxima. Ecklonia maxima este o alg\u0103 marin\u0103 ce cre\u0219te \u00een emisfera sudic\u0103. Ea se recolteaz\u0103 manual, la maturitate, moment \u00een care raportul dintre auxine \u0219i citokinine este cel mai mare.<br \/>\nStimuleaz\u0103 dezvoltarea r\u0103d\u0103cinilor. Asigur\u0103 un \u00eenflorit \u0219i o legare abundent\u0103 a fructelor, \u00eembun\u0103t\u0103\u021be\u0219te componentele nutri\u021bionale din sol precum \u0219i utilizarea apei, reduce daunele provocate r\u0103d\u0103cinii de c\u0103tre agen\u021bii patogeni \u0219i nematozi prin dezvoltarea unui num\u0103r mai mare de r\u0103d\u0103cini.<br \/>\n<strong>Borogreen L: <\/strong>este un fertilizant lichid care, datorit\u0103 concentra\u021biei sale ridicate, a purit\u0103\u021bii \u0219i a formul\u0103rii specifice, \u00eembun\u0103t\u0103\u021be\u0219te penetrarea borului \u0219i translocarea lui \u00een \u021besuturile vegetale. Acest element favorizeaz\u0103 sinteza zaharurilor \u0219i a proteinelor. Formularea pe baz\u0103 de bor este complexat\u0103 cu o molecul\u0103 organic\u0103 \u0219i este solu\u021bia ideal\u0103 pentru prevenirea \u0219i tratarea caren\u021belor care se manifest\u0103 printr-o legare redus\u0103 a fructelor la legume \u0219i pomi fructiferi, necrozarea \u0219i c\u0103derea florilor la vi\u021ba de vie, etc.<br \/>\n<strong>Auxym: <\/strong>\u00eegr\u0103\u0219\u0103m\u00e2nt natural superconcentrat cu oligoelemente. Este un fitoregulator bogat \u00een auxine, citochinine \u0219i gibereline ce spore\u0219te metabolismul \u0219i m\u0103re\u0219te divizarea celulelor, ajut\u0103 la dezvoltarea plantelor, cre\u0219te rezisten\u021ba plantei \u00een condi\u021bii climatice nefavorabile \u0219i la boli.<br \/>\nCompus din extracte vegetale naturale, capabil s\u0103 stimuleze dezvoltarea fiziologic\u0103 a plantei \u00eentr-un mod optim, fiind cel mai eficient mod de ob\u021binere de produc\u021bii ideale din punct de vedere al calit\u0103\u021bii \u0219i cantit\u0103\u021bii.<br \/>\n<strong>Kerafol Evo<\/strong>: activator de cre\u0219tere, anti stres, cicatrizant; stimuleaz\u0103 \u00eenflorirea, fructificarea, maturarea, rezisten\u021ba la p\u0103strare; contribuie la refacerea \u021besuturilor afectate de arsuri solare,\u00a0 accidente climatice (grindin\u0103, \u00eenghe\u021b, etc) \u0219i accidente mecanice.<br \/>\n<strong>Nutrigreen AD: <\/strong>este un fertilizant lichid ce con\u021bine aminoacizi ob\u021binu\u021bi prin hidroliz\u0103 enzimatic\u0103, ce stimuleaz\u0103 procesele fiziologice din plant\u0103. Aminoacizii, peptidele \u0219i oligopeptidele cu mas\u0103 molecular\u0103 mic\u0103 ce sunt con\u021binute \u00een produs aprovizioneaz\u0103 planta cu compu\u0219i organici cu azot u\u0219or asimilabili, ce pot fi metaboliza\u021bi rapid de plante, economisind cantit\u0103\u021bi mari de energie. Stimuleaz\u0103 cre\u0219terea vegetativ\u0103, \u00eembun\u0103t\u0103\u021be\u0219te cre\u0219terea fructelor, cre\u0219te permeabilitatea membranei celulare, rezult\u00e2nd \u00eentr-o mai bun\u0103 absorb\u021bie a elementelor nutritive.<br \/>\n<strong>N Fix: <\/strong>faciliteaz\u0103 eficien\u021ba absorb\u021biei azotului atmosferic \u0219i din sol, favorizeaz\u0103 absorb\u021bia de vitamine \u0219i alte substan\u021be care stimuleaz\u0103 cre\u0219terea, stimuleaz\u0103 germina\u021bia semin\u021belor \u0219i dezvoltarea sistemului radicular, m\u0103re\u0219te rezisten\u021ba plantelor \u00eempotriva patogenilor.<br \/>\n<strong>P Sol: <\/strong>datorit\u0103 multitudinii de bacterii din care este compus, joac\u0103 un rol foarte important \u00een solubilizarea \u0219i absorb\u021bia fosfa\u021bilor prezen\u021bi \u00een sol \u0219i a celor adu\u0219i prin fertilizare. Este stimulent al mecanismelor de inducere a rezisten\u021bei plantelor la stresul abiotic precum \u0219i \u00eempotriva atacului bolilor fungice \u0219i bacteriene.<br \/>\n<strong>Vitaven: <\/strong>este un \u00eengr\u0103\u0219\u0103m\u00e2nt organic lichid de origine vegetal\u0103 ce con\u021bine un procent ridicat de carbohidra\u021bi, peptide \u0219i aminoacizi, elemente esen\u021biale pentru desf\u0103\u0219urarea func\u021biilor metabolice din plante. Produsul este ob\u021binut prin procese naturale de hidroliz\u0103 enzimatic\u0103 \u0219i prin solubilizarea substan\u021belor vegetale, ceea ce garanteaz\u0103 prezen\u021ba unui con\u021binut ridicat de carbohidra\u021bi \u0219i aminoacizi levogiri liberi, esen\u021biali pentru realizarea func\u021biilor metabolice \u00een plante. Ajut\u0103 la translocarea \u2013 elementelor nutritive aplicate pe frunze sau prin fertigare. Produsul, prin ac\u021biunea sa nutritiv\u0103, favorizeaz\u0103 activitatea fotosintetic\u0103 \u0219i sinteza proteinelor \u00een plante.<br \/>\n<strong>Vit-Org: <\/strong>este un \u00eengr\u0103\u0219\u0103m\u00e2nt organic lichid pe baz\u0103 de extracte vegetale \u0219i polizaharide. Are o concentra\u021bie ridicat\u0103 de carbon, azot \u0219i potasiu sub form\u0103 organic\u0103. Stimuleaz\u0103 metabolismul, favoriz\u00e2nd\u00a0\u00a0 dep\u0103\u0219irea\u00a0\u00a0 condi\u021biilor\u00a0\u00a0 de\u00a0\u00a0 stres.Produsul\u00a0\u00a0 favorizeaz\u0103\u00a0\u00a0 penetrarea\u00a0\u00a0 pesticidelor\u00a0\u00a0 \u0219i\u00a0 \u00eengr\u0103\u0219\u0103mintelor minerale, \u00eembun\u0103t\u0103\u021be\u0219te calitatea, cantitatea precum \u0219i propriet\u0103\u021bile organoleptice\u00a0 ale produc\u021biei.<br \/>\n<strong>Newcal: <\/strong>este un fertilizant lichid extrem de pur, ce are o concentra\u021bie ridicat\u0103 de clorur\u0103 de calciu. Asigur\u0103 prevenirea caren\u021belor \u0219i tratarea bolilor fiziologice ar fi p\u0103tarea neagr\u0103 a fructelor la m\u0103r (bitter pit), putregaiul apical al fructelor la tomate. \u00cen plus este recomandat pentru a cre\u0219te consisten\u021ba fructelor, s\u0103 le \u00eembun\u0103t\u0103\u021besc\u0103 durata de p\u0103strare precum \u0219i pentru colorare.<br \/>\n<strong>K Sol: <\/strong>solubilizant al potasiului din sol. Solubilizeaz\u0103 \u0219i transform\u0103 potasiul blocat \u00een sol \u0219i compu\u0219ii de potasiu insolubili \u00een forme disponibile pentru plant\u0103. Cre\u0219te absorb\u021bia de Mn, Fe, Mo, Bo, Zn, Cu, dac\u0103 sunt prezente \u00een sol sub forme inaccesibile, accelereaz\u0103 cre\u0219terea r\u0103d\u0103cinilor \u0219i dezvoltarea tuturor organelor plantei, cre\u0219te rezisten\u021ba plantelor \u00eempotriva atacului bolilor fungice.<br \/>\n<strong>Trainer: <\/strong>\u00eegr\u0103\u0219\u0103m\u00e2nt pe baza de aminoacizi vegetali pentru stimularea dezvoltarii plantelor este absorbit rapid de frunze si transportat in tesutul plantei, realizandu-si functiile in interiorul plantei in cateva ore generand: actiune antistres, actiunea fitosimulanta si actiunea\u00a0 nutritiva.\u00a0 actiunea fitostimulanta, imbunatateste cresterea plantei si sprijina cele mai delicate faze (cresterea, formarea si marirea fructului, etc.).<br \/>\n<strong>Myr Calcium: <\/strong>\u00eengr\u0103\u0219\u0103m\u00e2nt organic lichid, anticaren\u021bial ce con\u021bine calciu. Previne \u0219i elimin\u0103 deficientul de calciu. Ac\u021biunea stimulatoara a substan\u021belor humice solubile asupra r\u0103d\u0103cinii, face ca efectul s\u0103 fie rapid \u0219i complet. Eficacitatea sa deriv\u0103 din faptul c\u0103 este combinat cu acidul gluconic\u00a0 \u0219i amoniacizii levorotativi de origine vegetal\u0103 care u\u0219ureaza asimilarea sa de c\u0103tre plante.<br \/>\n<strong>Myr Micro: <\/strong>\u00eengr\u0103\u0219\u0103m\u00e2nt lichid, realizat pentru a preveni \u0219i trata microdeficien\u021bele, pentru a \u00eembun\u0103t\u0103\u021bi dezvoltarea \u0219i calitatea produc\u021biei, asigur\u00e2nd cele mai importante microelemente printr-o aplicare foliar\u0103. Microelementele (B, Fe, Mn, Zn, C) sunt combinate cu acidul gluconic \u0219i aminoacizi de origine vegetal\u0103, fac\u00e2nd ca acestea s\u0103 fie u\u0219or asimilabile \u0219i transferabile \u00een interiorul plantei.<br \/>\n<strong>Phosphit One: <\/strong>fitostimulator pe baza de fosfor, potasiu si aminoacizi vegetali. Compozitia il face si un ingrasamant lichid, organo-mineral, conceput pentru a imbunatati starea nutritiva a plantelor, prin contributia Fosforului (P), Potasiului (K)\u00a0 si\u00a0 aminoacizilor\u00a0 vegetali.\u00a0 Aceasta\u00a0 formula\u00a0 vegetala activeaza mecanismele naturale, fizice si biochimice de aparare a culturilor, care vor fi mai rezistente la adversitatile climatice si patogene.<\/p>\n<p>&nbsp;<\/p>\n<div>\n<p><strong>PROGRAM ECOLOGIC DE PREVENIRE \u0218I COMBATERE A BOLILOR \u0218I D\u0102UN\u0102TORILOR LA SPECIA AFIN<\/strong><\/p>\n<div class=\"table-1\">\n<table>\n<tbody>\n<tr>\n<td valign=\"top\" width=\"43\">\n<p align=\"center\"><strong><em>Nr.<\/em><\/strong><\/p>\n<\/td>\n<td valign=\"top\" width=\"89\">\n<p align=\"right\"><strong><em>Fenofaza<\/em><\/strong><\/p>\n<\/td>\n<td valign=\"top\" width=\"142\"><strong><em>Organisme \u021bint\u0103 (patogeni\/d\u0103un\u0103tori)<\/em><\/strong><\/td>\n<td valign=\"top\" width=\"161\"><strong><em>Produse recomandate<\/em><\/strong><\/td>\n<td valign=\"top\" width=\"104\"><strong><em>Conc. (%)\/Doza (l; kg\/ha)<\/em><\/strong><\/td>\n<td valign=\"top\" width=\"149\"><strong><em>Observa\u021bii<\/em><\/strong><\/td>\n<\/tr>\n<tr>\n<td valign=\"top\" width=\"43\"><strong>\u00a0<\/strong><\/p>\n<p><strong>\u00a0<\/strong><\/p>\n<p align=\"center\">T1.<\/p>\n<\/td>\n<td valign=\"top\" width=\"89\"><strong>\u00a0<\/strong><\/p>\n<p>\u00cenceput dezmugurit<\/td>\n<td valign=\"top\" width=\"142\">Patogeni micotici \u0219i bacterieni<\/p>\n<p>D\u0103un\u0103tori:\u00a0\u00a0\u00a0\u00a0\u00a0\u00a0\u00a0\u00a0\u00a0\u00a0\u00a0\u00a0 afide,<br \/>\nacarieni,\u00a0\u00a0\u00a0\u00a0\u00a0\u00a0\u00a0\u00a0\u00a0\u00a0\u00a0\u00a0 p\u0103duchi<br \/>\n\u021besto\u0219i,\u00a0\u00a0\u00a0\u00a0\u00a0\u00a0\u00a0\u00a0\u00a0\u00a0\u00a0\u00a0\u00a0\u00a0\u00a0\u00a0\u00a0 insecte defoliatoare, cicade, etc. (forma hibernant\u0103)<\/td>\n<td valign=\"top\" width=\"161\"><strong>\u00a0<\/strong><\/p>\n<p align=\"center\">Bouille Bordelaise WDG<br \/>\n+<br \/>\nOvipron Top<\/p>\n<\/td>\n<td valign=\"top\" width=\"104\"><strong>\u00a0<\/strong><\/p>\n<p align=\"center\">0,5%<\/p>\n<p align=\"center\">0,2%<\/p>\n<\/td>\n<td valign=\"top\" width=\"149\">Tratament\u00a0\u00a0\u00a0\u00a0\u00a0\u00a0\u00a0\u00a0\u00a0\u00a0\u00a0\u00a0\u00a0\u00a0 foarte<br \/>\nimportant\u00a0\u00a0\u00a0\u00a0\u00a0\u00a0\u00a0\u00a0\u00a0\u00a0\u00a0\u00a0\u00a0\u00a0 pentru<br \/>\nreducerea\u00a0\u00a0\u00a0\u00a0\u00a0\u00a0\u00a0\u00a0\u00a0\u00a0\u00a0\u00a0 rezervei biologice de boli \u0219i d\u0103un\u0103tori.<\/td>\n<\/tr>\n<tr>\n<td valign=\"top\" width=\"43\"><strong>\u00a0<\/strong><\/p>\n<p align=\"center\">T2.<\/p>\n<\/td>\n<td valign=\"top\" width=\"89\">\n<p align=\"right\">Buton floral<\/p>\n<\/td>\n<td valign=\"top\" width=\"142\">Patogeni\u00a0\u00a0\u00a0\u00a0 micotici\u00a0\u00a0\u00a0\u00a0 \u0219i bacterieni<\/p>\n<p><em>D\u0103un\u0103tori<\/em>:\u00a0\u00a0\u00a0\u00a0\u00a0\u00a0\u00a0\u00a0\u00a0 insecte<br \/>\ndefoliatoare,\u00a0\u00a0\u00a0\u00a0\u00a0\u00a0\u00a0\u00a0 afide, g\u0103rg\u0103ri\u021ba florilor, etc.<\/td>\n<td valign=\"top\" width=\"161\">Copfort<\/p>\n<p>Ovipron Deffort<\/td>\n<td valign=\"top\" width=\"104\">\n<p align=\"center\">0,15%<\/p>\n<p align=\"center\">0,1%<br \/>\n0,3%<\/p>\n<\/td>\n<td valign=\"top\" width=\"149\"><\/td>\n<\/tr>\n<tr>\n<td valign=\"top\" width=\"43\"><strong>\u00a0<\/strong><\/p>\n<p align=\"center\">T3.<\/p>\n<\/td>\n<td valign=\"top\" width=\"89\">\u00cenceput \u00eenflorit<\/td>\n<td valign=\"top\" width=\"142\">Patogeni micotici \u0219i bacterieni<\/p>\n<p>D\u0103un\u0103tori: g\u0103rg\u0103ri\u021ba florilor, insecte defoliatoare, afide, etc.<\/td>\n<td valign=\"top\" width=\"161\"><strong>\u00a0<\/strong><\/p>\n<p>Mimox<\/p>\n<p>Laser 240 SC<\/td>\n<td valign=\"top\" width=\"104\"><strong>\u00a0<\/strong><\/p>\n<p align=\"center\">0,3%<\/p>\n<p align=\"center\">0,06%<\/p>\n<\/td>\n<td valign=\"top\" width=\"149\"><\/td>\n<\/tr>\n<tr>\n<td valign=\"top\" width=\"43\"><strong>\u00a0<\/strong><\/p>\n<p align=\"center\">T4.<\/p>\n<\/td>\n<td valign=\"top\" width=\"89\">Sf\u00e2r\u0219itul \u00eenfloritului<\/td>\n<td valign=\"top\" width=\"142\">Patogeni micotici \u0219i bacterieni<\/p>\n<p>D\u0103un\u0103tori: p\u0103duchi \u021besto\u0219i, afide, etc.<\/td>\n<td valign=\"top\" width=\"161\">Red Bloc<\/p>\n<p>Deffort<br \/>\nLaser 240 SC<\/td>\n<td valign=\"top\" width=\"104\">\n<p align=\"center\">0,3%<\/p>\n<p align=\"center\">0,3%<br \/>\n0,06%<\/p>\n<\/td>\n<td valign=\"top\" width=\"149\"><\/td>\n<\/tr>\n<tr>\n<td valign=\"top\" width=\"43\"><strong>\u00a0<\/strong><\/p>\n<p align=\"center\">T5.<\/p>\n<\/td>\n<td valign=\"top\" width=\"89\">Fruct \u00een cre\u0219tere<\/td>\n<td valign=\"top\" width=\"142\">Patogeni micotici<\/p>\n<p>D\u0103un\u0103tori: afide, p\u0103duchi \u021besto\u0219i, etc.<\/td>\n<td valign=\"top\" width=\"161\">Copfort<\/p>\n<p>Deffort Bactospeine<\/td>\n<td valign=\"top\" width=\"104\">\n<p align=\"center\">0,15%<\/p>\n<p align=\"center\">0,3%<br \/>\n1 kg\/ha<\/p>\n<\/td>\n<td valign=\"top\" width=\"149\"><\/td>\n<\/tr>\n<tr>\n<td valign=\"top\" width=\"43\"><strong>\u00a0<\/strong><\/p>\n<p align=\"center\">T6.<\/p>\n<\/td>\n<td valign=\"top\" width=\"89\"><strong>\u00a0<\/strong><\/p>\n<p>Fruct \u00een p\u00e2rg\u0103<\/td>\n<td valign=\"top\" width=\"142\">Monilioz\u0103<\/p>\n<p>D\u0103un\u0103tori: p\u0103duchi \u021besto\u0219i, etc.<\/td>\n<td valign=\"top\" width=\"161\">Red Bloc<\/p>\n<p>Hunter + Boundary<\/td>\n<td valign=\"top\" width=\"104\">\n<p align=\"center\">0,4%<\/p>\n<p align=\"center\">0,4%+0,2%<\/p>\n<\/td>\n<td valign=\"top\" width=\"149\"><\/td>\n<\/tr>\n<tr>\n<td valign=\"top\" width=\"43\"><strong>\u00a0<\/strong><\/p>\n<p align=\"center\">T7.<\/p>\n<\/td>\n<td valign=\"top\" width=\"89\"><strong>\u00a0<\/strong><\/p>\n<p align=\"center\">Dup\u0103 recoltarea fructelor<\/p>\n<\/td>\n<td valign=\"top\" width=\"142\">Monilioz\u0103 \u0219i al\u021bi patogeni micotici<\/p>\n<p>D\u0103un\u0103tori: p\u0103duchi \u021besto\u0219i, acarieni, afide, etc.<\/td>\n<td valign=\"top\" width=\"161\">Bouille Bordelaise WDG Microthiol Special<\/td>\n<td valign=\"top\" width=\"104\">\n<p align=\"center\">0,5%<\/p>\n<p><strong>\u00a0<\/strong><\/p>\n<p align=\"center\">5,0%<\/p>\n<\/td>\n<td valign=\"top\" width=\"149\"><\/td>\n<\/tr>\n<tr>\n<td valign=\"top\" width=\"43\"><strong>\u00a0<\/strong><\/p>\n<p align=\"center\">T8.<\/p>\n<\/td>\n<td valign=\"top\" width=\"89\"><strong>\u00a0<\/strong><\/p>\n<p>La c\u0103derea frunzelor<\/td>\n<td valign=\"top\" width=\"142\">Patogeni micotici<\/p>\n<p>D\u0103un\u0103tori (forma hibernant\u0103)<\/td>\n<td valign=\"top\" width=\"161\">Bouille Bordelaise WDG<br \/>\nOvipron Top<\/td>\n<td valign=\"top\" width=\"104\">\n<p align=\"center\">0,5%<\/p>\n<p align=\"center\">0,2%<\/p>\n<\/td>\n<td valign=\"top\" width=\"149\">Tratament\u00a0\u00a0\u00a0\u00a0\u00a0\u00a0\u00a0\u00a0\u00a0\u00a0\u00a0\u00a0\u00a0\u00a0 foarte<br \/>\nimportant\u00a0\u00a0\u00a0\u00a0\u00a0\u00a0\u00a0\u00a0\u00a0\u00a0\u00a0\u00a0\u00a0\u00a0 pentru<br \/>\nreducerea\u00a0\u00a0\u00a0\u00a0\u00a0\u00a0\u00a0\u00a0\u00a0\u00a0\u00a0\u00a0 rezervei biologice de boli \u0219i d\u0103un\u0103tori<\/td>\n<\/tr>\n<\/tbody>\n<\/table>\n<\/div>\n<\/div>\n<p>&nbsp;<\/p>\n<p><strong><em>B: <\/em><\/strong><em>Produse de stimulare a mecanismelor de autoap\u0103rare \u0219i cre\u0219tere a rezisten\u021bei la stres \u0219i agen\u021bi de d\u0103unare<\/em>:<br \/>\n<strong>Copfort<\/strong>: fortifiant pentru plante \u015fi inductor de ap\u0103rare sistemic, cu efect fungicid \u015fi bactericid. Cuprul sistemic este absorbit rapid \u015fi translocat \u00een plant\u0103 \u0219i controleaz\u0103 un spectru foarte larg de boli: man\u0103, putregaiuri, fuzarioz\u0103, bacterioze, f\u0103in\u0103ri, rugini, etc.<br \/>\n<strong>Mimox<\/strong>: fungicid organic sistemic, alternativ\u0103 natural\u0103 pentru controlul bolilor, precum putregai cenu\u0219iu, man\u0103, f\u0103inare, rap\u0103n, fuzarioz\u0103, etc.);<br \/>\n<strong>Bactospeine DF<\/strong>: insecticid biologic pe baz\u0103 de <em>Bacillus thuringiensis <\/em>ssp. Kurstaki Strain ABST 351<strong>)<\/strong>;<br \/>\n<strong>Laser\u00a0 240\u00a0 SC\u00a0 <\/strong>insecticid\u00a0 biologic\u00a0 pe\u00a0 baz\u0103\u00a0 de\u00a0 spinosad\u00a0 \u2013\u00a0 produs\u00a0 de\u00a0 fermenta\u021bie\u00a0 al bacteriei <em>Saccharopolyspora Spinosae<\/em>;<br \/>\n<strong>Deffort<\/strong>: insecticid organic cu efect repelent, m\u0103re\u0219te capacitatea de autoap\u0103rare; prin aplicare se evit\u0103 depunerea ou\u0103lor de c\u0103tre parazi\u021bi);<br \/>\n<strong>Hunter: <\/strong>fertilizant \u0219i insecticid \u2013 stimuleaz\u0103 vigoarea plantei, chiar dac\u0103 plantele sunt atacate de parazi\u021bi, ele \u00eencheie ciclul de produc\u021bie cu rezultate bune.<br \/>\n<strong>Boundary: <\/strong>combina\u021bie de pesticid \u0219i fertilizant organic \u2013 ac\u021bioneaz\u0103 din punct de vedere fizic asupra insectelor (le distruge)\u0219i \u00een acela\u0219i timp stimuleaz\u0103 dezvoltarea vegetativ\u0103 a plantelor.<br \/>\n<strong>Red Bloc: <\/strong>fertilizant, protector \u0219i cicatrizant \u2013 cre\u0219te produc\u021bia de fitoalexine care dezvolt\u0103 planta, iar Iodinele stimuleaz\u0103 mecanismele enzimatice din plant\u0103<\/p>\n","protected":false},"excerpt":{"rendered":"<p>Rezultate PLAN DE FERTILIZARE RECOMANDAT \u00ceN CULTURA AFINULUI CULTIVAT \u00ceN SISTEM ECOLOGIC Nr. crt. Momentul aplic\u0103rii (Fenofaz\u0103) Produse recomandate Conc.\u00a0\u00a0\u00a0\u00a0\u00a0\u00a0 (%)\/Doza\u00a0\u00a0\u00a0\u00a0\u00a0\u00a0 (l; kg\/ha) Observa\u021bii 1. La\u00a0\u00a0\u00a0\u00a0\u00a0 pornirea\u00a0\u00a0\u00a0\u00a0\u00a0\u00a0\u00a0\u00a0\u00a0\u00a0 \u00een vegeta\u021bie ALGIFORTE SCUDO 0,1% 200 ml\/100l ap\u0103 -Bionutrient din alge cu\u00a0 oxid de magneziu complexat\u0103 &#8211; trateaza carenta de cupru si creste rezistenta plantelor la boli fungice  [&#8230;]<\/p>\n","protected":false},"author":1,"featured_media":0,"parent":11609,"menu_order":1,"comment_status":"closed","ping_status":"closed","template":"","meta":{"ngg_post_thumbnail":0,"footnotes":""},"categories":[],"tags":[],"class_list":["post-11619","page","type-page","status-publish","hentry"],"_links":{"self":[{"href":"https:\/\/icdp.ro\/ro\/wp-json\/wp\/v2\/pages\/11619","targetHints":{"allow":["GET"]}}],"collection":[{"href":"https:\/\/icdp.ro\/ro\/wp-json\/wp\/v2\/pages"}],"about":[{"href":"https:\/\/icdp.ro\/ro\/wp-json\/wp\/v2\/types\/page"}],"author":[{"embeddable":true,"href":"https:\/\/icdp.ro\/ro\/wp-json\/wp\/v2\/users\/1"}],"replies":[{"embeddable":true,"href":"https:\/\/icdp.ro\/ro\/wp-json\/wp\/v2\/comments?post=11619"}],"version-history":[{"count":3,"href":"https:\/\/icdp.ro\/ro\/wp-json\/wp\/v2\/pages\/11619\/revisions"}],"predecessor-version":[{"id":11622,"href":"https:\/\/icdp.ro\/ro\/wp-json\/wp\/v2\/pages\/11619\/revisions\/11622"}],"up":[{"embeddable":true,"href":"https:\/\/icdp.ro\/ro\/wp-json\/wp\/v2\/pages\/11609"}],"wp:attachment":[{"href":"https:\/\/icdp.ro\/ro\/wp-json\/wp\/v2\/media?parent=11619"}],"wp:term":[{"taxonomy":"category","embeddable":true,"href":"https:\/\/icdp.ro\/ro\/wp-json\/wp\/v2\/categories?post=11619"},{"taxonomy":"post_tag","embeddable":true,"href":"https:\/\/icdp.ro\/ro\/wp-json\/wp\/v2\/tags?post=11619"}],"curies":[{"name":"wp","href":"https:\/\/api.w.org\/{rel}","templated":true}]}}