{"id":11615,"date":"2019-01-16T11:43:27","date_gmt":"2019-01-16T09:43:27","guid":{"rendered":"http:\/\/icdp.ro\/?page_id=11615"},"modified":"2023-09-25T23:29:41","modified_gmt":"2023-09-25T20:29:41","slug":"obiective","status":"publish","type":"page","link":"https:\/\/icdp.ro\/ro\/cercetare\/proiecte-nationale\/proiect-ci-139\/obiective\/","title":{"rendered":"Obiective"},"content":{"rendered":"<h5><strong>Obiective<\/strong><\/h5>\n<p><strong>Obiectiv principal al proiectului <\/strong>al proiectului \u00eel reprezint\u0103 cre\u0219terea competitivit\u0103\u021bii agentului economic SC Landcor Agro SRL, prin utilizarea expertizei ICDP Pite\u0219ti \u2013 M\u0103r\u0103cineni \u00een vedera cre\u0219terii calit\u0103\u021bii fructelor oferite consumatorilor \u0219i reducerea pierderilor, la specia afin.<br \/>\n<strong><em>Obiective specifice<\/em><\/strong>:<br \/>\na) <strong><em>elaborarea modelului experimental<\/em><\/strong>tin\u00e2nd cont de condi\u021biile particulare pedo-climatice, stabilirea rezervei de boli \u0219i d\u0103un\u0103tori specifici \u00een func\u021bie de sortimentul beneficiarului;<br \/>\nb) <strong><em>trasferul tehnologiei c\u0103tre beneficiar -implementarea tehnologiei de nutri\u021bie \u0219i fitoprotec\u021bie la specia afin<\/em><\/strong>.<\/p>\n","protected":false},"excerpt":{"rendered":"<p>Obiective Obiectiv principal al proiectului al proiectului \u00eel reprezint\u0103 cre\u0219terea competitivit\u0103\u021bii agentului economic SC Landcor Agro SRL, prin utilizarea expertizei ICDP Pite\u0219ti \u2013 M\u0103r\u0103cineni \u00een vedera cre\u0219terii calit\u0103\u021bii fructelor oferite consumatorilor \u0219i reducerea pierderilor, la specia afin. Obiective specifice: a) elaborarea modelului experimentaltin\u00e2nd cont de condi\u021biile particulare pedo-climatice, stabilirea rezervei de boli \u0219i d\u0103un\u0103tori specifici  [&#8230;]<\/p>\n","protected":false},"author":1,"featured_media":0,"parent":11609,"menu_order":4,"comment_status":"closed","ping_status":"closed","template":"","meta":{"ngg_post_thumbnail":0,"footnotes":""},"categories":[],"tags":[],"class_list":["post-11615","page","type-page","status-publish","hentry"],"_links":{"self":[{"href":"https:\/\/icdp.ro\/ro\/wp-json\/wp\/v2\/pages\/11615","targetHints":{"allow":["GET"]}}],"collection":[{"href":"https:\/\/icdp.ro\/ro\/wp-json\/wp\/v2\/pages"}],"about":[{"href":"https:\/\/icdp.ro\/ro\/wp-json\/wp\/v2\/types\/page"}],"author":[{"embeddable":true,"href":"https:\/\/icdp.ro\/ro\/wp-json\/wp\/v2\/users\/1"}],"replies":[{"embeddable":true,"href":"https:\/\/icdp.ro\/ro\/wp-json\/wp\/v2\/comments?post=11615"}],"version-history":[{"count":1,"href":"https:\/\/icdp.ro\/ro\/wp-json\/wp\/v2\/pages\/11615\/revisions"}],"predecessor-version":[{"id":11616,"href":"https:\/\/icdp.ro\/ro\/wp-json\/wp\/v2\/pages\/11615\/revisions\/11616"}],"up":[{"embeddable":true,"href":"https:\/\/icdp.ro\/ro\/wp-json\/wp\/v2\/pages\/11609"}],"wp:attachment":[{"href":"https:\/\/icdp.ro\/ro\/wp-json\/wp\/v2\/media?parent=11615"}],"wp:term":[{"taxonomy":"category","embeddable":true,"href":"https:\/\/icdp.ro\/ro\/wp-json\/wp\/v2\/categories?post=11615"},{"taxonomy":"post_tag","embeddable":true,"href":"https:\/\/icdp.ro\/ro\/wp-json\/wp\/v2\/tags?post=11615"}],"curies":[{"name":"wp","href":"https:\/\/api.w.org\/{rel}","templated":true}]}}