{"id":11613,"date":"2019-01-16T11:43:02","date_gmt":"2019-01-16T09:43:02","guid":{"rendered":"http:\/\/icdp.ro\/?page_id=11613"},"modified":"2023-09-25T23:29:35","modified_gmt":"2023-09-25T20:29:35","slug":"necesitate","status":"publish","type":"page","link":"https:\/\/icdp.ro\/ro\/cercetare\/proiecte-nationale\/proiect-ci-139\/necesitate\/","title":{"rendered":"Necesitate"},"content":{"rendered":"<h5><strong>Necesitatea proiectului:<\/strong><\/h5>\n<p>Pomicultura reprezint\u0103 una dintre ramurile importante ale agriculturii rom\u00e2ne\u0219ti. \u00cen anul 2014, suprafa\u021ba total\u0103 a planta\u021biilor pomicole era de 158.609,5 ha (cca. 1,7% din suprafa\u021ba agricol\u0103 a \u021b\u0103rii), din care peste 310 ha cu afin, cu tendin\u021b\u0103 de extindere \u00een viitorul apropiat. (Sumedrea, Isac, \u0219i colab. 2014, ICDP, 2016). \u00cen cadrul PNDR 2014-2020, Subprogramul pomicol &#8211; Submasura 4.1a \u2013 \u201e<em>Investi\u021bii \u00een exploata\u021bii pomicole\u201d, <\/em>afinul se situeaz\u0103 pe locul 3 din punct de vedere al suprafe\u021belor solicitate a fi plantate prin proiectele ce pot fi finan\u021bate, cu aproximativ 340 ha proiecte avizate \u00een anul 2016, cea mai mare parte \u00een sistem ecologic. At\u00e2t pe pia\u021ba european\u0103, c\u00e2t \u0219i pe cea autohton\u0103 exist\u0103 o cerere de fructe ecologice \u00een continu\u0103 cre\u0219tere, cultura afinului, \u00eentr-o accentuat\u0103 extindere, fiind una dintre principalele surse de principii nutritive, vitamine, minerale, antioxidan\u021bi.<br \/>\n<em>Protec\u021bia mediului \u00eenconjur\u0103tor \u0219i protejarea consumatorilor<\/em>, \u00een toate \u021b\u0103rile lumii se consider\u0103 c\u0103 constituie problema prioritar\u0103 a cercet\u0103rii, fiecare domeniu de activitate fiind chemat s\u0103 contribuie la realizarea acestui deziderat. La nivel mondial, valoarea pie\u021bei produselor organice a crescut de la 17,9 milioane USD \u00een anul 2000 la 81,6 milioane USD \u00een anul 2015. \u00cen Europa, suprafa\u021ba cultivat\u0103 \u00een sistem organic a crescut la aproape 13 milioane ha (reprezent\u00e2nd aproximativ 25% din suprafa\u021ba cultivat\u0103 la nivel mondial), suprafa\u021b\u0103 care ofer\u0103 cca. 14% din produc\u021bia mondial\u0103 (H\u04d3mmerli F., Willer H., 2017, Research Institute of Organic Agriculture). \u00cen Rom\u00e2nia, conform statisticilor MADR, suprafa\u021ba cultivat\u0103 \u00een sistem ecologic a crescut de la 182.706 ha \u00een anul 2010 la 245.924 \u00een anul 2015. \u00cen domeniul pomiculturii \u0219i viticulturii, suprafa\u021ba cultivat\u0103 \u00een sistem ecologic a crescut de la 3.093 ha \u00een anul 2000 la 11.117 ha \u00een anul 2015, fiind \u00een continu\u0103 cre\u0219tere. (<a href=\"http:\/\/www.madr.ro\/agricultura-ecologic\u0103\">www.madr.ro\/agricultura-ecologic\u0103<\/a>).<\/p>\n","protected":false},"excerpt":{"rendered":"<p>Necesitatea proiectului: Pomicultura reprezint\u0103 una dintre ramurile importante ale agriculturii rom\u00e2ne\u0219ti. \u00cen anul 2014, suprafa\u021ba total\u0103 a planta\u021biilor pomicole era de 158.609,5 ha (cca. 1,7% din suprafa\u021ba agricol\u0103 a \u021b\u0103rii), din care peste 310 ha cu afin, cu tendin\u021b\u0103 de extindere \u00een viitorul apropiat. (Sumedrea, Isac, \u0219i colab. 2014, ICDP, 2016). \u00cen cadrul PNDR 2014-2020,  [&#8230;]<\/p>\n","protected":false},"author":1,"featured_media":0,"parent":11609,"menu_order":3,"comment_status":"closed","ping_status":"closed","template":"","meta":{"ngg_post_thumbnail":0,"footnotes":""},"categories":[],"tags":[],"class_list":["post-11613","page","type-page","status-publish","hentry"],"_links":{"self":[{"href":"https:\/\/icdp.ro\/ro\/wp-json\/wp\/v2\/pages\/11613","targetHints":{"allow":["GET"]}}],"collection":[{"href":"https:\/\/icdp.ro\/ro\/wp-json\/wp\/v2\/pages"}],"about":[{"href":"https:\/\/icdp.ro\/ro\/wp-json\/wp\/v2\/types\/page"}],"author":[{"embeddable":true,"href":"https:\/\/icdp.ro\/ro\/wp-json\/wp\/v2\/users\/1"}],"replies":[{"embeddable":true,"href":"https:\/\/icdp.ro\/ro\/wp-json\/wp\/v2\/comments?post=11613"}],"version-history":[{"count":1,"href":"https:\/\/icdp.ro\/ro\/wp-json\/wp\/v2\/pages\/11613\/revisions"}],"predecessor-version":[{"id":11614,"href":"https:\/\/icdp.ro\/ro\/wp-json\/wp\/v2\/pages\/11613\/revisions\/11614"}],"up":[{"embeddable":true,"href":"https:\/\/icdp.ro\/ro\/wp-json\/wp\/v2\/pages\/11609"}],"wp:attachment":[{"href":"https:\/\/icdp.ro\/ro\/wp-json\/wp\/v2\/media?parent=11613"}],"wp:term":[{"taxonomy":"category","embeddable":true,"href":"https:\/\/icdp.ro\/ro\/wp-json\/wp\/v2\/categories?post=11613"},{"taxonomy":"post_tag","embeddable":true,"href":"https:\/\/icdp.ro\/ro\/wp-json\/wp\/v2\/tags?post=11613"}],"curies":[{"name":"wp","href":"https:\/\/api.w.org\/{rel}","templated":true}]}}