{"id":11592,"date":"2019-01-16T11:31:42","date_gmt":"2019-01-16T09:31:42","guid":{"rendered":"http:\/\/icdp.ro\/?page_id=11592"},"modified":"2023-09-25T23:12:46","modified_gmt":"2023-09-25T20:12:46","slug":"rezultate","status":"publish","type":"page","link":"https:\/\/icdp.ro\/ro\/cercetare\/proiecte-nationale\/proiect-ci-68\/rezultate\/","title":{"rendered":"Rezultate"},"content":{"rendered":"<h5><strong>Rezultate<\/strong><\/h5>\n<p align=\"center\"><strong>PROGRAM CADRU DE PREVENIRE \u0218I COMBATERE A BOLILOR \u0218I D\u0102UN\u0102TORILOR LA SPECIA CIRE\u0218<\/strong><\/p>\n<div class=\"table-1\">\n<table border=\"1\" cellspacing=\"0\" cellpadding=\"0\">\n<tbody>\n<tr>\n<td><strong><em>Nr.<\/em><\/strong><\/td>\n<td>\n<p align=\"center\"><strong><em>Fenofaza<\/em><\/strong><\/p>\n<\/td>\n<td>\n<p align=\"center\"><strong><em>Organisme \u021bint\u0103<\/em><\/strong><br \/>\n<strong><em>(patogeni\/d\u0103un\u0103tori)<\/em><\/strong><\/p>\n<\/td>\n<td>\n<p align=\"center\"><strong><em>Produse recomandate<\/em><\/strong><\/p>\n<\/td>\n<td>\n<p align=\"center\"><strong><em>Conc. (%)\/Doza (l; kg\/ha)<\/em><\/strong><\/p>\n<\/td>\n<td>\n<p align=\"center\"><strong><em>Observa\u021bii<\/em><\/strong><\/p>\n<\/td>\n<\/tr>\n<tr>\n<td>\n<p align=\"center\">T1.<\/p>\n<\/td>\n<td>\n<p align=\"center\">\u00cenceput dezmugurit<\/p>\n<\/td>\n<td>Patogenimicotici<\/p>\n<p>D\u0103un\u0103tori: afide, acarieni, p\u0103duchele din San-Jos\u00e9, etc. (forma hibernant\u0103)<\/td>\n<td>Zeam\u0103 bordelez\u0103*<br \/>\n+<br \/>\nOvipron Top*<\/td>\n<td>\n<p align=\"center\">0,5%<\/p>\n<p align=\"center\">0,2%<\/p>\n<p align=\"center\">\n<\/td>\n<td valign=\"top\">Tratament foarte important pentru reducerea rezervei biologice de boli \u0219i d\u0103un\u0103tori.<\/td>\n<\/tr>\n<tr>\n<td>\n<p align=\"center\">T2.<\/p>\n<\/td>\n<td>\n<p align=\"center\">Buton floral<\/p>\n<\/td>\n<td>Patogeni micotici<\/p>\n<p><em>D\u0103un\u0103tori<\/em>:\u00a0 insecte defoliatoare, etc.<\/td>\n<td>Copfort*<br \/>\n+<br \/>\nDeffort*<\/td>\n<td>\n<p align=\"center\">0,15%<\/p>\n<p align=\"center\">0,3%<\/p>\n<\/td>\n<td valign=\"top\">\n<p align=\"center\">\n<\/td>\n<\/tr>\n<tr>\n<td>\n<p align=\"center\">T3.<\/p>\n<\/td>\n<td>\n<p align=\"center\">\u00cenflorit<\/p>\n<\/td>\n<td>Monilioz\u0103<\/td>\n<td>Switch<\/td>\n<td>\n<p align=\"center\">1,0 kg\/ha<\/p>\n<\/td>\n<td valign=\"top\">\n<p align=\"center\">\n<\/td>\n<\/tr>\n<tr>\n<td>\n<p align=\"center\">T4.<\/p>\n<\/td>\n<td>\n<p align=\"center\">\u00cenceput scuturare petale<\/p>\n<\/td>\n<td>Patogeni micotici<\/p>\n<p>D\u0103un\u0103tori:\u00a0 insecte defoliatoare, etc.<\/td>\n<td>Mimox*<br \/>\nFunguran OH 300SC*<br \/>\nKerafol Evo*<br \/>\nDeffort*<\/td>\n<td>\n<p align=\"center\">0,3%<br \/>\n0,2%<br \/>\n0,2%<br \/>\n0,3%<\/p>\n<\/td>\n<td valign=\"top\">\n<p align=\"center\">\n<\/td>\n<\/tr>\n<tr>\n<td>\n<p align=\"center\">T5.<\/p>\n<\/td>\n<td>\n<p align=\"center\">La 10-14 zile de la tratamentul anterior<\/p>\n<\/td>\n<td>Patogeni micotici<\/p>\n<p>D\u0103un\u0103tori:\u00a0 insecte defoliatoare, etc.<\/td>\n<td>Copfort *<\/p>\n<p>Bactospeine*<\/td>\n<td>\n<p align=\"center\">0,15%<\/p>\n<p align=\"center\">1,0 kg\/ha<\/p>\n<\/td>\n<td valign=\"top\">\n<p align=\"center\">\n<\/td>\n<\/tr>\n<tr>\n<td>\n<p align=\"center\">T6.<\/p>\n<\/td>\n<td>\n<p align=\"center\">Fruct \u00een cre\u0219tere<\/p>\n<\/td>\n<td>Patogeni micotici<br \/>\nD\u0103un\u0103tori: afide, viermele cire\u0219elor, etc.<\/td>\n<td>Altosan*<br \/>\nMimox*<br \/>\nDeffort*<\/td>\n<td>\n<p align=\"center\">0,3%<br \/>\n0,3%<br \/>\n0,3%<\/p>\n<\/td>\n<td valign=\"top\">\n<p align=\"center\">\n<\/td>\n<\/tr>\n<tr>\n<td>\n<p align=\"center\">T7.<\/p>\n<\/td>\n<td>\n<p align=\"center\">Fruct \u00een p\u00e2rg\u0103<\/p>\n<\/td>\n<td>Monilioz\u0103<\/p>\n<p>&nbsp;<\/p>\n<p>D\u0103un\u0103tori: viermele cire\u0219elor, afide, etc.<\/td>\n<td>Teldor sau<br \/>\nScore 250 EC sau<br \/>\nSwitch<br \/>\n+<br \/>\nLaser 240 SC* +<br \/>\nInstalarea capcanelor DECIS TRAP*<\/td>\n<td>\n<p align=\"center\">0,08%<br \/>\n0,02%<br \/>\n1,0 kg\/ha<\/p>\n<p align=\"center\">0,06%<\/p>\n<p>&nbsp;<\/td>\n<td valign=\"top\">Se va respecta timpul de pauz\u0103 p\u00e2n\u0103 la recoltare:<br \/>\nTeldor = 1 &#8211; 3 zile<br \/>\nScore 250 EC = 7 zile<br \/>\nSwitch = 7 zile<br \/>\nLaser 240 SC = 7 zile<\/td>\n<\/tr>\n<tr>\n<td>\n<p align=\"center\">T8.<\/p>\n<\/td>\n<td>\n<p align=\"center\">Dup\u0103 recoltarea fructelor<\/p>\n<\/td>\n<td valign=\"top\">Monilioz\u0103<\/p>\n<p>D\u0103un\u0103tori: viermele cire\u0219elor, afide, etc.<\/td>\n<td valign=\"top\">Copfort*<br \/>\nAlgiforte*<br \/>\nDeffort*<\/td>\n<td valign=\"top\">\n<p align=\"center\">0,15%<br \/>\n0,4%<br \/>\n0,3%<\/p>\n<\/td>\n<td valign=\"top\">\n<p align=\"center\">\n<\/td>\n<\/tr>\n<tr>\n<td>\n<p align=\"center\">T9.<\/p>\n<\/td>\n<td>\n<p align=\"center\">Iulie &#8211; August<\/p>\n<\/td>\n<td valign=\"top\"><em>Patogeni<\/em>: antracnoz\u0103, ciuruire, etc.<br \/>\n<em>D\u0103un\u0103tori<\/em>: afide, p\u0103duchi \u021besto\u0219i, etc.<\/td>\n<td valign=\"top\">Funguran OH 300SC*<\/p>\n<p>Deffort*<br \/>\nLaser*<br \/>\nGarex B*<\/td>\n<td valign=\"top\">\n<p align=\"center\">0,3%<br \/>\n0,06%<br \/>\n0,2%<\/p>\n<\/td>\n<td valign=\"top\">\n<p align=\"center\">\n<\/td>\n<\/tr>\n<tr>\n<td>\n<p align=\"center\">T10.<\/p>\n<\/td>\n<td>\n<p align=\"center\">La c\u0103derea frunzelor<\/p>\n<\/td>\n<td>Patogeni micotici<br \/>\nD\u0103un\u0103tori (forma hibernant\u0103): afide, acarieni, etc.)<\/td>\n<td>Zeam\u0103 bordelez\u0103*<br \/>\nOvipron Top*<\/td>\n<td>\n<p align=\"center\">0,5%<br \/>\n0,2%<\/p>\n<p align=\"center\">\n<\/td>\n<td valign=\"top\">Tratament foarte important pentru reducerea rezervei biologice de boli \u0219i d\u0103un\u0103tori<\/td>\n<\/tr>\n<\/tbody>\n<\/table>\n<\/div>\n<p><strong>*<\/strong> &#8211; <strong>produse pretabile pentru agricultura ecologic\u0103 <\/strong><\/p>\n<p><em>Produse cu efect de m\u0103rire a rezisten\u021bei la infec\u021bii \u0219i factorii de stres \u0219i cu ac\u021biune curativ\u0103 asupra\u00a0 unor agen\u021bi de d\u0103unare<\/em>:<\/p>\n<p><strong>Copfort<\/strong>: fortifiant pentru plante \u015fi inductor de ap\u0103rare sistemic, cu efect fungicid \u015fi bactericid. Cuprul sistemic este absorbit rapid \u015fi translocat \u00een plant\u0103 \u0219i controleaz\u0103 un spectru foarte larg de boli: man\u0103, putregaiuri, fuzarioz\u0103, bacterioze, f\u0103in\u0103ri, rugini, etc.<\/p>\n<p><strong>Mimox<\/strong>: fungicid organic sistemic, alternativ\u0103 natural\u0103 pentru controlul bolilor, precum putregai cenu\u0219iu, man\u0103, f\u0103inare, rap\u0103n, fuzarioz\u0103, etc.);<\/p>\n<p><strong>Algiforte<\/strong>: biostimulator natural care diminueaz\u0103 efectele stresului de origine abiotic\u0103 \u015fi biotic\u0103. Bionutrient cu alge \u0219i solu\u021bie de magneziu complexat\u0103. Con\u021bine fitohormoni naturali din extracte de alge marine (<em>Ascophyllum nodosum<\/em>), care stimuleaz\u0103 producerea de c\u0103tre plante a substan\u021belor care m\u0103resc rezisten\u021ba la infec\u021bii patogene);<\/p>\n<p><strong>Altosan<\/strong>: (inductor de ap\u0103rare pe baz\u0103 de chitosan &#8211; polimer extras din cochiliile crustaceelor marine, induce formarea fitoalexinelor \u00een plante, substan\u021be responsabile de rezisten\u021ba la factorii biotici \u015fi abiotici. Aplicat preventiv, protejeaz\u0103 plantele \u00eempotriva majorit\u0103\u021bii bolilor generate de ciuperci precum: antracnoz\u0103, p\u0103tarea ale frunzelor, etc.;<\/p>\n<p><strong>Kerafol Evo<\/strong>: activator de cre\u0219tere, anti stres, cicatrizant; stimuleaz\u0103 \u00eenflorirea, fructificarea, maturarea, rezisten\u021ba la p\u0103strare; contribuie la refacerea \u021besuturilor afectate de arsuri solare, accidente climatice (grindin\u0103, \u00eenghe\u021b, etc) \u0219i accidente mecanice.<\/p>\n<p><strong>Bactospeine DF<\/strong>: insecticid biologic pe baz\u0103 de <em>Bacillus thuringiensis<\/em> ssp. Kurstaki Strain ABST 351<strong>)<\/strong>;<\/p>\n<p><strong>Laser 240 SC<\/strong> insecticid biologic pe baz\u0103 de spinosad \u2013 produs de fermenta\u021bie al bacteriei <em>Saccharopolyspora Spinosae<\/em>;<\/p>\n<p>Garex B: produs cu efect fungicid, bactericid, insecticid repelent \u015fi stimulator de fructificare pe baz\u0103 de extract concentrat de usturoi \u015fi bor);<\/p>\n<p><strong>Deffort<\/strong>: insecticid organic cu efect repelent, m\u0103re\u0219te capacitatea de autoap\u0103rare; prin aplicare se evit\u0103 depunerea ou\u0103lor de c\u0103tre parazi\u021bi);<\/p>\n<p><em>Capcane Decis Trap pentru combaterea d\u0103un\u0103torului Rhagoletis cerasi &#8211; musca cire\u0219elor<\/em><\/p>\n<p>Monitorizarea d\u0103un\u0103torului se face cu ajutorul capcanelor optice AtraCERAS<strong>, <\/strong>citirile efectu\u00e2ndu-se de dou\u0103 ori\/s\u0103pt\u0103m\u00e2n\u0103.<br \/>\nAstfel, la momentul identific\u0103rii \u00eenceputului zborului, se instaleaz\u0103 \u00een livad\u0103 capcanele <strong>Decis Trap.<\/strong> Acestea sunt prev\u0103zute cu atractan\u021bi olfactivi \u0219i alimentari pe baz\u0103 de substan\u021be proteice, \u0219i impregnate cu insecticid pe interiorul capacului, distrug\u00e2nd mu\u0219tele d\u0103un\u0103toare captate. Capcanele <strong>Decis Trap<\/strong>, dispuse \u00een livad\u0103 \u00een num\u0103r de 50-100 buc\u0103\u021bi\/ha (\u00een func\u021bie de gradul de infestare), asigur\u0103 captarea \u00een mas\u0103 a mu\u0219telor fructelor, \u00eenainte de a provoca daune.<\/p>\n<p>Managementul mu\u0219tei cire\u0219elor cu ajutorul acestor capcane, constituie un avantaj \u00eensemnat pentru fermier, prin reducerea num\u0103rului de tratamente cu insecticide \u0219i respectiv diminuarea reziduurilor din fructe.<\/p>\n<div class=\"table-td\">\n<table>\n<tbody>\n<tr>\n<td><a href=\"http:\/\/icdp.ro\/wp-content\/uploads\/2019\/01\/capcana-atraceras.jpg\"><img decoding=\"async\" class=\"alignnone size-full wp-image-11597\" src=\"http:\/\/icdp.ro\/wp-content\/uploads\/2019\/01\/capcana-atraceras.jpg\" alt=\"\" width=\"260\" height=\"195\" srcset=\"https:\/\/icdp.ro\/wp-content\/uploads\/2019\/01\/capcana-atraceras-200x150.jpg 200w, https:\/\/icdp.ro\/wp-content\/uploads\/2019\/01\/capcana-atraceras.jpg 260w\" sizes=\"(max-width: 260px) 100vw, 260px\" \/><\/a><\/td>\n<td><a href=\"http:\/\/icdp.ro\/wp-content\/uploads\/2019\/01\/capcana-decis-trap.jpg\"><img decoding=\"async\" class=\"alignnone size-full wp-image-11599\" src=\"http:\/\/icdp.ro\/wp-content\/uploads\/2019\/01\/capcana-decis-trap.jpg\" alt=\"\" width=\"260\" height=\"196\" srcset=\"https:\/\/icdp.ro\/wp-content\/uploads\/2019\/01\/capcana-decis-trap-200x151.jpg 200w, https:\/\/icdp.ro\/wp-content\/uploads\/2019\/01\/capcana-decis-trap.jpg 260w\" sizes=\"(max-width: 260px) 100vw, 260px\" \/><\/a><\/td>\n<\/tr>\n<tr>\n<td>Capcan\u0103 atraCERAS<\/td>\n<td>Capcan\u0103 <strong>Decis Trap<\/strong><\/td>\n<\/tr>\n<\/tbody>\n<\/table>\n<\/div>\n","protected":false},"excerpt":{"rendered":"<p>Rezultate PROGRAM CADRU DE PREVENIRE \u0218I COMBATERE A BOLILOR \u0218I D\u0102UN\u0102TORILOR LA SPECIA CIRE\u0218 Nr. Fenofaza Organisme \u021bint\u0103 (patogeni\/d\u0103un\u0103tori) Produse recomandate Conc. (%)\/Doza (l; kg\/ha) Observa\u021bii T1. \u00cenceput dezmugurit Patogenimicotici D\u0103un\u0103tori: afide, acarieni, p\u0103duchele din San-Jos\u00e9, etc. (forma hibernant\u0103) Zeam\u0103 bordelez\u0103* + Ovipron Top* 0,5% 0,2% Tratament foarte important pentru reducerea rezervei biologice de boli  [&#8230;]<\/p>\n","protected":false},"author":1,"featured_media":0,"parent":11581,"menu_order":0,"comment_status":"closed","ping_status":"closed","template":"","meta":{"ngg_post_thumbnail":0,"footnotes":""},"categories":[],"tags":[],"class_list":["post-11592","page","type-page","status-publish","hentry"],"_links":{"self":[{"href":"https:\/\/icdp.ro\/ro\/wp-json\/wp\/v2\/pages\/11592","targetHints":{"allow":["GET"]}}],"collection":[{"href":"https:\/\/icdp.ro\/ro\/wp-json\/wp\/v2\/pages"}],"about":[{"href":"https:\/\/icdp.ro\/ro\/wp-json\/wp\/v2\/types\/page"}],"author":[{"embeddable":true,"href":"https:\/\/icdp.ro\/ro\/wp-json\/wp\/v2\/users\/1"}],"replies":[{"embeddable":true,"href":"https:\/\/icdp.ro\/ro\/wp-json\/wp\/v2\/comments?post=11592"}],"version-history":[{"count":7,"href":"https:\/\/icdp.ro\/ro\/wp-json\/wp\/v2\/pages\/11592\/revisions"}],"predecessor-version":[{"id":11598,"href":"https:\/\/icdp.ro\/ro\/wp-json\/wp\/v2\/pages\/11592\/revisions\/11598"}],"up":[{"embeddable":true,"href":"https:\/\/icdp.ro\/ro\/wp-json\/wp\/v2\/pages\/11581"}],"wp:attachment":[{"href":"https:\/\/icdp.ro\/ro\/wp-json\/wp\/v2\/media?parent=11592"}],"wp:term":[{"taxonomy":"category","embeddable":true,"href":"https:\/\/icdp.ro\/ro\/wp-json\/wp\/v2\/categories?post=11592"},{"taxonomy":"post_tag","embeddable":true,"href":"https:\/\/icdp.ro\/ro\/wp-json\/wp\/v2\/tags?post=11592"}],"curies":[{"name":"wp","href":"https:\/\/api.w.org\/{rel}","templated":true}]}}