{"id":11587,"date":"2019-01-16T11:29:45","date_gmt":"2019-01-16T09:29:45","guid":{"rendered":"http:\/\/icdp.ro\/?page_id=11587"},"modified":"2023-09-25T23:13:02","modified_gmt":"2023-09-25T20:13:02","slug":"obiective","status":"publish","type":"page","link":"https:\/\/icdp.ro\/ro\/cercetare\/proiecte-nationale\/proiect-ci-68\/obiective\/","title":{"rendered":"Obiective"},"content":{"rendered":"<h5><strong>Obiective<\/strong><\/h5>\n<p><strong>Obiectiv principal al proiectului <\/strong>\u00eel constituie cre\u0219terea performan\u021bei tehnico-economice \u0219i a competitivit\u0103\u021bii agentului economic Ferma Frumu\u0219ica SRL, prin utilizarea expertizei ICDP Pite\u0219ti &#8211; M\u0103r\u0103cineni \u00een vederea optimiz\u0103rii tehnologiei de combatere a bolilor \u0219i d\u0103un\u0103torilor la specia cire\u0219.<br \/>\n\u00cen vederea realiz\u0103rii acestuia, s-au propus urm\u0103toarele <strong>obiective specifice<\/strong>:<\/p>\n<ul>\n<li>Reducerea num\u0103rului de tratamente cu produse chimice \u0219i \u00eenlocuirea acestora cu bioinsecticide, capcane cu atractan\u021bi olfactivi \u0219i alimentari, biofungicide, promov\u00e2nd astfel agricultura sustenabil\u0103 \u0219i cre\u0219terea siguran\u021bei \u0219i securit\u0103\u021bii alimentare.<\/li>\n<\/ul>\n<ul>\n<li>Ra\u021bionalizarea consumurilor de energie \u0219i eliminarea pe c\u00e2t posibil a polu\u0103rii mediului prin introducerea \u0219i extinderea \u00een produc\u021bie a tehnologiilor cu verigi ecologice, cu impact pozitiv \u00een ceea ce prive\u0219te reducerea emisiei de gaze cu efect de ser\u0103 \u0219i reechilibrarea ecosistemelor pomicole.<\/li>\n<\/ul>\n<ul>\n<li>Optimizarea tehnologiei de combatere integrat\u0103 a bolilor \u0219i d\u0103un\u0103torilor la specia cire\u0219 (produse, metode de combatere, momente, doze, etc.).<\/li>\n<\/ul>\n","protected":false},"excerpt":{"rendered":"<p>Obiective Obiectiv principal al proiectului \u00eel constituie cre\u0219terea performan\u021bei tehnico-economice \u0219i a competitivit\u0103\u021bii agentului economic Ferma Frumu\u0219ica SRL, prin utilizarea expertizei ICDP Pite\u0219ti &#8211; M\u0103r\u0103cineni \u00een vederea optimiz\u0103rii tehnologiei de combatere a bolilor \u0219i d\u0103un\u0103torilor la specia cire\u0219. \u00cen vederea realiz\u0103rii acestuia, s-au propus urm\u0103toarele obiective specifice: Reducerea num\u0103rului de tratamente cu produse chimice \u0219i  [&#8230;]<\/p>\n","protected":false},"author":1,"featured_media":0,"parent":11581,"menu_order":3,"comment_status":"closed","ping_status":"closed","template":"","meta":{"ngg_post_thumbnail":0,"footnotes":""},"categories":[],"tags":[],"class_list":["post-11587","page","type-page","status-publish","hentry"],"_links":{"self":[{"href":"https:\/\/icdp.ro\/ro\/wp-json\/wp\/v2\/pages\/11587","targetHints":{"allow":["GET"]}}],"collection":[{"href":"https:\/\/icdp.ro\/ro\/wp-json\/wp\/v2\/pages"}],"about":[{"href":"https:\/\/icdp.ro\/ro\/wp-json\/wp\/v2\/types\/page"}],"author":[{"embeddable":true,"href":"https:\/\/icdp.ro\/ro\/wp-json\/wp\/v2\/users\/1"}],"replies":[{"embeddable":true,"href":"https:\/\/icdp.ro\/ro\/wp-json\/wp\/v2\/comments?post=11587"}],"version-history":[{"count":2,"href":"https:\/\/icdp.ro\/ro\/wp-json\/wp\/v2\/pages\/11587\/revisions"}],"predecessor-version":[{"id":11590,"href":"https:\/\/icdp.ro\/ro\/wp-json\/wp\/v2\/pages\/11587\/revisions\/11590"}],"up":[{"embeddable":true,"href":"https:\/\/icdp.ro\/ro\/wp-json\/wp\/v2\/pages\/11581"}],"wp:attachment":[{"href":"https:\/\/icdp.ro\/ro\/wp-json\/wp\/v2\/media?parent=11587"}],"wp:term":[{"taxonomy":"category","embeddable":true,"href":"https:\/\/icdp.ro\/ro\/wp-json\/wp\/v2\/categories?post=11587"},{"taxonomy":"post_tag","embeddable":true,"href":"https:\/\/icdp.ro\/ro\/wp-json\/wp\/v2\/tags?post=11587"}],"curies":[{"name":"wp","href":"https:\/\/api.w.org\/{rel}","templated":true}]}}