{"id":11578,"date":"2019-01-16T11:24:33","date_gmt":"2019-01-16T09:24:33","guid":{"rendered":"http:\/\/icdp.ro\/?page_id=11578"},"modified":"2023-09-25T23:28:42","modified_gmt":"2023-09-25T20:28:42","slug":"finalizare-proiect","status":"publish","type":"page","link":"https:\/\/icdp.ro\/ro\/cercetare\/proiecte-nationale\/proiect-pos-cce-628\/finalizare-proiect\/","title":{"rendered":"Finalizare proiect"},"content":{"rendered":"<p><a href=\"http:\/\/icdp.ro\/wp-content\/uploads\/2019\/01\/Obiective-1.jpg\"><img decoding=\"async\" class=\"size-full wp-image-11570 aligncenter\" src=\"http:\/\/icdp.ro\/wp-content\/uploads\/2019\/01\/Obiective-1.jpg\" alt=\"\" width=\"960\" height=\"180\" srcset=\"https:\/\/icdp.ro\/wp-content\/uploads\/2019\/01\/Obiective-1-200x38.jpg 200w, https:\/\/icdp.ro\/wp-content\/uploads\/2019\/01\/Obiective-1-300x56.jpg 300w, https:\/\/icdp.ro\/wp-content\/uploads\/2019\/01\/Obiective-1-400x75.jpg 400w, https:\/\/icdp.ro\/wp-content\/uploads\/2019\/01\/Obiective-1-600x113.jpg 600w, https:\/\/icdp.ro\/wp-content\/uploads\/2019\/01\/Obiective-1-768x144.jpg 768w, https:\/\/icdp.ro\/wp-content\/uploads\/2019\/01\/Obiective-1-800x150.jpg 800w, https:\/\/icdp.ro\/wp-content\/uploads\/2019\/01\/Obiective-1.jpg 960w\" sizes=\"(max-width: 960px) 100vw, 960px\" \/><\/a><\/p>\n<h5><strong>ANUN\u0162 FINALIZARE PROIECT<\/strong><\/h5>\n<p><strong>Proiect finan\u0163at de UNIUNEA EUROPEAN\u0102 prin Programul Opera\u0163ional Sectorial \u2013 Cre\u015fterea Competitivit\u0103\u0163ii Economice, Axa prioritar\u0103 2: Competitivitate prin Cercetare, Dezvoltare Tehnologic\u0103 \u015fi Inovare, Opera\u0163iunea 2.2.1. Dezvoltarea infrastructurii CD existente \u015fi crearea de noi infrastructuri CD (laboratoare, centre de cercetare)<\/strong><\/p>\n<p><strong>Institutul de Cercetare &#8211; Dezvoltare pentru Pomicultur\u0103, Pite\u0219ti, M\u0103r\u0103cineni, <\/strong>cu sediul \u00een Com. M\u0103r\u0103cineni, jud. Arge\u015f, Str. M\u0103rului, nr. 402, cod po\u015ftal 117450, Tel. 0248 \u2013 278 519, Fax 0248 \u2013 278 477, E-mail: <a href=\"mailto:office@icdp-pitesti.ro\">office@icdp-pitesti.ro,<\/a> urmeaz\u0103 s\u0103 finalizeze la data de 11.11.2014, proiectul cu titlul: <strong>\u201eDezvoltarea infrastructurii ICDP Pite\u015fti \u2013 M\u0103r\u0103cineni pentru \u00eent\u0103rirea capacit\u0103\u0163ii de cercetare pre \u015fi post recolt\u0103 \u00een domeniul pomiculturii durabile\u201d<\/strong>, co-finantat prin <strong>Fondul European de Dezvoltare Regional\u0103<\/strong>, \u00een baza Contractului de Finan\u0163are nr. 628 \/ 11.03.2014 \u00eencheiat cu <strong>Ministerul Fondurilor Europene <\/strong>\u00een calitate de Organism Intermediar (OI), \u00een numele \u015fi pentru <strong>Ministerul Economiei (ME) <\/strong>\u00een calitate de <strong>Autoritate de Management (AM) <\/strong>pentru Programul Opera\u0163ional Sectorial \u201eCre\u015fterea Competitivit\u0103\u0163ii Economice\u201d (POS CCE).<\/p>\n<p><strong>Valoarea totala a proiectului<\/strong>, conform contractului, este de 11.050.299 lei, din care valoarea eligibil\u0103 nerambursabil\u0103 este de 7.673.400 lei din Fondul European de Dezvoltare Regional\u0103 \u015fi 1.326.600 lei din bugetul na\u0163ional.<\/p>\n<p><strong>Loca\u0163ia: <\/strong>Regiunea Sud-Muntenia, Jud. Arge\u015f, Comuna M\u0103r\u0103cineni.<br \/>\n<strong>Contract: <\/strong>628 \/ 11.03.2014<br \/>\n<strong>Num\u0103r de \u00eenregistrare proiect \/ Cod SMIS: <\/strong>1833 \/ 48757<br \/>\n<strong>Durata proiectului: <\/strong>20 luni (p\u00e2n\u0103 la 11 Noiembrie 2015)<br \/>\n<strong>Obiectivul principal al proiectului este: Dezvoltarea infrastructurii I.C.D.P. Pite\u015fti \u2013 M\u0103r\u0103cineni pentru \u00eent\u0103rirea capacit\u0103\u0163ii de cercetare pre \u015fi post-recolt\u0103 \u00een domeniul pomiculturii durabile<\/strong>, \u00eentr-un interval de maxim 20 luni.<br \/>\n<strong>Date de Contact: <\/strong><a class=\"fusion-modal-text-link\" data-toggle=\"modal\" data-target=\".fusion-modal.sumedrea\" href=\"#\">Dorin Sumedrea<\/a>, <strong>Institutul de Cercetare &#8211; Dezvoltare pentru Pomicultur\u0103, Pite\u0219ti, M\u0103r\u0103cineni<\/strong>, Com. M\u0103r\u0103cineni, jud. Arge\u015f, Str. M\u0103rului, nr. 402, cod po\u015ftal 117450, Tel. 0248 \u2013 278 519, Fax 0248 \u2013 278 477, E-mail: office@icdp- pitesti.ro, <a href=\"http:\/\/www.icdp.ro\/\">www.icdp.ro<\/a><\/p>\n<div class=\"fusion-modal modal fade modal-1 sumedrea\" tabindex=\"-1\" role=\"dialog\" aria-labelledby=\"modal-heading-1\" aria-hidden=\"true\" style=\"--awb-border-color:#ebebeb;--awb-background:#f6f6f6;\"><div class=\"modal-dialog modal-lg\" role=\"document\"><div class=\"modal-content fusion-modal-content\"><div class=\"modal-header\"><button class=\"close\" type=\"button\" data-dismiss=\"modal\" aria-hidden=\"true\" aria-label=\"Close\">&times;<\/button><h3 class=\"modal-title\" id=\"modal-heading-1\" data-dismiss=\"modal\" aria-hidden=\"true\">Dr. Ing. Dorin Sumedrea<\/h3><\/div><div class=\"modal-body fusion-clearfix\"><\/p>\n<p><div data-post-id=\"11071\" class=\"insert-page insert-page-11071 \"><div class=\"fusion-fullwidth fullwidth-box fusion-builder-row-1 nonhundred-percent-fullwidth non-hundred-percent-height-scrolling\" style=\"--awb-border-radius-top-left:0px;--awb-border-radius-top-right:0px;--awb-border-radius-bottom-right:0px;--awb-border-radius-bottom-left:0px;--awb-flex-wrap:wrap;\" ><div class=\"fusion-builder-row fusion-row\"><div class=\"fusion-layout-column fusion_builder_column fusion-builder-column-0 fusion_builder_column_1_2 1_2 fusion-one-half fusion-column-first\" style=\"--awb-bg-size:cover;width:50%;width:calc(50% - ( ( 4% ) * 0.5 ) );margin-right: 4%;\"><div class=\"fusion-column-wrapper fusion-flex-column-wrapper-legacy\"><div class=\"fusion-text fusion-text-1\"><p><img decoding=\"async\" class=\"size-full wp-image-10832 alignleft\" src=\"http:\/\/icdp.ro\/wp-content\/uploads\/2018\/10\/placeholder-people-pic.png\" alt=\"\" width=\"320\" height=\"200\" srcset=\"https:\/\/icdp.ro\/wp-content\/uploads\/2018\/10\/placeholder-people-pic-200x125.png 200w, https:\/\/icdp.ro\/wp-content\/uploads\/2018\/10\/placeholder-people-pic-300x188.png 300w, https:\/\/icdp.ro\/wp-content\/uploads\/2018\/10\/placeholder-people-pic.png 320w\" sizes=\"(max-width: 320px) 100vw, 320px\" \/><br \/>\nEmail:\u00a0<strong><a href=\"mailto:dsumedrea@yahoo.com\">dsumedrea@yahoo.com<\/a><\/strong><div class=\"fusion-button-wrapper\"><a class=\"fusion-button button-flat fusion-button-default-size button-default fusion-button-default button-1 fusion-button-default-span fusion-button-default-type\" style=\"--button-border-radius-top-left:0;--button-border-radius-top-right:0;--button-border-radius-bottom-right:0;--button-border-radius-bottom-left:0;\" target=\"_self\" href=\"http:\/\/icdp.ro\/wp-content\/uploads\/2019\/01\/CV-D.-Sumedrea-Romana-web.pdf\"><span class=\"fusion-button-text awb-button__text awb-button__text--default\">Descarc\u0103 CV<\/span><\/a><\/div><\/p>\n<\/div><div class=\"fusion-clearfix\"><\/div><\/div><\/div><div class=\"fusion-layout-column fusion_builder_column fusion-builder-column-1 fusion_builder_column_1_2 1_2 fusion-one-half fusion-column-last\" style=\"--awb-bg-size:cover;width:50%;width:calc(50% - ( ( 4% ) * 0.5 ) );\"><div class=\"fusion-column-wrapper fusion-flex-column-wrapper-legacy\"><div class=\"fusion-sep-clear\"><\/div><div class=\"fusion-separator fusion-full-width-sep\" style=\"margin-left: auto;margin-right: auto;margin-bottom:20px;width:100%;\"><\/div><div class=\"fusion-sep-clear\"><\/div><div class=\"fusion-text fusion-text-2\"><div style=\"line-height: 130% !important;\"><h5>Institutul de Cercetare Dezvoltare pentru Pomicultur\u0103<\/h5>\n<div>Pite\u015fti, 117450 M\u0103r\u0103cineni, strada M\u0103rului, nr. 402, jude\u0163ul Arge\u015f, codul po\u015ftal 117450<br \/>\n<strong>Telefon:<\/strong> 0248 278066<br \/>\n<strong>Fax:<\/strong> 0248 278477<br \/>\n<strong>E-mail:<\/strong> <a href=\"mailto:office@icdp-pitesti.ro\">office@icdp-pitesti.ro<\/a><br \/>\nWeb: <a href=\"http:\/\/www.icdp.ro\/\">www.icdp.ro<\/a><\/div>\n<\/div>\n<\/div><div class=\"fusion-clearfix\"><\/div><\/div><\/div><\/div><\/div>\n<\/div><\/p>\n<p><\/div><div class=\"modal-footer\"><button class=\"fusion-button button-default button-medium button default medium\" type=\"button\" data-dismiss=\"modal\">Close<\/button><\/div><\/div><\/div><\/div>\n","protected":false},"excerpt":{"rendered":"<p>ANUN\u0162 FINALIZARE PROIECT Proiect finan\u0163at de UNIUNEA EUROPEAN\u0102 prin Programul Opera\u0163ional Sectorial \u2013 Cre\u015fterea Competitivit\u0103\u0163ii Economice, Axa prioritar\u0103 2: Competitivitate prin Cercetare, Dezvoltare Tehnologic\u0103 \u015fi Inovare, Opera\u0163iunea 2.2.1. Dezvoltarea infrastructurii CD existente \u015fi crearea de noi infrastructuri CD (laboratoare, centre de cercetare) Institutul de Cercetare &#8211; Dezvoltare pentru Pomicultur\u0103, Pite\u0219ti, M\u0103r\u0103cineni, cu sediul \u00een Com.  [&#8230;]<\/p>\n","protected":false},"author":1,"featured_media":0,"parent":11566,"menu_order":3,"comment_status":"closed","ping_status":"closed","template":"","meta":{"ngg_post_thumbnail":0,"footnotes":""},"categories":[],"tags":[],"class_list":["post-11578","page","type-page","status-publish","hentry"],"_links":{"self":[{"href":"https:\/\/icdp.ro\/ro\/wp-json\/wp\/v2\/pages\/11578","targetHints":{"allow":["GET"]}}],"collection":[{"href":"https:\/\/icdp.ro\/ro\/wp-json\/wp\/v2\/pages"}],"about":[{"href":"https:\/\/icdp.ro\/ro\/wp-json\/wp\/v2\/types\/page"}],"author":[{"embeddable":true,"href":"https:\/\/icdp.ro\/ro\/wp-json\/wp\/v2\/users\/1"}],"replies":[{"embeddable":true,"href":"https:\/\/icdp.ro\/ro\/wp-json\/wp\/v2\/comments?post=11578"}],"version-history":[{"count":2,"href":"https:\/\/icdp.ro\/ro\/wp-json\/wp\/v2\/pages\/11578\/revisions"}],"predecessor-version":[{"id":11580,"href":"https:\/\/icdp.ro\/ro\/wp-json\/wp\/v2\/pages\/11578\/revisions\/11580"}],"up":[{"embeddable":true,"href":"https:\/\/icdp.ro\/ro\/wp-json\/wp\/v2\/pages\/11566"}],"wp:attachment":[{"href":"https:\/\/icdp.ro\/ro\/wp-json\/wp\/v2\/media?parent=11578"}],"wp:term":[{"taxonomy":"category","embeddable":true,"href":"https:\/\/icdp.ro\/ro\/wp-json\/wp\/v2\/categories?post=11578"},{"taxonomy":"post_tag","embeddable":true,"href":"https:\/\/icdp.ro\/ro\/wp-json\/wp\/v2\/tags?post=11578"}],"curies":[{"name":"wp","href":"https:\/\/api.w.org\/{rel}","templated":true}]}}