{"id":11576,"date":"2019-01-16T11:22:18","date_gmt":"2019-01-16T09:22:18","guid":{"rendered":"http:\/\/icdp.ro\/?page_id=11576"},"modified":"2023-09-25T23:28:37","modified_gmt":"2023-09-25T20:28:37","slug":"stadiu-proiect","status":"publish","type":"page","link":"https:\/\/icdp.ro\/ro\/cercetare\/proiecte-nationale\/proiect-pos-cce-628\/stadiu-proiect\/","title":{"rendered":"Stadiu proiect"},"content":{"rendered":"<p><a href=\"http:\/\/icdp.ro\/wp-content\/uploads\/2019\/01\/Obiective-1.jpg\"><img decoding=\"async\" class=\"size-full wp-image-11570 aligncenter\" src=\"http:\/\/icdp.ro\/wp-content\/uploads\/2019\/01\/Obiective-1.jpg\" alt=\"\" width=\"960\" height=\"180\" srcset=\"https:\/\/icdp.ro\/wp-content\/uploads\/2019\/01\/Obiective-1-200x38.jpg 200w, https:\/\/icdp.ro\/wp-content\/uploads\/2019\/01\/Obiective-1-300x56.jpg 300w, https:\/\/icdp.ro\/wp-content\/uploads\/2019\/01\/Obiective-1-400x75.jpg 400w, https:\/\/icdp.ro\/wp-content\/uploads\/2019\/01\/Obiective-1-600x113.jpg 600w, https:\/\/icdp.ro\/wp-content\/uploads\/2019\/01\/Obiective-1-768x144.jpg 768w, https:\/\/icdp.ro\/wp-content\/uploads\/2019\/01\/Obiective-1-800x150.jpg 800w, https:\/\/icdp.ro\/wp-content\/uploads\/2019\/01\/Obiective-1.jpg 960w\" sizes=\"(max-width: 960px) 100vw, 960px\" \/><\/a><\/p>\n<h5><strong>STADIUL DERULARII PROIECTULUI<\/strong><\/h5>\n<p>\u00cen cadrul proiectului &#8222;Dezvoltarea infrastructurii ICDP Pite\u0219ti\u2010M\u0103r\u0103cineni pentru \u00eent\u0103rirea capacit\u0103\u021bii de cercetare pre \u0219i post recolt\u0103 \u00een domeniul pomiculturii durabile\u201d, finan\u021bat prin PROGRAMUL\u00a0\u00a0 OPERA\u021aIONAL\u00a0\u00a0 SECTORIAL\u00a0\u00a0 CRE\u0218TEREA\u00a0\u00a0 COMPETETIVIT\u0102\u021aII\u00a0\u00a0 ECONOMICE, \u00a0Axa<\/p>\n<p>prioritar\u0103 2: Competitivitate prin cercetare, Dezvoltare Tehnologic\u0103 \u0219i Inovare, Institutul de Cercetare Dezvoltare pentru Pomicultur\u0103 Pite\u0219ti M\u0103r\u0103cineni, \u00een calitate de Beneficiar a semnat \u00een perioada martie\u2010noiembrie 2014 urm\u0103toarele contracte:<\/p>\n<ul>\n<li>Contractul nr. 681\/26.03.2014 \u00eencheiat cu S.C. GS APLICA\u021aII INOVATIVE S.R.L pentru prestarea serviciilor de informare \u0219i publicitate. Perioada de derulare a contractului este de 17<\/li>\n<li>Contractul nr. 2035\/29.08.2014 \u00eencheiat cu asocierea format\u0103 din SC LUCA WAY SRL \u0219i SC ROMINFO CONSULTAN\u021a\u0102 &amp; STATISTIC\u0102 SRL pentru prestarea serviciilor de consultan\u021b\u0103 \u00een management. Perioada de derulare a contractului este de 15<\/li>\n<li>Contractul nr. 2746\/05.11.2014 \u00eencheiat cu asocierea format\u0103 din S.C. LANTEC INDUSTRIES R.L.\u00a0 &amp; S.C. AQUA PROIECT S.A.\u00a0 &amp; S.C.\u00a0 NITECH S.R.L.. pentru lucr\u0103rile\u00a0 \u00a0de<\/li>\n<\/ul>\n<p>executie, servicii de proiectare, funizare echipamente, dot\u0103ri, utilaje. Perioada de derulare a contractului este de 11 luni.<\/p>\n<ul>\n<li>Contractul nr. 2936\/ 21.11.2014 \u00eencheiat cu SC COR AS ON BEST SRL pentru prestarea serviciilor de dirigen\u021bie de \u0219antier. Perioada de derulare a contractului este de 10<\/li>\n<\/ul>\n<p>Obiectivul general al proiectul \u00eel reprezint\u0103 dezvoltarea infrastructurii I.C.D.P. M\u0103r\u0103cineni\u00a0 pentru \u00eent\u0103rirea capacit\u0103\u021bii de cercetare pre \u0219i post recolt\u0103 \u00een domeniul pomiculturii durabile.<\/p>\n<p>Valoarea totala a proiectului este de 11.050.299 lei, din care valoarea eligibil\u0103 nerambursabil\u0103 este de 9.000.000,00 lei: 7.673.400 lei din Fondul European de Dezvoltare Regional\u0103 \u015fi 1.326.600 lei din bugetul na\u0163ional.<\/p>\n<p>Loca\u0163ia: Regiunea Sud\u2010Muntenia, jud. Arge\u0219, comuna M\u0103r\u0103cineni<\/p>\n<p>&nbsp;<\/p>\n","protected":false},"excerpt":{"rendered":"<p>STADIUL DERULARII PROIECTULUI \u00cen cadrul proiectului &#8222;Dezvoltarea infrastructurii ICDP Pite\u0219ti\u2010M\u0103r\u0103cineni pentru \u00eent\u0103rirea capacit\u0103\u021bii de cercetare pre \u0219i post recolt\u0103 \u00een domeniul pomiculturii durabile\u201d, finan\u021bat prin PROGRAMUL\u00a0\u00a0 OPERA\u021aIONAL\u00a0\u00a0 SECTORIAL\u00a0\u00a0 CRE\u0218TEREA\u00a0\u00a0 COMPETETIVIT\u0102\u021aII\u00a0\u00a0 ECONOMICE, \u00a0Axa prioritar\u0103 2: Competitivitate prin cercetare, Dezvoltare Tehnologic\u0103 \u0219i Inovare, Institutul de Cercetare Dezvoltare pentru Pomicultur\u0103 Pite\u0219ti M\u0103r\u0103cineni, \u00een calitate de Beneficiar a semnat  [&#8230;]<\/p>\n","protected":false},"author":1,"featured_media":0,"parent":11566,"menu_order":2,"comment_status":"closed","ping_status":"closed","template":"","meta":{"ngg_post_thumbnail":0,"footnotes":""},"categories":[],"tags":[],"class_list":["post-11576","page","type-page","status-publish","hentry"],"_links":{"self":[{"href":"https:\/\/icdp.ro\/ro\/wp-json\/wp\/v2\/pages\/11576","targetHints":{"allow":["GET"]}}],"collection":[{"href":"https:\/\/icdp.ro\/ro\/wp-json\/wp\/v2\/pages"}],"about":[{"href":"https:\/\/icdp.ro\/ro\/wp-json\/wp\/v2\/types\/page"}],"author":[{"embeddable":true,"href":"https:\/\/icdp.ro\/ro\/wp-json\/wp\/v2\/users\/1"}],"replies":[{"embeddable":true,"href":"https:\/\/icdp.ro\/ro\/wp-json\/wp\/v2\/comments?post=11576"}],"version-history":[{"count":1,"href":"https:\/\/icdp.ro\/ro\/wp-json\/wp\/v2\/pages\/11576\/revisions"}],"predecessor-version":[{"id":11577,"href":"https:\/\/icdp.ro\/ro\/wp-json\/wp\/v2\/pages\/11576\/revisions\/11577"}],"up":[{"embeddable":true,"href":"https:\/\/icdp.ro\/ro\/wp-json\/wp\/v2\/pages\/11566"}],"wp:attachment":[{"href":"https:\/\/icdp.ro\/ro\/wp-json\/wp\/v2\/media?parent=11576"}],"wp:term":[{"taxonomy":"category","embeddable":true,"href":"https:\/\/icdp.ro\/ro\/wp-json\/wp\/v2\/categories?post=11576"},{"taxonomy":"post_tag","embeddable":true,"href":"https:\/\/icdp.ro\/ro\/wp-json\/wp\/v2\/tags?post=11576"}],"curies":[{"name":"wp","href":"https:\/\/api.w.org\/{rel}","templated":true}]}}