{"id":11574,"date":"2019-01-16T11:21:10","date_gmt":"2019-01-16T09:21:10","guid":{"rendered":"http:\/\/icdp.ro\/?page_id=11574"},"modified":"2023-09-25T23:28:31","modified_gmt":"2023-09-25T20:28:31","slug":"obiective","status":"publish","type":"page","link":"https:\/\/icdp.ro\/ro\/cercetare\/proiecte-nationale\/proiect-pos-cce-628\/obiective\/","title":{"rendered":"Obiective"},"content":{"rendered":"<p><a href=\"http:\/\/icdp.ro\/wp-content\/uploads\/2019\/01\/Obiective-1.jpg\"><img decoding=\"async\" class=\"size-full wp-image-11570 aligncenter\" src=\"http:\/\/icdp.ro\/wp-content\/uploads\/2019\/01\/Obiective-1.jpg\" alt=\"\" width=\"960\" height=\"180\" srcset=\"https:\/\/icdp.ro\/wp-content\/uploads\/2019\/01\/Obiective-1-200x38.jpg 200w, https:\/\/icdp.ro\/wp-content\/uploads\/2019\/01\/Obiective-1-300x56.jpg 300w, https:\/\/icdp.ro\/wp-content\/uploads\/2019\/01\/Obiective-1-400x75.jpg 400w, https:\/\/icdp.ro\/wp-content\/uploads\/2019\/01\/Obiective-1-600x113.jpg 600w, https:\/\/icdp.ro\/wp-content\/uploads\/2019\/01\/Obiective-1-768x144.jpg 768w, https:\/\/icdp.ro\/wp-content\/uploads\/2019\/01\/Obiective-1-800x150.jpg 800w, https:\/\/icdp.ro\/wp-content\/uploads\/2019\/01\/Obiective-1.jpg 960w\" sizes=\"(max-width: 960px) 100vw, 960px\" \/><\/a><\/p>\n<h5>Obiective<\/h5>\n<p>Obiectivul fundamental al proiectului este:<\/p>\n<p><strong>\u00a0<\/strong>Dezvoltarea infrastructurii I.C.D.P. Pite\u015fti \u2013 M\u0103r\u0103cineni pentru \u00eent\u0103rirea capacit\u0103\u0163ii de cercetare pre \u015fi post-recolt\u0103 \u00een domeniul pomiculturii durabile.<\/p>\n<p>Obiectivele derivate ale proiectului se \u00eempart \u00een: Obiective de atins pentru realizarea infrastructurii:<\/p>\n<ul>\n<li>Definirea conceptului proiectului, a fluxului de activit\u0103\u0163i \u015fi a caracteristicilor ce trebuie \u00eendeplinite de noua infrastructur\u0103 \u00een vederea compatibilit\u0103\u0163ii cu standardele de cercetare actuale;<\/li>\n<li>Analiza economic\u0103 \u015fi social\u0103 a proiectului;<\/li>\n<li>\u00centocmirea documenta\u0163iilor de specialitate;<\/li>\n<li>Participarea la competi\u0163ia pentru finan\u0163are \u015fi ob\u0163inerea finan\u0163\u0103rii;<\/li>\n<li>Organizarea procedurilor legale pentru achizi\u0163ii publice;<\/li>\n<li>Asigurarea managementului \u015fi asisten\u0163ei de specialitate pentru implementarea proiectului;<\/li>\n<li>Realizarea lucr\u0103rilor de repara\u0163ii \u015fi modernizare;<\/li>\n<li>Achizi\u0163ia \u015fi punerea \u00een func\u0163iune a dot\u0103rilor necesare, a echipamentelor \u015fi instala\u0163iilor de cercetare rezultate din analiza necesarului;<\/li>\n<li>Certificarea atestarea \u015fi acreditarea entit\u0103\u0163ilor componente;<\/li>\n<li>Auditul extern pentru finalizarea proiectului;<\/li>\n<li>Punerea \u00een func\u0163iune \u015fi preg\u0103tirea personalului de exploatare;<\/li>\n<\/ul>\n<p>Obiective de atins pe baza infrastructurii create:<\/p>\n<ul>\n<li>Elaborarea de tehnologii noi \u015fi\/sau \u00eembun\u0103t\u0103\u0163ite de ob\u0163inere a plantelor pomicole libere de virusuri, din categorii biologice<\/li>\n<li>Perfec\u021bionarea tehnicilor de aclimatizare, fortificare \u0219i \u00eenmul\u021bire vegetativ\u0103 a speciilor pomicole.<\/li>\n<li>Reducerea perioadei de selec\u021bie \u00een procesul de ameliorare a speciilor pomicole prin testarea prematur\u0103 a rezisten\u0163ei la<\/li>\n<li>Monitorizarea factorilor care influen\u021beaz\u0103 randamentele de \u00eenr\u0103d\u0103cinare (substrat, umiditate, temperatur\u0103, luminozitate, etc.) \u0219i elaborarea de tehnologii noi \u015fi\/sau \u00eembun\u0103t\u0103\u0163ite de micro \u0219i macropropagare a soiurilor \u0219i portaltoilor de specii<\/li>\n<li>Studiul schimb\u0103rilor climatice manifestate p\u00e2n\u0103 \u00een prezent \u0219i a celor prognozate, cu impact major asupra planta\u021biilor pomicole;<\/li>\n<li>Monitorizarea impactului factorilor pedo-climatici \u0219i biocenotici asupra proceselor de cre\u0219tere \u0219i dezvoltare ale pomilor cu ajutorul sta\u021biilor meteorologice automate, sta\u021biilor complexe de fito-monitorizare, aparaturii de teledetec\u021bie aerian\u0103 multispectral\u0103 \u0219i prin termografie, la rezolu\u021bie foarte mare, utilizarea tehnicilor GIS, ;<\/li>\n<li>Dezvoltarea de noi modele de simulare a dinamicii proceselor de cre\u0219tere \u0219i dezvoltare ale pomilor (fenologie, indicele suprafe\u021bei foliare, indicele stresului hidric, etc.) \u0219i privind dinamica probabilit\u0103\u021bii de apari\u021bie a d\u0103un\u0103rilor cauzate de factorii de stres climatic accidentali, cum ar fi: \u00eenghe\u021burile t\u00e2rzii de prim\u0103var\u0103, valurile de c\u0103ldur\u0103, ar\u0219i\u021ba, grindina, vijeliile, excesul temporar de umiditate,<\/li>\n<li>Diagnosticarea impactului nefavorabil al factorilor de stres climatic, precum \u0219i prognoza evolu\u021biei pagubelor \u00een urm\u0103torii 20 de ani;<\/li>\n<li>Dezvoltarea unor tehnologii \u0219i secven\u021be tehnologice inovative de limitare a impactului nefavorabil al schimb\u0103rilor climatice (irigare, fertirigare, protejarea recoltelor, ).<\/li>\n<li>Microzonarea planta\u021biilor pomicole, utiliz\u00e2nd bazele de date oferite de aparatura portabil\u0103, complex\u0103 de monitorizare a impactului factorilor pedo-climatici \u0219i biotici asupra proceselor de cre\u0219tere \u0219i dezvoltare ale pomilor \u0219i modelele alc\u0103tuite pe baza<\/li>\n<li>Cre\u015fterea capacit\u0103\u0163ii \u0219tiin\u021bifice de investigare \u015fi evaluare agro \u015fi biochimic\u0103 a solului \u015fi organelor de plant\u0103 \u00een cadrul procesului de formare cantitativ\u0103 \u0219i calitativ\u0103 a<\/li>\n<li>Managementul factorilor de risc post recolt\u0103, optimizarea duratei de p\u0103strare \u00een scopul prelungirii perioadei de consum \u00een stare proap\u0103t\u0103 a<\/li>\n<li>Tehnologii\/secven\u021be tehnologice noi \u0219i\/sau \u00eembun\u0103t\u0103\u021bite privind p\u0103strarea produselor din fructe sau alte organe ale plantelor \u00een scopul valorific\u0103rii integrale \u015fi cre\u015fterii valorii ad\u0103ugate a produselor<\/li>\n<li>Studii, analize privind calitatea biochimic\u0103 a<\/li>\n<li>Cre\u015fterea colabor\u0103rii \u00eentre institut \u015fi alte insititute de cercetare \u0219i universit\u0103\u021bi din \u0163ar\u0103 \u015fi str\u0103in\u0103tate.<\/li>\n<\/ul>\n<p>&nbsp;<\/p>\n","protected":false},"excerpt":{"rendered":"<p>Obiective Obiectivul fundamental al proiectului este: \u00a0Dezvoltarea infrastructurii I.C.D.P. Pite\u015fti \u2013 M\u0103r\u0103cineni pentru \u00eent\u0103rirea capacit\u0103\u0163ii de cercetare pre \u015fi post-recolt\u0103 \u00een domeniul pomiculturii durabile. Obiectivele derivate ale proiectului se \u00eempart \u00een: Obiective de atins pentru realizarea infrastructurii: Definirea conceptului proiectului, a fluxului de activit\u0103\u0163i \u015fi a caracteristicilor ce trebuie \u00eendeplinite de noua infrastructur\u0103 \u00een vederea  [&#8230;]<\/p>\n","protected":false},"author":1,"featured_media":0,"parent":11566,"menu_order":1,"comment_status":"closed","ping_status":"closed","template":"","meta":{"ngg_post_thumbnail":0,"footnotes":""},"categories":[],"tags":[],"class_list":["post-11574","page","type-page","status-publish","hentry"],"_links":{"self":[{"href":"https:\/\/icdp.ro\/ro\/wp-json\/wp\/v2\/pages\/11574","targetHints":{"allow":["GET"]}}],"collection":[{"href":"https:\/\/icdp.ro\/ro\/wp-json\/wp\/v2\/pages"}],"about":[{"href":"https:\/\/icdp.ro\/ro\/wp-json\/wp\/v2\/types\/page"}],"author":[{"embeddable":true,"href":"https:\/\/icdp.ro\/ro\/wp-json\/wp\/v2\/users\/1"}],"replies":[{"embeddable":true,"href":"https:\/\/icdp.ro\/ro\/wp-json\/wp\/v2\/comments?post=11574"}],"version-history":[{"count":1,"href":"https:\/\/icdp.ro\/ro\/wp-json\/wp\/v2\/pages\/11574\/revisions"}],"predecessor-version":[{"id":11575,"href":"https:\/\/icdp.ro\/ro\/wp-json\/wp\/v2\/pages\/11574\/revisions\/11575"}],"up":[{"embeddable":true,"href":"https:\/\/icdp.ro\/ro\/wp-json\/wp\/v2\/pages\/11566"}],"wp:attachment":[{"href":"https:\/\/icdp.ro\/ro\/wp-json\/wp\/v2\/media?parent=11574"}],"wp:term":[{"taxonomy":"category","embeddable":true,"href":"https:\/\/icdp.ro\/ro\/wp-json\/wp\/v2\/categories?post=11574"},{"taxonomy":"post_tag","embeddable":true,"href":"https:\/\/icdp.ro\/ro\/wp-json\/wp\/v2\/tags?post=11574"}],"curies":[{"name":"wp","href":"https:\/\/api.w.org\/{rel}","templated":true}]}}