{"id":11557,"date":"2019-01-11T12:05:18","date_gmt":"2019-01-11T10:05:18","guid":{"rendered":"http:\/\/icdp.ro\/?page_id=11557"},"modified":"2023-09-25T23:11:59","modified_gmt":"2023-09-25T20:11:59","slug":"obiective","status":"publish","type":"page","link":"https:\/\/icdp.ro\/ro\/cercetare\/proiecte-nationale\/proiect-ader-3-1-2\/obiective\/","title":{"rendered":"Obiective"},"content":{"rendered":"<h5>Obiective<\/h5>\n<p><strong>Obiectiv general:<\/strong> Conservarea si gestionarea biodiversitatii pomicole<br \/>\n<strong>Obiective specifice:<\/strong><br \/>\n&#8211; Explorarea, identificarea \u015fi colectarea din flora spontan\u0103 a noi biotipuri autohtone \u015fi evaluarea lor;<br \/>\n&#8211; Asigurarea unor m\u0103suri specifice de conservare pentru speciile s\u0103lbatice \u00eenrudite cu cele din cultur\u0103 sau pentru plantele s\u0103lbatice care se pot utiliza \u00een scopuri alimentare sau medicinale (ex. afinul, alunul, nucul, cornul, socul negru, c\u0103tina);<br \/>\n&#8211; Men\u0163inerea, conservarea \u015fi utilizarea biodiversit\u0103\u0163ii existente \u00een colec\u0163iile ,,<em>ex situ<\/em>\u201d;<br \/>\n&#8211; Evaluarea interesul consumatorilor de fructe fata de soiurile traditionale \u015fi realizarea unui nucleu de soiuri tradi\u0163ionale valoroase (\u00een special la m\u0103r, prun \u015fi p\u0103r) ;<br \/>\n&#8211; Inventarierea \u015fi actualizarea bazei de date referen\u0163iare privind resursele pomologice na\u0163ionale.<br \/>\n&#8211; Reorganizarea colec\u0163iilor periclitate <em>ex situ<\/em> la unele specii de pomi \u015fi arbu\u015fti fructiferi;<br \/>\n&#8211; Imbunatatirea educatiei si promovarea constientizarii publice cu privire la importanta conservarii tuturor resurselor genetice cu importanta in pomicultura.<br \/>\n<strong>Obiective m\u0103surabile;<\/strong><br \/>\n&#8211; Evaluarea \u00eensu\u015firilor fenologice \u015fi genotipice la soiurile autohtone existe \u00een colec\u0163iile <em>ex situ<\/em> sau recent introduse;<br \/>\n&#8211; Extinderea \u015fi refacerea genofondului pomicol na\u0163ional;<br \/>\n&#8211; Completarea b\u0103ncii de date na\u0163ionale \u015fi europene prin introducerea accesiilor autohtone evaluate.<br \/>\n&#8211; Lucr\u0103ri tehnologice pentru men\u0163inerea poten\u0163ialului biologic al pomilor \u015fi arbu\u015ftilor fructiferi.<br \/>\n<strong>Rezultate scontate:<\/strong><br \/>\n&#8211; Conservarea <em>ex situ<\/em> a speciilor s\u0103lbatice \u00eenrudite cu cele din cultur\u0103;<br \/>\n&#8211; Completarea permanent\u0103 a fondului de germoplasm\u0103 cu forme autohtone vechi, tradi\u0163ionale \u015fi noi, dar \u015fi cu soiuri str\u0103ine introduse;<br \/>\n&#8211; Concentrarea \u015fi refacerea fondului de germoplasm\u0103 la unele specii de pomi \u015fi arbu\u015fti fructiferi;<br \/>\n&#8211; Men\u0163inerea patrimoniului de resurse genetice actual din pomicultur\u0103 (cca. 5.700 accesiuni de pom \u015fi arbu\u015fti fructiferi, amplasate pe aproximativ 20 ha);<br \/>\n&#8211; Metodologii de inventariere, monitorizare \u015fi evaluare a resurselor genetice pomicole pentru identificarea de genitori poten\u0163iali privind principalele caractere \u015fi \u00eensu\u015firi necesare programelor de ameliorare;<br \/>\n&#8211; Realizarea unei b\u0103nci de date utile at\u00e2t cercet\u0103torilor din \u0163ar\u0103, c\u00e2t \u015fi din str\u0103in\u0103tate, \u00een vederea efect\u0103rii de schimb de material biologic \u015fi bibliografic.<br \/>\n<strong>Mod de aplicare a rezultatelor<\/strong><br \/>\n&#8211; Elaborarea de liste cu genitori poten\u0163iali utili programelor de ameliorare;<br \/>\n&#8211; Vizite de lucru \u00een colec\u0163iile pomologice;<br \/>\n&#8211; Prezentarea de lucr\u0103ri \u015fi comunic\u0103ri \u015ftiin\u0163ifice;<br \/>\n&#8211; Realizarea unei b\u0103nci de date utile at\u00e2t cercet\u0103torilor din \u0163ar\u0103, c\u00e2t \u015fi din str\u0103in\u0103tate \u00een vederea efectu\u0103rii de schimburi de material biologic;<br \/>\n&#8211; Editarea unui catalog privind situa\u0163ia actual\u0103 a resurseleor genetice pomicole din Rom\u00e2nia;<br \/>\n&#8211; Postarea pe site-ul MADR a rezultatelor ob\u0163inute.<\/p>\n<p>&nbsp;<\/p>\n","protected":false},"excerpt":{"rendered":"<p>Obiective Obiectiv general: Conservarea si gestionarea biodiversitatii pomicole Obiective specifice: &#8211; Explorarea, identificarea \u015fi colectarea din flora spontan\u0103 a noi biotipuri autohtone \u015fi evaluarea lor; &#8211; Asigurarea unor m\u0103suri specifice de conservare pentru speciile s\u0103lbatice \u00eenrudite cu cele din cultur\u0103 sau pentru plantele s\u0103lbatice care se pot utiliza \u00een scopuri alimentare sau medicinale (ex. afinul,  [&#8230;]<\/p>\n","protected":false},"author":1,"featured_media":0,"parent":11551,"menu_order":2,"comment_status":"closed","ping_status":"closed","template":"","meta":{"ngg_post_thumbnail":0,"footnotes":""},"categories":[],"tags":[],"class_list":["post-11557","page","type-page","status-publish","hentry"],"_links":{"self":[{"href":"https:\/\/icdp.ro\/ro\/wp-json\/wp\/v2\/pages\/11557","targetHints":{"allow":["GET"]}}],"collection":[{"href":"https:\/\/icdp.ro\/ro\/wp-json\/wp\/v2\/pages"}],"about":[{"href":"https:\/\/icdp.ro\/ro\/wp-json\/wp\/v2\/types\/page"}],"author":[{"embeddable":true,"href":"https:\/\/icdp.ro\/ro\/wp-json\/wp\/v2\/users\/1"}],"replies":[{"embeddable":true,"href":"https:\/\/icdp.ro\/ro\/wp-json\/wp\/v2\/comments?post=11557"}],"version-history":[{"count":1,"href":"https:\/\/icdp.ro\/ro\/wp-json\/wp\/v2\/pages\/11557\/revisions"}],"predecessor-version":[{"id":11558,"href":"https:\/\/icdp.ro\/ro\/wp-json\/wp\/v2\/pages\/11557\/revisions\/11558"}],"up":[{"embeddable":true,"href":"https:\/\/icdp.ro\/ro\/wp-json\/wp\/v2\/pages\/11551"}],"wp:attachment":[{"href":"https:\/\/icdp.ro\/ro\/wp-json\/wp\/v2\/media?parent=11557"}],"wp:term":[{"taxonomy":"category","embeddable":true,"href":"https:\/\/icdp.ro\/ro\/wp-json\/wp\/v2\/categories?post=11557"},{"taxonomy":"post_tag","embeddable":true,"href":"https:\/\/icdp.ro\/ro\/wp-json\/wp\/v2\/tags?post=11557"}],"curies":[{"name":"wp","href":"https:\/\/api.w.org\/{rel}","templated":true}]}}