{"id":11546,"date":"2019-01-11T12:00:23","date_gmt":"2019-01-11T10:00:23","guid":{"rendered":"http:\/\/icdp.ro\/?page_id=11546"},"modified":"2023-09-25T23:26:25","modified_gmt":"2023-09-25T20:26:25","slug":"rezultate","status":"publish","type":"page","link":"https:\/\/icdp.ro\/ro\/cercetare\/proiecte-nationale\/proiect-ader-3-2-1\/rezultate\/","title":{"rendered":"Rezultate"},"content":{"rendered":"<h5><strong>Rezultate<\/strong><\/h5>\n<p><strong>Rezultate scontate<\/strong><br \/>\nBaz\u0103 de date privind variabilitatea genetic\u0103 necesar\u0103 amelioratorilor din \u0163ar\u0103 si liste cu genitori poten\u0163iali, utili programrelor de ameliorare viitoare<br \/>\nNoi c\u00e2mpuri de selec\u0163ie, microculturi de concurs, pentru prezentarea noilor descendente hibride<br \/>\nArticole \u015fi lucr\u0103ri \u015ftiin\u0163ifice<br \/>\n<strong>Modul de aplicare al rezultatelor<\/strong><br \/>\nRezultatele proiectului sunt destinate \u00een\u00a0 principal urm\u0103toarelor categorii de speciali\u0219ti: amelioratorii de soiuri la speciile pomicole \u015fi arbu\u015fti fructiferi; cadrele didactice \u015fi studen\u0163i din universit\u0103\u0163i de profil pentru cunoa\u015fterea variabilit\u0103\u0163ii genetice la speciile pomicole \u015fi de arbu\u015fti fructiferi; amatorii de pomicultur\u0103 pentru \u00eembog\u0103\u0163irea cuno\u015ftin\u0163elor privind valoarea resurselor genetice; cercet\u0103tori str\u0103ini \u00een programe de cooperare.<br \/>\nDe rezultatele proiectului vor beneficia si Societatile Comerciale cu capital privat din domeniul horticol si fitofarmaceutic, Asociatiile profesionale ale producatorilor de fructe, Centre Judetene de Consultanta Agricola,\u00a0 Directia generala de dezvoltare rurala din MAPDR, Institutiile si Centrele de Cercetare din domeniul horticol.<\/p>\n","protected":false},"excerpt":{"rendered":"<p>Rezultate Rezultate scontate Baz\u0103 de date privind variabilitatea genetic\u0103 necesar\u0103 amelioratorilor din \u0163ar\u0103 si liste cu genitori poten\u0163iali, utili programrelor de ameliorare viitoare Noi c\u00e2mpuri de selec\u0163ie, microculturi de concurs, pentru prezentarea noilor descendente hibride Articole \u015fi lucr\u0103ri \u015ftiin\u0163ifice Modul de aplicare al rezultatelor Rezultatele proiectului sunt destinate \u00een\u00a0 principal urm\u0103toarelor categorii de speciali\u0219ti: amelioratorii  [&#8230;]<\/p>\n","protected":false},"author":1,"featured_media":0,"parent":11538,"menu_order":2,"comment_status":"closed","ping_status":"closed","template":"","meta":{"ngg_post_thumbnail":0,"footnotes":""},"categories":[],"tags":[],"class_list":["post-11546","page","type-page","status-publish","hentry"],"_links":{"self":[{"href":"https:\/\/icdp.ro\/ro\/wp-json\/wp\/v2\/pages\/11546","targetHints":{"allow":["GET"]}}],"collection":[{"href":"https:\/\/icdp.ro\/ro\/wp-json\/wp\/v2\/pages"}],"about":[{"href":"https:\/\/icdp.ro\/ro\/wp-json\/wp\/v2\/types\/page"}],"author":[{"embeddable":true,"href":"https:\/\/icdp.ro\/ro\/wp-json\/wp\/v2\/users\/1"}],"replies":[{"embeddable":true,"href":"https:\/\/icdp.ro\/ro\/wp-json\/wp\/v2\/comments?post=11546"}],"version-history":[{"count":1,"href":"https:\/\/icdp.ro\/ro\/wp-json\/wp\/v2\/pages\/11546\/revisions"}],"predecessor-version":[{"id":11547,"href":"https:\/\/icdp.ro\/ro\/wp-json\/wp\/v2\/pages\/11546\/revisions\/11547"}],"up":[{"embeddable":true,"href":"https:\/\/icdp.ro\/ro\/wp-json\/wp\/v2\/pages\/11538"}],"wp:attachment":[{"href":"https:\/\/icdp.ro\/ro\/wp-json\/wp\/v2\/media?parent=11546"}],"wp:term":[{"taxonomy":"category","embeddable":true,"href":"https:\/\/icdp.ro\/ro\/wp-json\/wp\/v2\/categories?post=11546"},{"taxonomy":"post_tag","embeddable":true,"href":"https:\/\/icdp.ro\/ro\/wp-json\/wp\/v2\/tags?post=11546"}],"curies":[{"name":"wp","href":"https:\/\/api.w.org\/{rel}","templated":true}]}}