{"id":11540,"date":"2019-01-11T11:58:36","date_gmt":"2019-01-11T09:58:36","guid":{"rendered":"http:\/\/icdp.ro\/?page_id=11540"},"modified":"2023-09-25T23:26:09","modified_gmt":"2023-09-25T20:26:09","slug":"informatii-utile","status":"publish","type":"page","link":"https:\/\/icdp.ro\/ro\/cercetare\/proiecte-nationale\/proiect-ader-3-2-1\/informatii-utile\/","title":{"rendered":"Informa\u0163ii utile"},"content":{"rendered":"<h5>Informa\u0163ii utile<\/h5>\n<p>Titlul proiectului:<strong> Cercet\u0103ri asupra structurii popula\u0163iilor hibride a eredit\u0103\u0163ii caracteristicilor \u015fi a determinismului genetic la speciile pomicole<\/strong><\/p>\n<p>Autoritatea contractanta: <strong>Ministerul Agriculturii si Dezvolt\u0103rii Rurale<\/strong><\/p>\n<p>Contractor: <strong>Institutul de Cercetare \u2013Dezvoltare pentru Pomicultura Pite\u0219ti -M\u0103r\u0103cineni<\/strong><br \/>\nPartener: Universitatea de \u0218tiin\u021be Agronomice \u0219i Medicina Veterinara, Cluj -Napoca<\/p>\n<p>Durata proiectului: <strong>16.10.2015-24.12.2018<\/strong><\/p>\n<p>Bugetul proiectului: <strong>862.850<\/strong><\/p>\n<p><strong>Link-uri\u00a0 de interes http:\/\/ <\/strong><a href=\"http:\/\/www.icdp.ro\"><strong>www.icdp.ro<\/strong><\/a><\/p>\n<p><strong>Date de contact ale directorului de proiect: <\/strong><\/p>\n<p><strong><a class=\"fusion-modal-text-link\" data-toggle=\"modal\" data-target=\".fusion-modal.ancu\" href=\"#\">Dr.ing. Ancu Irina<\/a><\/strong><br \/>\n<strong>e-mail: <\/strong><a href=\"mailto:irinaancu80@yahoo.com\"><strong>irinaancu80@yahoo.com<\/strong><\/a>, <a href=\"mailto:office@icdp-pitesti.ro\"><strong>office@icdp-pitesti.ro<\/strong><\/a><\/p>\n<p><strong>telefon: +40 248 278 066<\/strong><br \/>\n<strong>fax: +40 248 278 477<\/strong><\/p>\n<p>&nbsp;<\/p>\n<div class=\"fusion-modal modal fade modal-1 ancu\" tabindex=\"-1\" role=\"dialog\" aria-labelledby=\"modal-heading-1\" aria-hidden=\"true\" style=\"--awb-border-color:#ebebeb;--awb-background:#f6f6f6;\"><div class=\"modal-dialog modal-lg\" role=\"document\"><div class=\"modal-content fusion-modal-content\"><div class=\"modal-header\"><button class=\"close\" type=\"button\" data-dismiss=\"modal\" aria-hidden=\"true\" aria-label=\"Close\">&times;<\/button><h3 class=\"modal-title\" id=\"modal-heading-1\" data-dismiss=\"modal\" aria-hidden=\"true\">Dr.ing. Ancu Irina<\/h3><\/div><div class=\"modal-body fusion-clearfix\"><\/p>\n<p><div data-post-id=\"11368\" class=\"insert-page insert-page-11368 \"><div class=\"fusion-fullwidth fullwidth-box fusion-builder-row-1 nonhundred-percent-fullwidth non-hundred-percent-height-scrolling\" style=\"--awb-border-radius-top-left:0px;--awb-border-radius-top-right:0px;--awb-border-radius-bottom-right:0px;--awb-border-radius-bottom-left:0px;--awb-flex-wrap:wrap;\" ><div class=\"fusion-builder-row fusion-row\"><div class=\"fusion-layout-column fusion_builder_column fusion-builder-column-0 fusion_builder_column_1_2 1_2 fusion-one-half fusion-column-first\" style=\"--awb-bg-size:cover;width:50%;width:calc(50% - ( ( 4% ) * 0.5 ) );margin-right: 4%;\"><div class=\"fusion-column-wrapper fusion-flex-column-wrapper-legacy\"><div class=\"fusion-text fusion-text-1\"><p><img decoding=\"async\" class=\"size-full wp-image-10832 alignleft\" src=\"http:\/\/icdp.ro\/wp-content\/uploads\/2018\/10\/placeholder-people-pic.png\" alt=\"\" width=\"320\" height=\"200\" srcset=\"https:\/\/icdp.ro\/wp-content\/uploads\/2018\/10\/placeholder-people-pic-200x125.png 200w, https:\/\/icdp.ro\/wp-content\/uploads\/2018\/10\/placeholder-people-pic-300x188.png 300w, https:\/\/icdp.ro\/wp-content\/uploads\/2018\/10\/placeholder-people-pic.png 320w\" sizes=\"(max-width: 320px) 100vw, 320px\" \/><br \/>\nEmail:\u00a0<strong><a href=\"mailto:irinaancu80@yahoo.com\">irinaancu80@yahoo.com<\/a><\/strong><div class=\"fusion-button-wrapper\"><a class=\"fusion-button button-flat fusion-button-default-size button-default fusion-button-default button-1 fusion-button-default-span fusion-button-default-type\" style=\"--button-border-radius-top-left:0;--button-border-radius-top-right:0;--button-border-radius-bottom-right:0;--button-border-radius-bottom-left:0;\" target=\"_self\" href=\"http:\/\/icdp.ro\/wp-content\/uploads\/2019\/01\/CV-Ancu-Irina-web-romana-2015.pdf\"><span class=\"fusion-button-text awb-button__text awb-button__text--default\">Descarc\u0103 CV<\/span><\/a><\/div><\/p>\n<\/div><div class=\"fusion-clearfix\"><\/div><\/div><\/div><div class=\"fusion-layout-column fusion_builder_column fusion-builder-column-1 fusion_builder_column_1_2 1_2 fusion-one-half fusion-column-last\" style=\"--awb-bg-size:cover;width:50%;width:calc(50% - ( ( 4% ) * 0.5 ) );\"><div class=\"fusion-column-wrapper fusion-flex-column-wrapper-legacy\"><div class=\"fusion-sep-clear\"><\/div><div class=\"fusion-separator fusion-full-width-sep\" style=\"margin-left: auto;margin-right: auto;margin-bottom:20px;width:100%;\"><\/div><div class=\"fusion-sep-clear\"><\/div><div class=\"fusion-text fusion-text-2\"><div style=\"line-height: 130% !important;\"><h5>Institutul de Cercetare Dezvoltare pentru Pomicultur\u0103<\/h5>\n<div>Pite\u015fti, 117450 M\u0103r\u0103cineni, strada M\u0103rului, nr. 402, jude\u0163ul Arge\u015f, codul po\u015ftal 117450<br \/>\n<strong>Telefon:<\/strong> 0248 278066<br \/>\n<strong>Fax:<\/strong> 0248 278477<br \/>\n<strong>E-mail:<\/strong> <a href=\"mailto:office@icdp-pitesti.ro\">office@icdp-pitesti.ro<\/a><br \/>\nWeb: <a href=\"http:\/\/www.icdp.ro\/\">www.icdp.ro<\/a><\/div>\n<\/div>\n<\/div><div class=\"fusion-clearfix\"><\/div><\/div><\/div><\/div><\/div>\n<\/div><\/p>\n<p><\/div><div class=\"modal-footer\"><button class=\"fusion-button button-default button-medium button default medium\" type=\"button\" data-dismiss=\"modal\">Close<\/button><\/div><\/div><\/div><\/div>\n","protected":false},"excerpt":{"rendered":"<p>Informa\u0163ii utile Titlul proiectului: Cercet\u0103ri asupra structurii popula\u0163iilor hibride a eredit\u0103\u0163ii caracteristicilor \u015fi a determinismului genetic la speciile pomicole Autoritatea contractanta: Ministerul Agriculturii si Dezvolt\u0103rii Rurale Contractor: Institutul de Cercetare \u2013Dezvoltare pentru Pomicultura Pite\u0219ti -M\u0103r\u0103cineni Partener: Universitatea de \u0218tiin\u021be Agronomice \u0219i Medicina Veterinara, Cluj -Napoca Durata proiectului: 16.10.2015-24.12.2018 Bugetul proiectului: 862.850 Link-uri\u00a0 de interes http:\/\/  [&#8230;]<\/p>\n","protected":false},"author":1,"featured_media":0,"parent":11538,"menu_order":0,"comment_status":"closed","ping_status":"closed","template":"","meta":{"ngg_post_thumbnail":0,"footnotes":""},"categories":[],"tags":[],"class_list":["post-11540","page","type-page","status-publish","hentry"],"_links":{"self":[{"href":"https:\/\/icdp.ro\/ro\/wp-json\/wp\/v2\/pages\/11540","targetHints":{"allow":["GET"]}}],"collection":[{"href":"https:\/\/icdp.ro\/ro\/wp-json\/wp\/v2\/pages"}],"about":[{"href":"https:\/\/icdp.ro\/ro\/wp-json\/wp\/v2\/types\/page"}],"author":[{"embeddable":true,"href":"https:\/\/icdp.ro\/ro\/wp-json\/wp\/v2\/users\/1"}],"replies":[{"embeddable":true,"href":"https:\/\/icdp.ro\/ro\/wp-json\/wp\/v2\/comments?post=11540"}],"version-history":[{"count":2,"href":"https:\/\/icdp.ro\/ro\/wp-json\/wp\/v2\/pages\/11540\/revisions"}],"predecessor-version":[{"id":13466,"href":"https:\/\/icdp.ro\/ro\/wp-json\/wp\/v2\/pages\/11540\/revisions\/13466"}],"up":[{"embeddable":true,"href":"https:\/\/icdp.ro\/ro\/wp-json\/wp\/v2\/pages\/11538"}],"wp:attachment":[{"href":"https:\/\/icdp.ro\/ro\/wp-json\/wp\/v2\/media?parent=11540"}],"wp:term":[{"taxonomy":"category","embeddable":true,"href":"https:\/\/icdp.ro\/ro\/wp-json\/wp\/v2\/categories?post=11540"},{"taxonomy":"post_tag","embeddable":true,"href":"https:\/\/icdp.ro\/ro\/wp-json\/wp\/v2\/tags?post=11540"}],"curies":[{"name":"wp","href":"https:\/\/api.w.org\/{rel}","templated":true}]}}