{"id":11533,"date":"2019-01-11T11:34:51","date_gmt":"2019-01-11T09:34:51","guid":{"rendered":"http:\/\/icdp.ro\/?page_id=11533"},"modified":"2023-09-25T23:10:59","modified_gmt":"2023-09-25T20:10:59","slug":"rezultate","status":"publish","type":"page","link":"https:\/\/icdp.ro\/ro\/cercetare\/proiecte-nationale\/proiect-ader-3-2-2\/rezultate\/","title":{"rendered":"Rezultate"},"content":{"rendered":"<h5><strong>Rezultate<\/strong><\/h5>\n<p><strong>Rezultate scontate:<\/strong><br \/>\n&#8211; Efectuarea de noi combina\u0163ii hibride \u015fi l\u0103rgirea bazei de selec\u0163ie pentru ob\u0163inerea de noi soiuri de pomi \u015fi arbu\u015fti fructiferi;<br \/>\n&#8211; Evaluarea materialului biologic hibrid \u015fi studiul transmiterii \u00een descenden\u0163\u0103 a unor caractere \u015fi \u00eensu\u015firi utile programului de ameliorare;- \u00cembun\u0103t\u0103\u0163irea sortimentului de pomi \u015fi arbu\u015fti fructiferi prin \u00eenregistrarea \u015fi brevetarea de noi soiuri \u015fi portaltoi;<br \/>\n&#8211; Promovarea noilor soiuri \u015fi portaltoi \u015fi extinderea lor \u00een planta\u0163iile comerciale.<\/p>\n<p><strong>Mod de aplicare a rezultatelor<\/strong><br \/>\n&#8211; Promovarea noilor crea\u0163ii sortimentale prin publica\u0163ii \u00een reviste agricole adresate fermierilor;<br \/>\n&#8211; Popularizarea celor mai bune crea\u0163ii sortimentale prin organizarea de loturi demonstrative, mese rotunde \u015fi vizite de lucru pentru identificarea de poten\u0163iali beneficiari;<br \/>\n&#8211; Editarea de publica\u0163ii \u015ftiin\u0163ifice \u015fi de popularizare, bro\u015fur\u0103\/ pliante.<br \/>\n&#8211; Postarea pe site-ul MADR a rezultatelor ob\u0163inute.<\/p>\n<p>&nbsp;<\/p>\n","protected":false},"excerpt":{"rendered":"<p>Rezultate Rezultate scontate: &#8211; Efectuarea de noi combina\u0163ii hibride \u015fi l\u0103rgirea bazei de selec\u0163ie pentru ob\u0163inerea de noi soiuri de pomi \u015fi arbu\u015fti fructiferi; &#8211; Evaluarea materialului biologic hibrid \u015fi studiul transmiterii \u00een descenden\u0163\u0103 a unor caractere \u015fi \u00eensu\u015firi utile programului de ameliorare;- \u00cembun\u0103t\u0103\u0163irea sortimentului de pomi \u015fi arbu\u015fti fructiferi prin \u00eenregistrarea \u015fi brevetarea de  [&#8230;]<\/p>\n","protected":false},"author":1,"featured_media":0,"parent":11520,"menu_order":1,"comment_status":"closed","ping_status":"closed","template":"","meta":{"ngg_post_thumbnail":0,"footnotes":""},"categories":[],"tags":[],"class_list":["post-11533","page","type-page","status-publish","hentry"],"_links":{"self":[{"href":"https:\/\/icdp.ro\/ro\/wp-json\/wp\/v2\/pages\/11533","targetHints":{"allow":["GET"]}}],"collection":[{"href":"https:\/\/icdp.ro\/ro\/wp-json\/wp\/v2\/pages"}],"about":[{"href":"https:\/\/icdp.ro\/ro\/wp-json\/wp\/v2\/types\/page"}],"author":[{"embeddable":true,"href":"https:\/\/icdp.ro\/ro\/wp-json\/wp\/v2\/users\/1"}],"replies":[{"embeddable":true,"href":"https:\/\/icdp.ro\/ro\/wp-json\/wp\/v2\/comments?post=11533"}],"version-history":[{"count":1,"href":"https:\/\/icdp.ro\/ro\/wp-json\/wp\/v2\/pages\/11533\/revisions"}],"predecessor-version":[{"id":11534,"href":"https:\/\/icdp.ro\/ro\/wp-json\/wp\/v2\/pages\/11533\/revisions\/11534"}],"up":[{"embeddable":true,"href":"https:\/\/icdp.ro\/ro\/wp-json\/wp\/v2\/pages\/11520"}],"wp:attachment":[{"href":"https:\/\/icdp.ro\/ro\/wp-json\/wp\/v2\/media?parent=11533"}],"wp:term":[{"taxonomy":"category","embeddable":true,"href":"https:\/\/icdp.ro\/ro\/wp-json\/wp\/v2\/categories?post=11533"},{"taxonomy":"post_tag","embeddable":true,"href":"https:\/\/icdp.ro\/ro\/wp-json\/wp\/v2\/tags?post=11533"}],"curies":[{"name":"wp","href":"https:\/\/api.w.org\/{rel}","templated":true}]}}