{"id":11529,"date":"2019-01-11T11:33:37","date_gmt":"2019-01-11T09:33:37","guid":{"rendered":"http:\/\/icdp.ro\/?page_id=11529"},"modified":"2023-09-25T23:10:54","modified_gmt":"2023-09-25T20:10:54","slug":"rezumat","status":"publish","type":"page","link":"https:\/\/icdp.ro\/ro\/cercetare\/proiecte-nationale\/proiect-ader-3-2-2\/rezumat\/","title":{"rendered":"Rezumat"},"content":{"rendered":"<h5><strong>Rezumat<\/strong><\/h5>\n<p>Unul dintre cele mai importante mijloace pentru rezolvarea cerin\u0163elor \u015fi dificult\u0103\u0163ilor pomiculturii moderne este sortimentul, respectiv soiurile care stau la dispozi\u0163ia cultivatorului \u015fi a consumatorului.<br \/>\nProblema cea mai dificil\u0103 \u00een pomicultura este sensibilitatea soiurilor existente la atacul bolilor \u015fi d\u0103un\u0103torilor specifici \u015fi necesitatea unor tratamente fitosanitare costisitoare, cu repercusiuni negative asupra mediului \u015fi asupra s\u0103n\u0103t\u0103\u0163ii umane.<br \/>\nAmeliorarea genetic\u0103 a plantelor pomicole este un mijloc de modificare con\u015ftient\u0103 a genotipurilor \u00een folosul cultivatorilor \u015fi al consumatorilor. \u00cen acest sens identificarea, crearea \u015fi introducerea \u00een practica pomicol\u0103 a unor genotipuri noi cu valoare biologic\u0103 \u015fi nutri\u0163ional\u0103 ridicat\u0103, adaptate la condi\u0163iile ecologice diverse constituie principalul mijloc de \u00eembun\u0103t\u0103\u0163ire calitativ\u0103 a fructelor \u015fi diversificarea destina\u0163iei acestora, c\u00e2t \u015fi de cre\u015ftere a eficien\u0163ei economice a pomiculturii.<br \/>\nPe plan mondial, principala orientare este de a \u00eenlocui vechile soiuri de pomi \u015fi arbu\u015fti fructiferi de vigoare mare, sensibile la bolile \u015fi d\u0103un\u0103torii specifici, la stressul termic \u015fi hidric, cu fructe de calitate slab\u0103, cu soiuri noi pretabile la sisteme tehnologice specifice agriculturii durabile, adaptate impactului nefavorabil al modific\u0103rilor climatice.<br \/>\nOb\u0163inerea pe cale genetic\u0103 a unor soiuri imune, rezistente sau cel pu\u0163in tolerante la principalele boli \u015fi d\u0103un\u0103tori, a devenit principala direc\u0163ie pentru toate \u0163\u0103rile produc\u0103toare de fructe \u015fi este obiectiv prioritar \u00een toate programele de ameliorare a soiurilor din \u0163\u0103rile respective.<br \/>\n\u00cen \u0163ara noastr\u0103, obiectivele urm\u0103rite \u00een programul de ameliorare se \u00eendreapt\u0103 spre cre\u015fterea performan\u0163elor agroproductive ale soiurilor \u015fi sporirea calit\u0103\u0163ii recoltei, ca \u015fi reducerea resurselor alocate protec\u0163iei fitosanitare \u015fi diminuarea polu\u0103rii fructelor de compu\u015fi chimici de sintez\u0103 \u015fi, \u00een final, protec\u0163ia mediului \u015fi a consumatorilor, toate acestea av\u00e2nd ca efect cre\u015fterea siguran\u0163ei \u015fi securit\u0103\u0163ii alimentare. Se are \u00een vedere, \u00een continuare, ob\u0163inerea de soiuri cu rezisten\u0163\u0103 sporit\u0103 sau imunitate la bolile de maxim\u0103 inciden\u0163\u0103 economic\u0103, cum ar fi rap\u0103nul \u015fi f\u0103inarea la m\u0103r, arsura bacterian\u0103 la p\u0103r, plum pox-ul la prun, antracnoza \u015fi monilioza la cire\u015f \u015fi vi\u015fin, etc.<br \/>\nDe\u015fi exist\u0103 un num\u0103r mare de soiuri \u015fi fiecare \u0163ar\u0103 tinde spre promovarea unui sortiment propriu, determinat, \u00een principal, de condi\u0163iile climatice, de capacitatea soiurilor de a se adapta la ele, dar \u015fi de concuren\u0163a de pe pia\u0163a mondial\u0103, exist\u0103 totu\u015fi un grup restr\u00e2ns de soiuri cultivate cu tendin\u0163e de interna\u0163ionalizare, impus de o serie de factori comerciali.<br \/>\n\u00centr-un grup de lucru interdisciplinar, alc\u0103tuit din amelioratori, fiziologi, tehnologi, fitopatologi, chimi\u015fti, se va porni de la investigarea datelor existente pe plan na\u0163ional \u015fi interna\u0163ional privind programele de ameliorare la speciilor de pomi \u015fi arbu\u015fti fructiferi, care vor permite stabilirea de noi combina\u0163ii hibride \u015fi \u00een final \u00eenregistrarea de noi soiuri \u015fi portaltoi pretabili sistemelor de agricultur\u0103 durabil\u0103. Proiectul va fi realizat de un consor\u0163iu de institu\u0163ii, care de\u021bin\u00e2nd cele mai bogate baze de date la nivel na\u021bional, toate recunoscute \u015fi active la nivel interna\u0163ional, care pot asigura competen\u0163a de referin\u0163\u0103 \u00een domeniile vizate.<br \/>\nPrincipalele activit\u0103\u0163i urm\u0103rite \u00een acest proiect partenerial de cercetare \u2013 dezvoltare se refer\u0103 la:<br \/>\n&#8211; Crearea de popula\u0163ii hibride \u00een vederea prevenirii eroziunii genetice;<br \/>\n&#8211; Selec\u0163ia unor forme pomicole noi cu rezisten\u0163\u0103 la boli \u015fi d\u0103un\u0103tori \u015fi fructe de calitate conform standardelor pie\u0163ei europene \u00een vederea cre\u015fterii siguran\u0163ei \u015fi securit\u0103\u0163ii alimentare;<br \/>\n&#8211; Testarea capacit\u0103\u0163ii de produc\u0163ie \u015fi a valorii comerciale \u00een culturi comparative \u00een vederea \u00eenregistr\u0103rii de soiuri noi pretabile sistemelor tehnologice specifice agriculturii durabile.<\/p>\n<p>&nbsp;<\/p>\n","protected":false},"excerpt":{"rendered":"<p>Rezumat Unul dintre cele mai importante mijloace pentru rezolvarea cerin\u0163elor \u015fi dificult\u0103\u0163ilor pomiculturii moderne este sortimentul, respectiv soiurile care stau la dispozi\u0163ia cultivatorului \u015fi a consumatorului. Problema cea mai dificil\u0103 \u00een pomicultura este sensibilitatea soiurilor existente la atacul bolilor \u015fi d\u0103un\u0103torilor specifici \u015fi necesitatea unor tratamente fitosanitare costisitoare, cu repercusiuni negative asupra mediului \u015fi asupra  [&#8230;]<\/p>\n","protected":false},"author":1,"featured_media":0,"parent":11520,"menu_order":3,"comment_status":"closed","ping_status":"closed","template":"","meta":{"ngg_post_thumbnail":0,"footnotes":""},"categories":[],"tags":[],"class_list":["post-11529","page","type-page","status-publish","hentry"],"_links":{"self":[{"href":"https:\/\/icdp.ro\/ro\/wp-json\/wp\/v2\/pages\/11529","targetHints":{"allow":["GET"]}}],"collection":[{"href":"https:\/\/icdp.ro\/ro\/wp-json\/wp\/v2\/pages"}],"about":[{"href":"https:\/\/icdp.ro\/ro\/wp-json\/wp\/v2\/types\/page"}],"author":[{"embeddable":true,"href":"https:\/\/icdp.ro\/ro\/wp-json\/wp\/v2\/users\/1"}],"replies":[{"embeddable":true,"href":"https:\/\/icdp.ro\/ro\/wp-json\/wp\/v2\/comments?post=11529"}],"version-history":[{"count":1,"href":"https:\/\/icdp.ro\/ro\/wp-json\/wp\/v2\/pages\/11529\/revisions"}],"predecessor-version":[{"id":11530,"href":"https:\/\/icdp.ro\/ro\/wp-json\/wp\/v2\/pages\/11529\/revisions\/11530"}],"up":[{"embeddable":true,"href":"https:\/\/icdp.ro\/ro\/wp-json\/wp\/v2\/pages\/11520"}],"wp:attachment":[{"href":"https:\/\/icdp.ro\/ro\/wp-json\/wp\/v2\/media?parent=11529"}],"wp:term":[{"taxonomy":"category","embeddable":true,"href":"https:\/\/icdp.ro\/ro\/wp-json\/wp\/v2\/categories?post=11529"},{"taxonomy":"post_tag","embeddable":true,"href":"https:\/\/icdp.ro\/ro\/wp-json\/wp\/v2\/tags?post=11529"}],"curies":[{"name":"wp","href":"https:\/\/api.w.org\/{rel}","templated":true}]}}