{"id":11515,"date":"2019-01-11T10:55:02","date_gmt":"2019-01-11T08:55:02","guid":{"rendered":"http:\/\/icdp.ro\/?page_id=11515"},"modified":"2023-09-25T23:25:15","modified_gmt":"2023-09-25T20:25:15","slug":"rezultate","status":"publish","type":"page","link":"https:\/\/icdp.ro\/ro\/cercetare\/proiecte-nationale\/proiect-ader-3-3-1\/rezultate\/","title":{"rendered":"Rezultate"},"content":{"rendered":"<h5>Rezultate<\/h5>\n<p><strong><em>Rezultate scontate:<\/em><\/strong><br \/>\n-secven\u021be tehnologice privind men\u021binerea controlul viral preventiv ;<br \/>\n-metode optimizate pentru testarea viral\u0103 prin tehnici serologice DAS\/TAS ELISA, moleculare PCR \u0219i biologice;<br \/>\n-protocoale <em>in vitro<\/em>\u00a0 optimizate \u00een func\u021bie de virus\/genotip pentru ob\u021binerea plantelor <em>virus free;<\/em><br \/>\n-metode de men\u021binerea \u00een condi\u021bii adecvate care s\u0103 garanteze autenticitatea \u0219i s\u0103n\u0103tatea materialului de \u00eenmul\u021bire;<br \/>\n-ob\u021binerea \u0219i introducerea \u00een planta\u021biile mam\u0103 Prebaz\u0103, Baz\u0103 \u0219i Certificat a unor\u00a0 soiuri noi, re\u00eenoirea unor plante mam\u0103;<\/p>\n<p><strong><em>Modul de aplicare al rezultatelor<\/em><\/strong><br \/>\n-conservarea prin metode <em>in vivo<\/em> \u0219i <em>in vitro<\/em> conform normelor \u00een vigoare a nucleelor ob\u021binute;<br \/>\n-diseminarea rezultatelor prin \u00eentrunire cu pepinieri\u0219tii, fermieri, ITCSMS, etc, publica\u021bii;<br \/>\n-furnizarea c\u0103tre pepinieri\u0219tii priva\u021bi\u00a0 de material de \u00eenmul\u021bire \u0219i\u00a0 material pomicol de plantare;<br \/>\n-diseminarea rezultatelor prin \u00eentrunire cu pepinieri\u0219tii, fermieri, ITCSMS, etc, publica\u021bii, pagin\u0103 Web.<\/p>\n<p><strong><em>Tipul de servicii<\/em><\/strong><strong><em> oferite <\/em><\/strong><br \/>\n-men\u021binerea planta\u021biilor mam\u0103 \u0219i \u0219i re\u00eenoirea\u00a0 acolo unde este cazul;<br \/>\n-asigurarea autenticit\u0103\u021bii plantelor mam\u0103;<br \/>\n-asigurarea s\u0103n\u0103t\u0103\u021bii fa\u021b\u0103 de toate tipurile de infec\u021bii produse de organismele d\u0103un\u0103toare;<br \/>\n-asigurarea materialului de \u00eenmul\u021bire \u0219i plantare pomicol.<\/p>\n<p>&nbsp;<\/p>\n<p>&nbsp;<\/p>\n<p>&nbsp;<\/p>\n","protected":false},"excerpt":{"rendered":"<p>Rezultate Rezultate scontate: -secven\u021be tehnologice privind men\u021binerea controlul viral preventiv ; -metode optimizate pentru testarea viral\u0103 prin tehnici serologice DAS\/TAS ELISA, moleculare PCR \u0219i biologice; -protocoale in vitro\u00a0 optimizate \u00een func\u021bie de virus\/genotip pentru ob\u021binerea plantelor virus free; -metode de men\u021binerea \u00een condi\u021bii adecvate care s\u0103 garanteze autenticitatea \u0219i s\u0103n\u0103tatea materialului de \u00eenmul\u021bire; -ob\u021binerea \u0219i  [&#8230;]<\/p>\n","protected":false},"author":1,"featured_media":0,"parent":11507,"menu_order":3,"comment_status":"closed","ping_status":"closed","template":"","meta":{"ngg_post_thumbnail":0,"footnotes":""},"categories":[],"tags":[],"class_list":["post-11515","page","type-page","status-publish","hentry"],"_links":{"self":[{"href":"https:\/\/icdp.ro\/ro\/wp-json\/wp\/v2\/pages\/11515","targetHints":{"allow":["GET"]}}],"collection":[{"href":"https:\/\/icdp.ro\/ro\/wp-json\/wp\/v2\/pages"}],"about":[{"href":"https:\/\/icdp.ro\/ro\/wp-json\/wp\/v2\/types\/page"}],"author":[{"embeddable":true,"href":"https:\/\/icdp.ro\/ro\/wp-json\/wp\/v2\/users\/1"}],"replies":[{"embeddable":true,"href":"https:\/\/icdp.ro\/ro\/wp-json\/wp\/v2\/comments?post=11515"}],"version-history":[{"count":1,"href":"https:\/\/icdp.ro\/ro\/wp-json\/wp\/v2\/pages\/11515\/revisions"}],"predecessor-version":[{"id":11516,"href":"https:\/\/icdp.ro\/ro\/wp-json\/wp\/v2\/pages\/11515\/revisions\/11516"}],"up":[{"embeddable":true,"href":"https:\/\/icdp.ro\/ro\/wp-json\/wp\/v2\/pages\/11507"}],"wp:attachment":[{"href":"https:\/\/icdp.ro\/ro\/wp-json\/wp\/v2\/media?parent=11515"}],"wp:term":[{"taxonomy":"category","embeddable":true,"href":"https:\/\/icdp.ro\/ro\/wp-json\/wp\/v2\/categories?post=11515"},{"taxonomy":"post_tag","embeddable":true,"href":"https:\/\/icdp.ro\/ro\/wp-json\/wp\/v2\/tags?post=11515"}],"curies":[{"name":"wp","href":"https:\/\/api.w.org\/{rel}","templated":true}]}}