{"id":11509,"date":"2019-01-11T10:53:08","date_gmt":"2019-01-11T08:53:08","guid":{"rendered":"http:\/\/icdp.ro\/?page_id=11509"},"modified":"2023-09-25T23:25:47","modified_gmt":"2023-09-25T20:25:47","slug":"informatii-utile","status":"publish","type":"page","link":"https:\/\/icdp.ro\/ro\/cercetare\/proiecte-nationale\/proiect-ader-3-3-1\/informatii-utile\/","title":{"rendered":"Informa\u0163ii utile"},"content":{"rendered":"<h5>Informa\u0163ii utile<\/h5>\n<p><em>Titlul proiectului<\/em><strong>: Cercet\u0103ri privind men\u0163inerea autenticit\u0103\u0163ii \u015fi s\u0103n\u0103t\u0103\u0163ii materialului de \u00eenmul\u0163ire pentru\u00a0 plantare pomicol categoriile biologice prebaz\u0103, baz\u0103 \u015fi certificat prin metode biotehnologice \u015fi fitosanitare.<\/strong><\/p>\n<p><em>Autoritatea contractant\u0103<\/em>: <strong>Ministerul Agriculturii \u0219i Dezvolt\u0103rii Rurale<\/strong><\/p>\n<p><em>Contractor:<\/em><strong>\u00a0 Institutul de Cercetare-De zvoltare pentru Pomicultur\u0103 Pite\u015fti M\u0103r\u0103cineni<\/strong><\/p>\n<p><em>Parteneri:<\/em><br \/>\n&#8211;<strong>Sta\u021biunea de Cercetare-Dezvoltare pentru Pomicultur\u0103 Bistri\u021ba;<\/strong><br \/>\n<strong>-Sta\u021biunea de Cercetare-Dezvoltare pentru Pomicultur\u0103 Constan\u021ba;<\/strong><br \/>\n<strong>-Sta\u021biunea de Cercetare-Dezvoltare pentru Pomicultur\u0103 Ia\u0219i;<\/strong><br \/>\n<strong>-Sta\u021biunea de Cercetare-Dezvoltare pentru Pomicultur\u0103 Voine\u0219ti<em>.<\/em><\/strong><\/p>\n<p><strong>\u00a0<\/strong><em>Durata\u00a0 proiectului:<\/em><br \/>\n<strong><em>13.10.2015 &#8211; 24.12.2018<\/em><\/strong><\/p>\n<p><em>Bugetul proiectului<\/em><strong>:<\/strong><strong>1.062.850 lei<\/strong><\/p>\n<p><em>Link-uri de interes:<\/em> <strong><a href=\"http:\/\/www.icdp.ro\/\">http:\/\/www.icdp.ro<\/a><\/strong><\/p>\n<p><em>Date de contact ale directorului\u00a0 de proiect:<\/em><br \/>\n<strong><a class=\"fusion-modal-text-link\" data-toggle=\"modal\" data-target=\".fusion-modal.plopa\" href=\"#\">Dr. ing. Cati\u0163a Plopa<\/a><\/strong><br \/>\n<strong>e-mail: <a href=\"mailto:office@icdp-pitesti.ro\">office@icdp-pitesti.ro<\/a><\/strong><br \/>\n<strong><a href=\"mailto:catitasarpe@hotmail.com\">catitasarpe@hotmail.com<\/a><\/strong><\/p>\n<p><strong>Tel: +40-248-278066;<br \/>\nFax: +40-248-278477;<\/strong><\/p>\n<p>&nbsp;<\/p>\n<div class=\"fusion-modal modal fade modal-1 plopa\" tabindex=\"-1\" role=\"dialog\" aria-labelledby=\"modal-heading-1\" aria-hidden=\"true\" style=\"--awb-border-color:#ebebeb;--awb-background:#f6f6f6;\"><div class=\"modal-dialog modal-lg\" role=\"document\"><div class=\"modal-content fusion-modal-content\"><div class=\"modal-header\"><button class=\"close\" type=\"button\" data-dismiss=\"modal\" aria-hidden=\"true\" aria-label=\"Close\">&times;<\/button><h3 class=\"modal-title\" id=\"modal-heading-1\" data-dismiss=\"modal\" aria-hidden=\"true\"> Dr. ing. Cati\u0163a Plopa<\/h3><\/div><div class=\"modal-body fusion-clearfix\"><\/p>\n<p><div data-post-id=\"11303\" class=\"insert-page insert-page-11303 \"><div class=\"fusion-fullwidth fullwidth-box fusion-builder-row-1 nonhundred-percent-fullwidth non-hundred-percent-height-scrolling\" style=\"--awb-border-radius-top-left:0px;--awb-border-radius-top-right:0px;--awb-border-radius-bottom-right:0px;--awb-border-radius-bottom-left:0px;--awb-flex-wrap:wrap;\" ><div class=\"fusion-builder-row fusion-row\"><div class=\"fusion-layout-column fusion_builder_column fusion-builder-column-0 fusion_builder_column_1_2 1_2 fusion-one-half fusion-column-first\" style=\"--awb-bg-size:cover;width:50%;width:calc(50% - ( ( 4% ) * 0.5 ) );margin-right: 4%;\"><div class=\"fusion-column-wrapper fusion-flex-column-wrapper-legacy\"><div class=\"fusion-text fusion-text-1\"><p><img decoding=\"async\" class=\"size-full wp-image-10832 alignleft\" src=\"http:\/\/icdp.ro\/wp-content\/uploads\/2018\/10\/placeholder-people-pic.png\" alt=\"\" width=\"320\" height=\"200\" srcset=\"https:\/\/icdp.ro\/wp-content\/uploads\/2018\/10\/placeholder-people-pic-200x125.png 200w, https:\/\/icdp.ro\/wp-content\/uploads\/2018\/10\/placeholder-people-pic-300x188.png 300w, https:\/\/icdp.ro\/wp-content\/uploads\/2018\/10\/placeholder-people-pic.png 320w\" sizes=\"(max-width: 320px) 100vw, 320px\" \/><br \/>\nEmail:\u00a0<strong><a href=\"mailto:catitasarpe@hotmail.com\">catitasarpe@hotmail.com<\/a><\/strong><div class=\"fusion-button-wrapper\"><a class=\"fusion-button button-flat fusion-button-default-size button-default fusion-button-default button-1 fusion-button-default-span fusion-button-default-type\" style=\"--button-border-radius-top-left:0;--button-border-radius-top-right:0;--button-border-radius-bottom-right:0;--button-border-radius-bottom-left:0;\" target=\"_self\" href=\"http:\/\/icdp.ro\/wp-content\/uploads\/2019\/01\/CV-PLOPA-CATITA-ro.pdf\"><span class=\"fusion-button-text awb-button__text awb-button__text--default\">Descarc\u0103 CV<\/span><\/a><\/div><\/p>\n<\/div><div class=\"fusion-clearfix\"><\/div><\/div><\/div><div class=\"fusion-layout-column fusion_builder_column fusion-builder-column-1 fusion_builder_column_1_2 1_2 fusion-one-half fusion-column-last\" style=\"--awb-bg-size:cover;width:50%;width:calc(50% - ( ( 4% ) * 0.5 ) );\"><div class=\"fusion-column-wrapper fusion-flex-column-wrapper-legacy\"><div class=\"fusion-sep-clear\"><\/div><div class=\"fusion-separator fusion-full-width-sep\" style=\"margin-left: auto;margin-right: auto;margin-bottom:20px;width:100%;\"><\/div><div class=\"fusion-sep-clear\"><\/div><div class=\"fusion-text fusion-text-2\"><div style=\"line-height: 130% !important;\"><h5>Institutul de Cercetare Dezvoltare pentru Pomicultur\u0103<\/h5>\n<div>Pite\u015fti, 117450 M\u0103r\u0103cineni, strada M\u0103rului, nr. 402, jude\u0163ul Arge\u015f, codul po\u015ftal 117450<br \/>\n<strong>Telefon:<\/strong> 0248 278066<br \/>\n<strong>Fax:<\/strong> 0248 278477<br \/>\n<strong>E-mail:<\/strong> <a href=\"mailto:office@icdp-pitesti.ro\">office@icdp-pitesti.ro<\/a><br \/>\nWeb: <a href=\"http:\/\/www.icdp.ro\/\">www.icdp.ro<\/a><\/div>\n<\/div>\n<\/div><div class=\"fusion-clearfix\"><\/div><\/div><\/div><\/div><\/div>\n<\/div><\/p>\n<p><\/div><div class=\"modal-footer\"><button class=\"fusion-button button-default button-medium button default medium\" type=\"button\" data-dismiss=\"modal\">Close<\/button><\/div><\/div><\/div><\/div>\n<p>&nbsp;<\/p>\n","protected":false},"excerpt":{"rendered":"<p>Informa\u0163ii utile Titlul proiectului: Cercet\u0103ri privind men\u0163inerea autenticit\u0103\u0163ii \u015fi s\u0103n\u0103t\u0103\u0163ii materialului de \u00eenmul\u0163ire pentru\u00a0 plantare pomicol categoriile biologice prebaz\u0103, baz\u0103 \u015fi certificat prin metode biotehnologice \u015fi fitosanitare. Autoritatea contractant\u0103: Ministerul Agriculturii \u0219i Dezvolt\u0103rii Rurale Contractor:\u00a0 Institutul de Cercetare-De zvoltare pentru Pomicultur\u0103 Pite\u015fti M\u0103r\u0103cineni Parteneri: &#8211;Sta\u021biunea de Cercetare-Dezvoltare pentru Pomicultur\u0103 Bistri\u021ba; -Sta\u021biunea de Cercetare-Dezvoltare pentru Pomicultur\u0103  [&#8230;]<\/p>\n","protected":false},"author":1,"featured_media":0,"parent":11507,"menu_order":0,"comment_status":"closed","ping_status":"closed","template":"","meta":{"ngg_post_thumbnail":0,"footnotes":""},"categories":[],"tags":[],"class_list":["post-11509","page","type-page","status-publish","hentry"],"_links":{"self":[{"href":"https:\/\/icdp.ro\/ro\/wp-json\/wp\/v2\/pages\/11509","targetHints":{"allow":["GET"]}}],"collection":[{"href":"https:\/\/icdp.ro\/ro\/wp-json\/wp\/v2\/pages"}],"about":[{"href":"https:\/\/icdp.ro\/ro\/wp-json\/wp\/v2\/types\/page"}],"author":[{"embeddable":true,"href":"https:\/\/icdp.ro\/ro\/wp-json\/wp\/v2\/users\/1"}],"replies":[{"embeddable":true,"href":"https:\/\/icdp.ro\/ro\/wp-json\/wp\/v2\/comments?post=11509"}],"version-history":[{"count":2,"href":"https:\/\/icdp.ro\/ro\/wp-json\/wp\/v2\/pages\/11509\/revisions"}],"predecessor-version":[{"id":13465,"href":"https:\/\/icdp.ro\/ro\/wp-json\/wp\/v2\/pages\/11509\/revisions\/13465"}],"up":[{"embeddable":true,"href":"https:\/\/icdp.ro\/ro\/wp-json\/wp\/v2\/pages\/11507"}],"wp:attachment":[{"href":"https:\/\/icdp.ro\/ro\/wp-json\/wp\/v2\/media?parent=11509"}],"wp:term":[{"taxonomy":"category","embeddable":true,"href":"https:\/\/icdp.ro\/ro\/wp-json\/wp\/v2\/categories?post=11509"},{"taxonomy":"post_tag","embeddable":true,"href":"https:\/\/icdp.ro\/ro\/wp-json\/wp\/v2\/tags?post=11509"}],"curies":[{"name":"wp","href":"https:\/\/api.w.org\/{rel}","templated":true}]}}