{"id":11502,"date":"2019-01-11T10:49:28","date_gmt":"2019-01-11T08:49:28","guid":{"rendered":"http:\/\/icdp.ro\/?page_id=11502"},"modified":"2023-09-25T23:24:24","modified_gmt":"2023-09-25T20:24:24","slug":"rezultate","status":"publish","type":"page","link":"https:\/\/icdp.ro\/ro\/cercetare\/proiecte-nationale\/proiect-ader-3-3-3\/rezultate\/","title":{"rendered":"Rezultate"},"content":{"rendered":"<h5>Rezultate<\/h5>\n<p><strong><em>Rezultate scontate:<\/em><\/strong><\/p>\n<p>&#8211; solu\u0163ii tehnologice privind ob\u0163inerea unui material s\u0103ditor pomicol conform standardelor europene;<br \/>\n&#8211; scheme de combatere a buruienilor \u00a0\u00een pepinier\u0103;<br \/>\n&#8211; scheme de combatere a bolilor \u015fi a d\u0103un\u0103torilor \u00a0\u00een \u00a0pepinier\u0103;<br \/>\n&#8211; solu\u0163ii tehnologice privind fertirigarea \u00een planta\u0163iile mam\u0103 buta\u015fi destinate \u00eenmul\u0163irii prin buta\u015fi verzi.<\/p>\n<p><strong><em>Mod de aplicare a rezultatelor<\/em><\/strong><\/p>\n<p>&#8211; Publicarea rezultatelor \u00een lucr\u0103ri \u015ftiin\u0163ifice \u015fi de popularizare<br \/>\n&#8211; Postarea pe site-urile \u00a0MADR \u00a0\u015fi ICDP a rezultatelor ob\u0163inute.<br \/>\n&#8211; \u00centruniri (mese rotunde) cu pepinieri\u015fti, fermieri, ITCSMS, etc.<\/p>\n<p><strong><em>Tipul de servicii oferite<\/em><\/strong><\/p>\n<p>-secven\u0163e tehnologice pepinieristice privind rezultatele ob\u0163inute \u00een cadrul proiectului ADER 3.3.3. \u015fi consultan\u0163\u0103 de specialitate.<\/p>\n<p>&nbsp;<\/p>\n","protected":false},"excerpt":{"rendered":"<p>Rezultate Rezultate scontate: &#8211; solu\u0163ii tehnologice privind ob\u0163inerea unui material s\u0103ditor pomicol conform standardelor europene; &#8211; scheme de combatere a buruienilor \u00a0\u00een pepinier\u0103; &#8211; scheme de combatere a bolilor \u015fi a d\u0103un\u0103torilor \u00a0\u00een \u00a0pepinier\u0103; &#8211; solu\u0163ii tehnologice privind fertirigarea \u00een planta\u0163iile mam\u0103 buta\u015fi destinate \u00eenmul\u0163irii prin buta\u015fi verzi. Mod de aplicare a rezultatelor &#8211; Publicarea  [&#8230;]<\/p>\n","protected":false},"author":1,"featured_media":0,"parent":11490,"menu_order":3,"comment_status":"closed","ping_status":"closed","template":"","meta":{"ngg_post_thumbnail":0,"footnotes":""},"categories":[],"tags":[],"class_list":["post-11502","page","type-page","status-publish","hentry"],"_links":{"self":[{"href":"https:\/\/icdp.ro\/ro\/wp-json\/wp\/v2\/pages\/11502","targetHints":{"allow":["GET"]}}],"collection":[{"href":"https:\/\/icdp.ro\/ro\/wp-json\/wp\/v2\/pages"}],"about":[{"href":"https:\/\/icdp.ro\/ro\/wp-json\/wp\/v2\/types\/page"}],"author":[{"embeddable":true,"href":"https:\/\/icdp.ro\/ro\/wp-json\/wp\/v2\/users\/1"}],"replies":[{"embeddable":true,"href":"https:\/\/icdp.ro\/ro\/wp-json\/wp\/v2\/comments?post=11502"}],"version-history":[{"count":1,"href":"https:\/\/icdp.ro\/ro\/wp-json\/wp\/v2\/pages\/11502\/revisions"}],"predecessor-version":[{"id":11503,"href":"https:\/\/icdp.ro\/ro\/wp-json\/wp\/v2\/pages\/11502\/revisions\/11503"}],"up":[{"embeddable":true,"href":"https:\/\/icdp.ro\/ro\/wp-json\/wp\/v2\/pages\/11490"}],"wp:attachment":[{"href":"https:\/\/icdp.ro\/ro\/wp-json\/wp\/v2\/media?parent=11502"}],"wp:term":[{"taxonomy":"category","embeddable":true,"href":"https:\/\/icdp.ro\/ro\/wp-json\/wp\/v2\/categories?post=11502"},{"taxonomy":"post_tag","embeddable":true,"href":"https:\/\/icdp.ro\/ro\/wp-json\/wp\/v2\/tags?post=11502"}],"curies":[{"name":"wp","href":"https:\/\/api.w.org\/{rel}","templated":true}]}}