{"id":11500,"date":"2019-01-11T10:48:48","date_gmt":"2019-01-11T08:48:48","guid":{"rendered":"http:\/\/icdp.ro\/?page_id=11500"},"modified":"2023-09-25T23:24:19","modified_gmt":"2023-09-25T20:24:19","slug":"obiective","status":"publish","type":"page","link":"https:\/\/icdp.ro\/ro\/cercetare\/proiecte-nationale\/proiect-ader-3-3-3\/obiective\/","title":{"rendered":"Obiective"},"content":{"rendered":"<h5>Obiective<\/h5>\n<ul>\n<li><strong><em>Obiectiv general: \u00a0<\/em><\/strong>elaborarea unor secven\u0163e tehnologice, pepinieristice pentru ob\u0163inerea unui material s\u0103ditor pentru plantare pomicol destinat livezilor intensive conform normelor U.E., \u00een perspectiva subprogramului de reconversie a pomiculturii din cadrul PNDR 2015-2020<\/li>\n<\/ul>\n<ul>\n<li><strong><em>Obiective specifice:<\/em><\/strong><\/li>\n<\/ul>\n<p>&#8211; stabilirea unor secven\u0163e tehnologice de \u00eenmul\u0163ire pentru ob\u0163inerea pomilor cu coroan\u0103 format\u0103 \u00eenc\u0103 din pepinier\u0103;<br \/>\n&#8211; identificarea buruienilor \u015fi stabilirea erbicidelor cu eficacitate economic\u0103;<br \/>\n&#8211; identificarea bolilor \u015fi d\u0103un\u0103torilor din pepinier\u0103 \u015fi stabilirea celor mai eficace tratamente de combatere;<br \/>\n&#8211; fertirigarea \u00een sectoarele pepinierei.<\/p>\n<ul>\n<li><strong><em>Obiective m\u0103surabile:<\/em><\/strong><\/li>\n<li>produc\u0163ia de pomi c\u00e2mpul II, standard\/ha (cu l\u0103stari anticipa\u0163i \u015fi muguri de rod preforma\u0163i);<\/li>\n<li>eficacitatea erbicidelor\u00a0 (doze, momente optime de aplicare)\u00a0 \u00een pepiniere;<\/li>\n<li>eficacitatea tratamentelor fito-sanitare specifice bolilor \u015fi d\u0103un\u0103torilor din pepinier\u0103 (doze, momente de aplicare);<\/li>\n<\/ul>\n<p>stimularea dezvolt\u0103rii l\u0103starilor \u00een planta\u0163iile mam\u0103 de buta\u015fi, prin fertirigare, \u00een vederea cre\u015fterii randamentului la \u00eenmul\u0163ire prin buta\u015fi verzi a unor portaltoi vegetativi.<\/p>\n<p>&nbsp;<\/p>\n","protected":false},"excerpt":{"rendered":"<p>Obiective Obiectiv general: \u00a0elaborarea unor secven\u0163e tehnologice, pepinieristice pentru ob\u0163inerea unui material s\u0103ditor pentru plantare pomicol destinat livezilor intensive conform normelor U.E., \u00een perspectiva subprogramului de reconversie a pomiculturii din cadrul PNDR 2015-2020 Obiective specifice: &#8211; stabilirea unor secven\u0163e tehnologice de \u00eenmul\u0163ire pentru ob\u0163inerea pomilor cu coroan\u0103 format\u0103 \u00eenc\u0103 din pepinier\u0103; &#8211; identificarea buruienilor \u015fi  [&#8230;]<\/p>\n","protected":false},"author":1,"featured_media":0,"parent":11490,"menu_order":2,"comment_status":"closed","ping_status":"closed","template":"","meta":{"ngg_post_thumbnail":0,"footnotes":""},"categories":[],"tags":[],"class_list":["post-11500","page","type-page","status-publish","hentry"],"_links":{"self":[{"href":"https:\/\/icdp.ro\/ro\/wp-json\/wp\/v2\/pages\/11500","targetHints":{"allow":["GET"]}}],"collection":[{"href":"https:\/\/icdp.ro\/ro\/wp-json\/wp\/v2\/pages"}],"about":[{"href":"https:\/\/icdp.ro\/ro\/wp-json\/wp\/v2\/types\/page"}],"author":[{"embeddable":true,"href":"https:\/\/icdp.ro\/ro\/wp-json\/wp\/v2\/users\/1"}],"replies":[{"embeddable":true,"href":"https:\/\/icdp.ro\/ro\/wp-json\/wp\/v2\/comments?post=11500"}],"version-history":[{"count":1,"href":"https:\/\/icdp.ro\/ro\/wp-json\/wp\/v2\/pages\/11500\/revisions"}],"predecessor-version":[{"id":11501,"href":"https:\/\/icdp.ro\/ro\/wp-json\/wp\/v2\/pages\/11500\/revisions\/11501"}],"up":[{"embeddable":true,"href":"https:\/\/icdp.ro\/ro\/wp-json\/wp\/v2\/pages\/11490"}],"wp:attachment":[{"href":"https:\/\/icdp.ro\/ro\/wp-json\/wp\/v2\/media?parent=11500"}],"wp:term":[{"taxonomy":"category","embeddable":true,"href":"https:\/\/icdp.ro\/ro\/wp-json\/wp\/v2\/categories?post=11500"},{"taxonomy":"post_tag","embeddable":true,"href":"https:\/\/icdp.ro\/ro\/wp-json\/wp\/v2\/tags?post=11500"}],"curies":[{"name":"wp","href":"https:\/\/api.w.org\/{rel}","templated":true}]}}