{"id":11481,"date":"2019-01-11T10:39:51","date_gmt":"2019-01-11T08:39:51","guid":{"rendered":"http:\/\/icdp.ro\/?page_id=11481"},"modified":"2023-09-25T23:23:22","modified_gmt":"2023-09-25T20:23:22","slug":"rezumat","status":"publish","type":"page","link":"https:\/\/icdp.ro\/ro\/cercetare\/proiecte-nationale\/proiect-ader-3-3-12\/rezumat\/","title":{"rendered":"Rezumat"},"content":{"rendered":"<h5>Rezumat<\/h5>\n<p>Cre\u015fterea demografic\u0103 la nivel mondial \u015fi necesitatea sporirii consumului de fructe \u00een dieta zilnic\u0103 implic\u0103 realizarea unor produc\u0163ii mari de fructe de calitate superioar\u0103 \u015fi profitabile \u00een acela\u015fi timp pentru \u00eencurajarea cultivatorilor pomicoli din Rom\u00e2nia.<br \/>\n\u00cen ultimii ani \u00een cultura pomicol\u0103 european\u0103 tinde s\u0103 se generalizeze sistemul de cultur\u0103 superintensiv\u0103, pe planta\u0163ii de mare densitate, cu controlul mai strict al tuturor factorilor de vegeta\u0163ie pentru realizarea de produc\u0163ii mari de fructe pe suprafe\u0163e mai mici. Pe plan mondial, introducerea in cultur\u0103 a portaltoilor vegetativi de vigoare redus\u0103 pentru diferite specii pomicole (m\u0103r, p\u0103r, prun, cire\u015f, etc.), face posibil\u0103 crearea de culturi de mare densitate \u015fi productivitate deosebit\u0103.<br \/>\n\u00cen \u0163\u0103rile vest-europene, tendin\u0163a de a aplica tehnologii de cultur\u0103 care s\u0103 protejeze mediul \u015fi s\u0103-l p\u0103streze c\u00e2t mai nepoluat, a c\u0103p\u0103tat conota\u0163ii majore. Se acord\u0103 o aten\u0163ie sporit\u0103 nutri\u0163iei controlate a plantelor prin administrarea unor doze, re\u0163ete \u015fi momente de aplicare corelate cu procesele fiziologice caracteristice speciei \u015fi chiar soiului cultivat, capt\u0103rii c\u00e2t mai eficiente a luminii solare prin sisteme de t\u0103ieri &#8211; forme de coroan\u0103, aplicarea irig\u0103rii localizate asociat\u0103 cu fertirigarea, cu economie de ap\u0103, energie \u015fi for\u0163\u0103 de munc\u0103.<br \/>\n\u00cen acest context proiectul \u00ee\u015fi propune urm\u0103toarele obiective:<br \/>\n&#8211; monitorizarea unor factori fiziologici de cre\u015ftere \u015fi fructificare \u00een scopul dignostic\u0103rii multisenzoriale, timpurii a st\u0103rii de stres \u00een planta\u021bii \u0219i fundament\u0103rii unor elemente specifice tehnologilor de precizie;<br \/>\n&#8211; integrarea \u00een tehnologiile inovative de noi soiuri \u015fi portaltoi autohtoni \u015fi str\u0103ini adapta\u0163i condi\u0163iilor pedo-climatice;<br \/>\n&#8211; adaptarea celor mai moderne tehnologii pomicole aplicate \u00een Rom\u00e2nia \u015fi \u00een \u0163\u0103rile cu agricultur\u0103 avansat\u0103 \u00een vederea limit\u0103rii efectelor negative ale schimb\u0103rilor climatice prognozate pentru urm\u0103torii 50 de ani \u00een Rom\u00e2nia;<br \/>\n&#8211; cre\u015fterea performan\u0163elor economice \u015fi a siguran\u0163ei \u00een exploatare a actualelor tehnologii pomicole, pentru ridicarea durabil\u0103 a nivelului de trai, stabilizarea for\u0163ei de munc\u0103 \u00een teritoriu \u015fi crearea condi\u0163iilor necesare pentru dezvoltarea unor activit\u0103\u0163i colaterale aduc\u0103toare de venituri (industrie agro-alimentar\u0103 \u015fi energetic\u0103, agro-turism, etc.).<br \/>\nProiectul urm\u0103re\u0219te elaborarea de ghiduri tehnico-economice detaliate pentru fiecare specie pomicol\u0103 inclus\u0103 \u00een legea pomiculturii nr. 348\/2003, \u00een func\u021bie de sistemul de cultur\u0103. Ghidurile vor con\u021bine informa\u021bii tehnice detaliate cu privire la tehnologiile de \u00eenfiin\u021bare \u0219i \u00eentre\u021binere pentru toate speciile pomicole autohtone, precum \u0219i eficien\u021ba economic\u0103 a fiec\u0103rei specii pe sisteme de cultur\u0103.<\/p>\n<p>&nbsp;<\/p>\n","protected":false},"excerpt":{"rendered":"<p>Rezumat Cre\u015fterea demografic\u0103 la nivel mondial \u015fi necesitatea sporirii consumului de fructe \u00een dieta zilnic\u0103 implic\u0103 realizarea unor produc\u0163ii mari de fructe de calitate superioar\u0103 \u015fi profitabile \u00een acela\u015fi timp pentru \u00eencurajarea cultivatorilor pomicoli din Rom\u00e2nia. \u00cen ultimii ani \u00een cultura pomicol\u0103 european\u0103 tinde s\u0103 se generalizeze sistemul de cultur\u0103 superintensiv\u0103, pe planta\u0163ii de mare  [&#8230;]<\/p>\n","protected":false},"author":1,"featured_media":0,"parent":11477,"menu_order":1,"comment_status":"closed","ping_status":"closed","template":"","meta":{"ngg_post_thumbnail":0,"footnotes":""},"categories":[],"tags":[],"class_list":["post-11481","page","type-page","status-publish","hentry"],"_links":{"self":[{"href":"https:\/\/icdp.ro\/ro\/wp-json\/wp\/v2\/pages\/11481","targetHints":{"allow":["GET"]}}],"collection":[{"href":"https:\/\/icdp.ro\/ro\/wp-json\/wp\/v2\/pages"}],"about":[{"href":"https:\/\/icdp.ro\/ro\/wp-json\/wp\/v2\/types\/page"}],"author":[{"embeddable":true,"href":"https:\/\/icdp.ro\/ro\/wp-json\/wp\/v2\/users\/1"}],"replies":[{"embeddable":true,"href":"https:\/\/icdp.ro\/ro\/wp-json\/wp\/v2\/comments?post=11481"}],"version-history":[{"count":1,"href":"https:\/\/icdp.ro\/ro\/wp-json\/wp\/v2\/pages\/11481\/revisions"}],"predecessor-version":[{"id":11482,"href":"https:\/\/icdp.ro\/ro\/wp-json\/wp\/v2\/pages\/11481\/revisions\/11482"}],"up":[{"embeddable":true,"href":"https:\/\/icdp.ro\/ro\/wp-json\/wp\/v2\/pages\/11477"}],"wp:attachment":[{"href":"https:\/\/icdp.ro\/ro\/wp-json\/wp\/v2\/media?parent=11481"}],"wp:term":[{"taxonomy":"category","embeddable":true,"href":"https:\/\/icdp.ro\/ro\/wp-json\/wp\/v2\/categories?post=11481"},{"taxonomy":"post_tag","embeddable":true,"href":"https:\/\/icdp.ro\/ro\/wp-json\/wp\/v2\/tags?post=11481"}],"curies":[{"name":"wp","href":"https:\/\/api.w.org\/{rel}","templated":true}]}}