{"id":11447,"date":"2019-01-10T12:05:34","date_gmt":"2019-01-10T10:05:34","guid":{"rendered":"http:\/\/icdp.ro\/?page_id=11447"},"modified":"2023-09-25T23:22:41","modified_gmt":"2023-09-25T20:22:41","slug":"obiective","status":"publish","type":"page","link":"https:\/\/icdp.ro\/ro\/cercetare\/proiecte-nationale\/proiect-212ci\/obiective\/","title":{"rendered":"Obiective"},"content":{"rendered":"<h5>Obiective<\/h5>\n<p><strong><em><u>Obiectiv principal<\/u><\/em><\/strong><u>:<\/u> Diseminarea cuno\u015ftin\u0163elor privind combaterea integrat\u0103 a bolilor \u015fi d\u0103un\u0103torilor \u00een scopul cre\u015fterii eficien\u0163ei tratamentelor fitosanitare precum \u015fi a protec\u0163iei consumatorului \u015fi mediului, prin utilizarea produselor de protec\u0163ia plantelor inovative, prietenoase cu mediul.<\/p>\n<p><u>\u00a0<strong><em>Obiective secundare<\/em><\/strong><\/u>:<br \/>\n1 Realizarea modelului experimental (secven\u0163e tehnologice) privind combaterea bolilor \u015fi d\u0103un\u0103torilor la speciile pomicole s\u00e2mburoase.<br \/>\n2. Elaborarea \u015fi aplicarea unor tehnologii de combatere integrat\u0103 a bolilor \u015fi d\u0103un\u0103torilor la speciile pomicole s\u00e2mburoase.<br \/>\n<strong>Rezultat:<\/strong> Model experimental.<\/p>\n<p><strong>Loca\u0163ia proiectului<\/strong>: SC PIM AGRICOLA SRL, Prahova.<\/p>\n<p>&nbsp;<\/p>\n","protected":false},"excerpt":{"rendered":"<p>Obiective Obiectiv principal: Diseminarea cuno\u015ftin\u0163elor privind combaterea integrat\u0103 a bolilor \u015fi d\u0103un\u0103torilor \u00een scopul cre\u015fterii eficien\u0163ei tratamentelor fitosanitare precum \u015fi a protec\u0163iei consumatorului \u015fi mediului, prin utilizarea produselor de protec\u0163ia plantelor inovative, prietenoase cu mediul. \u00a0Obiective secundare: 1 Realizarea modelului experimental (secven\u0163e tehnologice) privind combaterea bolilor \u015fi d\u0103un\u0103torilor la speciile pomicole s\u00e2mburoase. 2. Elaborarea \u015fi  [&#8230;]<\/p>\n","protected":false},"author":1,"featured_media":0,"parent":11438,"menu_order":3,"comment_status":"closed","ping_status":"closed","template":"","meta":{"ngg_post_thumbnail":0,"footnotes":""},"categories":[],"tags":[],"class_list":["post-11447","page","type-page","status-publish","hentry"],"_links":{"self":[{"href":"https:\/\/icdp.ro\/ro\/wp-json\/wp\/v2\/pages\/11447","targetHints":{"allow":["GET"]}}],"collection":[{"href":"https:\/\/icdp.ro\/ro\/wp-json\/wp\/v2\/pages"}],"about":[{"href":"https:\/\/icdp.ro\/ro\/wp-json\/wp\/v2\/types\/page"}],"author":[{"embeddable":true,"href":"https:\/\/icdp.ro\/ro\/wp-json\/wp\/v2\/users\/1"}],"replies":[{"embeddable":true,"href":"https:\/\/icdp.ro\/ro\/wp-json\/wp\/v2\/comments?post=11447"}],"version-history":[{"count":1,"href":"https:\/\/icdp.ro\/ro\/wp-json\/wp\/v2\/pages\/11447\/revisions"}],"predecessor-version":[{"id":11448,"href":"https:\/\/icdp.ro\/ro\/wp-json\/wp\/v2\/pages\/11447\/revisions\/11448"}],"up":[{"embeddable":true,"href":"https:\/\/icdp.ro\/ro\/wp-json\/wp\/v2\/pages\/11438"}],"wp:attachment":[{"href":"https:\/\/icdp.ro\/ro\/wp-json\/wp\/v2\/media?parent=11447"}],"wp:term":[{"taxonomy":"category","embeddable":true,"href":"https:\/\/icdp.ro\/ro\/wp-json\/wp\/v2\/categories?post=11447"},{"taxonomy":"post_tag","embeddable":true,"href":"https:\/\/icdp.ro\/ro\/wp-json\/wp\/v2\/tags?post=11447"}],"curies":[{"name":"wp","href":"https:\/\/api.w.org\/{rel}","templated":true}]}}