{"id":11445,"date":"2019-01-10T12:04:47","date_gmt":"2019-01-10T10:04:47","guid":{"rendered":"http:\/\/icdp.ro\/?page_id=11445"},"modified":"2023-09-25T23:22:36","modified_gmt":"2023-09-25T20:22:36","slug":"necesitate","status":"publish","type":"page","link":"https:\/\/icdp.ro\/ro\/cercetare\/proiecte-nationale\/proiect-212ci\/necesitate\/","title":{"rendered":"Necesitate"},"content":{"rendered":"<h5>Necesitate<\/h5>\n<p>\u00cen condi\u0163iile schimb\u0103rilor climatice globale, \u015fi \u00een Rom\u00e2nia se observ\u0103 modific\u0103ri legate \u00een special de cre\u015fterea temperaturii medii anuale cu aproximativ 1,6\u00b0C, cre\u015fterea temperaturilor \u00een lunile de var\u0103 (iulie si august) fapt care au condus la modificarea biologiei bolilor \u015fi d\u0103un\u0103torilor. Astfel, \u00een privin\u0163a bolilor a fost observat\u0103 cre\u015fterea patogenit\u0103\u0163ii mai ales \u00een cazul livezilor intensive \u015fi superintensive unde presiunea bolilor \u015fi d\u0103un\u0103torilor este mai mare, iar \u00een cazul d\u0103un\u0103torilor s-au constatat perioade de zbor continuu, apari\u0163ia unor genera\u0163ii noi, concomitent cu cre\u015fterea agresivit\u0103\u0163ii acestora precum \u015fi apari\u0163ia fenomenului de rezisten\u0163\u0103 la anumite grupe de insecticide.<\/p>\n<p>&nbsp;<\/p>\n","protected":false},"excerpt":{"rendered":"<p>Necesitate \u00cen condi\u0163iile schimb\u0103rilor climatice globale, \u015fi \u00een Rom\u00e2nia se observ\u0103 modific\u0103ri legate \u00een special de cre\u015fterea temperaturii medii anuale cu aproximativ 1,6\u00b0C, cre\u015fterea temperaturilor \u00een lunile de var\u0103 (iulie si august) fapt care au condus la modificarea biologiei bolilor \u015fi d\u0103un\u0103torilor. Astfel, \u00een privin\u0163a bolilor a fost observat\u0103 cre\u015fterea patogenit\u0103\u0163ii mai ales \u00een cazul  [&#8230;]<\/p>\n","protected":false},"author":1,"featured_media":0,"parent":11438,"menu_order":2,"comment_status":"closed","ping_status":"closed","template":"","meta":{"ngg_post_thumbnail":0,"footnotes":""},"categories":[],"tags":[],"class_list":["post-11445","page","type-page","status-publish","hentry"],"_links":{"self":[{"href":"https:\/\/icdp.ro\/ro\/wp-json\/wp\/v2\/pages\/11445","targetHints":{"allow":["GET"]}}],"collection":[{"href":"https:\/\/icdp.ro\/ro\/wp-json\/wp\/v2\/pages"}],"about":[{"href":"https:\/\/icdp.ro\/ro\/wp-json\/wp\/v2\/types\/page"}],"author":[{"embeddable":true,"href":"https:\/\/icdp.ro\/ro\/wp-json\/wp\/v2\/users\/1"}],"replies":[{"embeddable":true,"href":"https:\/\/icdp.ro\/ro\/wp-json\/wp\/v2\/comments?post=11445"}],"version-history":[{"count":1,"href":"https:\/\/icdp.ro\/ro\/wp-json\/wp\/v2\/pages\/11445\/revisions"}],"predecessor-version":[{"id":11446,"href":"https:\/\/icdp.ro\/ro\/wp-json\/wp\/v2\/pages\/11445\/revisions\/11446"}],"up":[{"embeddable":true,"href":"https:\/\/icdp.ro\/ro\/wp-json\/wp\/v2\/pages\/11438"}],"wp:attachment":[{"href":"https:\/\/icdp.ro\/ro\/wp-json\/wp\/v2\/media?parent=11445"}],"wp:term":[{"taxonomy":"category","embeddable":true,"href":"https:\/\/icdp.ro\/ro\/wp-json\/wp\/v2\/categories?post=11445"},{"taxonomy":"post_tag","embeddable":true,"href":"https:\/\/icdp.ro\/ro\/wp-json\/wp\/v2\/tags?post=11445"}],"curies":[{"name":"wp","href":"https:\/\/api.w.org\/{rel}","templated":true}]}}