{"id":11394,"date":"2019-01-09T16:59:23","date_gmt":"2019-01-09T14:59:23","guid":{"rendered":"http:\/\/icdp.ro\/?page_id=11394"},"modified":"2023-09-25T23:09:36","modified_gmt":"2023-09-25T20:09:36","slug":"obiective","status":"publish","type":"page","link":"https:\/\/icdp.ro\/ro\/cercetare\/proiecte-nationale\/proiect-197ci\/obiective\/","title":{"rendered":"Obiective"},"content":{"rendered":"<h5><strong>Obiective<\/strong><\/h5>\n<p><strong><em>Obiectiv principal<\/em><\/strong>:<br \/>\nAplicarea la agen\u021bii economici a unor solu\u021bii performante, rezultate ale cercet\u0103rii-dezvolt\u0103rii \u00een pomicultur\u0103.<\/p>\n<p><strong><em>Obiective secundare: <\/em><\/strong><\/p>\n<ol>\n<li>Perfec\u021bionarea tehnicilor de producere a materialului s\u0103ditor de plantare sub aspect economic \u0219i ecologic;<\/li>\n<li>Implementarea la beneficiar \u0219i stabilirea m\u0103surilor necesare extinderii procedeului stabilit: model experimental.<\/li>\n<\/ol>\n","protected":false},"excerpt":{"rendered":"<p>Obiective Obiectiv principal: Aplicarea la agen\u021bii economici a unor solu\u021bii performante, rezultate ale cercet\u0103rii-dezvolt\u0103rii \u00een pomicultur\u0103. Obiective secundare: Perfec\u021bionarea tehnicilor de producere a materialului s\u0103ditor de plantare sub aspect economic \u0219i ecologic; Implementarea la beneficiar \u0219i stabilirea m\u0103surilor necesare extinderii procedeului stabilit: model experimental.<\/p>\n","protected":false},"author":1,"featured_media":0,"parent":11387,"menu_order":1,"comment_status":"closed","ping_status":"closed","template":"","meta":{"ngg_post_thumbnail":0,"footnotes":""},"categories":[],"tags":[],"class_list":["post-11394","page","type-page","status-publish","hentry"],"_links":{"self":[{"href":"https:\/\/icdp.ro\/ro\/wp-json\/wp\/v2\/pages\/11394","targetHints":{"allow":["GET"]}}],"collection":[{"href":"https:\/\/icdp.ro\/ro\/wp-json\/wp\/v2\/pages"}],"about":[{"href":"https:\/\/icdp.ro\/ro\/wp-json\/wp\/v2\/types\/page"}],"author":[{"embeddable":true,"href":"https:\/\/icdp.ro\/ro\/wp-json\/wp\/v2\/users\/1"}],"replies":[{"embeddable":true,"href":"https:\/\/icdp.ro\/ro\/wp-json\/wp\/v2\/comments?post=11394"}],"version-history":[{"count":1,"href":"https:\/\/icdp.ro\/ro\/wp-json\/wp\/v2\/pages\/11394\/revisions"}],"predecessor-version":[{"id":11395,"href":"https:\/\/icdp.ro\/ro\/wp-json\/wp\/v2\/pages\/11394\/revisions\/11395"}],"up":[{"embeddable":true,"href":"https:\/\/icdp.ro\/ro\/wp-json\/wp\/v2\/pages\/11387"}],"wp:attachment":[{"href":"https:\/\/icdp.ro\/ro\/wp-json\/wp\/v2\/media?parent=11394"}],"wp:term":[{"taxonomy":"category","embeddable":true,"href":"https:\/\/icdp.ro\/ro\/wp-json\/wp\/v2\/categories?post=11394"},{"taxonomy":"post_tag","embeddable":true,"href":"https:\/\/icdp.ro\/ro\/wp-json\/wp\/v2\/tags?post=11394"}],"curies":[{"name":"wp","href":"https:\/\/api.w.org\/{rel}","templated":true}]}}