{"id":11391,"date":"2019-01-09T16:58:22","date_gmt":"2019-01-09T14:58:22","guid":{"rendered":"http:\/\/icdp.ro\/?page_id=11391"},"modified":"2023-09-25T23:09:31","modified_gmt":"2023-09-25T20:09:31","slug":"necesitate","status":"publish","type":"page","link":"https:\/\/icdp.ro\/ro\/cercetare\/proiecte-nationale\/proiect-197ci\/necesitate\/","title":{"rendered":"Necesitate"},"content":{"rendered":"<h5><strong>Necesitate<\/strong><\/h5>\n<p>La speciile pomicole datorit\u0103 faptului c\u0103 sunt plante perene, materialul s\u0103ditor este un produs a c\u0103rui calitate are consecin\u021be \u00eendelungate. De calitatea acestui material: \u00eentrunirea condi\u021biilor STAS \u0219i a celor fitosanitare depinde gradul de prindere al pomilor, dezvoltarea lor ulterioar\u0103 \u0219i comportarea \u00een raport cu factorii de stres. \u00cen acest context s-a propus aplicarea unui procedeu care sa asigure eficientizarea producerii materialului s\u0103ditor pomicol la standardele UE \u00een sectorul privat.<\/p>\n<p>&nbsp;<\/p>\n","protected":false},"excerpt":{"rendered":"<p>Necesitate La speciile pomicole datorit\u0103 faptului c\u0103 sunt plante perene, materialul s\u0103ditor este un produs a c\u0103rui calitate are consecin\u021be \u00eendelungate. De calitatea acestui material: \u00eentrunirea condi\u021biilor STAS \u0219i a celor fitosanitare depinde gradul de prindere al pomilor, dezvoltarea lor ulterioar\u0103 \u0219i comportarea \u00een raport cu factorii de stres. \u00cen acest context s-a propus aplicarea  [&#8230;]<\/p>\n","protected":false},"author":1,"featured_media":0,"parent":11387,"menu_order":0,"comment_status":"closed","ping_status":"closed","template":"","meta":{"ngg_post_thumbnail":0,"footnotes":""},"categories":[],"tags":[],"class_list":["post-11391","page","type-page","status-publish","hentry"],"_links":{"self":[{"href":"https:\/\/icdp.ro\/ro\/wp-json\/wp\/v2\/pages\/11391","targetHints":{"allow":["GET"]}}],"collection":[{"href":"https:\/\/icdp.ro\/ro\/wp-json\/wp\/v2\/pages"}],"about":[{"href":"https:\/\/icdp.ro\/ro\/wp-json\/wp\/v2\/types\/page"}],"author":[{"embeddable":true,"href":"https:\/\/icdp.ro\/ro\/wp-json\/wp\/v2\/users\/1"}],"replies":[{"embeddable":true,"href":"https:\/\/icdp.ro\/ro\/wp-json\/wp\/v2\/comments?post=11391"}],"version-history":[{"count":3,"href":"https:\/\/icdp.ro\/ro\/wp-json\/wp\/v2\/pages\/11391\/revisions"}],"predecessor-version":[{"id":13457,"href":"https:\/\/icdp.ro\/ro\/wp-json\/wp\/v2\/pages\/11391\/revisions\/13457"}],"up":[{"embeddable":true,"href":"https:\/\/icdp.ro\/ro\/wp-json\/wp\/v2\/pages\/11387"}],"wp:attachment":[{"href":"https:\/\/icdp.ro\/ro\/wp-json\/wp\/v2\/media?parent=11391"}],"wp:term":[{"taxonomy":"category","embeddable":true,"href":"https:\/\/icdp.ro\/ro\/wp-json\/wp\/v2\/categories?post=11391"},{"taxonomy":"post_tag","embeddable":true,"href":"https:\/\/icdp.ro\/ro\/wp-json\/wp\/v2\/tags?post=11391"}],"curies":[{"name":"wp","href":"https:\/\/api.w.org\/{rel}","templated":true}]}}