{"id":11375,"date":"2019-01-09T16:29:08","date_gmt":"2019-01-09T14:29:08","guid":{"rendered":"http:\/\/icdp.ro\/?page_id=11375"},"modified":"2023-09-25T23:04:39","modified_gmt":"2023-09-25T20:04:39","slug":"obiective","status":"publish","type":"page","link":"https:\/\/icdp.ro\/ro\/cercetare\/proiecte-nationale\/proiect-187ci\/obiective\/","title":{"rendered":"Obiective"},"content":{"rendered":"<h5><strong>Obiective<\/strong><\/h5>\n<p><strong><em><u>Obiectiv principal<\/u><\/em><\/strong><u>:<\/u> Furnizarea de cuno\u015ftin\u0163e privind cerin\u0163ele trofice ale soiurilor de afin din sortimentul autohton pentru sporirea performan\u0163elor economice ale beneficiarului \u015fi dezvoltarea colabor\u0103rii \u00eentre cei doi parteneri (beneficiar-furnizor de servicii).<\/p>\n<p><u>\u00a0<strong><em>Obiective secundare<\/em><\/strong><\/u>:<br \/>\n1 Implementarea tehnologiei de cultivare a soiurilor autohtone de afin pe substraturi nutritive cu con\u0163inut redus de turb\u0103.<br \/>\n2. Model experimental &#8211; aplicat la beneficiar \u015fi instruirea personalului pentru respectarea procedurilor stabilite<br \/>\n<strong>Rezultat:<\/strong> Model experimental.<\/p>\n<p><strong>Loca\u0163ia proiectului<\/strong>: SC\u00a0 ECO AGRISTART SRL<\/p>\n<p>&nbsp;<\/p>\n","protected":false},"excerpt":{"rendered":"<p>Obiective Obiectiv principal: Furnizarea de cuno\u015ftin\u0163e privind cerin\u0163ele trofice ale soiurilor de afin din sortimentul autohton pentru sporirea performan\u0163elor economice ale beneficiarului \u015fi dezvoltarea colabor\u0103rii \u00eentre cei doi parteneri (beneficiar-furnizor de servicii). \u00a0Obiective secundare: 1 Implementarea tehnologiei de cultivare a soiurilor autohtone de afin pe substraturi nutritive cu con\u0163inut redus de turb\u0103. 2. Model experimental  [&#8230;]<\/p>\n","protected":false},"author":1,"featured_media":0,"parent":11364,"menu_order":3,"comment_status":"closed","ping_status":"closed","template":"","meta":{"ngg_post_thumbnail":0,"footnotes":""},"categories":[],"tags":[],"class_list":["post-11375","page","type-page","status-publish","hentry"],"_links":{"self":[{"href":"https:\/\/icdp.ro\/ro\/wp-json\/wp\/v2\/pages\/11375","targetHints":{"allow":["GET"]}}],"collection":[{"href":"https:\/\/icdp.ro\/ro\/wp-json\/wp\/v2\/pages"}],"about":[{"href":"https:\/\/icdp.ro\/ro\/wp-json\/wp\/v2\/types\/page"}],"author":[{"embeddable":true,"href":"https:\/\/icdp.ro\/ro\/wp-json\/wp\/v2\/users\/1"}],"replies":[{"embeddable":true,"href":"https:\/\/icdp.ro\/ro\/wp-json\/wp\/v2\/comments?post=11375"}],"version-history":[{"count":1,"href":"https:\/\/icdp.ro\/ro\/wp-json\/wp\/v2\/pages\/11375\/revisions"}],"predecessor-version":[{"id":11376,"href":"https:\/\/icdp.ro\/ro\/wp-json\/wp\/v2\/pages\/11375\/revisions\/11376"}],"up":[{"embeddable":true,"href":"https:\/\/icdp.ro\/ro\/wp-json\/wp\/v2\/pages\/11364"}],"wp:attachment":[{"href":"https:\/\/icdp.ro\/ro\/wp-json\/wp\/v2\/media?parent=11375"}],"wp:term":[{"taxonomy":"category","embeddable":true,"href":"https:\/\/icdp.ro\/ro\/wp-json\/wp\/v2\/categories?post=11375"},{"taxonomy":"post_tag","embeddable":true,"href":"https:\/\/icdp.ro\/ro\/wp-json\/wp\/v2\/tags?post=11375"}],"curies":[{"name":"wp","href":"https:\/\/api.w.org\/{rel}","templated":true}]}}