{"id":10916,"date":"2018-10-08T17:53:10","date_gmt":"2018-10-08T14:53:10","guid":{"rendered":"http:\/\/icdp.ro\/?page_id=10916"},"modified":"2020-06-21T11:03:10","modified_gmt":"2020-06-21T08:03:10","slug":"proiecte-nationale","status":"publish","type":"page","link":"https:\/\/icdp.ro\/ro\/cercetare\/proiecte-nationale\/","title":{"rendered":"Proiecte na\u021bionale"},"content":{"rendered":"<div class=\"fusion-fullwidth fullwidth-box fusion-builder-row-1 nonhundred-percent-fullwidth non-hundred-percent-height-scrolling\" style=\"--awb-border-radius-top-left:0px;--awb-border-radius-top-right:0px;--awb-border-radius-bottom-right:0px;--awb-border-radius-bottom-left:0px;--awb-flex-wrap:wrap;\" ><div class=\"fusion-builder-row fusion-row\"><div class=\"fusion-layout-column fusion_builder_column fusion-builder-column-0 fusion_builder_column_1_1 1_1 fusion-one-full fusion-column-first fusion-column-last\" style=\"--awb-bg-size:cover;\"><div class=\"fusion-column-wrapper fusion-flex-column-wrapper-legacy\"><div class=\"fusion-sep-clear\"><\/div><div class=\"fusion-separator fusion-full-width-sep\" style=\"margin-left: auto;margin-right: auto;margin-bottom:25px;width:100%;\"><\/div><div class=\"fusion-sep-clear\"><\/div><div class=\"fusion-text fusion-text-1\"><div class=\"pt-cv-wrapper\"><div class=\"pt-cv-view pt-cv-grid pt-cv-colsys\" id=\"pt-cv-view-47e81e0oha\"><div data-id=\"pt-cv-page-1\" class=\"pt-cv-page\" data-cvc=\"3\"><div class=\"col-md-4 col-sm-6 col-xs-12 pt-cv-content-item pt-cv-1-col\" ><div class='pt-cv-ifield'><a href=\"https:\/\/icdp.ro\/ro\/cercetare\/proiecte-nationale\/pndr-submasura-16-1a\/\" class=\"_self pt-cv-href-thumbnail pt-cv-thumb-default\" target=\"_self\" ><\/a>\n<h4 class=\"pt-cv-title\"><a href=\"https:\/\/icdp.ro\/ro\/cercetare\/proiecte-nationale\/pndr-submasura-16-1a\/\" class=\"_self\" target=\"_self\" >PNDR subm\u0103sura 16.1a<\/a><\/h4>\n<div class=\"pt-cv-content\">Proiectul urm\u0103re\u0219te realizarea unui obiectiv important: Racordarea cercet\u0103rii aplicative \u0219i a progresului tehnologic din Rom\u00e2nia la evolu\u021bia \u0219i cerin\u021bele mediului socio-economic na\u021bional \u0219i global, prin dezvoltarea de produse originale, tehnologii ...<br \/><div class=\"pt-cv-rmwrap\"><a href=\"https:\/\/icdp.ro\/ro\/cercetare\/proiecte-nationale\/pndr-submasura-16-1a\/\" class=\"_self pt-cv-readmore btn btn-success\" target=\"_self\">Cite\u0219te Mai Mult<\/a><\/div><\/div><\/div><\/div>\n<div class=\"col-md-4 col-sm-6 col-xs-12 pt-cv-content-item pt-cv-1-col\" ><div class='pt-cv-ifield'><a href=\"https:\/\/icdp.ro\/ro\/cercetare\/proiecte-nationale\/6-pccdi-2018-biohortinov\/\" class=\"_self pt-cv-href-thumbnail pt-cv-thumb-default\" target=\"_self\" ><\/a>\n<h4 class=\"pt-cv-title\"><a href=\"https:\/\/icdp.ro\/ro\/cercetare\/proiecte-nationale\/6-pccdi-2018-biohortinov\/\" class=\"_self\" target=\"_self\" >6 PCCDI\/2018 \u2013 BIOHORTINOV<\/a><\/h4>\n<div class=\"pt-cv-content\">Scopul proiectului const\u0103 \u00een realizarea unui sistem complet de echipamente \u0219i servicii destinate monitoriz\u0103rii \u00een timp real a livezilor de pomi fructiferi \u015fi a planta\u0163iilor de vi\u0163\u0103 de vie \u00een ...<br \/><div class=\"pt-cv-rmwrap\"><a href=\"https:\/\/icdp.ro\/ro\/cercetare\/proiecte-nationale\/6-pccdi-2018-biohortinov\/\" class=\"_self pt-cv-readmore btn btn-success\" target=\"_self\">Cite\u0219te Mai Mult<\/a><\/div><\/div><\/div><\/div>\n<div class=\"col-md-4 col-sm-6 col-xs-12 pt-cv-content-item pt-cv-1-col\" ><div class='pt-cv-ifield'><a href=\"https:\/\/icdp.ro\/ro\/cercetare\/proiecte-nationale\/proiect-ci-92\/\" class=\"_self pt-cv-href-thumbnail pt-cv-thumb-default\" target=\"_self\" ><\/a>\n<h4 class=\"pt-cv-title\"><a href=\"https:\/\/icdp.ro\/ro\/cercetare\/proiecte-nationale\/proiect-ci-92\/\" class=\"_self\" target=\"_self\" >Proiect CI 92<\/a><\/h4>\n<div class=\"pt-cv-content\">\u00cen majoritatea pepinierelor din \u021bar\u0103 pentru soiurile de piersic se folose\u0219te preponderent portaltoiul generativ corcodu\u0219, datorit\u0103 rezisten\u021bei acestuia la factorii de stres din sol (secet\u0103, exces temporar de umiditate, nematozi, ...<br \/><div class=\"pt-cv-rmwrap\"><a href=\"https:\/\/icdp.ro\/ro\/cercetare\/proiecte-nationale\/proiect-ci-92\/\" class=\"_self pt-cv-readmore btn btn-success\" target=\"_self\">Cite\u0219te Mai Mult<\/a><\/div><\/div><\/div><\/div>\n<div class=\"col-md-4 col-sm-6 col-xs-12 pt-cv-content-item pt-cv-1-col\" ><div class='pt-cv-ifield'><a href=\"https:\/\/icdp.ro\/ro\/cercetare\/proiecte-nationale\/proiect-ci-134\/\" class=\"_self pt-cv-href-thumbnail pt-cv-thumb-default\" target=\"_self\" ><\/a>\n<h4 class=\"pt-cv-title\"><a href=\"https:\/\/icdp.ro\/ro\/cercetare\/proiecte-nationale\/proiect-ci-134\/\" class=\"_self\" target=\"_self\" >Proiect CI 134<\/a><\/h4>\n<div class=\"pt-cv-content\">Pe plan mondial tendin\u021ba actual\u0103 const\u0103 \u00een folosirea portaltoilor vegetativi pentru \u00eenfiin\u021barea livezilor intensive \u0219i superintensive, cu produc\u021bii eficiente \u00eencep\u00e2nd cu anul 3-5 de la plantare. Portaltoii vegetativi spre deosebire ...<br \/><div class=\"pt-cv-rmwrap\"><a href=\"https:\/\/icdp.ro\/ro\/cercetare\/proiecte-nationale\/proiect-ci-134\/\" class=\"_self pt-cv-readmore btn btn-success\" target=\"_self\">Cite\u0219te Mai Mult<\/a><\/div><\/div><\/div><\/div>\n<div class=\"col-md-4 col-sm-6 col-xs-12 pt-cv-content-item pt-cv-1-col\" ><div class='pt-cv-ifield'><a href=\"https:\/\/icdp.ro\/ro\/cercetare\/proiecte-nationale\/proiect-ci-40\/\" class=\"_self pt-cv-href-thumbnail pt-cv-thumb-default\" target=\"_self\" ><\/a>\n<h4 class=\"pt-cv-title\"><a href=\"https:\/\/icdp.ro\/ro\/cercetare\/proiecte-nationale\/proiect-ci-40\/\" class=\"_self\" target=\"_self\" >Proiect CI 40<\/a><\/h4>\n<div class=\"pt-cv-content\">Pomicultura rom\u00e2neasc\u0103 a \u00eenregistrat \u00een ultimul timp o mic\u0219orare brusc\u0103 a indicilor economici principali. \u00cen aceste condi\u0163ii, s-a impus efectuarea unor studii\/analize cu privire la organizarea \u0219i func\u021bionarea pomiculturii pentru ...<br \/><div class=\"pt-cv-rmwrap\"><a href=\"https:\/\/icdp.ro\/ro\/cercetare\/proiecte-nationale\/proiect-ci-40\/\" class=\"_self pt-cv-readmore btn btn-success\" target=\"_self\">Cite\u0219te Mai Mult<\/a><\/div><\/div><\/div><\/div>\n<div class=\"col-md-4 col-sm-6 col-xs-12 pt-cv-content-item pt-cv-1-col\" ><div class='pt-cv-ifield'><a href=\"https:\/\/icdp.ro\/ro\/cercetare\/proiecte-nationale\/proiect-ci-107\/\" class=\"_self pt-cv-href-thumbnail pt-cv-thumb-default\" target=\"_self\" ><\/a>\n<h4 class=\"pt-cv-title\"><a href=\"https:\/\/icdp.ro\/ro\/cercetare\/proiecte-nationale\/proiect-ci-107\/\" class=\"_self\" target=\"_self\" >Proiect CI 107<\/a><\/h4>\n<div class=\"pt-cv-content\">Deorece, in ultimii ani in Romania, au fost demarate masuri guvernamentale, ca PNDR 2014-2020 \u2013 4.1a: Investitii in exploatatii pomicole, m\u0103suri de finan\u021bare, \u0219i implicit m\u0103rirea suprafe\u021belor pomicole, este absolut ...<br \/><div class=\"pt-cv-rmwrap\"><a href=\"https:\/\/icdp.ro\/ro\/cercetare\/proiecte-nationale\/proiect-ci-107\/\" class=\"_self pt-cv-readmore btn btn-success\" target=\"_self\">Cite\u0219te Mai Mult<\/a><\/div><\/div><\/div><\/div>\n<div class=\"col-md-4 col-sm-6 col-xs-12 pt-cv-content-item pt-cv-1-col\" ><div class='pt-cv-ifield'><a href=\"https:\/\/icdp.ro\/ro\/cercetare\/proiecte-nationale\/proiect-ci-139\/\" class=\"_self pt-cv-href-thumbnail pt-cv-thumb-default\" target=\"_self\" ><\/a>\n<h4 class=\"pt-cv-title\"><a href=\"https:\/\/icdp.ro\/ro\/cercetare\/proiecte-nationale\/proiect-ci-139\/\" class=\"_self\" target=\"_self\" >Proiect CI 139<\/a><\/h4>\n<div class=\"pt-cv-content\">Pomicultura reprezint\u0103 una dintre ramurile importante ale agriculturii rom\u00e2ne\u0219ti. \u00cen anul 2014, suprafa\u021ba total\u0103 a planta\u021biilor pomicole era de 158.609,5 ha (cca. 1,7% din suprafa\u021ba agricol\u0103 a \u021b\u0103rii), din care ...<br \/><div class=\"pt-cv-rmwrap\"><a href=\"https:\/\/icdp.ro\/ro\/cercetare\/proiecte-nationale\/proiect-ci-139\/\" class=\"_self pt-cv-readmore btn btn-success\" target=\"_self\">Cite\u0219te Mai Mult<\/a><\/div><\/div><\/div><\/div>\n<div class=\"col-md-4 col-sm-6 col-xs-12 pt-cv-content-item pt-cv-1-col\" ><div class='pt-cv-ifield'><a href=\"https:\/\/icdp.ro\/ro\/cercetare\/proiecte-nationale\/proiect-ci-68\/\" class=\"_self pt-cv-href-thumbnail pt-cv-thumb-default\" target=\"_self\" ><\/a>\n<h4 class=\"pt-cv-title\"><a href=\"https:\/\/icdp.ro\/ro\/cercetare\/proiecte-nationale\/proiect-ci-68\/\" class=\"_self\" target=\"_self\" >Proiect CI 68<\/a><\/h4>\n<div class=\"pt-cv-content\">\u00cen contextul schimb\u0103rilor climatice, \u0219i \u00een \u021bara noastr\u0103, gama de patogeni \u0219i d\u0103un\u0103tori este \u00eentr-o continu\u0103 dinamic\u0103, cre\u0219terea temperaturilor av\u00e2nd ca efect modific\u0103ri \u00een biologia acestora. Astfel, \u00een ultimii ani, ...<br \/><div class=\"pt-cv-rmwrap\"><a href=\"https:\/\/icdp.ro\/ro\/cercetare\/proiecte-nationale\/proiect-ci-68\/\" class=\"_self pt-cv-readmore btn btn-success\" target=\"_self\">Cite\u0219te Mai Mult<\/a><\/div><\/div><\/div><\/div>\n<div class=\"col-md-4 col-sm-6 col-xs-12 pt-cv-content-item pt-cv-1-col\" ><div class='pt-cv-ifield'><a href=\"https:\/\/icdp.ro\/ro\/cercetare\/proiecte-nationale\/proiect-pos-cce-628\/\" class=\"_self pt-cv-href-thumbnail pt-cv-thumb-default\" target=\"_self\" ><\/a>\n<h4 class=\"pt-cv-title\"><a href=\"https:\/\/icdp.ro\/ro\/cercetare\/proiecte-nationale\/proiect-pos-cce-628\/\" class=\"_self\" target=\"_self\" >Proiect POS CCE 628<\/a><\/h4>\n<div class=\"pt-cv-content\">\u00cen condi\u0163iile schimb\u0103rilor climatice globale, \u015fi \u00een Rom\u00e2nia se observ\u0103 modific\u0103ri legate \u00een special de cre\u015fterea temperaturii medii anuale cu aproximativ 1,6\u00b0C, cre\u015fterea temperaturilor \u00een lunile de var\u0103 (iulie si ...<br \/><div class=\"pt-cv-rmwrap\"><a href=\"https:\/\/icdp.ro\/ro\/cercetare\/proiecte-nationale\/proiect-pos-cce-628\/\" class=\"_self pt-cv-readmore btn btn-success\" target=\"_self\">Cite\u0219te Mai Mult<\/a><\/div><\/div><\/div><\/div>\n<div class=\"col-md-4 col-sm-6 col-xs-12 pt-cv-content-item pt-cv-1-col\" ><div class='pt-cv-ifield'><a href=\"https:\/\/icdp.ro\/ro\/cercetare\/proiecte-nationale\/proiect-ader-3-1-2\/\" class=\"_self pt-cv-href-thumbnail pt-cv-thumb-default\" target=\"_self\" ><\/a>\n<h4 class=\"pt-cv-title\"><a href=\"https:\/\/icdp.ro\/ro\/cercetare\/proiecte-nationale\/proiect-ader-3-1-2\/\" class=\"_self\" target=\"_self\" >Proiect ADER 3.1.2<\/a><\/h4>\n<div class=\"pt-cv-content\">Resursele genetice pomicole constituie un izvor nesecat de forme \u015fi \u00eensu\u015firi utile pentru realizarea unor obiective punctuale sau generale ale programelor de ameliorare, care se confrunt\u0103 permanent cu cerin\u0163e de ...<br \/><div class=\"pt-cv-rmwrap\"><a href=\"https:\/\/icdp.ro\/ro\/cercetare\/proiecte-nationale\/proiect-ader-3-1-2\/\" class=\"_self pt-cv-readmore btn btn-success\" target=\"_self\">Cite\u0219te Mai Mult<\/a><\/div><\/div><\/div><\/div>\n<div class=\"col-md-4 col-sm-6 col-xs-12 pt-cv-content-item pt-cv-1-col\" ><div class='pt-cv-ifield'><a href=\"https:\/\/icdp.ro\/ro\/cercetare\/proiecte-nationale\/proiect-ader-3-2-1\/\" class=\"_self pt-cv-href-thumbnail pt-cv-thumb-default\" target=\"_self\" ><\/a>\n<h4 class=\"pt-cv-title\"><a href=\"https:\/\/icdp.ro\/ro\/cercetare\/proiecte-nationale\/proiect-ader-3-2-1\/\" class=\"_self\" target=\"_self\" >Proiect ADER 3.2.1<\/a><\/h4>\n<div class=\"pt-cv-content\">Diversitatea genetic\u0103 a plantelor este considerat\u0103 ca fiind esen\u0163ial\u0103 in condi\u0163iile dezvolt\u0103rii societ\u0103\u0163ii umane, pentru asigurarea stabilit\u0103\u0163ii \u015fi evolu\u0163iei tuturor tipurilor de ecosisteme. Cunoa\u015fterea aspectelor eredit\u0103\u0163ii, variabilit\u0103\u0163ii \u015fi corela\u0163iile \u00eentre ...<br \/><div class=\"pt-cv-rmwrap\"><a href=\"https:\/\/icdp.ro\/ro\/cercetare\/proiecte-nationale\/proiect-ader-3-2-1\/\" class=\"_self pt-cv-readmore btn btn-success\" target=\"_self\">Cite\u0219te Mai Mult<\/a><\/div><\/div><\/div><\/div>\n<div class=\"col-md-4 col-sm-6 col-xs-12 pt-cv-content-item pt-cv-1-col\" ><div class='pt-cv-ifield'><a href=\"https:\/\/icdp.ro\/ro\/cercetare\/proiecte-nationale\/proiect-ader-3-2-2\/\" class=\"_self pt-cv-href-thumbnail pt-cv-thumb-default\" target=\"_self\" ><\/a>\n<h4 class=\"pt-cv-title\"><a href=\"https:\/\/icdp.ro\/ro\/cercetare\/proiecte-nationale\/proiect-ader-3-2-2\/\" class=\"_self\" target=\"_self\" >Proiect ADER 3.2.2<\/a><\/h4>\n<div class=\"pt-cv-content\">Unul dintre cele mai importante mijloace pentru rezolvarea cerin\u0163elor \u015fi dificult\u0103\u0163ilor pomiculturii moderne este sortimentul, respectiv soiurile care stau la dispozi\u0163ia cultivatorului \u015fi a consumatorului. Problema cea mai dificil\u0103 \u00een ...<br \/><div class=\"pt-cv-rmwrap\"><a href=\"https:\/\/icdp.ro\/ro\/cercetare\/proiecte-nationale\/proiect-ader-3-2-2\/\" class=\"_self pt-cv-readmore btn btn-success\" target=\"_self\">Cite\u0219te Mai Mult<\/a><\/div><\/div><\/div><\/div>\n<div class=\"col-md-4 col-sm-6 col-xs-12 pt-cv-content-item pt-cv-1-col\" ><div class='pt-cv-ifield'><a href=\"https:\/\/icdp.ro\/ro\/cercetare\/proiecte-nationale\/proiect-ader-3-3-1\/\" class=\"_self pt-cv-href-thumbnail pt-cv-thumb-default\" target=\"_self\" ><\/a>\n<h4 class=\"pt-cv-title\"><a href=\"https:\/\/icdp.ro\/ro\/cercetare\/proiecte-nationale\/proiect-ader-3-3-1\/\" class=\"_self\" target=\"_self\" >Proiect ADER 3.3.1<\/a><\/h4>\n<div class=\"pt-cv-content\">O m\u0103sur\u0103 important\u0103 menit\u0103 s\u0103 consolideze produc\u021bia de material s\u0103ditor este crearea unei infrastructuri adecvate \u00een pepinieristica pomicol\u0103. Spre deosebire de plantele anuale unde s\u0103m\u00e2n\u021ba sau r\u0103sadul influen\u021beaz\u0103 un singur ...<br \/><div class=\"pt-cv-rmwrap\"><a href=\"https:\/\/icdp.ro\/ro\/cercetare\/proiecte-nationale\/proiect-ader-3-3-1\/\" class=\"_self pt-cv-readmore btn btn-success\" target=\"_self\">Cite\u0219te Mai Mult<\/a><\/div><\/div><\/div><\/div>\n<div class=\"col-md-4 col-sm-6 col-xs-12 pt-cv-content-item pt-cv-1-col\" ><div class='pt-cv-ifield'><a href=\"https:\/\/icdp.ro\/ro\/cercetare\/proiecte-nationale\/proiect-ader-3-3-3\/\" class=\"_self pt-cv-href-thumbnail pt-cv-thumb-default\" target=\"_self\" ><\/a>\n<h4 class=\"pt-cv-title\"><a href=\"https:\/\/icdp.ro\/ro\/cercetare\/proiecte-nationale\/proiect-ader-3-3-3\/\" class=\"_self\" target=\"_self\" >Proiect ADER 3.3.3<\/a><\/h4>\n<div class=\"pt-cv-content\">\u0162in\u00e2nd cont de faptul c\u0103 \u00eencep\u00e2nd cu anul 2015 Rom\u00e2nia va intra \u00een subprogramul de reconversie a pomiculturii din cadrul PNDR 2015-2020, este necesar s\u0103 se produc\u0103 un material pentru ...<br \/><div class=\"pt-cv-rmwrap\"><a href=\"https:\/\/icdp.ro\/ro\/cercetare\/proiecte-nationale\/proiect-ader-3-3-3\/\" class=\"_self pt-cv-readmore btn btn-success\" target=\"_self\">Cite\u0219te Mai Mult<\/a><\/div><\/div><\/div><\/div>\n<div class=\"col-md-4 col-sm-6 col-xs-12 pt-cv-content-item pt-cv-1-col\" ><div class='pt-cv-ifield'><a href=\"https:\/\/icdp.ro\/ro\/cercetare\/proiecte-nationale\/proiect-ader-3-3-12\/\" class=\"_self pt-cv-href-thumbnail pt-cv-thumb-default\" target=\"_self\" ><\/a>\n<h4 class=\"pt-cv-title\"><a href=\"https:\/\/icdp.ro\/ro\/cercetare\/proiecte-nationale\/proiect-ader-3-3-12\/\" class=\"_self\" target=\"_self\" >Proiect ADER 3.3.12<\/a><\/h4>\n<div class=\"pt-cv-content\">Cre\u015fterea demografic\u0103 la nivel mondial \u015fi necesitatea sporirii consumului de fructe \u00een dieta zilnic\u0103 implic\u0103 realizarea unor produc\u0163ii mari de fructe de calitate superioar\u0103 \u015fi profitabile \u00een acela\u015fi timp pentru ...<br \/><div class=\"pt-cv-rmwrap\"><a href=\"https:\/\/icdp.ro\/ro\/cercetare\/proiecte-nationale\/proiect-ader-3-3-12\/\" class=\"_self pt-cv-readmore btn btn-success\" target=\"_self\">Cite\u0219te Mai Mult<\/a><\/div><\/div><\/div><\/div>\n<div class=\"col-md-4 col-sm-6 col-xs-12 pt-cv-content-item pt-cv-1-col\" ><div class='pt-cv-ifield'><a href=\"https:\/\/icdp.ro\/ro\/cercetare\/proiecte-nationale\/proiect-212ci\/\" class=\"_self pt-cv-href-thumbnail pt-cv-thumb-default\" target=\"_self\" ><\/a>\n<h4 class=\"pt-cv-title\"><a href=\"https:\/\/icdp.ro\/ro\/cercetare\/proiecte-nationale\/proiect-212ci\/\" class=\"_self\" target=\"_self\" >Proiect 212CI<\/a><\/h4>\n<div class=\"pt-cv-content\">\u00cen condi\u0163iile schimb\u0103rilor climatice globale, \u015fi \u00een Rom\u00e2nia se observ\u0103 modific\u0103ri legate \u00een special de cre\u015fterea temperaturii medii anuale cu aproximativ 1,6\u00b0C, cre\u015fterea temperaturilor \u00een lunile de var\u0103 (iulie si ...<br \/><div class=\"pt-cv-rmwrap\"><a href=\"https:\/\/icdp.ro\/ro\/cercetare\/proiecte-nationale\/proiect-212ci\/\" class=\"_self pt-cv-readmore btn btn-success\" target=\"_self\">Cite\u0219te Mai Mult<\/a><\/div><\/div><\/div><\/div>\n<div class=\"col-md-4 col-sm-6 col-xs-12 pt-cv-content-item pt-cv-1-col\" ><div class='pt-cv-ifield'><a href=\"https:\/\/icdp.ro\/ro\/cercetare\/proiecte-nationale\/proiect-ader\/\" class=\"_self pt-cv-href-thumbnail pt-cv-thumb-default\" target=\"_self\" ><\/a>\n<h4 class=\"pt-cv-title\"><a href=\"https:\/\/icdp.ro\/ro\/cercetare\/proiecte-nationale\/proiect-ader\/\" class=\"_self\" target=\"_self\" >Proiect ADER<\/a><\/h4>\n<div class=\"pt-cv-content\">Men\u0163inerea \u015fi \u00eembog\u0103\u0163irea fondului na\u0163ional de germoplasm\u0103 pomicol\u0103, ca surs\u0103 de adaptabilitate a speciilor pomicole la schimb\u0103rile previzibile ale condi\u0163iilor de mediu \u015fi ale pie\u0163ei. Studiile \u015fi determin\u0103rile s-au efectuat ...<br \/><div class=\"pt-cv-rmwrap\"><a href=\"https:\/\/icdp.ro\/ro\/cercetare\/proiecte-nationale\/proiect-ader\/\" class=\"_self pt-cv-readmore btn btn-success\" target=\"_self\">Cite\u0219te Mai Mult<\/a><\/div><\/div><\/div><\/div>\n<div class=\"col-md-4 col-sm-6 col-xs-12 pt-cv-content-item pt-cv-1-col\" ><div class='pt-cv-ifield'><a href=\"https:\/\/icdp.ro\/ro\/cercetare\/proiecte-nationale\/proiect-197ci\/\" class=\"_self pt-cv-href-thumbnail pt-cv-thumb-default\" target=\"_self\" ><\/a>\n<h4 class=\"pt-cv-title\"><a href=\"https:\/\/icdp.ro\/ro\/cercetare\/proiecte-nationale\/proiect-197ci\/\" class=\"_self\" target=\"_self\" >Proiect 197CI<\/a><\/h4>\n<div class=\"pt-cv-content\">La speciile pomicole datorit\u0103 faptului c\u0103 sunt plante perene, materialul s\u0103ditor este un produs a c\u0103rui calitate are consecin\u021be \u00eendelungate. De calitatea acestui material: \u00eentrunirea condi\u021biilor STAS \u0219i a celor ...<br \/><div class=\"pt-cv-rmwrap\"><a href=\"https:\/\/icdp.ro\/ro\/cercetare\/proiecte-nationale\/proiect-197ci\/\" class=\"_self pt-cv-readmore btn btn-success\" target=\"_self\">Cite\u0219te Mai Mult<\/a><\/div><\/div><\/div><\/div><\/div><\/div>\n<div class=\" pt-cv-pagination-wrapper\"><ul class=\"pt-cv-pagination pt-cv-normal pagination\" data-totalpages=\"2\" data-currentpage=\"1\" data-sid=\"47e81e0oha\" data-unid=\"\" data-isblock=\"\" data-postid=\"\"><li class=\"active\"><a href=\"#\">1<\/a><\/li>\n\t<li ><a class=\"\" href=\"https:\/\/icdp.ro\/ro\/wp-json\/wp\/v2\/pages\/10916\/?_page=2\">2<\/a><\/li>\n\t<li ><a class=\" \" href=\"https:\/\/icdp.ro\/ro\/wp-json\/wp\/v2\/pages\/10916\/?_page=2\">&rsaquo;<\/a><\/li>\n\t<\/ul><img decoding=\"async\" width=\"15\" height=\"15\" class=\"pt-cv-spinner\" alt=\"\u00cencarc...\" src=\"data:image\/gif;base64,R0lGODlhDwAPALMPAMrKygwMDJOTkz09PZWVla+vr3p6euTk5M7OzuXl5TMzMwAAAJmZmWZmZszMzP\/\/\/yH\/C05FVFNDQVBFMi4wAwEAAAAh+QQFCgAPACwAAAAADwAPAAAEQvDJaZaZOIcV8iQK8VRX4iTYoAwZ4iCYoAjZ4RxejhVNoT+mRGP4cyF4Pp0N98sBGIBMEMOotl6YZ3S61Bmbkm4mAgAh+QQFCgAPACwAAAAADQANAAAENPDJSRSZeA418itN8QiK8BiLITVsFiyBBIoYqnoewAD4xPw9iY4XLGYSjkQR4UAUD45DLwIAIfkEBQoADwAsAAAAAA8ACQAABC\/wyVlamTi3nSdgwFNdhEJgTJoNyoB9ISYoQmdjiZPcj7EYCAeCF1gEDo4Dz2eIAAAh+QQFCgAPACwCAAAADQANAAAEM\/DJBxiYeLKdX3IJZT1FU0iIg2RNKx3OkZVnZ98ToRD4MyiDnkAh6BkNC0MvsAj0kMpHBAAh+QQFCgAPACwGAAAACQAPAAAEMDC59KpFDll73HkAA2wVY5KgiK5b0RRoI6MuzG6EQqCDMlSGheEhUAgqgUUAFRySIgAh+QQFCgAPACwCAAIADQANAAAEM\/DJKZNLND\/kkKaHc3xk+QAMYDKsiaqmZCxGVjSFFCxB1vwy2oOgIDxuucxAMTAJFAJNBAAh+QQFCgAPACwAAAYADwAJAAAEMNAs86q1yaWwwv2Ig0jUZx3OYa4XoRAfwADXoAwfo1+CIjyFRuEho60aSNYlOPxEAAAh+QQFCgAPACwAAAIADQANAAAENPA9s4y8+IUVcqaWJ4qEQozSoAzoIyhCK2NFU2SJk0hNnyEOhKR2AzAAj4Pj4GE4W0bkJQIAOw==\" \/><div class=\"clear pt-cv-clear-pagination\"><\/div><\/div><\/div>\n<\/div><div class=\"fusion-clearfix\"><\/div><\/div><\/div><\/div><\/div>\n","protected":false},"excerpt":{"rendered":"","protected":false},"author":1,"featured_media":0,"parent":10922,"menu_order":4,"comment_status":"closed","ping_status":"closed","template":"","meta":{"ngg_post_thumbnail":0,"footnotes":""},"categories":[],"tags":[],"class_list":["post-10916","page","type-page","status-publish","hentry"],"_links":{"self":[{"href":"https:\/\/icdp.ro\/ro\/wp-json\/wp\/v2\/pages\/10916","targetHints":{"allow":["GET"]}}],"collection":[{"href":"https:\/\/icdp.ro\/ro\/wp-json\/wp\/v2\/pages"}],"about":[{"href":"https:\/\/icdp.ro\/ro\/wp-json\/wp\/v2\/types\/page"}],"author":[{"embeddable":true,"href":"https:\/\/icdp.ro\/ro\/wp-json\/wp\/v2\/users\/1"}],"replies":[{"embeddable":true,"href":"https:\/\/icdp.ro\/ro\/wp-json\/wp\/v2\/comments?post=10916"}],"version-history":[{"count":4,"href":"https:\/\/icdp.ro\/ro\/wp-json\/wp\/v2\/pages\/10916\/revisions"}],"predecessor-version":[{"id":12171,"href":"https:\/\/icdp.ro\/ro\/wp-json\/wp\/v2\/pages\/10916\/revisions\/12171"}],"up":[{"embeddable":true,"href":"https:\/\/icdp.ro\/ro\/wp-json\/wp\/v2\/pages\/10922"}],"wp:attachment":[{"href":"https:\/\/icdp.ro\/ro\/wp-json\/wp\/v2\/media?parent=10916"}],"wp:term":[{"taxonomy":"category","embeddable":true,"href":"https:\/\/icdp.ro\/ro\/wp-json\/wp\/v2\/categories?post=10916"},{"taxonomy":"post_tag","embeddable":true,"href":"https:\/\/icdp.ro\/ro\/wp-json\/wp\/v2\/tags?post=10916"}],"curies":[{"name":"wp","href":"https:\/\/api.w.org\/{rel}","templated":true}]}}